{"id":16004,"date":"2025-05-23T16:52:55","date_gmt":"2025-05-23T16:52:55","guid":{"rendered":"https:\/\/www.mercababel.com\/?post_type=product&#038;p=16004"},"modified":"2025-05-23T16:52:55","modified_gmt":"2025-05-23T16:52:55","slug":"2-piezas-especiero-cocina-magnetico-para-refrigerador-estante-magnetico-nevera-estante-estante-de-almacenamiento-para-pared-organizador-de-especias-cocina-soportes-para-botes-de-especias","status":"publish","type":"product","link":"https:\/\/www.mercababel.com\/en\/producto\/2-piezas-especiero-cocina-magnetico-para-refrigerador-estante-magnetico-nevera-estante-estante-de-almacenamiento-para-pared-organizador-de-especias-cocina-soportes-para-botes-de-especias\/","title":{"rendered":"2 Piezas Especiero Cocina Magn\u00e9tico para Refrigerador, Estante Magn\u00e9tico Nevera Estante, Estante de Almacenamiento para Pared Organizador de Especias Cocina, Soportes para Botes de Especias"},"content":{"rendered":"<article class=\"4ever-article\" data-clipboard-cangjie=\"[&quot;root&quot;,{&quot;copyFrom&quot;:1821447655},[&quot;h3&quot;,{&quot;jc&quot;:&quot;left&quot;,&quot;ind&quot;:{},&quot;spacing&quot;:{}},[&quot;span&quot;,{&quot;data-type&quot;:&quot;text&quot;},[&quot;span&quot;,{&quot;sz&quot;:14,&quot;szUnit&quot;:&quot;pt&quot;,&quot;data-type&quot;:&quot;leaf&quot;},&quot;Descripcion del producto&quot;]]],[&quot;p&quot;,{&quot;jc&quot;:&quot;left&quot;,&quot;ind&quot;:{},&quot;spacing&quot;:{}},[&quot;span&quot;,{&quot;data-type&quot;:&quot;text&quot;},[&quot;span&quot;,{&quot;bold&quot;:true,&quot;data-type&quot;:&quot;leaf&quot;},&quot;Organizador magn\u00e9tico de especias \u2013 Set de 2 | Resistente, elegante y sin instalaci\u00f3n\\n&quot;]]],[&quot;p&quot;,{&quot;jc&quot;:&quot;left&quot;,&quot;ind&quot;:{},&quot;spacing&quot;:{}},[&quot;span&quot;,{&quot;data-type&quot;:&quot;text&quot;},[&quot;span&quot;,{&quot;data-type&quot;:&quot;leaf&quot;},&quot;&quot;]],[&quot;img&quot;,{&quot;src&quot;:&quot;https:\/\/fb-es.mrvcdn.com\/kf\/Ef54d84d0b0124d28b141e824f1ddc1fcs.jpg&quot;,&quot;style&quot;:&quot;width:1494px;height:1500px;display:inline;vertical-align:middle&quot;,&quot;width&quot;:1494,&quot;height&quot;:1500},[&quot;span&quot;,{&quot;data-type&quot;:&quot;text&quot;},[&quot;span&quot;,{&quot;data-type&quot;:&quot;leaf&quot;},&quot;&quot;]]],[&quot;span&quot;,{&quot;data-type&quot;:&quot;text&quot;},[&quot;span&quot;,{&quot;data-type&quot;:&quot;leaf&quot;},&quot;&quot;]]],[&quot;p&quot;,{&quot;jc&quot;:&quot;left&quot;,&quot;ind&quot;:{},&quot;spacing&quot;:{}},[&quot;span&quot;,{&quot;data-type&quot;:&quot;text&quot;},[&quot;span&quot;,{&quot;data-type&quot;:&quot;leaf&quot;},&quot;\\nMant\u00e9n tu cocina ordenada y funcional con estos &quot;],[&quot;span&quot;,{&quot;bold&quot;:true,&quot;data-type&quot;:&quot;leaf&quot;},&quot;estantes magn\u00e9ticos de acero al carbono&quot;],[&quot;span&quot;,{&quot;data-type&quot;:&quot;leaf&quot;},&quot;. Su dise\u00f1o moderno en negro y recubrimiento anti\u00f3xido los hace perfectos para cualquier estilo.\\n\\nSe adhieren firmemente a cualquier superficie met\u00e1lica (neveras, microondas, lavadoras, etc.) gracias a su &quot;],[&quot;span&quot;,{&quot;bold&quot;:true,&quot;data-type&quot;:&quot;leaf&quot;},&quot;potente im\u00e1n&quot;],[&quot;span&quot;,{&quot;data-type&quot;:&quot;leaf&quot;},&quot;, soportando hasta 6,6 lb sin moverse.\\n\\n\u00a1No necesitas herramientas! Solo col\u00f3calos donde los necesites y empieza a organizar.&quot;]]],[&quot;p&quot;,{&quot;jc&quot;:&quot;left&quot;,&quot;ind&quot;:{},&quot;spacing&quot;:{}},[&quot;span&quot;,{&quot;data-type&quot;:&quot;text&quot;},[&quot;span&quot;,{&quot;data-type&quot;:&quot;leaf&quot;},&quot;\ud83d\udce6 Incluye: 2 organizadores de especias magn\u00e9ticos\\n\\n\ud83d\udccf Tama\u00f1o: 25\u00d79\u00d79 cm&quot;]]],[&quot;p&quot;,{&quot;jc&quot;:&quot;left&quot;,&quot;ind&quot;:{},&quot;spacing&quot;:{}},[&quot;span&quot;,{&quot;data-type&quot;:&quot;text&quot;},[&quot;span&quot;,{&quot;data-type&quot;:&quot;leaf&quot;},&quot;&quot;]],[&quot;img&quot;,{&quot;src&quot;:&quot;https:\/\/fb-es.mrvcdn.com\/kf\/Ea8f076c728ca4ff296b18040f65100daH.jpg&quot;,&quot;style&quot;:&quot;width:1500px;height:1418px;display:inline;vertical-align:middle&quot;,&quot;width&quot;:1500,&quot;height&quot;:1418},[&quot;span&quot;,{&quot;data-type&quot;:&quot;text&quot;},[&quot;span&quot;,{&quot;data-type&quot;:&quot;leaf&quot;},&quot;&quot;]]],[&quot;span&quot;,{&quot;data-type&quot;:&quot;text&quot;},[&quot;span&quot;,{&quot;data-type&quot;:&quot;leaf&quot;},&quot;\\n\\n\ud83d\udcaa Material resistente al agua y al \u00f3xido&quot;]]],[&quot;p&quot;,{&quot;jc&quot;:&quot;left&quot;,&quot;ind&quot;:{},&quot;spacing&quot;:{}},[&quot;span&quot;,{&quot;data-type&quot;:&quot;text&quot;},[&quot;span&quot;,{&quot;data-type&quot;:&quot;leaf&quot;},&quot;  &quot;]]]]\">\n<h2>Descripcion\u00a0del\u00a0producto<\/h2>\n<p>Organizador\u00a0magn\u00e9tico\u00a0de\u00a0especias\u00a0\u2013\u00a0Set\u00a0de\u00a02\u00a0|\u00a0Resistente,\u00a0elegante\u00a0y\u00a0sin\u00a0instalaci\u00f3n<\/p>\n<p><img decoding=\"async\" src=\"https:\/\/fb-es.mrvcdn.com\/kf\/Ef54d84d0b0124d28b141e824f1ddc1fcs.jpg\" \/><\/p>\n<p>&nbsp;<\/p>\n<p><img decoding=\"async\" src=\"https:\/\/fb-es.mrvcdn.com\/kf\/Ea8f076c728ca4ff296b18040f65100daH.jpg\" \/> \ud83d\udcaa\u00a0Material\u00a0resistente\u00a0al\u00a0agua\u00a0y\u00a0al\u00a0\u00f3xido<\/p>\n<p>&nbsp;<\/p>\n<\/article>\n","protected":false},"excerpt":{"rendered":"<h2>ACERCA DE ESTE ARTICULO<\/h2>\n<p>Mant\u00e9n\u00a0tu\u00a0cocina\u00a0ordenada\u00a0y\u00a0funcional\u00a0con\u00a0estos\u00a0estantes\u00a0magn\u00e9ticos\u00a0de\u00a0acero\u00a0al\u00a0carbono.\u00a0Su\u00a0dise\u00f1o\u00a0moderno\u00a0en\u00a0negro\u00a0y\u00a0recubrimiento\u00a0anti\u00f3xido\u00a0los\u00a0hace\u00a0perfectos\u00a0para\u00a0cualquier\u00a0estilo. Se\u00a0adhieren\u00a0firmemente\u00a0a\u00a0cualquier\u00a0superficie\u00a0met\u00e1lica\u00a0(neveras,\u00a0microondas,\u00a0lavadoras,\u00a0etc.)\u00a0gracias\u00a0a\u00a0su\u00a0potente\u00a0im\u00e1n,\u00a0soportando\u00a0hasta\u00a06,6\u00a0lb\u00a0sin\u00a0moverse. \u00a1No\u00a0necesitas\u00a0herramientas!\u00a0Solo\u00a0col\u00f3calos\u00a0donde\u00a0los\u00a0necesites\u00a0y\u00a0empieza\u00a0a\u00a0organizar.<\/p>\n<p>\ud83d\udce6\u00a0Incluye:\u00a02\u00a0organizadores\u00a0de\u00a0especias\u00a0magn\u00e9ticos \ud83d\udccf\u00a0Tama\u00f1o:\u00a025\u00d79\u00d79\u00a0cm<\/p>\n","protected":false},"featured_media":16005,"comment_status":"closed","ping_status":"closed","template":"","meta":[],"product_cat":[397],"product_tag":[430,618,639,483],"class_list":{"0":"post-16004","1":"product","2":"type-product","3":"status-publish","4":"has-post-thumbnail","6":"product_cat-cocina-2","7":"product_tag-cocina","8":"product_tag-estante","9":"product_tag-magnetico","10":"product_tag-organizador","11":"product_brand-generico","13":"first","14":"instock","15":"sale","16":"shipping-taxable","17":"purchasable","18":"product-type-simple"},"yoast_head":"<!-- This site is optimized with the Yoast SEO plugin v23.5 - https:\/\/yoast.com\/wordpress\/plugins\/seo\/ -->\n<title>2 Piezas Especiero Cocina Magn\u00e9tico para Refrigerador, Estante Magn\u00e9tico Nevera Estante, Estante de Almacenamiento para Pared Organizador de Especias Cocina, Soportes para Botes de Especias - Merca Babel Productos de importaci\u00f3n en oferta: peque\u00f1os electrodom\u00e9sticos, electr\u00f3nica y productos de hogar<\/title>\n<meta name=\"robots\" content=\"index, follow, max-snippet:-1, max-image-preview:large, max-video-preview:-1\" \/>\n<link rel=\"canonical\" href=\"https:\/\/www.mercababel.com\/producto\/2-piezas-especiero-cocina-magnetico-para-refrigerador-estante-magnetico-nevera-estante-estante-de-almacenamiento-para-pared-organizador-de-especias-cocina-soportes-para-botes-de-especias\/\" \/>\n<meta property=\"og:locale\" content=\"en_US\" \/>\n<meta property=\"og:type\" content=\"article\" \/>\n<meta property=\"og:title\" content=\"2 Piezas Especiero Cocina Magn\u00e9tico para Refrigerador, Estante Magn\u00e9tico Nevera Estante, Estante de Almacenamiento para Pared Organizador de Especias Cocina, Soportes para Botes de Especias - Merca Babel Productos de importaci\u00f3n en oferta: peque\u00f1os electrodom\u00e9sticos, electr\u00f3nica y productos de hogar\" \/>\n<meta property=\"og:description\" content=\"ACERCA DE ESTE ARTICULO Mant\u00e9n\u00a0tu\u00a0cocina\u00a0ordenada\u00a0y\u00a0funcional\u00a0con\u00a0estos\u00a0estantes\u00a0magn\u00e9ticos\u00a0de\u00a0acero\u00a0al\u00a0carbono.\u00a0Su\u00a0dise\u00f1o\u00a0moderno\u00a0en\u00a0negro\u00a0y\u00a0recubrimiento\u00a0anti\u00f3xido\u00a0los\u00a0hace\u00a0perfectos\u00a0para\u00a0cualquier\u00a0estilo. Se\u00a0adhieren\u00a0firmemente\u00a0a\u00a0cualquier\u00a0superficie\u00a0met\u00e1lica\u00a0(neveras,\u00a0microondas,\u00a0lavadoras,\u00a0etc.)\u00a0gracias\u00a0a\u00a0su\u00a0potente\u00a0im\u00e1n,\u00a0soportando\u00a0hasta\u00a06,6\u00a0lb\u00a0sin\u00a0moverse. \u00a1No\u00a0necesitas\u00a0herramientas!\u00a0Solo\u00a0col\u00f3calos\u00a0donde\u00a0los\u00a0necesites\u00a0y\u00a0empieza\u00a0a\u00a0organizar.  \ud83d\udce6\u00a0Incluye:\u00a02\u00a0organizadores\u00a0de\u00a0especias\u00a0magn\u00e9ticos \ud83d\udccf\u00a0Tama\u00f1o:\u00a025\u00d79\u00d79\u00a0cm\" \/>\n<meta property=\"og:url\" content=\"https:\/\/www.mercababel.com\/producto\/2-piezas-especiero-cocina-magnetico-para-refrigerador-estante-magnetico-nevera-estante-estante-de-almacenamiento-para-pared-organizador-de-especias-cocina-soportes-para-botes-de-especias\/\" \/>\n<meta property=\"og:site_name\" content=\"Merca Babel Productos de importaci\u00f3n en oferta: peque\u00f1os electrodom\u00e9sticos, electr\u00f3nica y productos de hogar\" \/>\n<meta property=\"og:image\" content=\"http:\/\/www.mercababel.com\/wp-content\/uploads\/2025\/05\/71J7rHuS3OL._AC_SL1500_.jpg\" \/>\n\t<meta property=\"og:image:width\" content=\"1461\" \/>\n\t<meta property=\"og:image:height\" content=\"1466\" \/>\n\t<meta property=\"og:image:type\" content=\"image\/jpeg\" \/>\n<meta name=\"twitter:card\" content=\"summary_large_image\" \/>\n<meta name=\"twitter:label1\" content=\"Est. reading time\" \/>\n\t<meta name=\"twitter:data1\" content=\"1 minute\" \/>\n<script type=\"application\/ld+json\" class=\"yoast-schema-graph\">{\"@context\":\"https:\/\/schema.org\",\"@graph\":[{\"@type\":\"WebPage\",\"@id\":\"https:\/\/www.mercababel.com\/producto\/2-piezas-especiero-cocina-magnetico-para-refrigerador-estante-magnetico-nevera-estante-estante-de-almacenamiento-para-pared-organizador-de-especias-cocina-soportes-para-botes-de-especias\/\",\"url\":\"https:\/\/www.mercababel.com\/producto\/2-piezas-especiero-cocina-magnetico-para-refrigerador-estante-magnetico-nevera-estante-estante-de-almacenamiento-para-pared-organizador-de-especias-cocina-soportes-para-botes-de-especias\/\",\"name\":\"2 Piezas Especiero Cocina Magn\u00e9tico para Refrigerador, Estante Magn\u00e9tico Nevera Estante, Estante de Almacenamiento para Pared Organizador de Especias Cocina, Soportes para Botes de Especias - Merca Babel Productos de importaci\u00f3n en oferta: peque\u00f1os electrodom\u00e9sticos, electr\u00f3nica y productos de hogar\",\"isPartOf\":{\"@id\":\"https:\/\/www.mercababel.com\/#website\"},\"primaryImageOfPage\":{\"@id\":\"https:\/\/www.mercababel.com\/producto\/2-piezas-especiero-cocina-magnetico-para-refrigerador-estante-magnetico-nevera-estante-estante-de-almacenamiento-para-pared-organizador-de-especias-cocina-soportes-para-botes-de-especias\/#primaryimage\"},\"image\":{\"@id\":\"https:\/\/www.mercababel.com\/producto\/2-piezas-especiero-cocina-magnetico-para-refrigerador-estante-magnetico-nevera-estante-estante-de-almacenamiento-para-pared-organizador-de-especias-cocina-soportes-para-botes-de-especias\/#primaryimage\"},\"thumbnailUrl\":\"https:\/\/www.mercababel.com\/wp-content\/uploads\/2025\/05\/71J7rHuS3OL._AC_SL1500_.jpg\",\"datePublished\":\"2025-05-23T16:52:55+00:00\",\"dateModified\":\"2025-05-23T16:52:55+00:00\",\"breadcrumb\":{\"@id\":\"https:\/\/www.mercababel.com\/producto\/2-piezas-especiero-cocina-magnetico-para-refrigerador-estante-magnetico-nevera-estante-estante-de-almacenamiento-para-pared-organizador-de-especias-cocina-soportes-para-botes-de-especias\/#breadcrumb\"},\"inLanguage\":\"en-US\",\"potentialAction\":[{\"@type\":\"ReadAction\",\"target\":[\"https:\/\/www.mercababel.com\/producto\/2-piezas-especiero-cocina-magnetico-para-refrigerador-estante-magnetico-nevera-estante-estante-de-almacenamiento-para-pared-organizador-de-especias-cocina-soportes-para-botes-de-especias\/\"]}]},{\"@type\":\"ImageObject\",\"inLanguage\":\"en-US\",\"@id\":\"https:\/\/www.mercababel.com\/producto\/2-piezas-especiero-cocina-magnetico-para-refrigerador-estante-magnetico-nevera-estante-estante-de-almacenamiento-para-pared-organizador-de-especias-cocina-soportes-para-botes-de-especias\/#primaryimage\",\"url\":\"https:\/\/www.mercababel.com\/wp-content\/uploads\/2025\/05\/71J7rHuS3OL._AC_SL1500_.jpg\",\"contentUrl\":\"https:\/\/www.mercababel.com\/wp-content\/uploads\/2025\/05\/71J7rHuS3OL._AC_SL1500_.jpg\",\"width\":1461,\"height\":1466},{\"@type\":\"BreadcrumbList\",\"@id\":\"https:\/\/www.mercababel.com\/producto\/2-piezas-especiero-cocina-magnetico-para-refrigerador-estante-magnetico-nevera-estante-estante-de-almacenamiento-para-pared-organizador-de-especias-cocina-soportes-para-botes-de-especias\/#breadcrumb\",\"itemListElement\":[{\"@type\":\"ListItem\",\"position\":1,\"name\":\"Portada\",\"item\":\"https:\/\/www.mercababel.com\/\"},{\"@type\":\"ListItem\",\"position\":2,\"name\":\"Shop\",\"item\":\"https:\/\/www.mercababel.com\/en\/shop\/\"},{\"@type\":\"ListItem\",\"position\":3,\"name\":\"2 Piezas Especiero Cocina Magn\u00e9tico para Refrigerador, Estante Magn\u00e9tico Nevera Estante, Estante de Almacenamiento para Pared Organizador de Especias Cocina, Soportes para Botes de Especias\"}]},{\"@type\":\"WebSite\",\"@id\":\"https:\/\/www.mercababel.com\/#website\",\"url\":\"https:\/\/www.mercababel.com\/\",\"name\":\"Merca Babel Productos de importaci\u00f3n en oferta: peque\u00f1os electrodom\u00e9sticos, electr\u00f3nica y productos de hogar\",\"description\":\"Productos de importaci\u00f3n en oferta\",\"potentialAction\":[{\"@type\":\"SearchAction\",\"target\":{\"@type\":\"EntryPoint\",\"urlTemplate\":\"https:\/\/www.mercababel.com\/?s={search_term_string}\"},\"query-input\":{\"@type\":\"PropertyValueSpecification\",\"valueRequired\":true,\"valueName\":\"search_term_string\"}}],\"inLanguage\":\"en-US\"}]}<\/script>\n<!-- \/ Yoast SEO plugin. -->","yoast_head_json":{"title":"2 Piezas Especiero Cocina Magn\u00e9tico para Refrigerador, Estante Magn\u00e9tico Nevera Estante, Estante de Almacenamiento para Pared Organizador de Especias Cocina, Soportes para Botes de Especias - Merca Babel Productos de importaci\u00f3n en oferta: peque\u00f1os electrodom\u00e9sticos, electr\u00f3nica y productos de hogar","robots":{"index":"index","follow":"follow","max-snippet":"max-snippet:-1","max-image-preview":"max-image-preview:large","max-video-preview":"max-video-preview:-1"},"canonical":"https:\/\/www.mercababel.com\/producto\/2-piezas-especiero-cocina-magnetico-para-refrigerador-estante-magnetico-nevera-estante-estante-de-almacenamiento-para-pared-organizador-de-especias-cocina-soportes-para-botes-de-especias\/","og_locale":"en_US","og_type":"article","og_title":"2 Piezas Especiero Cocina Magn\u00e9tico para Refrigerador, Estante Magn\u00e9tico Nevera Estante, Estante de Almacenamiento para Pared Organizador de Especias Cocina, Soportes para Botes de Especias - Merca Babel Productos de importaci\u00f3n en oferta: peque\u00f1os electrodom\u00e9sticos, electr\u00f3nica y productos de hogar","og_description":"ACERCA DE ESTE ARTICULO Mant\u00e9n\u00a0tu\u00a0cocina\u00a0ordenada\u00a0y\u00a0funcional\u00a0con\u00a0estos\u00a0estantes\u00a0magn\u00e9ticos\u00a0de\u00a0acero\u00a0al\u00a0carbono.\u00a0Su\u00a0dise\u00f1o\u00a0moderno\u00a0en\u00a0negro\u00a0y\u00a0recubrimiento\u00a0anti\u00f3xido\u00a0los\u00a0hace\u00a0perfectos\u00a0para\u00a0cualquier\u00a0estilo. Se\u00a0adhieren\u00a0firmemente\u00a0a\u00a0cualquier\u00a0superficie\u00a0met\u00e1lica\u00a0(neveras,\u00a0microondas,\u00a0lavadoras,\u00a0etc.)\u00a0gracias\u00a0a\u00a0su\u00a0potente\u00a0im\u00e1n,\u00a0soportando\u00a0hasta\u00a06,6\u00a0lb\u00a0sin\u00a0moverse. \u00a1No\u00a0necesitas\u00a0herramientas!\u00a0Solo\u00a0col\u00f3calos\u00a0donde\u00a0los\u00a0necesites\u00a0y\u00a0empieza\u00a0a\u00a0organizar.  \ud83d\udce6\u00a0Incluye:\u00a02\u00a0organizadores\u00a0de\u00a0especias\u00a0magn\u00e9ticos \ud83d\udccf\u00a0Tama\u00f1o:\u00a025\u00d79\u00d79\u00a0cm","og_url":"https:\/\/www.mercababel.com\/producto\/2-piezas-especiero-cocina-magnetico-para-refrigerador-estante-magnetico-nevera-estante-estante-de-almacenamiento-para-pared-organizador-de-especias-cocina-soportes-para-botes-de-especias\/","og_site_name":"Merca Babel Productos de importaci\u00f3n en oferta: peque\u00f1os electrodom\u00e9sticos, electr\u00f3nica y productos de hogar","og_image":[{"width":1461,"height":1466,"url":"http:\/\/www.mercababel.com\/wp-content\/uploads\/2025\/05\/71J7rHuS3OL._AC_SL1500_.jpg","type":"image\/jpeg"}],"twitter_card":"summary_large_image","twitter_misc":{"Est. reading time":"1 minute"},"schema":{"@context":"https:\/\/schema.org","@graph":[{"@type":"WebPage","@id":"https:\/\/www.mercababel.com\/producto\/2-piezas-especiero-cocina-magnetico-para-refrigerador-estante-magnetico-nevera-estante-estante-de-almacenamiento-para-pared-organizador-de-especias-cocina-soportes-para-botes-de-especias\/","url":"https:\/\/www.mercababel.com\/producto\/2-piezas-especiero-cocina-magnetico-para-refrigerador-estante-magnetico-nevera-estante-estante-de-almacenamiento-para-pared-organizador-de-especias-cocina-soportes-para-botes-de-especias\/","name":"2 Piezas Especiero Cocina Magn\u00e9tico para Refrigerador, Estante Magn\u00e9tico Nevera Estante, Estante de Almacenamiento para Pared Organizador de Especias Cocina, Soportes para Botes de Especias - Merca Babel Productos de importaci\u00f3n en oferta: peque\u00f1os electrodom\u00e9sticos, electr\u00f3nica y productos de hogar","isPartOf":{"@id":"https:\/\/www.mercababel.com\/#website"},"primaryImageOfPage":{"@id":"https:\/\/www.mercababel.com\/producto\/2-piezas-especiero-cocina-magnetico-para-refrigerador-estante-magnetico-nevera-estante-estante-de-almacenamiento-para-pared-organizador-de-especias-cocina-soportes-para-botes-de-especias\/#primaryimage"},"image":{"@id":"https:\/\/www.mercababel.com\/producto\/2-piezas-especiero-cocina-magnetico-para-refrigerador-estante-magnetico-nevera-estante-estante-de-almacenamiento-para-pared-organizador-de-especias-cocina-soportes-para-botes-de-especias\/#primaryimage"},"thumbnailUrl":"https:\/\/www.mercababel.com\/wp-content\/uploads\/2025\/05\/71J7rHuS3OL._AC_SL1500_.jpg","datePublished":"2025-05-23T16:52:55+00:00","dateModified":"2025-05-23T16:52:55+00:00","breadcrumb":{"@id":"https:\/\/www.mercababel.com\/producto\/2-piezas-especiero-cocina-magnetico-para-refrigerador-estante-magnetico-nevera-estante-estante-de-almacenamiento-para-pared-organizador-de-especias-cocina-soportes-para-botes-de-especias\/#breadcrumb"},"inLanguage":"en-US","potentialAction":[{"@type":"ReadAction","target":["https:\/\/www.mercababel.com\/producto\/2-piezas-especiero-cocina-magnetico-para-refrigerador-estante-magnetico-nevera-estante-estante-de-almacenamiento-para-pared-organizador-de-especias-cocina-soportes-para-botes-de-especias\/"]}]},{"@type":"ImageObject","inLanguage":"en-US","@id":"https:\/\/www.mercababel.com\/producto\/2-piezas-especiero-cocina-magnetico-para-refrigerador-estante-magnetico-nevera-estante-estante-de-almacenamiento-para-pared-organizador-de-especias-cocina-soportes-para-botes-de-especias\/#primaryimage","url":"https:\/\/www.mercababel.com\/wp-content\/uploads\/2025\/05\/71J7rHuS3OL._AC_SL1500_.jpg","contentUrl":"https:\/\/www.mercababel.com\/wp-content\/uploads\/2025\/05\/71J7rHuS3OL._AC_SL1500_.jpg","width":1461,"height":1466},{"@type":"BreadcrumbList","@id":"https:\/\/www.mercababel.com\/producto\/2-piezas-especiero-cocina-magnetico-para-refrigerador-estante-magnetico-nevera-estante-estante-de-almacenamiento-para-pared-organizador-de-especias-cocina-soportes-para-botes-de-especias\/#breadcrumb","itemListElement":[{"@type":"ListItem","position":1,"name":"Portada","item":"https:\/\/www.mercababel.com\/"},{"@type":"ListItem","position":2,"name":"Shop","item":"https:\/\/www.mercababel.com\/en\/shop\/"},{"@type":"ListItem","position":3,"name":"2 Piezas Especiero Cocina Magn\u00e9tico para Refrigerador, Estante Magn\u00e9tico Nevera Estante, Estante de Almacenamiento para Pared Organizador de Especias Cocina, Soportes para Botes de Especias"}]},{"@type":"WebSite","@id":"https:\/\/www.mercababel.com\/#website","url":"https:\/\/www.mercababel.com\/","name":"Merca Babel Productos de importaci\u00f3n en oferta: peque\u00f1os electrodom\u00e9sticos, electr\u00f3nica y productos de hogar","description":"Productos de importaci\u00f3n en oferta","potentialAction":[{"@type":"SearchAction","target":{"@type":"EntryPoint","urlTemplate":"https:\/\/www.mercababel.com\/?s={search_term_string}"},"query-input":{"@type":"PropertyValueSpecification","valueRequired":true,"valueName":"search_term_string"}}],"inLanguage":"en-US"}]}},"_links":{"self":[{"href":"https:\/\/www.mercababel.com\/en\/wp-json\/wp\/v2\/product\/16004","targetHints":{"allow":["GET"]}}],"collection":[{"href":"https:\/\/www.mercababel.com\/en\/wp-json\/wp\/v2\/product"}],"about":[{"href":"https:\/\/www.mercababel.com\/en\/wp-json\/wp\/v2\/types\/product"}],"replies":[{"embeddable":true,"href":"https:\/\/www.mercababel.com\/en\/wp-json\/wp\/v2\/comments?post=16004"}],"version-history":[{"count":1,"href":"https:\/\/www.mercababel.com\/en\/wp-json\/wp\/v2\/product\/16004\/revisions"}],"predecessor-version":[{"id":16019,"href":"https:\/\/www.mercababel.com\/en\/wp-json\/wp\/v2\/product\/16004\/revisions\/16019"}],"wp:featuredmedia":[{"embeddable":true,"href":"https:\/\/www.mercababel.com\/en\/wp-json\/wp\/v2\/media\/16005"}],"wp:attachment":[{"href":"https:\/\/www.mercababel.com\/en\/wp-json\/wp\/v2\/media?parent=16004"}],"wp:term":[{"taxonomy":"product_cat","embeddable":true,"href":"https:\/\/www.mercababel.com\/en\/wp-json\/wp\/v2\/product_cat?post=16004"},{"taxonomy":"product_tag","embeddable":true,"href":"https:\/\/www.mercababel.com\/en\/wp-json\/wp\/v2\/product_tag?post=16004"}],"curies":[{"name":"wp","href":"https:\/\/api.w.org\/{rel}","templated":true}]}}