{"id":15607,"date":"2025-04-09T17:56:23","date_gmt":"2025-04-09T17:56:23","guid":{"rendered":"https:\/\/www.mercababel.com\/?post_type=product&#038;p=15607"},"modified":"2025-04-09T17:58:19","modified_gmt":"2025-04-09T17:58:19","slug":"correpasillos-bebe-18m-andador-correpasillos-con-volante-y-asa-para-empujar-coche-bebe-con-cajon-guarda-objetos","status":"publish","type":"product","link":"https:\/\/www.mercababel.com\/en\/producto\/correpasillos-bebe-18m-andador-correpasillos-con-volante-y-asa-para-empujar-coche-bebe-con-cajon-guarda-objetos\/","title":{"rendered":"Correpasillos Bebe +18M  | Andador Correpasillos con volante y asa para empujar | Coche bebe con caj\u00f3n guarda objetos"},"content":{"rendered":"<h2 class=\"a-size-base-plus a-text-bold\">Acerca de este producto<\/h2>\n<ul class=\"a-unordered-list a-vertical a-spacing-mini\">\n<li class=\"a-spacing-mini\"><span class=\"a-list-item\">coche para ni\u00f1os de dise\u00f1o \u00fanico y ergon\u00f3mico, con volante, sonidos y canciones\u00a0<\/span><\/li>\n<li class=\"a-spacing-mini\"><span class=\"a-list-item\">APRENDER JUGANDO: estimula la curiosidad y la audici\u00f3n con efectos sonoros, mientras que la estructura ergon\u00f3mica soporta motricidad y coordinaci\u00f3n; con volante interactivo<\/span><\/li>\n<li class=\"a-spacing-mini\"><span class=\"a-list-item\">C\u00d3MO JUGAR: gracias a las ruedas de direcci\u00f3n, los sistemas antivuelco y los parachoques explora el entorno de forma independiente o con la ayuda de un adulto;\u00a0<\/span><\/li>\n<li class=\"a-spacing-mini\"><span class=\"a-list-item\">QU\u00c9 CONTIENE: juego Made in China, con un enfoque ecosostenible y materiales reciclados, para ni\u00f1as y ni\u00f1os de 18 a 36 meses<\/span><\/li>\n<\/ul>\n","protected":false},"excerpt":{"rendered":"<article class=\"4ever-article\" data-clipboard-cangjie=\"[&quot;root&quot;,{&quot;copyFrom&quot;:1821447655},[&quot;h3&quot;,{&quot;jc&quot;:&quot;left&quot;,&quot;ind&quot;:{},&quot;spacing&quot;:{}},[&quot;span&quot;,{&quot;data-type&quot;:&quot;text&quot;},[&quot;span&quot;,{&quot;bold&quot;:true,&quot;color&quot;:&quot;rgb(15, 17, 17)&quot;,&quot;sz&quot;:13,&quot;szUnit&quot;:&quot;pt&quot;,&quot;data-type&quot;:&quot;leaf&quot;},&quot;Caracter\u00edsticas del producto:&quot;]]],[&quot;p&quot;,{&quot;jc&quot;:&quot;left&quot;,&quot;ind&quot;:{},&quot;spacing&quot;:{}},[&quot;span&quot;,{&quot;data-type&quot;:&quot;text&quot;},[&quot;span&quot;,{&quot;data-type&quot;:&quot;leaf&quot;},&quot;\ud83d\ude97 &quot;],[&quot;span&quot;,{&quot;bold&quot;:true,&quot;data-type&quot;:&quot;leaf&quot;},&quot;Ideal para Ni\u00f1os +18 Meses&quot;],[&quot;span&quot;,{&quot;data-type&quot;:&quot;leaf&quot;},&quot; \u2013 Dise\u00f1ado para los m\u00e1s peque\u00f1os que empiezan a desarrollar su equilibrio y coordinaci\u00f3n. \u00a1Un coche de empuje con estilo que encantar\u00e1 a ni\u00f1os y mam\u00e1s!&quot;]]],[&quot;p&quot;,{&quot;jc&quot;:&quot;left&quot;,&quot;ind&quot;:{},&quot;spacing&quot;:{}},[&quot;span&quot;,{&quot;data-type&quot;:&quot;text&quot;},[&quot;span&quot;,{&quot;data-type&quot;:&quot;leaf&quot;},&quot;\ud83d\udcaa &quot;],[&quot;span&quot;,{&quot;bold&quot;:true,&quot;data-type&quot;:&quot;leaf&quot;},&quot;Alta Resistencia y Soporte de maximo 25kg&quot;],[&quot;span&quot;,{&quot;data-type&quot;:&quot;leaf&quot;},&quot; \u2013 Fabricado en material PP resistente a impactos y con dise\u00f1o de 4 ruedas para mayor estabilidad. Durable y seguro para horas de diversi\u00f3n.&quot;]]],[&quot;p&quot;,{&quot;jc&quot;:&quot;left&quot;,&quot;ind&quot;:{},&quot;spacing&quot;:{}},[&quot;span&quot;,{&quot;data-type&quot;:&quot;text&quot;},[&quot;span&quot;,{&quot;data-type&quot;:&quot;leaf&quot;},&quot;\ud83c\udfb6 &quot;],[&quot;span&quot;,{&quot;bold&quot;:true,&quot;data-type&quot;:&quot;leaf&quot;},&quot;Volante con M\u00fasica Interactiva&quot;],[&quot;span&quot;,{&quot;data-type&quot;:&quot;leaf&quot;},&quot; \u2013 Bot\u00f3n en el volante que reproduce canciones alegres, haciendo el juego a\u00fan m\u00e1s entretenido. Volante ergon\u00f3mico f\u00e1cil de manejar para los peque\u00f1os.&quot;]]],[&quot;p&quot;,{&quot;jc&quot;:&quot;left&quot;,&quot;ind&quot;:{},&quot;spacing&quot;:{}},[&quot;span&quot;,{&quot;data-type&quot;:&quot;text&quot;},[&quot;span&quot;,{&quot;data-type&quot;:&quot;leaf&quot;},&quot;\ud83e\uddf8 &quot;],[&quot;span&quot;,{&quot;bold&quot;:true,&quot;data-type&quot;:&quot;leaf&quot;},&quot;Espacio de Almacenamiento Oculto&quot;],[&quot;span&quot;,{&quot;data-type&quot;:&quot;leaf&quot;},&quot; \u2013 Compartimento pr\u00e1ctico debajo del asiento para guardar juguetes, botellas o pa\u00f1uelos. Perfecto para mantener el orden en cada paseo.&quot;]]],[&quot;p&quot;,{&quot;jc&quot;:&quot;left&quot;,&quot;ind&quot;:{},&quot;spacing&quot;:{}},[&quot;span&quot;,{&quot;data-type&quot;:&quot;text&quot;},[&quot;span&quot;,{&quot;data-type&quot;:&quot;leaf&quot;},&quot;\ud83d\udd12 &quot;],[&quot;span&quot;,{&quot;bold&quot;:true,&quot;data-type&quot;:&quot;leaf&quot;},&quot;Dise\u00f1o Seguro Anti-Retroceso&quot;],[&quot;span&quot;,{&quot;data-type&quot;:&quot;leaf&quot;},&quot; \u2013 Respaldo amplio y barra de seguridad trasera que evita vuelcos. \u00a1Diversi\u00f3n con total tranquilidad para los padres!&quot;]]]]\">\n<h3>Caracter\u00edsticas\u00a0del\u00a0producto:<\/h3>\n<p>\ud83d\ude97\u00a0Ideal\u00a0para\u00a0Ni\u00f1os\u00a0+18\u00a0Meses\u00a0\u2013\u00a0Dise\u00f1ado\u00a0para\u00a0los\u00a0m\u00e1s\u00a0peque\u00f1os\u00a0que\u00a0empiezan\u00a0a\u00a0desarrollar\u00a0su\u00a0equilibrio\u00a0y\u00a0coordinaci\u00f3n.\u00a0\u00a1Un\u00a0coche\u00a0de\u00a0empuje\u00a0con\u00a0estilo\u00a0que\u00a0encantar\u00e1\u00a0a\u00a0ni\u00f1os\u00a0y\u00a0mam\u00e1s!<\/p>\n<p>\ud83d\udcaa\u00a0Alta\u00a0Resistencia\u00a0y\u00a0Soporte\u00a0de\u00a0maximo\u00a025kg\u00a0\u2013\u00a0Fabricado\u00a0en\u00a0material\u00a0PP\u00a0resistente\u00a0a\u00a0impactos\u00a0y\u00a0con\u00a0dise\u00f1o\u00a0de\u00a04\u00a0ruedas\u00a0para\u00a0mayor\u00a0estabilidad.\u00a0Durable\u00a0y\u00a0seguro\u00a0para\u00a0horas\u00a0de\u00a0diversi\u00f3n.<\/p>\n<p>\ud83c\udfb6\u00a0Volante\u00a0con\u00a0M\u00fasica\u00a0Interactiva\u00a0\u2013\u00a0Bot\u00f3n\u00a0en\u00a0el\u00a0volante\u00a0que\u00a0reproduce\u00a0canciones\u00a0alegres,\u00a0haciendo\u00a0el\u00a0juego\u00a0a\u00fan\u00a0m\u00e1s\u00a0entretenido.\u00a0Volante\u00a0ergon\u00f3mico\u00a0f\u00e1cil\u00a0de\u00a0manejar\u00a0para\u00a0los\u00a0peque\u00f1os.<\/p>\n<p>\ud83e\uddf8\u00a0Espacio\u00a0de\u00a0Almacenamiento\u00a0Oculto\u00a0\u2013\u00a0Compartimento\u00a0pr\u00e1ctico\u00a0debajo\u00a0del\u00a0asiento\u00a0para\u00a0guardar\u00a0juguetes,\u00a0botellas\u00a0o\u00a0pa\u00f1uelos.\u00a0Perfecto\u00a0para\u00a0mantener\u00a0el\u00a0orden\u00a0en\u00a0cada\u00a0paseo.<\/p>\n<p>\ud83d\udd12\u00a0Dise\u00f1o\u00a0Seguro\u00a0Anti-Retroceso\u00a0\u2013\u00a0Respaldo\u00a0amplio\u00a0y\u00a0barra\u00a0de\u00a0seguridad\u00a0trasera\u00a0que\u00a0evita\u00a0vuelcos.\u00a0\u00a1Diversi\u00f3n\u00a0con\u00a0total\u00a0tranquilidad\u00a0para\u00a0los\u00a0padres!<\/p>\n<\/article>\n","protected":false},"featured_media":15608,"comment_status":"closed","ping_status":"closed","template":"","meta":[],"product_cat":[15,372],"product_tag":[521,799,788,711,577],"class_list":{"0":"post-15607","1":"product","2":"type-product","3":"status-publish","4":"has-post-thumbnail","6":"product_cat-uncategorized","7":"product_cat-juguetes","8":"product_tag-coche","9":"product_tag-correpasillos","10":"product_tag-diversion","11":"product_tag-juguete","12":"product_tag-ninos","13":"product_brand-generico","15":"first","16":"instock","17":"sale","18":"shipping-taxable","19":"purchasable","20":"product-type-simple"},"yoast_head":"<!-- This site is optimized with the Yoast SEO plugin v23.5 - https:\/\/yoast.com\/wordpress\/plugins\/seo\/ -->\n<title>Correpasillos Bebe +18M | Andador Correpasillos con volante y asa para empujar | Coche bebe con caj\u00f3n guarda objetos - Merca Babel Productos de importaci\u00f3n en oferta: peque\u00f1os electrodom\u00e9sticos, electr\u00f3nica y productos de hogar<\/title>\n<meta name=\"robots\" content=\"index, follow, max-snippet:-1, max-image-preview:large, max-video-preview:-1\" \/>\n<link rel=\"canonical\" href=\"https:\/\/www.mercababel.com\/producto\/correpasillos-bebe-18m-andador-correpasillos-con-volante-y-asa-para-empujar-coche-bebe-con-cajon-guarda-objetos\/\" \/>\n<meta property=\"og:locale\" content=\"en_US\" \/>\n<meta property=\"og:type\" content=\"article\" \/>\n<meta property=\"og:title\" content=\"Correpasillos Bebe +18M | Andador Correpasillos con volante y asa para empujar | Coche bebe con caj\u00f3n guarda objetos - Merca Babel Productos de importaci\u00f3n en oferta: peque\u00f1os electrodom\u00e9sticos, electr\u00f3nica y productos de hogar\" \/>\n<meta property=\"og:description\" content=\"Caracter\u00edsticas\u00a0del\u00a0producto: \ud83d\ude97\u00a0Ideal\u00a0para\u00a0Ni\u00f1os\u00a0+18\u00a0Meses\u00a0\u2013\u00a0Dise\u00f1ado\u00a0para\u00a0los\u00a0m\u00e1s\u00a0peque\u00f1os\u00a0que\u00a0empiezan\u00a0a\u00a0desarrollar\u00a0su\u00a0equilibrio\u00a0y\u00a0coordinaci\u00f3n.\u00a0\u00a1Un\u00a0coche\u00a0de\u00a0empuje\u00a0con\u00a0estilo\u00a0que\u00a0encantar\u00e1\u00a0a\u00a0ni\u00f1os\u00a0y\u00a0mam\u00e1s!  \ud83d\udcaa\u00a0Alta\u00a0Resistencia\u00a0y\u00a0Soporte\u00a0de\u00a0maximo\u00a025kg\u00a0\u2013\u00a0Fabricado\u00a0en\u00a0material\u00a0PP\u00a0resistente\u00a0a\u00a0impactos\u00a0y\u00a0con\u00a0dise\u00f1o\u00a0de\u00a04\u00a0ruedas\u00a0para\u00a0mayor\u00a0estabilidad.\u00a0Durable\u00a0y\u00a0seguro\u00a0para\u00a0horas\u00a0de\u00a0diversi\u00f3n.  \ud83c\udfb6\u00a0Volante\u00a0con\u00a0M\u00fasica\u00a0Interactiva\u00a0\u2013\u00a0Bot\u00f3n\u00a0en\u00a0el\u00a0volante\u00a0que\u00a0reproduce\u00a0canciones\u00a0alegres,\u00a0haciendo\u00a0el\u00a0juego\u00a0a\u00fan\u00a0m\u00e1s\u00a0entretenido.\u00a0Volante\u00a0ergon\u00f3mico\u00a0f\u00e1cil\u00a0de\u00a0manejar\u00a0para\u00a0los\u00a0peque\u00f1os.  \ud83e\uddf8\u00a0Espacio\u00a0de\u00a0Almacenamiento\u00a0Oculto\u00a0\u2013\u00a0Compartimento\u00a0pr\u00e1ctico\u00a0debajo\u00a0del\u00a0asiento\u00a0para\u00a0guardar\u00a0juguetes,\u00a0botellas\u00a0o\u00a0pa\u00f1uelos.\u00a0Perfecto\u00a0para\u00a0mantener\u00a0el\u00a0orden\u00a0en\u00a0cada\u00a0paseo.  \ud83d\udd12\u00a0Dise\u00f1o\u00a0Seguro\u00a0Anti-Retroceso\u00a0\u2013\u00a0Respaldo\u00a0amplio\u00a0y\u00a0barra\u00a0de\u00a0seguridad\u00a0trasera\u00a0que\u00a0evita\u00a0vuelcos.\u00a0\u00a1Diversi\u00f3n\u00a0con\u00a0total\u00a0tranquilidad\u00a0para\u00a0los\u00a0padres!\" \/>\n<meta property=\"og:url\" content=\"https:\/\/www.mercababel.com\/producto\/correpasillos-bebe-18m-andador-correpasillos-con-volante-y-asa-para-empujar-coche-bebe-con-cajon-guarda-objetos\/\" \/>\n<meta property=\"og:site_name\" content=\"Merca Babel Productos de importaci\u00f3n en oferta: peque\u00f1os electrodom\u00e9sticos, electr\u00f3nica y productos de hogar\" \/>\n<meta property=\"article:modified_time\" content=\"2025-04-09T17:58:19+00:00\" \/>\n<meta property=\"og:image\" content=\"https:\/\/www.mercababel.com\/wp-content\/uploads\/2025\/04\/CORRE-001.jpg\" \/>\n\t<meta property=\"og:image:width\" content=\"706\" \/>\n\t<meta property=\"og:image:height\" content=\"690\" \/>\n\t<meta property=\"og:image:type\" content=\"image\/jpeg\" \/>\n<meta name=\"twitter:card\" content=\"summary_large_image\" \/>\n<meta name=\"twitter:label1\" content=\"Est. reading time\" \/>\n\t<meta name=\"twitter:data1\" content=\"1 minute\" \/>\n<script type=\"application\/ld+json\" class=\"yoast-schema-graph\">{\"@context\":\"https:\/\/schema.org\",\"@graph\":[{\"@type\":\"WebPage\",\"@id\":\"https:\/\/www.mercababel.com\/producto\/correpasillos-bebe-18m-andador-correpasillos-con-volante-y-asa-para-empujar-coche-bebe-con-cajon-guarda-objetos\/\",\"url\":\"https:\/\/www.mercababel.com\/producto\/correpasillos-bebe-18m-andador-correpasillos-con-volante-y-asa-para-empujar-coche-bebe-con-cajon-guarda-objetos\/\",\"name\":\"Correpasillos Bebe +18M | Andador Correpasillos con volante y asa para empujar | Coche bebe con caj\u00f3n guarda objetos - Merca Babel Productos de importaci\u00f3n en oferta: peque\u00f1os electrodom\u00e9sticos, electr\u00f3nica y productos de hogar\",\"isPartOf\":{\"@id\":\"https:\/\/www.mercababel.com\/#website\"},\"primaryImageOfPage\":{\"@id\":\"https:\/\/www.mercababel.com\/producto\/correpasillos-bebe-18m-andador-correpasillos-con-volante-y-asa-para-empujar-coche-bebe-con-cajon-guarda-objetos\/#primaryimage\"},\"image\":{\"@id\":\"https:\/\/www.mercababel.com\/producto\/correpasillos-bebe-18m-andador-correpasillos-con-volante-y-asa-para-empujar-coche-bebe-con-cajon-guarda-objetos\/#primaryimage\"},\"thumbnailUrl\":\"https:\/\/www.mercababel.com\/wp-content\/uploads\/2025\/04\/CORRE-001.jpg\",\"datePublished\":\"2025-04-09T17:56:23+00:00\",\"dateModified\":\"2025-04-09T17:58:19+00:00\",\"breadcrumb\":{\"@id\":\"https:\/\/www.mercababel.com\/producto\/correpasillos-bebe-18m-andador-correpasillos-con-volante-y-asa-para-empujar-coche-bebe-con-cajon-guarda-objetos\/#breadcrumb\"},\"inLanguage\":\"en-US\",\"potentialAction\":[{\"@type\":\"ReadAction\",\"target\":[\"https:\/\/www.mercababel.com\/producto\/correpasillos-bebe-18m-andador-correpasillos-con-volante-y-asa-para-empujar-coche-bebe-con-cajon-guarda-objetos\/\"]}]},{\"@type\":\"ImageObject\",\"inLanguage\":\"en-US\",\"@id\":\"https:\/\/www.mercababel.com\/producto\/correpasillos-bebe-18m-andador-correpasillos-con-volante-y-asa-para-empujar-coche-bebe-con-cajon-guarda-objetos\/#primaryimage\",\"url\":\"https:\/\/www.mercababel.com\/wp-content\/uploads\/2025\/04\/CORRE-001.jpg\",\"contentUrl\":\"https:\/\/www.mercababel.com\/wp-content\/uploads\/2025\/04\/CORRE-001.jpg\",\"width\":706,\"height\":690},{\"@type\":\"BreadcrumbList\",\"@id\":\"https:\/\/www.mercababel.com\/producto\/correpasillos-bebe-18m-andador-correpasillos-con-volante-y-asa-para-empujar-coche-bebe-con-cajon-guarda-objetos\/#breadcrumb\",\"itemListElement\":[{\"@type\":\"ListItem\",\"position\":1,\"name\":\"Portada\",\"item\":\"https:\/\/www.mercababel.com\/\"},{\"@type\":\"ListItem\",\"position\":2,\"name\":\"Shop\",\"item\":\"https:\/\/www.mercababel.com\/en\/shop\/\"},{\"@type\":\"ListItem\",\"position\":3,\"name\":\"Correpasillos Bebe +18M | Andador Correpasillos con volante y asa para empujar | Coche bebe con caj\u00f3n guarda objetos\"}]},{\"@type\":\"WebSite\",\"@id\":\"https:\/\/www.mercababel.com\/#website\",\"url\":\"https:\/\/www.mercababel.com\/\",\"name\":\"Merca Babel Productos de importaci\u00f3n en oferta: peque\u00f1os electrodom\u00e9sticos, electr\u00f3nica y productos de hogar\",\"description\":\"Productos de importaci\u00f3n en oferta\",\"potentialAction\":[{\"@type\":\"SearchAction\",\"target\":{\"@type\":\"EntryPoint\",\"urlTemplate\":\"https:\/\/www.mercababel.com\/?s={search_term_string}\"},\"query-input\":{\"@type\":\"PropertyValueSpecification\",\"valueRequired\":true,\"valueName\":\"search_term_string\"}}],\"inLanguage\":\"en-US\"}]}<\/script>\n<!-- \/ Yoast SEO plugin. -->","yoast_head_json":{"title":"Correpasillos Bebe +18M | Andador Correpasillos con volante y asa para empujar | Coche bebe con caj\u00f3n guarda objetos - Merca Babel Productos de importaci\u00f3n en oferta: peque\u00f1os electrodom\u00e9sticos, electr\u00f3nica y productos de hogar","robots":{"index":"index","follow":"follow","max-snippet":"max-snippet:-1","max-image-preview":"max-image-preview:large","max-video-preview":"max-video-preview:-1"},"canonical":"https:\/\/www.mercababel.com\/producto\/correpasillos-bebe-18m-andador-correpasillos-con-volante-y-asa-para-empujar-coche-bebe-con-cajon-guarda-objetos\/","og_locale":"en_US","og_type":"article","og_title":"Correpasillos Bebe +18M | Andador Correpasillos con volante y asa para empujar | Coche bebe con caj\u00f3n guarda objetos - Merca Babel Productos de importaci\u00f3n en oferta: peque\u00f1os electrodom\u00e9sticos, electr\u00f3nica y productos de hogar","og_description":"Caracter\u00edsticas\u00a0del\u00a0producto: \ud83d\ude97\u00a0Ideal\u00a0para\u00a0Ni\u00f1os\u00a0+18\u00a0Meses\u00a0\u2013\u00a0Dise\u00f1ado\u00a0para\u00a0los\u00a0m\u00e1s\u00a0peque\u00f1os\u00a0que\u00a0empiezan\u00a0a\u00a0desarrollar\u00a0su\u00a0equilibrio\u00a0y\u00a0coordinaci\u00f3n.\u00a0\u00a1Un\u00a0coche\u00a0de\u00a0empuje\u00a0con\u00a0estilo\u00a0que\u00a0encantar\u00e1\u00a0a\u00a0ni\u00f1os\u00a0y\u00a0mam\u00e1s!  \ud83d\udcaa\u00a0Alta\u00a0Resistencia\u00a0y\u00a0Soporte\u00a0de\u00a0maximo\u00a025kg\u00a0\u2013\u00a0Fabricado\u00a0en\u00a0material\u00a0PP\u00a0resistente\u00a0a\u00a0impactos\u00a0y\u00a0con\u00a0dise\u00f1o\u00a0de\u00a04\u00a0ruedas\u00a0para\u00a0mayor\u00a0estabilidad.\u00a0Durable\u00a0y\u00a0seguro\u00a0para\u00a0horas\u00a0de\u00a0diversi\u00f3n.  \ud83c\udfb6\u00a0Volante\u00a0con\u00a0M\u00fasica\u00a0Interactiva\u00a0\u2013\u00a0Bot\u00f3n\u00a0en\u00a0el\u00a0volante\u00a0que\u00a0reproduce\u00a0canciones\u00a0alegres,\u00a0haciendo\u00a0el\u00a0juego\u00a0a\u00fan\u00a0m\u00e1s\u00a0entretenido.\u00a0Volante\u00a0ergon\u00f3mico\u00a0f\u00e1cil\u00a0de\u00a0manejar\u00a0para\u00a0los\u00a0peque\u00f1os.  \ud83e\uddf8\u00a0Espacio\u00a0de\u00a0Almacenamiento\u00a0Oculto\u00a0\u2013\u00a0Compartimento\u00a0pr\u00e1ctico\u00a0debajo\u00a0del\u00a0asiento\u00a0para\u00a0guardar\u00a0juguetes,\u00a0botellas\u00a0o\u00a0pa\u00f1uelos.\u00a0Perfecto\u00a0para\u00a0mantener\u00a0el\u00a0orden\u00a0en\u00a0cada\u00a0paseo.  \ud83d\udd12\u00a0Dise\u00f1o\u00a0Seguro\u00a0Anti-Retroceso\u00a0\u2013\u00a0Respaldo\u00a0amplio\u00a0y\u00a0barra\u00a0de\u00a0seguridad\u00a0trasera\u00a0que\u00a0evita\u00a0vuelcos.\u00a0\u00a1Diversi\u00f3n\u00a0con\u00a0total\u00a0tranquilidad\u00a0para\u00a0los\u00a0padres!","og_url":"https:\/\/www.mercababel.com\/producto\/correpasillos-bebe-18m-andador-correpasillos-con-volante-y-asa-para-empujar-coche-bebe-con-cajon-guarda-objetos\/","og_site_name":"Merca Babel Productos de importaci\u00f3n en oferta: peque\u00f1os electrodom\u00e9sticos, electr\u00f3nica y productos de hogar","article_modified_time":"2025-04-09T17:58:19+00:00","og_image":[{"width":706,"height":690,"url":"https:\/\/www.mercababel.com\/wp-content\/uploads\/2025\/04\/CORRE-001.jpg","type":"image\/jpeg"}],"twitter_card":"summary_large_image","twitter_misc":{"Est. reading time":"1 minute"},"schema":{"@context":"https:\/\/schema.org","@graph":[{"@type":"WebPage","@id":"https:\/\/www.mercababel.com\/producto\/correpasillos-bebe-18m-andador-correpasillos-con-volante-y-asa-para-empujar-coche-bebe-con-cajon-guarda-objetos\/","url":"https:\/\/www.mercababel.com\/producto\/correpasillos-bebe-18m-andador-correpasillos-con-volante-y-asa-para-empujar-coche-bebe-con-cajon-guarda-objetos\/","name":"Correpasillos Bebe +18M | Andador Correpasillos con volante y asa para empujar | Coche bebe con caj\u00f3n guarda objetos - Merca Babel Productos de importaci\u00f3n en oferta: peque\u00f1os electrodom\u00e9sticos, electr\u00f3nica y productos de hogar","isPartOf":{"@id":"https:\/\/www.mercababel.com\/#website"},"primaryImageOfPage":{"@id":"https:\/\/www.mercababel.com\/producto\/correpasillos-bebe-18m-andador-correpasillos-con-volante-y-asa-para-empujar-coche-bebe-con-cajon-guarda-objetos\/#primaryimage"},"image":{"@id":"https:\/\/www.mercababel.com\/producto\/correpasillos-bebe-18m-andador-correpasillos-con-volante-y-asa-para-empujar-coche-bebe-con-cajon-guarda-objetos\/#primaryimage"},"thumbnailUrl":"https:\/\/www.mercababel.com\/wp-content\/uploads\/2025\/04\/CORRE-001.jpg","datePublished":"2025-04-09T17:56:23+00:00","dateModified":"2025-04-09T17:58:19+00:00","breadcrumb":{"@id":"https:\/\/www.mercababel.com\/producto\/correpasillos-bebe-18m-andador-correpasillos-con-volante-y-asa-para-empujar-coche-bebe-con-cajon-guarda-objetos\/#breadcrumb"},"inLanguage":"en-US","potentialAction":[{"@type":"ReadAction","target":["https:\/\/www.mercababel.com\/producto\/correpasillos-bebe-18m-andador-correpasillos-con-volante-y-asa-para-empujar-coche-bebe-con-cajon-guarda-objetos\/"]}]},{"@type":"ImageObject","inLanguage":"en-US","@id":"https:\/\/www.mercababel.com\/producto\/correpasillos-bebe-18m-andador-correpasillos-con-volante-y-asa-para-empujar-coche-bebe-con-cajon-guarda-objetos\/#primaryimage","url":"https:\/\/www.mercababel.com\/wp-content\/uploads\/2025\/04\/CORRE-001.jpg","contentUrl":"https:\/\/www.mercababel.com\/wp-content\/uploads\/2025\/04\/CORRE-001.jpg","width":706,"height":690},{"@type":"BreadcrumbList","@id":"https:\/\/www.mercababel.com\/producto\/correpasillos-bebe-18m-andador-correpasillos-con-volante-y-asa-para-empujar-coche-bebe-con-cajon-guarda-objetos\/#breadcrumb","itemListElement":[{"@type":"ListItem","position":1,"name":"Portada","item":"https:\/\/www.mercababel.com\/"},{"@type":"ListItem","position":2,"name":"Shop","item":"https:\/\/www.mercababel.com\/en\/shop\/"},{"@type":"ListItem","position":3,"name":"Correpasillos Bebe +18M | Andador Correpasillos con volante y asa para empujar | Coche bebe con caj\u00f3n guarda objetos"}]},{"@type":"WebSite","@id":"https:\/\/www.mercababel.com\/#website","url":"https:\/\/www.mercababel.com\/","name":"Merca Babel Productos de importaci\u00f3n en oferta: peque\u00f1os electrodom\u00e9sticos, electr\u00f3nica y productos de hogar","description":"Productos de importaci\u00f3n en oferta","potentialAction":[{"@type":"SearchAction","target":{"@type":"EntryPoint","urlTemplate":"https:\/\/www.mercababel.com\/?s={search_term_string}"},"query-input":{"@type":"PropertyValueSpecification","valueRequired":true,"valueName":"search_term_string"}}],"inLanguage":"en-US"}]}},"_links":{"self":[{"href":"https:\/\/www.mercababel.com\/en\/wp-json\/wp\/v2\/product\/15607","targetHints":{"allow":["GET"]}}],"collection":[{"href":"https:\/\/www.mercababel.com\/en\/wp-json\/wp\/v2\/product"}],"about":[{"href":"https:\/\/www.mercababel.com\/en\/wp-json\/wp\/v2\/types\/product"}],"replies":[{"embeddable":true,"href":"https:\/\/www.mercababel.com\/en\/wp-json\/wp\/v2\/comments?post=15607"}],"version-history":[{"count":1,"href":"https:\/\/www.mercababel.com\/en\/wp-json\/wp\/v2\/product\/15607\/revisions"}],"predecessor-version":[{"id":15610,"href":"https:\/\/www.mercababel.com\/en\/wp-json\/wp\/v2\/product\/15607\/revisions\/15610"}],"wp:featuredmedia":[{"embeddable":true,"href":"https:\/\/www.mercababel.com\/en\/wp-json\/wp\/v2\/media\/15608"}],"wp:attachment":[{"href":"https:\/\/www.mercababel.com\/en\/wp-json\/wp\/v2\/media?parent=15607"}],"wp:term":[{"taxonomy":"product_cat","embeddable":true,"href":"https:\/\/www.mercababel.com\/en\/wp-json\/wp\/v2\/product_cat?post=15607"},{"taxonomy":"product_tag","embeddable":true,"href":"https:\/\/www.mercababel.com\/en\/wp-json\/wp\/v2\/product_tag?post=15607"}],"curies":[{"name":"wp","href":"https:\/\/api.w.org\/{rel}","templated":true}]}}