{"id":15588,"date":"2025-04-09T12:04:08","date_gmt":"2025-04-09T12:04:08","guid":{"rendered":"https:\/\/www.mercababel.com\/?post_type=product&#038;p=15588"},"modified":"2025-04-09T17:47:43","modified_gmt":"2025-04-09T17:47:43","slug":"estanteria-de-plastico-beige-de-4-baldas-polipropileno-pp-140x60x30-cm-para-garaje-cocina-despensa-terraza-oficina-y-trastero-beige","status":"publish","type":"product","link":"https:\/\/www.mercababel.com\/en\/producto\/estanteria-de-plastico-beige-de-4-baldas-polipropileno-pp-140x60x30-cm-para-garaje-cocina-despensa-terraza-oficina-y-trastero-beige\/","title":{"rendered":"Estanter\u00eda de Pl\u00e1stico Beige de 4 Baldas, Polipropileno PP, 140x60x30 cm, para Garaje, Cocina, Despensa, Terraza, Oficina y Trastero, BEIGE"},"content":{"rendered":"<article class=\"4ever-article\" data-clipboard-cangjie=\"[&quot;root&quot;,{&quot;copyFrom&quot;:1821447655},[&quot;hr&quot;,[&quot;span&quot;,{&quot;data-type&quot;:&quot;text&quot;},[&quot;span&quot;,{&quot;data-type&quot;:&quot;leaf&quot;},&quot;&quot;]]],[&quot;h2&quot;,{&quot;jc&quot;:&quot;left&quot;,&quot;ind&quot;:{},&quot;spacing&quot;:{}},[&quot;span&quot;,{&quot;data-type&quot;:&quot;text&quot;},[&quot;span&quot;,{&quot;bold&quot;:true,&quot;sz&quot;:16,&quot;szUnit&quot;:&quot;pt&quot;,&quot;data-type&quot;:&quot;leaf&quot;},&quot;M\u00e1s informaci\u00f3n del producto&quot;]]],[&quot;p&quot;,{&quot;jc&quot;:&quot;left&quot;,&quot;ind&quot;:{},&quot;spacing&quot;:{}},[&quot;span&quot;,{&quot;data-type&quot;:&quot;text&quot;},[&quot;span&quot;,{&quot;data-type&quot;:&quot;leaf&quot;},&quot;&quot;]],[&quot;img&quot;,{&quot;src&quot;:&quot;https:\/\/fb-es.mrvcdn.com\/kf\/Eab52ae87e6be4179b35cc0c1f1c05d68o.png&quot;,&quot;style&quot;:&quot;width:300px;height:300px;display:inline;vertical-align:middle&quot;,&quot;width&quot;:300,&quot;height&quot;:300},[&quot;span&quot;,{&quot;data-type&quot;:&quot;text&quot;},[&quot;span&quot;,{&quot;data-type&quot;:&quot;leaf&quot;},&quot;&quot;]]],[&quot;span&quot;,{&quot;data-type&quot;:&quot;text&quot;},[&quot;span&quot;,{&quot;data-type&quot;:&quot;leaf&quot;},&quot;&quot;]]],[&quot;h4&quot;,{&quot;jc&quot;:&quot;left&quot;,&quot;ind&quot;:{},&quot;spacing&quot;:{}},[&quot;span&quot;,{&quot;data-type&quot;:&quot;text&quot;},[&quot;span&quot;,{&quot;color&quot;:&quot;rgb(86, 89, 89)&quot;,&quot;sz&quot;:13,&quot;szUnit&quot;:&quot;pt&quot;,&quot;data-type&quot;:&quot;leaf&quot;},&quot;Estantes multiusos&quot;]]],[&quot;p&quot;,{&quot;jc&quot;:&quot;left&quot;,&quot;ind&quot;:{},&quot;spacing&quot;:{}},[&quot;span&quot;,{&quot;data-type&quot;:&quot;text&quot;},[&quot;span&quot;,{&quot;data-type&quot;:&quot;leaf&quot;},&quot;Esta l\u00ednea es particularmente adecuada para promociones.&quot;]]],[&quot;p&quot;,{&quot;jc&quot;:&quot;left&quot;,&quot;ind&quot;:{},&quot;spacing&quot;:{}},[&quot;span&quot;,{&quot;data-type&quot;:&quot;text&quot;},[&quot;span&quot;,{&quot;data-type&quot;:&quot;leaf&quot;},&quot;El estante es simple, pero estable y pr\u00e1ctico, tiene un embalaje muy compacto y est\u00e1 acompa\u00f1ado de una ense\u00f1anza clara de montaje y uso.&quot;]]],[&quot;h4&quot;,{&quot;jc&quot;:&quot;left&quot;,&quot;ind&quot;:{},&quot;spacing&quot;:{}},[&quot;span&quot;,{&quot;data-type&quot;:&quot;text&quot;},[&quot;span&quot;,{&quot;sz&quot;:13,&quot;szUnit&quot;:&quot;pt&quot;,&quot;data-type&quot;:&quot;leaf&quot;},&quot;Caracter\u00edsticas principales&quot;]]],[&quot;p&quot;,{&quot;list&quot;:{&quot;listId&quot;:&quot;90vwdfaaomf&quot;,&quot;isOrdered&quot;:false,&quot;level&quot;:0,&quot;listStyle&quot;:{&quot;format&quot;:&quot;bullet&quot;,&quot;text&quot;:&quot;\u25cf&quot;,&quot;align&quot;:&quot;left&quot;}},&quot;jc&quot;:&quot;left&quot;,&quot;spacing&quot;:{}},[&quot;span&quot;,{&quot;data-type&quot;:&quot;text&quot;},[&quot;span&quot;,{&quot;color&quot;:&quot;rgb(15, 17, 17)&quot;,&quot;highlight&quot;:&quot;rgb(243, 243, 243)&quot;,&quot;sz&quot;:10,&quot;szUnit&quot;:&quot;pt&quot;,&quot;data-type&quot;:&quot;leaf&quot;},&quot;Cuatro referencias para diferentes composiciones&quot;]]],[&quot;p&quot;,{&quot;list&quot;:{&quot;listId&quot;:&quot;90vwdfaaomf&quot;,&quot;isOrdered&quot;:false,&quot;level&quot;:0,&quot;listStyle&quot;:{&quot;format&quot;:&quot;bullet&quot;,&quot;text&quot;:&quot;\u25cf&quot;,&quot;align&quot;:&quot;left&quot;}},&quot;jc&quot;:&quot;left&quot;,&quot;spacing&quot;:{}},[&quot;span&quot;,{&quot;data-type&quot;:&quot;text&quot;},[&quot;span&quot;,{&quot;color&quot;:&quot;rgb(15, 17, 17)&quot;,&quot;highlight&quot;:&quot;rgb(243, 243, 243)&quot;,&quot;sz&quot;:10,&quot;szUnit&quot;:&quot;pt&quot;,&quot;data-type&quot;:&quot;leaf&quot;},&quot;Productos de polipropileno, material a prueba de golpes, resistente al fr\u00edo, a la intemperie, aceites y solventes&quot;]]],[&quot;p&quot;,{&quot;list&quot;:{&quot;listId&quot;:&quot;90vwdfaaomf&quot;,&quot;isOrdered&quot;:false,&quot;level&quot;:0,&quot;listStyle&quot;:{&quot;format&quot;:&quot;bullet&quot;,&quot;text&quot;:&quot;\u25cf&quot;,&quot;align&quot;:&quot;left&quot;}},&quot;jc&quot;:&quot;left&quot;,&quot;spacing&quot;:{}},[&quot;span&quot;,{&quot;data-type&quot;:&quot;text&quot;},[&quot;span&quot;,{&quot;color&quot;:&quot;rgb(15, 17, 17)&quot;,&quot;highlight&quot;:&quot;rgb(243, 243, 243)&quot;,&quot;sz&quot;:10,&quot;szUnit&quot;:&quot;pt&quot;,&quot;data-type&quot;:&quot;leaf&quot;},&quot;Lavables, no absorben los olores y no retienen la humedad&quot;]]],[&quot;p&quot;,{&quot;list&quot;:{&quot;listId&quot;:&quot;90vwdfaaomf&quot;,&quot;isOrdered&quot;:false,&quot;level&quot;:0,&quot;listStyle&quot;:{&quot;format&quot;:&quot;bullet&quot;,&quot;text&quot;:&quot;\u25cf&quot;,&quot;align&quot;:&quot;left&quot;}},&quot;jc&quot;:&quot;left&quot;,&quot;spacing&quot;:{}},[&quot;span&quot;,{&quot;data-type&quot;:&quot;text&quot;},[&quot;span&quot;,{&quot;color&quot;:&quot;rgb(15, 17, 17)&quot;,&quot;highlight&quot;:&quot;rgb(243, 243, 243)&quot;,&quot;sz&quot;:10,&quot;szUnit&quot;:&quot;pt&quot;,&quot;data-type&quot;:&quot;leaf&quot;},&quot;Montaje muy simple y r\u00e1pido, sin el uso de herramientas&quot;]]],[&quot;p&quot;,{&quot;list&quot;:{&quot;listId&quot;:&quot;90vwdfaaomf&quot;,&quot;isOrdered&quot;:false,&quot;level&quot;:0,&quot;listStyle&quot;:{&quot;format&quot;:&quot;bullet&quot;,&quot;text&quot;:&quot;\u25cf&quot;,&quot;align&quot;:&quot;left&quot;}},&quot;jc&quot;:&quot;left&quot;,&quot;spacing&quot;:{}},[&quot;span&quot;,{&quot;data-type&quot;:&quot;text&quot;},[&quot;span&quot;,{&quot;color&quot;:&quot;rgb(15, 17, 17)&quot;,&quot;highlight&quot;:&quot;rgb(243, 243, 243)&quot;,&quot;sz&quot;:10,&quot;szUnit&quot;:&quot;pt&quot;,&quot;data-type&quot;:&quot;leaf&quot;},&quot;Con predisposici\u00f3n para el montaje en la pared&quot;]]],[&quot;p&quot;,{&quot;jc&quot;:&quot;left&quot;,&quot;ind&quot;:{},&quot;spacing&quot;:{}},[&quot;span&quot;,{&quot;data-type&quot;:&quot;text&quot;},[&quot;span&quot;,{&quot;data-type&quot;:&quot;leaf&quot;},&quot;&quot;]]],[&quot;h3&quot;,{&quot;jc&quot;:&quot;left&quot;,&quot;ind&quot;:{},&quot;spacing&quot;:{}},[&quot;span&quot;,{&quot;data-type&quot;:&quot;text&quot;},[&quot;span&quot;,{&quot;bold&quot;:true,&quot;sz&quot;:13,&quot;szUnit&quot;:&quot;pt&quot;,&quot;data-type&quot;:&quot;leaf&quot;},&quot;Instrucciones de montaje&quot;]]],[&quot;p&quot;,{&quot;jc&quot;:&quot;center&quot;,&quot;ind&quot;:{},&quot;spacing&quot;:{}},[&quot;span&quot;,{&quot;data-type&quot;:&quot;text&quot;},[&quot;span&quot;,{&quot;data-type&quot;:&quot;leaf&quot;},&quot;&quot;]],[&quot;img&quot;,{&quot;src&quot;:&quot;https:\/\/fb-es.mrvcdn.com\/kf\/E85e835dfa29b44c39cbab038f6b6197a4.png&quot;,&quot;style&quot;:&quot;width:300px;height:300px;display:inline;vertical-align:middle&quot;,&quot;width&quot;:300,&quot;height&quot;:300},[&quot;span&quot;,{&quot;data-type&quot;:&quot;text&quot;},[&quot;span&quot;,{&quot;data-type&quot;:&quot;leaf&quot;},&quot;&quot;]]],[&quot;span&quot;,{&quot;data-type&quot;:&quot;text&quot;},[&quot;span&quot;,{&quot;data-type&quot;:&quot;leaf&quot;},&quot;&quot;]]],[&quot;p&quot;,{&quot;jc&quot;:&quot;center&quot;,&quot;ind&quot;:{},&quot;spacing&quot;:{}},[&quot;span&quot;,{&quot;data-type&quot;:&quot;text&quot;},[&quot;span&quot;,{&quot;data-type&quot;:&quot;leaf&quot;},&quot;&quot;]],[&quot;img&quot;,{&quot;src&quot;:&quot;https:\/\/fb-es.mrvcdn.com\/kf\/E8dacd49bcda54e428a2efa70ef1a86e1Q.png&quot;,&quot;style&quot;:&quot;width:300px;height:300px;display:inline;vertical-align:middle&quot;,&quot;width&quot;:300,&quot;height&quot;:300},[&quot;span&quot;,{&quot;data-type&quot;:&quot;text&quot;},[&quot;span&quot;,{&quot;data-type&quot;:&quot;leaf&quot;},&quot;&quot;]]],[&quot;span&quot;,{&quot;data-type&quot;:&quot;text&quot;},[&quot;span&quot;,{&quot;data-type&quot;:&quot;leaf&quot;},&quot;&quot;]]],[&quot;p&quot;,{&quot;jc&quot;:&quot;left&quot;,&quot;ind&quot;:{},&quot;spacing&quot;:{}},[&quot;span&quot;,{&quot;data-type&quot;:&quot;text&quot;},[&quot;span&quot;,{&quot;data-type&quot;:&quot;leaf&quot;},&quot;&quot;]]]]\">\n<div class=\"sc-YysOf bYIVGr\">\n<hr class=\"sc-ePDLzJ jipNhx\" \/>\n<\/div>\n<h2>M\u00e1s\u00a0informaci\u00f3n\u00a0del\u00a0producto<\/h2>\n<h4>Estantes\u00a0multiusos<\/h4>\n<p>Esta\u00a0l\u00ednea\u00a0es\u00a0particularmente\u00a0adecuada\u00a0para\u00a0promociones.<\/p>\n<p>El\u00a0estante\u00a0es\u00a0simple,\u00a0pero\u00a0estable\u00a0y\u00a0pr\u00e1ctico,\u00a0tiene\u00a0un\u00a0embalaje\u00a0muy\u00a0compacto\u00a0y\u00a0est\u00e1\u00a0acompa\u00f1ado\u00a0de\u00a0una\u00a0ense\u00f1anza\u00a0clara\u00a0de\u00a0montaje\u00a0y\u00a0uso.<\/p>\n<p>&nbsp;<\/p>\n<h3>Instrucciones\u00a0de\u00a0montaje<\/h3>\n<p><img decoding=\"async\" src=\"https:\/\/fb-es.mrvcdn.com\/kf\/E85e835dfa29b44c39cbab038f6b6197a4.png\" \/><\/p>\n<p><img decoding=\"async\" src=\"https:\/\/fb-es.mrvcdn.com\/kf\/E8dacd49bcda54e428a2efa70ef1a86e1Q.png\" \/><\/p>\n<p>&nbsp;<\/p>\n<\/article>\n","protected":false},"excerpt":{"rendered":"<h4>Caracter\u00edsticas\u00a0principales<\/h4>\n<ul>\n<li>\n<div>Cuatro\u00a0referencias\u00a0para\u00a0diferentes\u00a0composiciones<\/div>\n<\/li>\n<li>\n<div>Productos\u00a0de\u00a0polipropileno,\u00a0material\u00a0a\u00a0prueba\u00a0de\u00a0golpes,\u00a0resistente\u00a0al\u00a0fr\u00edo,\u00a0a\u00a0la\u00a0intemperie,\u00a0aceites\u00a0y\u00a0solventes<\/div>\n<\/li>\n<li>\n<div>Lavables,\u00a0no\u00a0absorben\u00a0los\u00a0olores\u00a0y\u00a0no\u00a0retienen\u00a0la\u00a0humedad<\/div>\n<\/li>\n<li>\n<div>Montaje\u00a0muy\u00a0simple\u00a0y\u00a0r\u00e1pido,\u00a0sin\u00a0el\u00a0uso\u00a0de\u00a0herramientas<\/div>\n<\/li>\n<li>\n<div>Con\u00a0predisposici\u00f3n\u00a0para\u00a0el\u00a0montaje\u00a0en\u00a0la\u00a0pared<\/div>\n<\/li>\n<\/ul>\n","protected":false},"featured_media":15593,"comment_status":"closed","ping_status":"closed","template":"","meta":[],"product_cat":[373,385],"product_tag":[798,793,774,429],"class_list":{"0":"post-15588","1":"product","2":"type-product","3":"status-publish","4":"has-post-thumbnail","6":"product_cat-hogar","7":"product_cat-ordenaciones","8":"product_tag-estanteria","9":"product_tag-multiusos","10":"product_tag-ordenacion","11":"product_tag-plastico","12":"product_brand-generico","14":"first","15":"instock","16":"sale","17":"shipping-taxable","18":"purchasable","19":"product-type-variable","20":"rtwpvs-product"},"yoast_head":"<!-- This site is optimized with the Yoast SEO plugin v23.5 - https:\/\/yoast.com\/wordpress\/plugins\/seo\/ -->\n<title>Estanter\u00eda de Pl\u00e1stico Beige de 4 Baldas, Polipropileno PP, 140x60x30 cm, para Garaje, Cocina, Despensa, Terraza, Oficina y Trastero, BEIGE - Merca Babel Productos de importaci\u00f3n en oferta: peque\u00f1os electrodom\u00e9sticos, electr\u00f3nica y productos de hogar<\/title>\n<meta name=\"robots\" content=\"index, follow, max-snippet:-1, max-image-preview:large, max-video-preview:-1\" \/>\n<link rel=\"canonical\" href=\"https:\/\/www.mercababel.com\/producto\/estanteria-de-plastico-beige-de-4-baldas-polipropileno-pp-140x60x30-cm-para-garaje-cocina-despensa-terraza-oficina-y-trastero-beige\/\" \/>\n<meta property=\"og:locale\" content=\"en_US\" \/>\n<meta property=\"og:type\" content=\"article\" \/>\n<meta property=\"og:title\" content=\"Estanter\u00eda de Pl\u00e1stico Beige de 4 Baldas, Polipropileno PP, 140x60x30 cm, para Garaje, Cocina, Despensa, Terraza, Oficina y Trastero, BEIGE - Merca Babel Productos de importaci\u00f3n en oferta: peque\u00f1os electrodom\u00e9sticos, electr\u00f3nica y productos de hogar\" \/>\n<meta property=\"og:description\" content=\"Caracter\u00edsticas\u00a0principales    Cuatro\u00a0referencias\u00a0para\u00a0diferentes\u00a0composiciones   Productos\u00a0de\u00a0polipropileno,\u00a0material\u00a0a\u00a0prueba\u00a0de\u00a0golpes,\u00a0resistente\u00a0al\u00a0fr\u00edo,\u00a0a\u00a0la\u00a0intemperie,\u00a0aceites\u00a0y\u00a0solventes   Lavables,\u00a0no\u00a0absorben\u00a0los\u00a0olores\u00a0y\u00a0no\u00a0retienen\u00a0la\u00a0humedad   Montaje\u00a0muy\u00a0simple\u00a0y\u00a0r\u00e1pido,\u00a0sin\u00a0el\u00a0uso\u00a0de\u00a0herramientas   Con\u00a0predisposici\u00f3n\u00a0para\u00a0el\u00a0montaje\u00a0en\u00a0la\u00a0pared\" \/>\n<meta property=\"og:url\" content=\"https:\/\/www.mercababel.com\/producto\/estanteria-de-plastico-beige-de-4-baldas-polipropileno-pp-140x60x30-cm-para-garaje-cocina-despensa-terraza-oficina-y-trastero-beige\/\" \/>\n<meta property=\"og:site_name\" content=\"Merca Babel Productos de importaci\u00f3n en oferta: peque\u00f1os electrodom\u00e9sticos, electr\u00f3nica y productos de hogar\" \/>\n<meta property=\"article:modified_time\" content=\"2025-04-09T17:47:43+00:00\" \/>\n<meta property=\"og:image\" content=\"https:\/\/www.mercababel.com\/wp-content\/uploads\/2025\/04\/REPTDOT-001.jpg\" \/>\n\t<meta property=\"og:image:width\" content=\"771\" \/>\n\t<meta property=\"og:image:height\" content=\"1487\" \/>\n\t<meta property=\"og:image:type\" content=\"image\/jpeg\" \/>\n<meta name=\"twitter:card\" content=\"summary_large_image\" \/>\n<meta name=\"twitter:label1\" content=\"Est. reading time\" \/>\n\t<meta name=\"twitter:data1\" content=\"1 minute\" \/>\n<script type=\"application\/ld+json\" class=\"yoast-schema-graph\">{\"@context\":\"https:\/\/schema.org\",\"@graph\":[{\"@type\":\"WebPage\",\"@id\":\"https:\/\/www.mercababel.com\/producto\/estanteria-de-plastico-beige-de-4-baldas-polipropileno-pp-140x60x30-cm-para-garaje-cocina-despensa-terraza-oficina-y-trastero-beige\/\",\"url\":\"https:\/\/www.mercababel.com\/producto\/estanteria-de-plastico-beige-de-4-baldas-polipropileno-pp-140x60x30-cm-para-garaje-cocina-despensa-terraza-oficina-y-trastero-beige\/\",\"name\":\"Estanter\u00eda de Pl\u00e1stico Beige de 4 Baldas, Polipropileno PP, 140x60x30 cm, para Garaje, Cocina, Despensa, Terraza, Oficina y Trastero, BEIGE - Merca Babel Productos de importaci\u00f3n en oferta: peque\u00f1os electrodom\u00e9sticos, electr\u00f3nica y productos de hogar\",\"isPartOf\":{\"@id\":\"https:\/\/www.mercababel.com\/#website\"},\"primaryImageOfPage\":{\"@id\":\"https:\/\/www.mercababel.com\/producto\/estanteria-de-plastico-beige-de-4-baldas-polipropileno-pp-140x60x30-cm-para-garaje-cocina-despensa-terraza-oficina-y-trastero-beige\/#primaryimage\"},\"image\":{\"@id\":\"https:\/\/www.mercababel.com\/producto\/estanteria-de-plastico-beige-de-4-baldas-polipropileno-pp-140x60x30-cm-para-garaje-cocina-despensa-terraza-oficina-y-trastero-beige\/#primaryimage\"},\"thumbnailUrl\":\"https:\/\/www.mercababel.com\/wp-content\/uploads\/2025\/04\/REPTDOT-001.jpg\",\"datePublished\":\"2025-04-09T12:04:08+00:00\",\"dateModified\":\"2025-04-09T17:47:43+00:00\",\"breadcrumb\":{\"@id\":\"https:\/\/www.mercababel.com\/producto\/estanteria-de-plastico-beige-de-4-baldas-polipropileno-pp-140x60x30-cm-para-garaje-cocina-despensa-terraza-oficina-y-trastero-beige\/#breadcrumb\"},\"inLanguage\":\"en-US\",\"potentialAction\":[{\"@type\":\"ReadAction\",\"target\":[\"https:\/\/www.mercababel.com\/producto\/estanteria-de-plastico-beige-de-4-baldas-polipropileno-pp-140x60x30-cm-para-garaje-cocina-despensa-terraza-oficina-y-trastero-beige\/\"]}]},{\"@type\":\"ImageObject\",\"inLanguage\":\"en-US\",\"@id\":\"https:\/\/www.mercababel.com\/producto\/estanteria-de-plastico-beige-de-4-baldas-polipropileno-pp-140x60x30-cm-para-garaje-cocina-despensa-terraza-oficina-y-trastero-beige\/#primaryimage\",\"url\":\"https:\/\/www.mercababel.com\/wp-content\/uploads\/2025\/04\/REPTDOT-001.jpg\",\"contentUrl\":\"https:\/\/www.mercababel.com\/wp-content\/uploads\/2025\/04\/REPTDOT-001.jpg\",\"width\":771,\"height\":1487},{\"@type\":\"BreadcrumbList\",\"@id\":\"https:\/\/www.mercababel.com\/producto\/estanteria-de-plastico-beige-de-4-baldas-polipropileno-pp-140x60x30-cm-para-garaje-cocina-despensa-terraza-oficina-y-trastero-beige\/#breadcrumb\",\"itemListElement\":[{\"@type\":\"ListItem\",\"position\":1,\"name\":\"Portada\",\"item\":\"https:\/\/www.mercababel.com\/\"},{\"@type\":\"ListItem\",\"position\":2,\"name\":\"Shop\",\"item\":\"https:\/\/www.mercababel.com\/en\/shop\/\"},{\"@type\":\"ListItem\",\"position\":3,\"name\":\"Estanter\u00eda de Pl\u00e1stico Beige de 4 Baldas, Polipropileno PP, 140x60x30 cm, para Garaje, Cocina, Despensa, Terraza, Oficina y Trastero, BEIGE\"}]},{\"@type\":\"WebSite\",\"@id\":\"https:\/\/www.mercababel.com\/#website\",\"url\":\"https:\/\/www.mercababel.com\/\",\"name\":\"Merca Babel Productos de importaci\u00f3n en oferta: peque\u00f1os electrodom\u00e9sticos, electr\u00f3nica y productos de hogar\",\"description\":\"Productos de importaci\u00f3n en oferta\",\"potentialAction\":[{\"@type\":\"SearchAction\",\"target\":{\"@type\":\"EntryPoint\",\"urlTemplate\":\"https:\/\/www.mercababel.com\/?s={search_term_string}\"},\"query-input\":{\"@type\":\"PropertyValueSpecification\",\"valueRequired\":true,\"valueName\":\"search_term_string\"}}],\"inLanguage\":\"en-US\"}]}<\/script>\n<!-- \/ Yoast SEO plugin. -->","yoast_head_json":{"title":"Estanter\u00eda de Pl\u00e1stico Beige de 4 Baldas, Polipropileno PP, 140x60x30 cm, para Garaje, Cocina, Despensa, Terraza, Oficina y Trastero, BEIGE - Merca Babel Productos de importaci\u00f3n en oferta: peque\u00f1os electrodom\u00e9sticos, electr\u00f3nica y productos de hogar","robots":{"index":"index","follow":"follow","max-snippet":"max-snippet:-1","max-image-preview":"max-image-preview:large","max-video-preview":"max-video-preview:-1"},"canonical":"https:\/\/www.mercababel.com\/producto\/estanteria-de-plastico-beige-de-4-baldas-polipropileno-pp-140x60x30-cm-para-garaje-cocina-despensa-terraza-oficina-y-trastero-beige\/","og_locale":"en_US","og_type":"article","og_title":"Estanter\u00eda de Pl\u00e1stico Beige de 4 Baldas, Polipropileno PP, 140x60x30 cm, para Garaje, Cocina, Despensa, Terraza, Oficina y Trastero, BEIGE - Merca Babel Productos de importaci\u00f3n en oferta: peque\u00f1os electrodom\u00e9sticos, electr\u00f3nica y productos de hogar","og_description":"Caracter\u00edsticas\u00a0principales    Cuatro\u00a0referencias\u00a0para\u00a0diferentes\u00a0composiciones   Productos\u00a0de\u00a0polipropileno,\u00a0material\u00a0a\u00a0prueba\u00a0de\u00a0golpes,\u00a0resistente\u00a0al\u00a0fr\u00edo,\u00a0a\u00a0la\u00a0intemperie,\u00a0aceites\u00a0y\u00a0solventes   Lavables,\u00a0no\u00a0absorben\u00a0los\u00a0olores\u00a0y\u00a0no\u00a0retienen\u00a0la\u00a0humedad   Montaje\u00a0muy\u00a0simple\u00a0y\u00a0r\u00e1pido,\u00a0sin\u00a0el\u00a0uso\u00a0de\u00a0herramientas   Con\u00a0predisposici\u00f3n\u00a0para\u00a0el\u00a0montaje\u00a0en\u00a0la\u00a0pared","og_url":"https:\/\/www.mercababel.com\/producto\/estanteria-de-plastico-beige-de-4-baldas-polipropileno-pp-140x60x30-cm-para-garaje-cocina-despensa-terraza-oficina-y-trastero-beige\/","og_site_name":"Merca Babel Productos de importaci\u00f3n en oferta: peque\u00f1os electrodom\u00e9sticos, electr\u00f3nica y productos de hogar","article_modified_time":"2025-04-09T17:47:43+00:00","og_image":[{"width":771,"height":1487,"url":"https:\/\/www.mercababel.com\/wp-content\/uploads\/2025\/04\/REPTDOT-001.jpg","type":"image\/jpeg"}],"twitter_card":"summary_large_image","twitter_misc":{"Est. reading time":"1 minute"},"schema":{"@context":"https:\/\/schema.org","@graph":[{"@type":"WebPage","@id":"https:\/\/www.mercababel.com\/producto\/estanteria-de-plastico-beige-de-4-baldas-polipropileno-pp-140x60x30-cm-para-garaje-cocina-despensa-terraza-oficina-y-trastero-beige\/","url":"https:\/\/www.mercababel.com\/producto\/estanteria-de-plastico-beige-de-4-baldas-polipropileno-pp-140x60x30-cm-para-garaje-cocina-despensa-terraza-oficina-y-trastero-beige\/","name":"Estanter\u00eda de Pl\u00e1stico Beige de 4 Baldas, Polipropileno PP, 140x60x30 cm, para Garaje, Cocina, Despensa, Terraza, Oficina y Trastero, BEIGE - Merca Babel Productos de importaci\u00f3n en oferta: peque\u00f1os electrodom\u00e9sticos, electr\u00f3nica y productos de hogar","isPartOf":{"@id":"https:\/\/www.mercababel.com\/#website"},"primaryImageOfPage":{"@id":"https:\/\/www.mercababel.com\/producto\/estanteria-de-plastico-beige-de-4-baldas-polipropileno-pp-140x60x30-cm-para-garaje-cocina-despensa-terraza-oficina-y-trastero-beige\/#primaryimage"},"image":{"@id":"https:\/\/www.mercababel.com\/producto\/estanteria-de-plastico-beige-de-4-baldas-polipropileno-pp-140x60x30-cm-para-garaje-cocina-despensa-terraza-oficina-y-trastero-beige\/#primaryimage"},"thumbnailUrl":"https:\/\/www.mercababel.com\/wp-content\/uploads\/2025\/04\/REPTDOT-001.jpg","datePublished":"2025-04-09T12:04:08+00:00","dateModified":"2025-04-09T17:47:43+00:00","breadcrumb":{"@id":"https:\/\/www.mercababel.com\/producto\/estanteria-de-plastico-beige-de-4-baldas-polipropileno-pp-140x60x30-cm-para-garaje-cocina-despensa-terraza-oficina-y-trastero-beige\/#breadcrumb"},"inLanguage":"en-US","potentialAction":[{"@type":"ReadAction","target":["https:\/\/www.mercababel.com\/producto\/estanteria-de-plastico-beige-de-4-baldas-polipropileno-pp-140x60x30-cm-para-garaje-cocina-despensa-terraza-oficina-y-trastero-beige\/"]}]},{"@type":"ImageObject","inLanguage":"en-US","@id":"https:\/\/www.mercababel.com\/producto\/estanteria-de-plastico-beige-de-4-baldas-polipropileno-pp-140x60x30-cm-para-garaje-cocina-despensa-terraza-oficina-y-trastero-beige\/#primaryimage","url":"https:\/\/www.mercababel.com\/wp-content\/uploads\/2025\/04\/REPTDOT-001.jpg","contentUrl":"https:\/\/www.mercababel.com\/wp-content\/uploads\/2025\/04\/REPTDOT-001.jpg","width":771,"height":1487},{"@type":"BreadcrumbList","@id":"https:\/\/www.mercababel.com\/producto\/estanteria-de-plastico-beige-de-4-baldas-polipropileno-pp-140x60x30-cm-para-garaje-cocina-despensa-terraza-oficina-y-trastero-beige\/#breadcrumb","itemListElement":[{"@type":"ListItem","position":1,"name":"Portada","item":"https:\/\/www.mercababel.com\/"},{"@type":"ListItem","position":2,"name":"Shop","item":"https:\/\/www.mercababel.com\/en\/shop\/"},{"@type":"ListItem","position":3,"name":"Estanter\u00eda de Pl\u00e1stico Beige de 4 Baldas, Polipropileno PP, 140x60x30 cm, para Garaje, Cocina, Despensa, Terraza, Oficina y Trastero, BEIGE"}]},{"@type":"WebSite","@id":"https:\/\/www.mercababel.com\/#website","url":"https:\/\/www.mercababel.com\/","name":"Merca Babel Productos de importaci\u00f3n en oferta: peque\u00f1os electrodom\u00e9sticos, electr\u00f3nica y productos de hogar","description":"Productos de importaci\u00f3n en oferta","potentialAction":[{"@type":"SearchAction","target":{"@type":"EntryPoint","urlTemplate":"https:\/\/www.mercababel.com\/?s={search_term_string}"},"query-input":{"@type":"PropertyValueSpecification","valueRequired":true,"valueName":"search_term_string"}}],"inLanguage":"en-US"}]}},"_links":{"self":[{"href":"https:\/\/www.mercababel.com\/en\/wp-json\/wp\/v2\/product\/15588","targetHints":{"allow":["GET"]}}],"collection":[{"href":"https:\/\/www.mercababel.com\/en\/wp-json\/wp\/v2\/product"}],"about":[{"href":"https:\/\/www.mercababel.com\/en\/wp-json\/wp\/v2\/types\/product"}],"replies":[{"embeddable":true,"href":"https:\/\/www.mercababel.com\/en\/wp-json\/wp\/v2\/comments?post=15588"}],"version-history":[{"count":3,"href":"https:\/\/www.mercababel.com\/en\/wp-json\/wp\/v2\/product\/15588\/revisions"}],"predecessor-version":[{"id":15601,"href":"https:\/\/www.mercababel.com\/en\/wp-json\/wp\/v2\/product\/15588\/revisions\/15601"}],"wp:featuredmedia":[{"embeddable":true,"href":"https:\/\/www.mercababel.com\/en\/wp-json\/wp\/v2\/media\/15593"}],"wp:attachment":[{"href":"https:\/\/www.mercababel.com\/en\/wp-json\/wp\/v2\/media?parent=15588"}],"wp:term":[{"taxonomy":"product_cat","embeddable":true,"href":"https:\/\/www.mercababel.com\/en\/wp-json\/wp\/v2\/product_cat?post=15588"},{"taxonomy":"product_tag","embeddable":true,"href":"https:\/\/www.mercababel.com\/en\/wp-json\/wp\/v2\/product_tag?post=15588"}],"curies":[{"name":"wp","href":"https:\/\/api.w.org\/{rel}","templated":true}]}}