{"id":15150,"date":"2025-03-31T16:45:55","date_gmt":"2025-03-31T16:45:55","guid":{"rendered":"https:\/\/www.mercababel.com\/?post_type=product&#038;p=15150"},"modified":"2025-03-31T16:45:56","modified_gmt":"2025-03-31T16:45:56","slug":"jarra-termica-de-acero-inoxidable-1l%ef%bc%8c-termo-para-liquido-termo-de-agua-caliente-recipiente-grande-para-mantener-agua-caliente-cafe-te-etc","status":"publish","type":"product","link":"https:\/\/www.mercababel.com\/en\/producto\/jarra-termica-de-acero-inoxidable-1l%ef%bc%8c-termo-para-liquido-termo-de-agua-caliente-recipiente-grande-para-mantener-agua-caliente-cafe-te-etc\/","title":{"rendered":"Jarra t\u00e9rmica de Acero Inoxidable (1L)\uff0c Termo para L\u00edquido, Termo de Agua Caliente. Recipiente Grande para Mantener Agua Caliente, Caf\u00e9, Te, Etc"},"content":{"rendered":"<article class=\"4ever-article\" data-clipboard-cangjie=\"[&quot;root&quot;,{&quot;copyFrom&quot;:1821447655},[&quot;p&quot;,{&quot;jc&quot;:&quot;left&quot;,&quot;ind&quot;:{},&quot;spacing&quot;:{}},[&quot;span&quot;,{&quot;data-type&quot;:&quot;text&quot;},[&quot;span&quot;,{&quot;data-type&quot;:&quot;leaf&quot;},&quot;&quot;]],[&quot;img&quot;,{&quot;src&quot;:&quot;https:\/\/my-live-01.slatic.net\/p\/7e87d036c0ed0d9b9ea9792f84c59a65.jpg&quot;,&quot;style&quot;:&quot;width:526px;height:526px;display:inline;vertical-align:middle&quot;,&quot;width&quot;:526,&quot;height&quot;:526},[&quot;span&quot;,{&quot;data-type&quot;:&quot;text&quot;},[&quot;span&quot;,{&quot;data-type&quot;:&quot;leaf&quot;},&quot;&quot;]]],[&quot;span&quot;,{&quot;data-type&quot;:&quot;text&quot;},[&quot;span&quot;,{&quot;data-type&quot;:&quot;leaf&quot;},&quot;&quot;]]],[&quot;p&quot;,{&quot;jc&quot;:&quot;left&quot;,&quot;ind&quot;:{},&quot;spacing&quot;:{}},[&quot;span&quot;,{&quot;data-type&quot;:&quot;text&quot;},[&quot;span&quot;,{&quot;color&quot;:&quot;rgb(55, 65, 81)&quot;,&quot;highlight&quot;:&quot;rgb(247, 247, 248)&quot;,&quot;sz&quot;:12,&quot;szUnit&quot;:&quot;pt&quot;,&quot;data-type&quot;:&quot;leaf&quot;},&quot;Disfruta de un excelente rendimiento t\u00e9rmico con nuestro termo de acero inoxidable. Fabricado con acero inoxidable 18\/8 de calidad premium y con un aislamiento al vac\u00edo de doble pared, esta botella isot\u00e9rmica mantiene la temperatura del l\u00edquido durante 8 horas si est\u00e1 caliente y hasta 16 horas si est\u00e1 fr\u00edo. Adem\u00e1s, es una opci\u00f3n segura, ya que no contiene BPA ni otras sustancias qu\u00edmicas nocivas. El ancho de apertura de la botella termo permite agregar cubitos de hielo para mantener tus bebidas frescas.&quot;]]],[&quot;p&quot;,{&quot;jc&quot;:&quot;left&quot;,&quot;ind&quot;:{},&quot;spacing&quot;:{}},[&quot;span&quot;,{&quot;data-type&quot;:&quot;text&quot;},[&quot;span&quot;,{&quot;data-type&quot;:&quot;leaf&quot;},&quot;&quot;]]],[&quot;p&quot;,{&quot;jc&quot;:&quot;left&quot;,&quot;ind&quot;:{},&quot;spacing&quot;:{}},[&quot;span&quot;,{&quot;data-type&quot;:&quot;text&quot;},[&quot;span&quot;,{&quot;color&quot;:&quot;rgb(55, 65, 81)&quot;,&quot;highlight&quot;:&quot;rgb(247, 247, 248)&quot;,&quot;sz&quot;:12,&quot;szUnit&quot;:&quot;pt&quot;,&quot;data-type&quot;:&quot;leaf&quot;},&quot;Nuestro dise\u00f1o cuenta con un eficaz sistema antigoteo, asegurando que el tap\u00f3n evite cualquier derrame, incluso en carreteras con baches. Con su exterior sin pintura, el color natural del acero inoxidable permanece visible, evitando el desconchado y asegurando su durabilidad a lo largo del tiempo.&quot;]]],[&quot;p&quot;,{&quot;jc&quot;:&quot;left&quot;,&quot;ind&quot;:{},&quot;spacing&quot;:{}},[&quot;span&quot;,{&quot;data-type&quot;:&quot;text&quot;},[&quot;span&quot;,{&quot;data-type&quot;:&quot;leaf&quot;},&quot;&quot;]]],[&quot;p&quot;,{&quot;jc&quot;:&quot;left&quot;,&quot;ind&quot;:{},&quot;spacing&quot;:{}},[&quot;span&quot;,{&quot;data-type&quot;:&quot;text&quot;},[&quot;span&quot;,{&quot;color&quot;:&quot;rgb(55, 65, 81)&quot;,&quot;highlight&quot;:&quot;rgb(247, 247, 248)&quot;,&quot;sz&quot;:12,&quot;szUnit&quot;:&quot;pt&quot;,&quot;data-type&quot;:&quot;leaf&quot;},&quot;La botella termica presenta un dise\u00f1o cl\u00e1sico y f\u00e1cil de llevar. Su tama\u00f1o es compatible con la mayor\u00eda de los portavasos de coche, lo que te permite disfrutar c\u00f3modamente de tus bebidas favoritas en cualquier lugar: en el trabajo, en clase, de viaje, de camping o en la playa. Ya sea agua, caf\u00e9, t\u00e9, leche, zumo y mucho m\u00e1s, esta botella termo es la elecci\u00f3n perfecta.&quot;]]],[&quot;p&quot;,{&quot;jc&quot;:&quot;left&quot;,&quot;ind&quot;:{},&quot;spacing&quot;:{}},[&quot;span&quot;,{&quot;data-type&quot;:&quot;text&quot;},[&quot;span&quot;,{&quot;data-type&quot;:&quot;leaf&quot;},&quot;&quot;]]],[&quot;p&quot;,{&quot;jc&quot;:&quot;left&quot;,&quot;ind&quot;:{},&quot;spacing&quot;:{}},[&quot;span&quot;,{&quot;data-type&quot;:&quot;text&quot;},[&quot;span&quot;,{&quot;data-type&quot;:&quot;leaf&quot;},&quot;&quot;]],[&quot;img&quot;,{&quot;src&quot;:&quot;https:\/\/my-live-01.slatic.net\/p\/f241c1a888ee25af92910f09fc83faf8.jpg&quot;,&quot;style&quot;:&quot;width:800px;height:800px;display:inline;vertical-align:middle&quot;,&quot;width&quot;:800,&quot;height&quot;:800},[&quot;span&quot;,{&quot;data-type&quot;:&quot;text&quot;},[&quot;span&quot;,{&quot;data-type&quot;:&quot;leaf&quot;},&quot;&quot;]]],[&quot;span&quot;,{&quot;data-type&quot;:&quot;text&quot;},[&quot;span&quot;,{&quot;data-type&quot;:&quot;leaf&quot;},&quot;&quot;]]],[&quot;p&quot;,{&quot;jc&quot;:&quot;left&quot;,&quot;ind&quot;:{},&quot;spacing&quot;:{}},[&quot;span&quot;,{&quot;data-type&quot;:&quot;text&quot;},[&quot;span&quot;,{&quot;color&quot;:&quot;rgb(55, 65, 81)&quot;,&quot;highlight&quot;:&quot;rgb(247, 247, 248)&quot;,&quot;sz&quot;:12,&quot;szUnit&quot;:&quot;pt&quot;,&quot;data-type&quot;:&quot;leaf&quot;},&quot;Consejos:&quot;]]],[&quot;p&quot;,{&quot;jc&quot;:&quot;left&quot;,&quot;ind&quot;:{},&quot;spacing&quot;:{}},[&quot;span&quot;,{&quot;data-type&quot;:&quot;text&quot;},[&quot;span&quot;,{&quot;color&quot;:&quot;rgb(55, 65, 81)&quot;,&quot;highlight&quot;:&quot;rgb(247, 247, 248)&quot;,&quot;sz&quot;:12,&quot;szUnit&quot;:&quot;pt&quot;,&quot;data-type&quot;:&quot;leaf&quot;},&quot;Se recomienda lavar la botella a mano utilizando el cepillo de limpieza incluido para mantener su rendimiento \u00f3ptimo. Al principio, es posible que la botella tenga un olor, pero no te preocupes, es totalmente seguro. L\u00e1vala bien antes de usarla (remojar hojas de t\u00e9 en el interior puede ayudar a eliminar el olor m\u00e1s r\u00e1pido). Si tienes preguntas sobre la calidad del producto, nuestro servicio de posventa estar\u00e1 encantado de ayudarte en todo momento.&quot;]]],[&quot;p&quot;,{&quot;jc&quot;:&quot;left&quot;,&quot;ind&quot;:{},&quot;spacing&quot;:{}},[&quot;span&quot;,{&quot;data-type&quot;:&quot;text&quot;},[&quot;span&quot;,{&quot;data-type&quot;:&quot;leaf&quot;},&quot;&quot;]]],[&quot;p&quot;,{&quot;jc&quot;:&quot;left&quot;,&quot;ind&quot;:{},&quot;spacing&quot;:{}},[&quot;span&quot;,{&quot;data-type&quot;:&quot;text&quot;},[&quot;span&quot;,{&quot;color&quot;:&quot;rgb(55, 65, 81)&quot;,&quot;highlight&quot;:&quot;rgb(247, 247, 248)&quot;,&quot;sz&quot;:12,&quot;szUnit&quot;:&quot;pt&quot;,&quot;data-type&quot;:&quot;leaf&quot;},&quot;El termo de acero inoxidable es una soluci\u00f3n pr\u00e1ctica, segura y duradera para mantener tus bebidas en la temperatura ideal mientras te acompa\u00f1an en todas tus aventuras diarias. \u00a1Disfruta de tus bebidas favoritas en cualquier lugar y en cualquier momento con este confiable termo!&quot;]]],[&quot;p&quot;,{&quot;jc&quot;:&quot;left&quot;,&quot;ind&quot;:{},&quot;spacing&quot;:{}},[&quot;span&quot;,{&quot;data-type&quot;:&quot;text&quot;},[&quot;span&quot;,{&quot;data-type&quot;:&quot;leaf&quot;},&quot;&quot;]]],[&quot;p&quot;,{&quot;jc&quot;:&quot;left&quot;,&quot;ind&quot;:{},&quot;spacing&quot;:{}},[&quot;span&quot;,{&quot;data-type&quot;:&quot;text&quot;},[&quot;span&quot;,{&quot;data-type&quot;:&quot;leaf&quot;},&quot;&quot;]],[&quot;img&quot;,{&quot;src&quot;:&quot;https:\/\/my-live-01.slatic.net\/p\/5014536158f04ff70e07a7964e63288a.jpg&quot;,&quot;style&quot;:&quot;width:800px;height:800px;display:inline;vertical-align:middle&quot;,&quot;width&quot;:800,&quot;height&quot;:800},[&quot;span&quot;,{&quot;data-type&quot;:&quot;text&quot;},[&quot;span&quot;,{&quot;data-type&quot;:&quot;leaf&quot;},&quot;&quot;]]],[&quot;span&quot;,{&quot;data-type&quot;:&quot;text&quot;},[&quot;span&quot;,{&quot;data-type&quot;:&quot;leaf&quot;},&quot;&quot;]]]]\"><img decoding=\"async\" src=\"https:\/\/my-live-01.slatic.net\/p\/7e87d036c0ed0d9b9ea9792f84c59a65.jpg\" \/><\/p>\n<p>Disfruta\u00a0de\u00a0un\u00a0excelente\u00a0rendimiento\u00a0t\u00e9rmico\u00a0con\u00a0nuestro\u00a0termo\u00a0de\u00a0acero\u00a0inoxidable.\u00a0Fabricado\u00a0con\u00a0acero\u00a0inoxidable\u00a018\/8\u00a0de\u00a0calidad\u00a0premium\u00a0y\u00a0con\u00a0un\u00a0aislamiento\u00a0al\u00a0vac\u00edo\u00a0de\u00a0doble\u00a0pared,\u00a0esta\u00a0botella\u00a0isot\u00e9rmica\u00a0mantiene\u00a0la\u00a0temperatura\u00a0del\u00a0l\u00edquido\u00a0durante\u00a08\u00a0horas\u00a0si\u00a0est\u00e1\u00a0caliente\u00a0y\u00a0hasta\u00a016\u00a0horas\u00a0si\u00a0est\u00e1\u00a0fr\u00edo.\u00a0Adem\u00e1s,\u00a0es\u00a0una\u00a0opci\u00f3n\u00a0segura,\u00a0ya\u00a0que\u00a0no\u00a0contiene\u00a0BPA\u00a0ni\u00a0otras\u00a0sustancias\u00a0qu\u00edmicas\u00a0nocivas.\u00a0El\u00a0ancho\u00a0de\u00a0apertura\u00a0de\u00a0la\u00a0botella\u00a0termo\u00a0permite\u00a0agregar\u00a0cubitos\u00a0de\u00a0hielo\u00a0para\u00a0mantener\u00a0tus\u00a0bebidas\u00a0frescas.<\/p>\n<p>&nbsp;<\/p>\n<p>Nuestro\u00a0dise\u00f1o\u00a0cuenta\u00a0con\u00a0un\u00a0eficaz\u00a0sistema\u00a0antigoteo,\u00a0asegurando\u00a0que\u00a0el\u00a0tap\u00f3n\u00a0evite\u00a0cualquier\u00a0derrame,\u00a0incluso\u00a0en\u00a0carreteras\u00a0con\u00a0baches.\u00a0Con\u00a0su\u00a0exterior\u00a0sin\u00a0pintura,\u00a0el\u00a0color\u00a0natural\u00a0del\u00a0acero\u00a0inoxidable\u00a0permanece\u00a0visible,\u00a0evitando\u00a0el\u00a0desconchado\u00a0y\u00a0asegurando\u00a0su\u00a0durabilidad\u00a0a\u00a0lo\u00a0largo\u00a0del\u00a0tiempo.<\/p>\n<p>&nbsp;<\/p>\n<p>La\u00a0botella\u00a0termica\u00a0presenta\u00a0un\u00a0dise\u00f1o\u00a0cl\u00e1sico\u00a0y\u00a0f\u00e1cil\u00a0de\u00a0llevar.\u00a0Su\u00a0tama\u00f1o\u00a0es\u00a0compatible\u00a0con\u00a0la\u00a0mayor\u00eda\u00a0de\u00a0los\u00a0portavasos\u00a0de\u00a0coche,\u00a0lo\u00a0que\u00a0te\u00a0permite\u00a0disfrutar\u00a0c\u00f3modamente\u00a0de\u00a0tus\u00a0bebidas\u00a0favoritas\u00a0en\u00a0cualquier\u00a0lugar:\u00a0en\u00a0el\u00a0trabajo,\u00a0en\u00a0clase,\u00a0de\u00a0viaje,\u00a0de\u00a0camping\u00a0o\u00a0en\u00a0la\u00a0playa.\u00a0Ya\u00a0sea\u00a0agua,\u00a0caf\u00e9,\u00a0t\u00e9,\u00a0leche,\u00a0zumo\u00a0y\u00a0mucho\u00a0m\u00e1s,\u00a0esta\u00a0botella\u00a0termo\u00a0es\u00a0la\u00a0elecci\u00f3n\u00a0perfecta.<\/p>\n<p>&nbsp;<\/p>\n<p><img decoding=\"async\" src=\"https:\/\/my-live-01.slatic.net\/p\/f241c1a888ee25af92910f09fc83faf8.jpg\" \/><\/p>\n<p>&nbsp;<\/p>\n<p>&nbsp;<\/p>\n<p><img decoding=\"async\" src=\"https:\/\/my-live-01.slatic.net\/p\/5014536158f04ff70e07a7964e63288a.jpg\" \/><\/p>\n<\/article>\n","protected":false},"excerpt":{"rendered":"<p>-Se recomienda lavar la botella a mano utilizando el cepillo de limpieza incluido para mantener su rendimiento \u00f3ptimo. Al principio, es posible que la botella tenga un olor, pero no te preocupes, es totalmente seguro. L\u00e1vala bien antes de usarla (remojar hojas de t\u00e9 en el interior puede ayudar a eliminar el olor m\u00e1s r\u00e1pido). Si tienes preguntas sobre la calidad del producto, nuestro servicio de posventa estar\u00e1 encantado de ayudarte en todo momento.<\/p>\n<p>-El termo de acero inoxidable es una soluci\u00f3n pr\u00e1ctica, segura y duradera para mantener tus bebidas en la temperatura ideal mientras te acompa\u00f1an en todas tus aventuras diarias. \u00a1Disfruta de tus bebidas favoritas en cualquier lugar y en cualquier momento con este confiable termo!<\/p>\n","protected":false},"featured_media":15163,"comment_status":"closed","ping_status":"closed","template":"","meta":[],"product_cat":[397],"product_tag":[698,749,602,748],"class_list":{"0":"post-15150","1":"product","2":"type-product","3":"status-publish","4":"has-post-thumbnail","6":"product_cat-cocina-2","7":"product_tag-agua","8":"product_tag-caliente","9":"product_tag-frio","10":"product_tag-termico","11":"product_brand-thermo","13":"first","14":"instock","15":"sale","16":"shipping-taxable","17":"purchasable","18":"product-type-simple"},"yoast_head":"<!-- This site is optimized with the Yoast SEO plugin v23.5 - https:\/\/yoast.com\/wordpress\/plugins\/seo\/ -->\n<title>Jarra t\u00e9rmica de Acero Inoxidable (1L)\uff0c Termo para L\u00edquido, Termo de Agua Caliente. Recipiente Grande para Mantener Agua Caliente, Caf\u00e9, Te, Etc - Merca Babel Productos de importaci\u00f3n en oferta: peque\u00f1os electrodom\u00e9sticos, electr\u00f3nica y productos de hogar<\/title>\n<meta name=\"robots\" content=\"index, follow, max-snippet:-1, max-image-preview:large, max-video-preview:-1\" \/>\n<link rel=\"canonical\" href=\"https:\/\/www.mercababel.com\/producto\/jarra-termica-de-acero-inoxidable-1l\uff0c-termo-para-liquido-termo-de-agua-caliente-recipiente-grande-para-mantener-agua-caliente-cafe-te-etc\/\" \/>\n<meta property=\"og:locale\" content=\"en_US\" \/>\n<meta property=\"og:type\" content=\"article\" \/>\n<meta property=\"og:title\" content=\"Jarra t\u00e9rmica de Acero Inoxidable (1L)\uff0c Termo para L\u00edquido, Termo de Agua Caliente. Recipiente Grande para Mantener Agua Caliente, Caf\u00e9, Te, Etc - Merca Babel Productos de importaci\u00f3n en oferta: peque\u00f1os electrodom\u00e9sticos, electr\u00f3nica y productos de hogar\" \/>\n<meta property=\"og:description\" content=\"-Se recomienda lavar la botella a mano utilizando el cepillo de limpieza incluido para mantener su rendimiento \u00f3ptimo. Al principio, es posible que la botella tenga un olor, pero no te preocupes, es totalmente seguro. L\u00e1vala bien antes de usarla (remojar hojas de t\u00e9 en el interior puede ayudar a eliminar el olor m\u00e1s r\u00e1pido). Si tienes preguntas sobre la calidad del producto, nuestro servicio de posventa estar\u00e1 encantado de ayudarte en todo momento.  -El termo de acero inoxidable es una soluci\u00f3n pr\u00e1ctica, segura y duradera para mantener tus bebidas en la temperatura ideal mientras te acompa\u00f1an en todas tus aventuras diarias. \u00a1Disfruta de tus bebidas favoritas en cualquier lugar y en cualquier momento con este confiable termo!\" \/>\n<meta property=\"og:url\" content=\"https:\/\/www.mercababel.com\/producto\/jarra-termica-de-acero-inoxidable-1l\uff0c-termo-para-liquido-termo-de-agua-caliente-recipiente-grande-para-mantener-agua-caliente-cafe-te-etc\/\" \/>\n<meta property=\"og:site_name\" content=\"Merca Babel Productos de importaci\u00f3n en oferta: peque\u00f1os electrodom\u00e9sticos, electr\u00f3nica y productos de hogar\" \/>\n<meta property=\"article:modified_time\" content=\"2025-03-31T16:45:56+00:00\" \/>\n<meta property=\"og:image\" content=\"https:\/\/www.mercababel.com\/wp-content\/uploads\/2025\/03\/TERMO007.jpg\" \/>\n\t<meta property=\"og:image:width\" content=\"526\" \/>\n\t<meta property=\"og:image:height\" content=\"526\" \/>\n\t<meta property=\"og:image:type\" content=\"image\/jpeg\" \/>\n<meta name=\"twitter:card\" content=\"summary_large_image\" \/>\n<meta name=\"twitter:label1\" content=\"Est. reading time\" \/>\n\t<meta name=\"twitter:data1\" content=\"2 minutes\" \/>\n<script type=\"application\/ld+json\" class=\"yoast-schema-graph\">{\"@context\":\"https:\/\/schema.org\",\"@graph\":[{\"@type\":\"WebPage\",\"@id\":\"https:\/\/www.mercababel.com\/producto\/jarra-termica-de-acero-inoxidable-1l%ef%bc%8c-termo-para-liquido-termo-de-agua-caliente-recipiente-grande-para-mantener-agua-caliente-cafe-te-etc\/\",\"url\":\"https:\/\/www.mercababel.com\/producto\/jarra-termica-de-acero-inoxidable-1l%ef%bc%8c-termo-para-liquido-termo-de-agua-caliente-recipiente-grande-para-mantener-agua-caliente-cafe-te-etc\/\",\"name\":\"Jarra t\u00e9rmica de Acero Inoxidable (1L)\uff0c Termo para L\u00edquido, Termo de Agua Caliente. Recipiente Grande para Mantener Agua Caliente, Caf\u00e9, Te, Etc - Merca Babel Productos de importaci\u00f3n en oferta: peque\u00f1os electrodom\u00e9sticos, electr\u00f3nica y productos de hogar\",\"isPartOf\":{\"@id\":\"https:\/\/www.mercababel.com\/#website\"},\"primaryImageOfPage\":{\"@id\":\"https:\/\/www.mercababel.com\/producto\/jarra-termica-de-acero-inoxidable-1l%ef%bc%8c-termo-para-liquido-termo-de-agua-caliente-recipiente-grande-para-mantener-agua-caliente-cafe-te-etc\/#primaryimage\"},\"image\":{\"@id\":\"https:\/\/www.mercababel.com\/producto\/jarra-termica-de-acero-inoxidable-1l%ef%bc%8c-termo-para-liquido-termo-de-agua-caliente-recipiente-grande-para-mantener-agua-caliente-cafe-te-etc\/#primaryimage\"},\"thumbnailUrl\":\"https:\/\/www.mercababel.com\/wp-content\/uploads\/2025\/03\/TERMO007.jpg\",\"datePublished\":\"2025-03-31T16:45:55+00:00\",\"dateModified\":\"2025-03-31T16:45:56+00:00\",\"breadcrumb\":{\"@id\":\"https:\/\/www.mercababel.com\/producto\/jarra-termica-de-acero-inoxidable-1l%ef%bc%8c-termo-para-liquido-termo-de-agua-caliente-recipiente-grande-para-mantener-agua-caliente-cafe-te-etc\/#breadcrumb\"},\"inLanguage\":\"en-US\",\"potentialAction\":[{\"@type\":\"ReadAction\",\"target\":[\"https:\/\/www.mercababel.com\/producto\/jarra-termica-de-acero-inoxidable-1l%ef%bc%8c-termo-para-liquido-termo-de-agua-caliente-recipiente-grande-para-mantener-agua-caliente-cafe-te-etc\/\"]}]},{\"@type\":\"ImageObject\",\"inLanguage\":\"en-US\",\"@id\":\"https:\/\/www.mercababel.com\/producto\/jarra-termica-de-acero-inoxidable-1l%ef%bc%8c-termo-para-liquido-termo-de-agua-caliente-recipiente-grande-para-mantener-agua-caliente-cafe-te-etc\/#primaryimage\",\"url\":\"https:\/\/www.mercababel.com\/wp-content\/uploads\/2025\/03\/TERMO007.jpg\",\"contentUrl\":\"https:\/\/www.mercababel.com\/wp-content\/uploads\/2025\/03\/TERMO007.jpg\",\"width\":526,\"height\":526},{\"@type\":\"BreadcrumbList\",\"@id\":\"https:\/\/www.mercababel.com\/producto\/jarra-termica-de-acero-inoxidable-1l%ef%bc%8c-termo-para-liquido-termo-de-agua-caliente-recipiente-grande-para-mantener-agua-caliente-cafe-te-etc\/#breadcrumb\",\"itemListElement\":[{\"@type\":\"ListItem\",\"position\":1,\"name\":\"Portada\",\"item\":\"https:\/\/www.mercababel.com\/\"},{\"@type\":\"ListItem\",\"position\":2,\"name\":\"Shop\",\"item\":\"https:\/\/www.mercababel.com\/en\/shop\/\"},{\"@type\":\"ListItem\",\"position\":3,\"name\":\"Jarra t\u00e9rmica de Acero Inoxidable (1L)\uff0c Termo para L\u00edquido, Termo de Agua Caliente. Recipiente Grande para Mantener Agua Caliente, Caf\u00e9, Te, Etc\"}]},{\"@type\":\"WebSite\",\"@id\":\"https:\/\/www.mercababel.com\/#website\",\"url\":\"https:\/\/www.mercababel.com\/\",\"name\":\"Merca Babel Productos de importaci\u00f3n en oferta: peque\u00f1os electrodom\u00e9sticos, electr\u00f3nica y productos de hogar\",\"description\":\"Productos de importaci\u00f3n en oferta\",\"potentialAction\":[{\"@type\":\"SearchAction\",\"target\":{\"@type\":\"EntryPoint\",\"urlTemplate\":\"https:\/\/www.mercababel.com\/?s={search_term_string}\"},\"query-input\":{\"@type\":\"PropertyValueSpecification\",\"valueRequired\":true,\"valueName\":\"search_term_string\"}}],\"inLanguage\":\"en-US\"}]}<\/script>\n<!-- \/ Yoast SEO plugin. -->","yoast_head_json":{"title":"Jarra t\u00e9rmica de Acero Inoxidable (1L)\uff0c Termo para L\u00edquido, Termo de Agua Caliente. Recipiente Grande para Mantener Agua Caliente, Caf\u00e9, Te, Etc - Merca Babel Productos de importaci\u00f3n en oferta: peque\u00f1os electrodom\u00e9sticos, electr\u00f3nica y productos de hogar","robots":{"index":"index","follow":"follow","max-snippet":"max-snippet:-1","max-image-preview":"max-image-preview:large","max-video-preview":"max-video-preview:-1"},"canonical":"https:\/\/www.mercababel.com\/producto\/jarra-termica-de-acero-inoxidable-1l\uff0c-termo-para-liquido-termo-de-agua-caliente-recipiente-grande-para-mantener-agua-caliente-cafe-te-etc\/","og_locale":"en_US","og_type":"article","og_title":"Jarra t\u00e9rmica de Acero Inoxidable (1L)\uff0c Termo para L\u00edquido, Termo de Agua Caliente. Recipiente Grande para Mantener Agua Caliente, Caf\u00e9, Te, Etc - Merca Babel Productos de importaci\u00f3n en oferta: peque\u00f1os electrodom\u00e9sticos, electr\u00f3nica y productos de hogar","og_description":"-Se recomienda lavar la botella a mano utilizando el cepillo de limpieza incluido para mantener su rendimiento \u00f3ptimo. Al principio, es posible que la botella tenga un olor, pero no te preocupes, es totalmente seguro. L\u00e1vala bien antes de usarla (remojar hojas de t\u00e9 en el interior puede ayudar a eliminar el olor m\u00e1s r\u00e1pido). Si tienes preguntas sobre la calidad del producto, nuestro servicio de posventa estar\u00e1 encantado de ayudarte en todo momento.  -El termo de acero inoxidable es una soluci\u00f3n pr\u00e1ctica, segura y duradera para mantener tus bebidas en la temperatura ideal mientras te acompa\u00f1an en todas tus aventuras diarias. \u00a1Disfruta de tus bebidas favoritas en cualquier lugar y en cualquier momento con este confiable termo!","og_url":"https:\/\/www.mercababel.com\/producto\/jarra-termica-de-acero-inoxidable-1l\uff0c-termo-para-liquido-termo-de-agua-caliente-recipiente-grande-para-mantener-agua-caliente-cafe-te-etc\/","og_site_name":"Merca Babel Productos de importaci\u00f3n en oferta: peque\u00f1os electrodom\u00e9sticos, electr\u00f3nica y productos de hogar","article_modified_time":"2025-03-31T16:45:56+00:00","og_image":[{"width":526,"height":526,"url":"https:\/\/www.mercababel.com\/wp-content\/uploads\/2025\/03\/TERMO007.jpg","type":"image\/jpeg"}],"twitter_card":"summary_large_image","twitter_misc":{"Est. reading time":"2 minutes"},"schema":{"@context":"https:\/\/schema.org","@graph":[{"@type":"WebPage","@id":"https:\/\/www.mercababel.com\/producto\/jarra-termica-de-acero-inoxidable-1l%ef%bc%8c-termo-para-liquido-termo-de-agua-caliente-recipiente-grande-para-mantener-agua-caliente-cafe-te-etc\/","url":"https:\/\/www.mercababel.com\/producto\/jarra-termica-de-acero-inoxidable-1l%ef%bc%8c-termo-para-liquido-termo-de-agua-caliente-recipiente-grande-para-mantener-agua-caliente-cafe-te-etc\/","name":"Jarra t\u00e9rmica de Acero Inoxidable (1L)\uff0c Termo para L\u00edquido, Termo de Agua Caliente. Recipiente Grande para Mantener Agua Caliente, Caf\u00e9, Te, Etc - Merca Babel Productos de importaci\u00f3n en oferta: peque\u00f1os electrodom\u00e9sticos, electr\u00f3nica y productos de hogar","isPartOf":{"@id":"https:\/\/www.mercababel.com\/#website"},"primaryImageOfPage":{"@id":"https:\/\/www.mercababel.com\/producto\/jarra-termica-de-acero-inoxidable-1l%ef%bc%8c-termo-para-liquido-termo-de-agua-caliente-recipiente-grande-para-mantener-agua-caliente-cafe-te-etc\/#primaryimage"},"image":{"@id":"https:\/\/www.mercababel.com\/producto\/jarra-termica-de-acero-inoxidable-1l%ef%bc%8c-termo-para-liquido-termo-de-agua-caliente-recipiente-grande-para-mantener-agua-caliente-cafe-te-etc\/#primaryimage"},"thumbnailUrl":"https:\/\/www.mercababel.com\/wp-content\/uploads\/2025\/03\/TERMO007.jpg","datePublished":"2025-03-31T16:45:55+00:00","dateModified":"2025-03-31T16:45:56+00:00","breadcrumb":{"@id":"https:\/\/www.mercababel.com\/producto\/jarra-termica-de-acero-inoxidable-1l%ef%bc%8c-termo-para-liquido-termo-de-agua-caliente-recipiente-grande-para-mantener-agua-caliente-cafe-te-etc\/#breadcrumb"},"inLanguage":"en-US","potentialAction":[{"@type":"ReadAction","target":["https:\/\/www.mercababel.com\/producto\/jarra-termica-de-acero-inoxidable-1l%ef%bc%8c-termo-para-liquido-termo-de-agua-caliente-recipiente-grande-para-mantener-agua-caliente-cafe-te-etc\/"]}]},{"@type":"ImageObject","inLanguage":"en-US","@id":"https:\/\/www.mercababel.com\/producto\/jarra-termica-de-acero-inoxidable-1l%ef%bc%8c-termo-para-liquido-termo-de-agua-caliente-recipiente-grande-para-mantener-agua-caliente-cafe-te-etc\/#primaryimage","url":"https:\/\/www.mercababel.com\/wp-content\/uploads\/2025\/03\/TERMO007.jpg","contentUrl":"https:\/\/www.mercababel.com\/wp-content\/uploads\/2025\/03\/TERMO007.jpg","width":526,"height":526},{"@type":"BreadcrumbList","@id":"https:\/\/www.mercababel.com\/producto\/jarra-termica-de-acero-inoxidable-1l%ef%bc%8c-termo-para-liquido-termo-de-agua-caliente-recipiente-grande-para-mantener-agua-caliente-cafe-te-etc\/#breadcrumb","itemListElement":[{"@type":"ListItem","position":1,"name":"Portada","item":"https:\/\/www.mercababel.com\/"},{"@type":"ListItem","position":2,"name":"Shop","item":"https:\/\/www.mercababel.com\/en\/shop\/"},{"@type":"ListItem","position":3,"name":"Jarra t\u00e9rmica de Acero Inoxidable (1L)\uff0c Termo para L\u00edquido, Termo de Agua Caliente. Recipiente Grande para Mantener Agua Caliente, Caf\u00e9, Te, Etc"}]},{"@type":"WebSite","@id":"https:\/\/www.mercababel.com\/#website","url":"https:\/\/www.mercababel.com\/","name":"Merca Babel Productos de importaci\u00f3n en oferta: peque\u00f1os electrodom\u00e9sticos, electr\u00f3nica y productos de hogar","description":"Productos de importaci\u00f3n en oferta","potentialAction":[{"@type":"SearchAction","target":{"@type":"EntryPoint","urlTemplate":"https:\/\/www.mercababel.com\/?s={search_term_string}"},"query-input":{"@type":"PropertyValueSpecification","valueRequired":true,"valueName":"search_term_string"}}],"inLanguage":"en-US"}]}},"_links":{"self":[{"href":"https:\/\/www.mercababel.com\/en\/wp-json\/wp\/v2\/product\/15150","targetHints":{"allow":["GET"]}}],"collection":[{"href":"https:\/\/www.mercababel.com\/en\/wp-json\/wp\/v2\/product"}],"about":[{"href":"https:\/\/www.mercababel.com\/en\/wp-json\/wp\/v2\/types\/product"}],"replies":[{"embeddable":true,"href":"https:\/\/www.mercababel.com\/en\/wp-json\/wp\/v2\/comments?post=15150"}],"version-history":[{"count":1,"href":"https:\/\/www.mercababel.com\/en\/wp-json\/wp\/v2\/product\/15150\/revisions"}],"predecessor-version":[{"id":15165,"href":"https:\/\/www.mercababel.com\/en\/wp-json\/wp\/v2\/product\/15150\/revisions\/15165"}],"wp:featuredmedia":[{"embeddable":true,"href":"https:\/\/www.mercababel.com\/en\/wp-json\/wp\/v2\/media\/15163"}],"wp:attachment":[{"href":"https:\/\/www.mercababel.com\/en\/wp-json\/wp\/v2\/media?parent=15150"}],"wp:term":[{"taxonomy":"product_cat","embeddable":true,"href":"https:\/\/www.mercababel.com\/en\/wp-json\/wp\/v2\/product_cat?post=15150"},{"taxonomy":"product_tag","embeddable":true,"href":"https:\/\/www.mercababel.com\/en\/wp-json\/wp\/v2\/product_tag?post=15150"}],"curies":[{"name":"wp","href":"https:\/\/api.w.org\/{rel}","templated":true}]}}