{"id":15064,"date":"2025-03-06T10:30:56","date_gmt":"2025-03-06T10:30:56","guid":{"rendered":"https:\/\/www.mercababel.com\/?post_type=product&#038;p=15064"},"modified":"2025-03-06T10:30:56","modified_gmt":"2025-03-06T10:30:56","slug":"cajoneras-gavetas-organizadoras-tornillos-organizador-apilable-de-plastico-con-16-cajones-para-herramientas-pequenas-clasificador-16-compartimiento-apilable-cajonera-multiusos-de-material-plastico","status":"publish","type":"product","link":"https:\/\/www.mercababel.com\/en\/producto\/cajoneras-gavetas-organizadoras-tornillos-organizador-apilable-de-plastico-con-16-cajones-para-herramientas-pequenas-clasificador-16-compartimiento-apilable-cajonera-multiusos-de-material-plastico\/","title":{"rendered":"Cajoneras Gavetas Organizadoras Tornillos, Organizador apilable de pl\u00e1stico con 16 cajones para Herramientas peque\u00f1as, Clasificador 16 Compartimiento apilable, Cajonera Multiusos de Material pl\u00e1stico, Clasificador de Cajones"},"content":{"rendered":"<article class=\"4ever-article\" data-clipboard-cangjie=\"[&quot;root&quot;,{&quot;copyFrom&quot;:1821447655},[&quot;p&quot;,{&quot;jc&quot;:&quot;left&quot;,&quot;ind&quot;:{},&quot;spacing&quot;:{}},[&quot;span&quot;,{&quot;data-type&quot;:&quot;text&quot;},[&quot;span&quot;,{&quot;data-type&quot;:&quot;leaf&quot;},&quot;\u200b\\n&quot;]]],[&quot;h5&quot;,{&quot;jc&quot;:&quot;left&quot;,&quot;ind&quot;:{},&quot;spacing&quot;:{}},[&quot;span&quot;,{&quot;data-type&quot;:&quot;text&quot;},[&quot;span&quot;,{&quot;bold&quot;:true,&quot;color&quot;:&quot;rgb(15, 17, 17)&quot;,&quot;sz&quot;:11,&quot;szUnit&quot;:&quot;pt&quot;,&quot;data-type&quot;:&quot;leaf&quot;},&quot;Descripci\u00f3n&quot;]]],[&quot;p&quot;,{&quot;jc&quot;:&quot;left&quot;,&quot;ind&quot;:{},&quot;spacing&quot;:{}},[&quot;span&quot;,{&quot;data-type&quot;:&quot;text&quot;},[&quot;span&quot;,{&quot;data-type&quot;:&quot;leaf&quot;},&quot;&quot;]]],[&quot;p&quot;,{&quot;jc&quot;:&quot;left&quot;,&quot;ind&quot;:{},&quot;spacing&quot;:{}},[&quot;span&quot;,{&quot;data-type&quot;:&quot;text&quot;},[&quot;span&quot;,{&quot;color&quot;:&quot;rgb(15, 17, 17)&quot;,&quot;sz&quot;:11.5,&quot;szUnit&quot;:&quot;pt&quot;,&quot;data-type&quot;:&quot;leaf&quot;},&quot;Si\u00a0quieres\u00a0mantener\u00a0organizada\u00a0la\u00a0costura,\u00a0tus\u00a0peque\u00f1as\u00a0herramientas\u00a0o\u00a0piezas\u00a0como\u00a0tornillos,\u00a0tuercas,\u00a0arandelas,\u00a0etc.\u00a0nosotros\u00a0te\u00a0ofrecemos\u00a0este\u00a0organizador\u00a0apilable\u00a0de\u00a017\u00a0x\u00a027\u00a0x\u00a012.5\u00a0cent\u00edmetros.\u00a0Fabricado\u00a0en\u00a0pl\u00e1stico\u00a0muy\u00a0resistente.&quot;]]],[&quot;p&quot;,{&quot;jc&quot;:&quot;left&quot;,&quot;ind&quot;:{},&quot;spacing&quot;:{}},[&quot;span&quot;,{&quot;data-type&quot;:&quot;text&quot;},[&quot;span&quot;,{&quot;color&quot;:&quot;rgb(15, 17, 17)&quot;,&quot;sz&quot;:11.5,&quot;szUnit&quot;:&quot;pt&quot;,&quot;data-type&quot;:&quot;leaf&quot;},&quot;Dispone\u00a0de\u00a016\u00a0cajones\u00a0transparentes,\u00a0para\u00a0dejar\u00a0ver\u00a0lo\u00a0que\u00a0hay\u00a0en\u00a0cada\u00a0caja\u00a0de\u00a03.5\u00a0x\u00a06\u00a0x\u00a010.5\u00a0cent\u00edmetros\u00a0cada\u00a0una.\u00a0El\u00a0tope\u00a0de\u00a0estos\u00a0impide\u00a0que\u00a0se\u00a0caigan\u00a0accidentalmente.\\n\u200b\\n&quot;]]],[&quot;p&quot;,{&quot;jc&quot;:&quot;left&quot;,&quot;ind&quot;:{},&quot;spacing&quot;:{}},[&quot;span&quot;,{&quot;data-type&quot;:&quot;text&quot;},[&quot;span&quot;,{&quot;data-type&quot;:&quot;leaf&quot;},&quot;&quot;]]],[&quot;p&quot;,{&quot;jc&quot;:&quot;left&quot;,&quot;ind&quot;:{},&quot;spacing&quot;:{}},[&quot;span&quot;,{&quot;data-type&quot;:&quot;text&quot;},[&quot;span&quot;,{&quot;data-type&quot;:&quot;leaf&quot;},&quot;&quot;]],[&quot;img&quot;,{&quot;src&quot;:&quot;https:\/\/my-live-01.slatic.net\/p\/d0e0933b23c67df64db8d58f3fa91c96.jpg&quot;,&quot;style&quot;:&quot;width:2644px;height:2644px;display:inline;vertical-align:middle&quot;,&quot;width&quot;:2644,&quot;height&quot;:2644},[&quot;span&quot;,{&quot;data-type&quot;:&quot;text&quot;},[&quot;span&quot;,{&quot;data-type&quot;:&quot;leaf&quot;},&quot;&quot;]]],[&quot;span&quot;,{&quot;data-type&quot;:&quot;text&quot;},[&quot;span&quot;,{&quot;color&quot;:&quot;rgb(15, 17, 17)&quot;,&quot;sz&quot;:11.5,&quot;szUnit&quot;:&quot;pt&quot;,&quot;data-type&quot;:&quot;leaf&quot;},&quot;\u00a0&quot;]],[&quot;img&quot;,{&quot;src&quot;:&quot;https:\/\/my-live-01.slatic.net\/p\/7fee34b465eabdb5929a98fc60d0148f.jpg&quot;,&quot;style&quot;:&quot;width:1249px;height:651px;display:inline;vertical-align:middle&quot;,&quot;width&quot;:1249,&quot;height&quot;:651},[&quot;span&quot;,{&quot;data-type&quot;:&quot;text&quot;},[&quot;span&quot;,{&quot;data-type&quot;:&quot;leaf&quot;},&quot;&quot;]]],[&quot;span&quot;,{&quot;data-type&quot;:&quot;text&quot;},[&quot;span&quot;,{&quot;color&quot;:&quot;rgb(15, 17, 17)&quot;,&quot;sz&quot;:11.5,&quot;szUnit&quot;:&quot;pt&quot;,&quot;data-type&quot;:&quot;leaf&quot;},&quot;\u00a0&quot;]]]]\">\u200b<\/p>\n<p><img decoding=\"async\" src=\"https:\/\/my-live-01.slatic.net\/p\/d0e0933b23c67df64db8d58f3fa91c96.jpg\" \/>\u00a0<img decoding=\"async\" src=\"https:\/\/my-live-01.slatic.net\/p\/7fee34b465eabdb5929a98fc60d0148f.jpg\" \/><\/p>\n<\/article>\n","protected":false},"excerpt":{"rendered":"<h5>Descripci\u00f3n<\/h5>\n<p>Si\u00a0quieres\u00a0mantener\u00a0organizada\u00a0la\u00a0costura,\u00a0tus\u00a0peque\u00f1as\u00a0herramientas\u00a0o\u00a0piezas\u00a0como\u00a0tornillos,\u00a0tuercas,\u00a0arandelas,\u00a0etc.\u00a0nosotros\u00a0te\u00a0ofrecemos\u00a0este\u00a0organizador\u00a0apilable\u00a0de\u00a017\u00a0x\u00a027\u00a0x\u00a012.5\u00a0cent\u00edmetros.\u00a0Fabricado\u00a0en\u00a0pl\u00e1stico\u00a0muy\u00a0resistente.<\/p>\n<p>Dispone\u00a0de\u00a016\u00a0cajones\u00a0transparentes,\u00a0para\u00a0dejar\u00a0ver\u00a0lo\u00a0que\u00a0hay\u00a0en\u00a0cada\u00a0caja\u00a0de\u00a03.5\u00a0x\u00a06\u00a0x\u00a010.5\u00a0cent\u00edmetros\u00a0cada\u00a0una.\u00a0El\u00a0tope\u00a0de\u00a0estos\u00a0impide\u00a0que\u00a0se\u00a0caigan\u00a0accidentalmente. \u200b<\/p>\n","protected":false},"featured_media":15071,"comment_status":"closed","ping_status":"closed","template":"","meta":[],"product_cat":[403],"product_tag":[518,483,429],"class_list":{"0":"post-15064","1":"product","2":"type-product","3":"status-publish","4":"has-post-thumbnail","6":"product_cat-ferreterias","7":"product_tag-cajones","8":"product_tag-organizador","9":"product_tag-plastico","10":"product_brand-generico","12":"first","13":"instock","14":"sale","15":"shipping-taxable","16":"purchasable","17":"product-type-variable","18":"rtwpvs-product"},"yoast_head":"<!-- This site is optimized with the Yoast SEO plugin v23.5 - https:\/\/yoast.com\/wordpress\/plugins\/seo\/ -->\n<title>Cajoneras Gavetas Organizadoras Tornillos, Organizador apilable de pl\u00e1stico con 16 cajones para Herramientas peque\u00f1as, Clasificador 16 Compartimiento apilable, Cajonera Multiusos de Material pl\u00e1stico, Clasificador de Cajones - Merca Babel Productos de importaci\u00f3n en oferta: peque\u00f1os electrodom\u00e9sticos, electr\u00f3nica y productos de hogar<\/title>\n<meta name=\"robots\" content=\"index, follow, max-snippet:-1, max-image-preview:large, max-video-preview:-1\" \/>\n<link rel=\"canonical\" href=\"https:\/\/www.mercababel.com\/producto\/cajoneras-gavetas-organizadoras-tornillos-organizador-apilable-de-plastico-con-16-cajones-para-herramientas-pequenas-clasificador-16-compartimiento-apilable-cajonera-multiusos-de-material-plastico\/\" \/>\n<meta property=\"og:locale\" content=\"en_US\" \/>\n<meta property=\"og:type\" content=\"article\" \/>\n<meta property=\"og:title\" content=\"Cajoneras Gavetas Organizadoras Tornillos, Organizador apilable de pl\u00e1stico con 16 cajones para Herramientas peque\u00f1as, Clasificador 16 Compartimiento apilable, Cajonera Multiusos de Material pl\u00e1stico, Clasificador de Cajones - Merca Babel Productos de importaci\u00f3n en oferta: peque\u00f1os electrodom\u00e9sticos, electr\u00f3nica y productos de hogar\" \/>\n<meta property=\"og:description\" content=\"Descripci\u00f3n Si\u00a0quieres\u00a0mantener\u00a0organizada\u00a0la\u00a0costura,\u00a0tus\u00a0peque\u00f1as\u00a0herramientas\u00a0o\u00a0piezas\u00a0como\u00a0tornillos,\u00a0tuercas,\u00a0arandelas,\u00a0etc.\u00a0nosotros\u00a0te\u00a0ofrecemos\u00a0este\u00a0organizador\u00a0apilable\u00a0de\u00a017\u00a0x\u00a027\u00a0x\u00a012.5\u00a0cent\u00edmetros.\u00a0Fabricado\u00a0en\u00a0pl\u00e1stico\u00a0muy\u00a0resistente.  Dispone\u00a0de\u00a016\u00a0cajones\u00a0transparentes,\u00a0para\u00a0dejar\u00a0ver\u00a0lo\u00a0que\u00a0hay\u00a0en\u00a0cada\u00a0caja\u00a0de\u00a03.5\u00a0x\u00a06\u00a0x\u00a010.5\u00a0cent\u00edmetros\u00a0cada\u00a0una.\u00a0El\u00a0tope\u00a0de\u00a0estos\u00a0impide\u00a0que\u00a0se\u00a0caigan\u00a0accidentalmente. \u200b\" \/>\n<meta property=\"og:url\" content=\"https:\/\/www.mercababel.com\/producto\/cajoneras-gavetas-organizadoras-tornillos-organizador-apilable-de-plastico-con-16-cajones-para-herramientas-pequenas-clasificador-16-compartimiento-apilable-cajonera-multiusos-de-material-plastico\/\" \/>\n<meta property=\"og:site_name\" content=\"Merca Babel Productos de importaci\u00f3n en oferta: peque\u00f1os electrodom\u00e9sticos, electr\u00f3nica y productos de hogar\" \/>\n<meta property=\"og:image\" content=\"https:\/\/www.mercababel.com\/wp-content\/uploads\/2025\/03\/16\u683c\u62bd\u5c49\u67dc-\u9ed1\u8272-002.jpg\" \/>\n\t<meta property=\"og:image:width\" content=\"1249\" \/>\n\t<meta property=\"og:image:height\" content=\"651\" \/>\n\t<meta property=\"og:image:type\" content=\"image\/jpeg\" \/>\n<meta name=\"twitter:card\" content=\"summary_large_image\" \/>\n<meta name=\"twitter:label1\" content=\"Est. reading time\" \/>\n\t<meta name=\"twitter:data1\" content=\"1 minute\" \/>\n<script type=\"application\/ld+json\" class=\"yoast-schema-graph\">{\"@context\":\"https:\/\/schema.org\",\"@graph\":[{\"@type\":\"WebPage\",\"@id\":\"https:\/\/www.mercababel.com\/producto\/cajoneras-gavetas-organizadoras-tornillos-organizador-apilable-de-plastico-con-16-cajones-para-herramientas-pequenas-clasificador-16-compartimiento-apilable-cajonera-multiusos-de-material-plastico\/\",\"url\":\"https:\/\/www.mercababel.com\/producto\/cajoneras-gavetas-organizadoras-tornillos-organizador-apilable-de-plastico-con-16-cajones-para-herramientas-pequenas-clasificador-16-compartimiento-apilable-cajonera-multiusos-de-material-plastico\/\",\"name\":\"Cajoneras Gavetas Organizadoras Tornillos, Organizador apilable de pl\u00e1stico con 16 cajones para Herramientas peque\u00f1as, Clasificador 16 Compartimiento apilable, Cajonera Multiusos de Material pl\u00e1stico, Clasificador de Cajones - Merca Babel Productos de importaci\u00f3n en oferta: peque\u00f1os electrodom\u00e9sticos, electr\u00f3nica y productos de hogar\",\"isPartOf\":{\"@id\":\"https:\/\/www.mercababel.com\/#website\"},\"primaryImageOfPage\":{\"@id\":\"https:\/\/www.mercababel.com\/producto\/cajoneras-gavetas-organizadoras-tornillos-organizador-apilable-de-plastico-con-16-cajones-para-herramientas-pequenas-clasificador-16-compartimiento-apilable-cajonera-multiusos-de-material-plastico\/#primaryimage\"},\"image\":{\"@id\":\"https:\/\/www.mercababel.com\/producto\/cajoneras-gavetas-organizadoras-tornillos-organizador-apilable-de-plastico-con-16-cajones-para-herramientas-pequenas-clasificador-16-compartimiento-apilable-cajonera-multiusos-de-material-plastico\/#primaryimage\"},\"thumbnailUrl\":\"https:\/\/www.mercababel.com\/wp-content\/uploads\/2025\/03\/16\u683c\u62bd\u5c49\u67dc-\u9ed1\u8272-002.jpg\",\"datePublished\":\"2025-03-06T10:30:56+00:00\",\"dateModified\":\"2025-03-06T10:30:56+00:00\",\"breadcrumb\":{\"@id\":\"https:\/\/www.mercababel.com\/producto\/cajoneras-gavetas-organizadoras-tornillos-organizador-apilable-de-plastico-con-16-cajones-para-herramientas-pequenas-clasificador-16-compartimiento-apilable-cajonera-multiusos-de-material-plastico\/#breadcrumb\"},\"inLanguage\":\"en-US\",\"potentialAction\":[{\"@type\":\"ReadAction\",\"target\":[\"https:\/\/www.mercababel.com\/producto\/cajoneras-gavetas-organizadoras-tornillos-organizador-apilable-de-plastico-con-16-cajones-para-herramientas-pequenas-clasificador-16-compartimiento-apilable-cajonera-multiusos-de-material-plastico\/\"]}]},{\"@type\":\"ImageObject\",\"inLanguage\":\"en-US\",\"@id\":\"https:\/\/www.mercababel.com\/producto\/cajoneras-gavetas-organizadoras-tornillos-organizador-apilable-de-plastico-con-16-cajones-para-herramientas-pequenas-clasificador-16-compartimiento-apilable-cajonera-multiusos-de-material-plastico\/#primaryimage\",\"url\":\"https:\/\/www.mercababel.com\/wp-content\/uploads\/2025\/03\/16\u683c\u62bd\u5c49\u67dc-\u9ed1\u8272-002.jpg\",\"contentUrl\":\"https:\/\/www.mercababel.com\/wp-content\/uploads\/2025\/03\/16\u683c\u62bd\u5c49\u67dc-\u9ed1\u8272-002.jpg\",\"width\":1249,\"height\":651},{\"@type\":\"BreadcrumbList\",\"@id\":\"https:\/\/www.mercababel.com\/producto\/cajoneras-gavetas-organizadoras-tornillos-organizador-apilable-de-plastico-con-16-cajones-para-herramientas-pequenas-clasificador-16-compartimiento-apilable-cajonera-multiusos-de-material-plastico\/#breadcrumb\",\"itemListElement\":[{\"@type\":\"ListItem\",\"position\":1,\"name\":\"Portada\",\"item\":\"https:\/\/www.mercababel.com\/\"},{\"@type\":\"ListItem\",\"position\":2,\"name\":\"Shop\",\"item\":\"https:\/\/www.mercababel.com\/en\/shop\/\"},{\"@type\":\"ListItem\",\"position\":3,\"name\":\"Cajoneras Gavetas Organizadoras Tornillos, Organizador apilable de pl\u00e1stico con 16 cajones para Herramientas peque\u00f1as, Clasificador 16 Compartimiento apilable, Cajonera Multiusos de Material pl\u00e1stico, Clasificador de Cajones\"}]},{\"@type\":\"WebSite\",\"@id\":\"https:\/\/www.mercababel.com\/#website\",\"url\":\"https:\/\/www.mercababel.com\/\",\"name\":\"Merca Babel Productos de importaci\u00f3n en oferta: peque\u00f1os electrodom\u00e9sticos, electr\u00f3nica y productos de hogar\",\"description\":\"Productos de importaci\u00f3n en oferta\",\"potentialAction\":[{\"@type\":\"SearchAction\",\"target\":{\"@type\":\"EntryPoint\",\"urlTemplate\":\"https:\/\/www.mercababel.com\/?s={search_term_string}\"},\"query-input\":{\"@type\":\"PropertyValueSpecification\",\"valueRequired\":true,\"valueName\":\"search_term_string\"}}],\"inLanguage\":\"en-US\"}]}<\/script>\n<!-- \/ Yoast SEO plugin. -->","yoast_head_json":{"title":"Cajoneras Gavetas Organizadoras Tornillos, Organizador apilable de pl\u00e1stico con 16 cajones para Herramientas peque\u00f1as, Clasificador 16 Compartimiento apilable, Cajonera Multiusos de Material pl\u00e1stico, Clasificador de Cajones - Merca Babel Productos de importaci\u00f3n en oferta: peque\u00f1os electrodom\u00e9sticos, electr\u00f3nica y productos de hogar","robots":{"index":"index","follow":"follow","max-snippet":"max-snippet:-1","max-image-preview":"max-image-preview:large","max-video-preview":"max-video-preview:-1"},"canonical":"https:\/\/www.mercababel.com\/producto\/cajoneras-gavetas-organizadoras-tornillos-organizador-apilable-de-plastico-con-16-cajones-para-herramientas-pequenas-clasificador-16-compartimiento-apilable-cajonera-multiusos-de-material-plastico\/","og_locale":"en_US","og_type":"article","og_title":"Cajoneras Gavetas Organizadoras Tornillos, Organizador apilable de pl\u00e1stico con 16 cajones para Herramientas peque\u00f1as, Clasificador 16 Compartimiento apilable, Cajonera Multiusos de Material pl\u00e1stico, Clasificador de Cajones - Merca Babel Productos de importaci\u00f3n en oferta: peque\u00f1os electrodom\u00e9sticos, electr\u00f3nica y productos de hogar","og_description":"Descripci\u00f3n Si\u00a0quieres\u00a0mantener\u00a0organizada\u00a0la\u00a0costura,\u00a0tus\u00a0peque\u00f1as\u00a0herramientas\u00a0o\u00a0piezas\u00a0como\u00a0tornillos,\u00a0tuercas,\u00a0arandelas,\u00a0etc.\u00a0nosotros\u00a0te\u00a0ofrecemos\u00a0este\u00a0organizador\u00a0apilable\u00a0de\u00a017\u00a0x\u00a027\u00a0x\u00a012.5\u00a0cent\u00edmetros.\u00a0Fabricado\u00a0en\u00a0pl\u00e1stico\u00a0muy\u00a0resistente.  Dispone\u00a0de\u00a016\u00a0cajones\u00a0transparentes,\u00a0para\u00a0dejar\u00a0ver\u00a0lo\u00a0que\u00a0hay\u00a0en\u00a0cada\u00a0caja\u00a0de\u00a03.5\u00a0x\u00a06\u00a0x\u00a010.5\u00a0cent\u00edmetros\u00a0cada\u00a0una.\u00a0El\u00a0tope\u00a0de\u00a0estos\u00a0impide\u00a0que\u00a0se\u00a0caigan\u00a0accidentalmente. \u200b","og_url":"https:\/\/www.mercababel.com\/producto\/cajoneras-gavetas-organizadoras-tornillos-organizador-apilable-de-plastico-con-16-cajones-para-herramientas-pequenas-clasificador-16-compartimiento-apilable-cajonera-multiusos-de-material-plastico\/","og_site_name":"Merca Babel Productos de importaci\u00f3n en oferta: peque\u00f1os electrodom\u00e9sticos, electr\u00f3nica y productos de hogar","og_image":[{"width":1249,"height":651,"url":"https:\/\/www.mercababel.com\/wp-content\/uploads\/2025\/03\/16\u683c\u62bd\u5c49\u67dc-\u9ed1\u8272-002.jpg","type":"image\/jpeg"}],"twitter_card":"summary_large_image","twitter_misc":{"Est. reading time":"1 minute"},"schema":{"@context":"https:\/\/schema.org","@graph":[{"@type":"WebPage","@id":"https:\/\/www.mercababel.com\/producto\/cajoneras-gavetas-organizadoras-tornillos-organizador-apilable-de-plastico-con-16-cajones-para-herramientas-pequenas-clasificador-16-compartimiento-apilable-cajonera-multiusos-de-material-plastico\/","url":"https:\/\/www.mercababel.com\/producto\/cajoneras-gavetas-organizadoras-tornillos-organizador-apilable-de-plastico-con-16-cajones-para-herramientas-pequenas-clasificador-16-compartimiento-apilable-cajonera-multiusos-de-material-plastico\/","name":"Cajoneras Gavetas Organizadoras Tornillos, Organizador apilable de pl\u00e1stico con 16 cajones para Herramientas peque\u00f1as, Clasificador 16 Compartimiento apilable, Cajonera Multiusos de Material pl\u00e1stico, Clasificador de Cajones - Merca Babel Productos de importaci\u00f3n en oferta: peque\u00f1os electrodom\u00e9sticos, electr\u00f3nica y productos de hogar","isPartOf":{"@id":"https:\/\/www.mercababel.com\/#website"},"primaryImageOfPage":{"@id":"https:\/\/www.mercababel.com\/producto\/cajoneras-gavetas-organizadoras-tornillos-organizador-apilable-de-plastico-con-16-cajones-para-herramientas-pequenas-clasificador-16-compartimiento-apilable-cajonera-multiusos-de-material-plastico\/#primaryimage"},"image":{"@id":"https:\/\/www.mercababel.com\/producto\/cajoneras-gavetas-organizadoras-tornillos-organizador-apilable-de-plastico-con-16-cajones-para-herramientas-pequenas-clasificador-16-compartimiento-apilable-cajonera-multiusos-de-material-plastico\/#primaryimage"},"thumbnailUrl":"https:\/\/www.mercababel.com\/wp-content\/uploads\/2025\/03\/16\u683c\u62bd\u5c49\u67dc-\u9ed1\u8272-002.jpg","datePublished":"2025-03-06T10:30:56+00:00","dateModified":"2025-03-06T10:30:56+00:00","breadcrumb":{"@id":"https:\/\/www.mercababel.com\/producto\/cajoneras-gavetas-organizadoras-tornillos-organizador-apilable-de-plastico-con-16-cajones-para-herramientas-pequenas-clasificador-16-compartimiento-apilable-cajonera-multiusos-de-material-plastico\/#breadcrumb"},"inLanguage":"en-US","potentialAction":[{"@type":"ReadAction","target":["https:\/\/www.mercababel.com\/producto\/cajoneras-gavetas-organizadoras-tornillos-organizador-apilable-de-plastico-con-16-cajones-para-herramientas-pequenas-clasificador-16-compartimiento-apilable-cajonera-multiusos-de-material-plastico\/"]}]},{"@type":"ImageObject","inLanguage":"en-US","@id":"https:\/\/www.mercababel.com\/producto\/cajoneras-gavetas-organizadoras-tornillos-organizador-apilable-de-plastico-con-16-cajones-para-herramientas-pequenas-clasificador-16-compartimiento-apilable-cajonera-multiusos-de-material-plastico\/#primaryimage","url":"https:\/\/www.mercababel.com\/wp-content\/uploads\/2025\/03\/16\u683c\u62bd\u5c49\u67dc-\u9ed1\u8272-002.jpg","contentUrl":"https:\/\/www.mercababel.com\/wp-content\/uploads\/2025\/03\/16\u683c\u62bd\u5c49\u67dc-\u9ed1\u8272-002.jpg","width":1249,"height":651},{"@type":"BreadcrumbList","@id":"https:\/\/www.mercababel.com\/producto\/cajoneras-gavetas-organizadoras-tornillos-organizador-apilable-de-plastico-con-16-cajones-para-herramientas-pequenas-clasificador-16-compartimiento-apilable-cajonera-multiusos-de-material-plastico\/#breadcrumb","itemListElement":[{"@type":"ListItem","position":1,"name":"Portada","item":"https:\/\/www.mercababel.com\/"},{"@type":"ListItem","position":2,"name":"Shop","item":"https:\/\/www.mercababel.com\/en\/shop\/"},{"@type":"ListItem","position":3,"name":"Cajoneras Gavetas Organizadoras Tornillos, Organizador apilable de pl\u00e1stico con 16 cajones para Herramientas peque\u00f1as, Clasificador 16 Compartimiento apilable, Cajonera Multiusos de Material pl\u00e1stico, Clasificador de Cajones"}]},{"@type":"WebSite","@id":"https:\/\/www.mercababel.com\/#website","url":"https:\/\/www.mercababel.com\/","name":"Merca Babel Productos de importaci\u00f3n en oferta: peque\u00f1os electrodom\u00e9sticos, electr\u00f3nica y productos de hogar","description":"Productos de importaci\u00f3n en oferta","potentialAction":[{"@type":"SearchAction","target":{"@type":"EntryPoint","urlTemplate":"https:\/\/www.mercababel.com\/?s={search_term_string}"},"query-input":{"@type":"PropertyValueSpecification","valueRequired":true,"valueName":"search_term_string"}}],"inLanguage":"en-US"}]}},"_links":{"self":[{"href":"https:\/\/www.mercababel.com\/en\/wp-json\/wp\/v2\/product\/15064","targetHints":{"allow":["GET"]}}],"collection":[{"href":"https:\/\/www.mercababel.com\/en\/wp-json\/wp\/v2\/product"}],"about":[{"href":"https:\/\/www.mercababel.com\/en\/wp-json\/wp\/v2\/types\/product"}],"replies":[{"embeddable":true,"href":"https:\/\/www.mercababel.com\/en\/wp-json\/wp\/v2\/comments?post=15064"}],"version-history":[{"count":1,"href":"https:\/\/www.mercababel.com\/en\/wp-json\/wp\/v2\/product\/15064\/revisions"}],"predecessor-version":[{"id":15083,"href":"https:\/\/www.mercababel.com\/en\/wp-json\/wp\/v2\/product\/15064\/revisions\/15083"}],"wp:featuredmedia":[{"embeddable":true,"href":"https:\/\/www.mercababel.com\/en\/wp-json\/wp\/v2\/media\/15071"}],"wp:attachment":[{"href":"https:\/\/www.mercababel.com\/en\/wp-json\/wp\/v2\/media?parent=15064"}],"wp:term":[{"taxonomy":"product_cat","embeddable":true,"href":"https:\/\/www.mercababel.com\/en\/wp-json\/wp\/v2\/product_cat?post=15064"},{"taxonomy":"product_tag","embeddable":true,"href":"https:\/\/www.mercababel.com\/en\/wp-json\/wp\/v2\/product_tag?post=15064"}],"curies":[{"name":"wp","href":"https:\/\/api.w.org\/{rel}","templated":true}]}}