{"id":15051,"date":"2025-03-06T10:25:07","date_gmt":"2025-03-06T10:25:07","guid":{"rendered":"https:\/\/www.mercababel.com\/?post_type=product&#038;p=15051"},"modified":"2025-03-06T10:25:07","modified_gmt":"2025-03-06T10:25:07","slug":"portalata-de-plastico-organizador-de-nevera-separador-de-bebidas-soporte-para-latas-dispensador-de-botellas-de-soda-organizador-de-cocina-mesa-oficina-inodoro-bano","status":"publish","type":"product","link":"https:\/\/www.mercababel.com\/en\/producto\/portalata-de-plastico-organizador-de-nevera-separador-de-bebidas-soporte-para-latas-dispensador-de-botellas-de-soda-organizador-de-cocina-mesa-oficina-inodoro-bano\/","title":{"rendered":"Portalata de pl\u00e1stico, organizador de nevera, separador de bebidas, soporte para latas, dispensador de botellas de soda, organizador de cocina, mesa, oficina, inodoro, ba\u00f1o."},"content":{"rendered":"<article class=\"4ever-article\" data-clipboard-cangjie=\"[&quot;root&quot;,{&quot;copyFrom&quot;:1821447655},[&quot;p&quot;,{&quot;jc&quot;:&quot;left&quot;,&quot;ind&quot;:{},&quot;spacing&quot;:{}},[&quot;span&quot;,{&quot;data-type&quot;:&quot;text&quot;},[&quot;span&quot;,{&quot;data-type&quot;:&quot;leaf&quot;},&quot;\u200b\\n\u200b\\n&quot;]]],[&quot;h3&quot;,{&quot;jc&quot;:&quot;left&quot;,&quot;ind&quot;:{},&quot;spacing&quot;:{}},[&quot;span&quot;,{&quot;data-type&quot;:&quot;text&quot;},[&quot;span&quot;,{&quot;bold&quot;:true,&quot;color&quot;:&quot;rgb(15, 17, 17)&quot;,&quot;sz&quot;:11,&quot;szUnit&quot;:&quot;pt&quot;,&quot;data-type&quot;:&quot;leaf&quot;},&quot;Acerca\u00a0de\u00a0este\u00a0art\u00edculo&quot;]]],[&quot;p&quot;,{&quot;jc&quot;:&quot;left&quot;,&quot;ind&quot;:{},&quot;spacing&quot;:{}},[&quot;span&quot;,{&quot;data-type&quot;:&quot;text&quot;},[&quot;span&quot;,{&quot;data-type&quot;:&quot;leaf&quot;},&quot;&quot;]]],[&quot;p&quot;,{&quot;list&quot;:{&quot;listId&quot;:&quot;2cgwlzavux2&quot;,&quot;isOrdered&quot;:false,&quot;level&quot;:0,&quot;listStyle&quot;:{&quot;format&quot;:&quot;bullet&quot;,&quot;text&quot;:&quot;\u25cf&quot;,&quot;align&quot;:&quot;left&quot;}},&quot;jc&quot;:&quot;left&quot;,&quot;spacing&quot;:{}},[&quot;span&quot;,{&quot;data-type&quot;:&quot;text&quot;},[&quot;span&quot;,{&quot;color&quot;:&quot;rgb(15, 17, 17)&quot;,&quot;sz&quot;:11.5,&quot;szUnit&quot;:&quot;pt&quot;,&quot;data-type&quot;:&quot;leaf&quot;},&quot;\u3010Multi-uso\u3011Dise\u00f1ado\u00a0para\u00a0organizar\u00a0la\u00a0nevera,\u00a0tambi\u00e9n\u00a0se\u00a0puede\u00a0usar\u00a0para\u00a0organizar\u00a0el\u00a0armario\u00a0de\u00a0cocina,\u00a0el\u00a0gabinete,\u00a0los\u00a0cosm\u00e9ticos,\u00a0los\u00a0art\u00edculos\u00a0de\u00a0tocador,\u00a0los\u00a0medicamentos,\u00a0o\u00a0cualquier\u00a0cosa\u00a0que\u00a0desee&quot;]]],[&quot;p&quot;,{&quot;jc&quot;:&quot;left&quot;,&quot;ind&quot;:{},&quot;spacing&quot;:{}},[&quot;span&quot;,{&quot;data-type&quot;:&quot;text&quot;},[&quot;span&quot;,{&quot;data-type&quot;:&quot;leaf&quot;},&quot;&quot;]]],[&quot;p&quot;,{&quot;list&quot;:{&quot;listId&quot;:&quot;d5avk67hfn4&quot;,&quot;isOrdered&quot;:false,&quot;level&quot;:0,&quot;listStyle&quot;:{&quot;format&quot;:&quot;bullet&quot;,&quot;text&quot;:&quot;\u25cf&quot;,&quot;align&quot;:&quot;left&quot;}},&quot;jc&quot;:&quot;left&quot;,&quot;spacing&quot;:{}},[&quot;span&quot;,{&quot;data-type&quot;:&quot;text&quot;},[&quot;span&quot;,{&quot;color&quot;:&quot;rgb(15, 17, 17)&quot;,&quot;sz&quot;:11.5,&quot;szUnit&quot;:&quot;pt&quot;,&quot;data-type&quot;:&quot;leaf&quot;},&quot;\u3010Capacidad\u00a0Grande\u301114.5\u00a0\u00d7\u00a035\u00a0\u00d7\u00a010\u00a0cm&quot;]]],[&quot;p&quot;,{&quot;jc&quot;:&quot;left&quot;,&quot;ind&quot;:{},&quot;spacing&quot;:{}},[&quot;span&quot;,{&quot;data-type&quot;:&quot;text&quot;},[&quot;span&quot;,{&quot;data-type&quot;:&quot;leaf&quot;},&quot;&quot;]]],[&quot;p&quot;,{&quot;list&quot;:{&quot;listId&quot;:&quot;i2gajn82a7&quot;,&quot;isOrdered&quot;:false,&quot;level&quot;:0,&quot;listStyle&quot;:{&quot;format&quot;:&quot;bullet&quot;,&quot;text&quot;:&quot;\u25cf&quot;,&quot;align&quot;:&quot;left&quot;}},&quot;jc&quot;:&quot;left&quot;,&quot;spacing&quot;:{}},[&quot;span&quot;,{&quot;data-type&quot;:&quot;text&quot;},[&quot;span&quot;,{&quot;color&quot;:&quot;rgb(15, 17, 17)&quot;,&quot;sz&quot;:11.5,&quot;szUnit&quot;:&quot;pt&quot;,&quot;data-type&quot;:&quot;leaf&quot;},&quot;\u3010Construcci\u00f3n\u00a0S\u00f3lida\u3011Hecho\u00a0de\u00a0plastico\u00a0de\u00a0calidad\u00a0resistente\u00a0a\u00a0roturas;\u00a0sin\u00a0BPA;\u00a0ofrece\u00a0durabilidad\u00a0a\u00a0largo\u00a0plazo&quot;]]],[&quot;p&quot;,{&quot;jc&quot;:&quot;left&quot;,&quot;ind&quot;:{},&quot;spacing&quot;:{}},[&quot;span&quot;,{&quot;data-type&quot;:&quot;text&quot;},[&quot;span&quot;,{&quot;data-type&quot;:&quot;leaf&quot;},&quot;&quot;]]],[&quot;p&quot;,{&quot;list&quot;:{&quot;listId&quot;:&quot;062y9fvh60an&quot;,&quot;isOrdered&quot;:false,&quot;level&quot;:0,&quot;listStyle&quot;:{&quot;format&quot;:&quot;bullet&quot;,&quot;text&quot;:&quot;\u25cf&quot;,&quot;align&quot;:&quot;left&quot;}},&quot;jc&quot;:&quot;left&quot;,&quot;spacing&quot;:{}},[&quot;span&quot;,{&quot;data-type&quot;:&quot;text&quot;},[&quot;span&quot;,{&quot;color&quot;:&quot;rgb(15, 17, 17)&quot;,&quot;sz&quot;:11.5,&quot;szUnit&quot;:&quot;pt&quot;,&quot;data-type&quot;:&quot;leaf&quot;},&quot;\u3010Apilable\u3011\u00a0F\u00e1cil\u00a0de\u00a0almacenar\u00a0cuando\u00a0no\u00a0se\u00a0usa,\u00a0ahorra\u00a0espacio&quot;]]],[&quot;p&quot;,{&quot;jc&quot;:&quot;left&quot;,&quot;ind&quot;:{},&quot;spacing&quot;:{}},[&quot;span&quot;,{&quot;data-type&quot;:&quot;text&quot;},[&quot;span&quot;,{&quot;data-type&quot;:&quot;leaf&quot;},&quot;&quot;]]],[&quot;p&quot;,{&quot;list&quot;:{&quot;listId&quot;:&quot;s5qg28f1vyc&quot;,&quot;isOrdered&quot;:false,&quot;level&quot;:0,&quot;listStyle&quot;:{&quot;format&quot;:&quot;bullet&quot;,&quot;text&quot;:&quot;\u25cf&quot;,&quot;align&quot;:&quot;left&quot;}},&quot;jc&quot;:&quot;left&quot;,&quot;spacing&quot;:{}},[&quot;span&quot;,{&quot;data-type&quot;:&quot;text&quot;},[&quot;span&quot;,{&quot;color&quot;:&quot;rgb(15, 17, 17)&quot;,&quot;sz&quot;:11.5,&quot;szUnit&quot;:&quot;pt&quot;,&quot;data-type&quot;:&quot;leaf&quot;},&quot;\u3010Otros\u00a0detalles\u3011\u00a0OJOS:\u00a0No\u00a0apto\u00a0para\u00a0lavavajillas.\u00a0El\u00a0asa\u00a0funcional\u00a0facilita\u00a0el\u00a0movimiento\u00a0de\u00a0las\u00a0cajas;\u00a0Los\u00a0pies\u00a0antideslizantes\u00a0fijan\u00a0la\u00a0caja\u00a0de\u00a0forma\u00a0segura\u00a0en\u00a0su\u00a0lugar&quot;]]],[&quot;p&quot;,{&quot;jc&quot;:&quot;left&quot;,&quot;ind&quot;:{},&quot;spacing&quot;:{}},[&quot;span&quot;,{&quot;data-type&quot;:&quot;text&quot;},[&quot;span&quot;,{&quot;data-type&quot;:&quot;leaf&quot;},&quot;&quot;]]],[&quot;p&quot;,{&quot;jc&quot;:&quot;left&quot;,&quot;ind&quot;:{},&quot;spacing&quot;:{}},[&quot;span&quot;,{&quot;data-type&quot;:&quot;text&quot;},[&quot;span&quot;,{&quot;data-type&quot;:&quot;leaf&quot;},&quot;&quot;]]],[&quot;p&quot;,{&quot;jc&quot;:&quot;left&quot;,&quot;ind&quot;:{},&quot;spacing&quot;:{}},[&quot;span&quot;,{&quot;data-type&quot;:&quot;text&quot;},[&quot;span&quot;,{&quot;data-type&quot;:&quot;leaf&quot;},&quot;&quot;]],[&quot;img&quot;,{&quot;src&quot;:&quot;https:\/\/fb-es.mrvcdn.com\/kf\/E9e37aecdc9eb4c13a6f0ea5b0044d656d.jpg&quot;,&quot;style&quot;:&quot;width:1284px;height:1284px;display:inline;vertical-align:middle&quot;,&quot;width&quot;:1284,&quot;height&quot;:1284},[&quot;span&quot;,{&quot;data-type&quot;:&quot;text&quot;},[&quot;span&quot;,{&quot;data-type&quot;:&quot;leaf&quot;},&quot;&quot;]]],[&quot;span&quot;,{&quot;data-type&quot;:&quot;text&quot;},[&quot;span&quot;,{&quot;color&quot;:&quot;rgb(15, 17, 17)&quot;,&quot;sz&quot;:11.5,&quot;szUnit&quot;:&quot;pt&quot;,&quot;data-type&quot;:&quot;leaf&quot;},&quot;\u00a0&quot;]]],[&quot;p&quot;,{&quot;jc&quot;:&quot;left&quot;,&quot;ind&quot;:{},&quot;spacing&quot;:{}},[&quot;span&quot;,{&quot;data-type&quot;:&quot;text&quot;},[&quot;span&quot;,{&quot;data-type&quot;:&quot;leaf&quot;},&quot;&quot;]]]]\">\u200b \u200b<\/p>\n<div><\/div>\n<p>&nbsp;<\/p>\n<p>&nbsp;<\/p>\n<p><img decoding=\"async\" src=\"https:\/\/fb-es.mrvcdn.com\/kf\/E9e37aecdc9eb4c13a6f0ea5b0044d656d.jpg\" \/><\/p>\n<p>&nbsp;<\/p>\n<\/article>\n","protected":false},"excerpt":{"rendered":"<h3>Acerca\u00a0de\u00a0este\u00a0art\u00edculo<\/h3>\n<p>&nbsp;<\/p>\n<ul>\n<li>\n<div>\u3010Multi-uso\u3011Dise\u00f1ado\u00a0para\u00a0organizar\u00a0la\u00a0nevera,\u00a0tambi\u00e9n\u00a0se\u00a0puede\u00a0usar\u00a0para\u00a0organizar\u00a0el\u00a0armario\u00a0de\u00a0cocina,\u00a0el\u00a0gabinete,\u00a0los\u00a0cosm\u00e9ticos,\u00a0los\u00a0art\u00edculos\u00a0de\u00a0tocador,\u00a0los\u00a0medicamentos,\u00a0o\u00a0cualquier\u00a0cosa\u00a0que\u00a0desee<\/div>\n<\/li>\n<\/ul>\n<p>&nbsp;<\/p>\n<ul>\n<li>\n<div>\u3010Capacidad\u00a0Grande\u301114.5\u00a0\u00d7\u00a035\u00a0\u00d7\u00a010\u00a0cm<\/div>\n<\/li>\n<\/ul>\n<p>&nbsp;<\/p>\n<ul>\n<li>\n<div>\u3010Construcci\u00f3n\u00a0S\u00f3lida\u3011Hecho\u00a0de\u00a0plastico\u00a0de\u00a0calidad\u00a0resistente\u00a0a\u00a0roturas;\u00a0sin\u00a0BPA;\u00a0ofrece\u00a0durabilidad\u00a0a\u00a0largo\u00a0plazo<\/div>\n<\/li>\n<\/ul>\n<p>&nbsp;<\/p>\n<ul>\n<li>\n<div>\u3010Apilable\u3011\u00a0F\u00e1cil\u00a0de\u00a0almacenar\u00a0cuando\u00a0no\u00a0se\u00a0usa,\u00a0ahorra\u00a0espacio<\/div>\n<\/li>\n<\/ul>\n<p>&nbsp;<\/p>\n<ul>\n<li>\n<div>\u3010Otros\u00a0detalles\u3011\u00a0OJOS:\u00a0No\u00a0apto\u00a0para\u00a0lavavajillas.\u00a0El\u00a0asa\u00a0funcional\u00a0facilita\u00a0el\u00a0movimiento\u00a0de\u00a0las\u00a0cajas;\u00a0Los\u00a0pies\u00a0antideslizantes\u00a0fijan\u00a0la\u00a0caja\u00a0de\u00a0forma\u00a0segura\u00a0en\u00a0su\u00a0lugar<\/div>\n<\/li>\n<\/ul>\n","protected":false},"featured_media":15061,"comment_status":"closed","ping_status":"closed","template":"","meta":[],"product_cat":[397],"product_tag":[538,430,483],"class_list":{"0":"post-15051","1":"product","2":"type-product","3":"status-publish","4":"has-post-thumbnail","6":"product_cat-cocina-2","7":"product_tag-alimentos","8":"product_tag-cocina","9":"product_tag-organizador","10":"product_brand-generico","12":"first","13":"instock","14":"sale","15":"shipping-taxable","16":"purchasable","17":"product-type-variable","18":"rtwpvs-product"},"yoast_head":"<!-- This site is optimized with the Yoast SEO plugin v23.5 - https:\/\/yoast.com\/wordpress\/plugins\/seo\/ -->\n<title>Portalata de pl\u00e1stico, organizador de nevera, separador de bebidas, soporte para latas, dispensador de botellas de soda, organizador de cocina, mesa, oficina, inodoro, ba\u00f1o. - Merca Babel Productos de importaci\u00f3n en oferta: peque\u00f1os electrodom\u00e9sticos, electr\u00f3nica y productos de hogar<\/title>\n<meta name=\"robots\" content=\"index, follow, max-snippet:-1, max-image-preview:large, max-video-preview:-1\" \/>\n<link rel=\"canonical\" href=\"https:\/\/www.mercababel.com\/producto\/portalata-de-plastico-organizador-de-nevera-separador-de-bebidas-soporte-para-latas-dispensador-de-botellas-de-soda-organizador-de-cocina-mesa-oficina-inodoro-bano\/\" \/>\n<meta property=\"og:locale\" content=\"en_US\" \/>\n<meta property=\"og:type\" content=\"article\" \/>\n<meta property=\"og:title\" content=\"Portalata de pl\u00e1stico, organizador de nevera, separador de bebidas, soporte para latas, dispensador de botellas de soda, organizador de cocina, mesa, oficina, inodoro, ba\u00f1o. - Merca Babel Productos de importaci\u00f3n en oferta: peque\u00f1os electrodom\u00e9sticos, electr\u00f3nica y productos de hogar\" \/>\n<meta property=\"og:description\" content=\"Acerca\u00a0de\u00a0este\u00a0art\u00edculo &nbsp;    \u3010Multi-uso\u3011Dise\u00f1ado\u00a0para\u00a0organizar\u00a0la\u00a0nevera,\u00a0tambi\u00e9n\u00a0se\u00a0puede\u00a0usar\u00a0para\u00a0organizar\u00a0el\u00a0armario\u00a0de\u00a0cocina,\u00a0el\u00a0gabinete,\u00a0los\u00a0cosm\u00e9ticos,\u00a0los\u00a0art\u00edculos\u00a0de\u00a0tocador,\u00a0los\u00a0medicamentos,\u00a0o\u00a0cualquier\u00a0cosa\u00a0que\u00a0desee  &nbsp;    \u3010Capacidad\u00a0Grande\u301114.5\u00a0\u00d7\u00a035\u00a0\u00d7\u00a010\u00a0cm  &nbsp;    \u3010Construcci\u00f3n\u00a0S\u00f3lida\u3011Hecho\u00a0de\u00a0plastico\u00a0de\u00a0calidad\u00a0resistente\u00a0a\u00a0roturas;\u00a0sin\u00a0BPA;\u00a0ofrece\u00a0durabilidad\u00a0a\u00a0largo\u00a0plazo  &nbsp;    \u3010Apilable\u3011\u00a0F\u00e1cil\u00a0de\u00a0almacenar\u00a0cuando\u00a0no\u00a0se\u00a0usa,\u00a0ahorra\u00a0espacio  &nbsp;    \u3010Otros\u00a0detalles\u3011\u00a0OJOS:\u00a0No\u00a0apto\u00a0para\u00a0lavavajillas.\u00a0El\u00a0asa\u00a0funcional\u00a0facilita\u00a0el\u00a0movimiento\u00a0de\u00a0las\u00a0cajas;\u00a0Los\u00a0pies\u00a0antideslizantes\u00a0fijan\u00a0la\u00a0caja\u00a0de\u00a0forma\u00a0segura\u00a0en\u00a0su\u00a0lugar\" \/>\n<meta property=\"og:url\" content=\"https:\/\/www.mercababel.com\/producto\/portalata-de-plastico-organizador-de-nevera-separador-de-bebidas-soporte-para-latas-dispensador-de-botellas-de-soda-organizador-de-cocina-mesa-oficina-inodoro-bano\/\" \/>\n<meta property=\"og:site_name\" content=\"Merca Babel Productos de importaci\u00f3n en oferta: peque\u00f1os electrodom\u00e9sticos, electr\u00f3nica y productos de hogar\" \/>\n<meta property=\"og:image\" content=\"https:\/\/www.mercababel.com\/wp-content\/uploads\/2025\/03\/PF-BELAY-FRIGO-004.webp\" \/>\n\t<meta property=\"og:image:width\" content=\"1284\" \/>\n\t<meta property=\"og:image:height\" content=\"1284\" \/>\n\t<meta property=\"og:image:type\" content=\"image\/webp\" \/>\n<meta name=\"twitter:card\" content=\"summary_large_image\" \/>\n<meta name=\"twitter:label1\" content=\"Est. reading time\" \/>\n\t<meta name=\"twitter:data1\" content=\"1 minute\" \/>\n<script type=\"application\/ld+json\" class=\"yoast-schema-graph\">{\"@context\":\"https:\/\/schema.org\",\"@graph\":[{\"@type\":\"WebPage\",\"@id\":\"https:\/\/www.mercababel.com\/producto\/portalata-de-plastico-organizador-de-nevera-separador-de-bebidas-soporte-para-latas-dispensador-de-botellas-de-soda-organizador-de-cocina-mesa-oficina-inodoro-bano\/\",\"url\":\"https:\/\/www.mercababel.com\/producto\/portalata-de-plastico-organizador-de-nevera-separador-de-bebidas-soporte-para-latas-dispensador-de-botellas-de-soda-organizador-de-cocina-mesa-oficina-inodoro-bano\/\",\"name\":\"Portalata de pl\u00e1stico, organizador de nevera, separador de bebidas, soporte para latas, dispensador de botellas de soda, organizador de cocina, mesa, oficina, inodoro, ba\u00f1o. - Merca Babel Productos de importaci\u00f3n en oferta: peque\u00f1os electrodom\u00e9sticos, electr\u00f3nica y productos de hogar\",\"isPartOf\":{\"@id\":\"https:\/\/www.mercababel.com\/#website\"},\"primaryImageOfPage\":{\"@id\":\"https:\/\/www.mercababel.com\/producto\/portalata-de-plastico-organizador-de-nevera-separador-de-bebidas-soporte-para-latas-dispensador-de-botellas-de-soda-organizador-de-cocina-mesa-oficina-inodoro-bano\/#primaryimage\"},\"image\":{\"@id\":\"https:\/\/www.mercababel.com\/producto\/portalata-de-plastico-organizador-de-nevera-separador-de-bebidas-soporte-para-latas-dispensador-de-botellas-de-soda-organizador-de-cocina-mesa-oficina-inodoro-bano\/#primaryimage\"},\"thumbnailUrl\":\"https:\/\/www.mercababel.com\/wp-content\/uploads\/2025\/03\/PF-BELAY-FRIGO-004.webp\",\"datePublished\":\"2025-03-06T10:25:07+00:00\",\"dateModified\":\"2025-03-06T10:25:07+00:00\",\"breadcrumb\":{\"@id\":\"https:\/\/www.mercababel.com\/producto\/portalata-de-plastico-organizador-de-nevera-separador-de-bebidas-soporte-para-latas-dispensador-de-botellas-de-soda-organizador-de-cocina-mesa-oficina-inodoro-bano\/#breadcrumb\"},\"inLanguage\":\"en-US\",\"potentialAction\":[{\"@type\":\"ReadAction\",\"target\":[\"https:\/\/www.mercababel.com\/producto\/portalata-de-plastico-organizador-de-nevera-separador-de-bebidas-soporte-para-latas-dispensador-de-botellas-de-soda-organizador-de-cocina-mesa-oficina-inodoro-bano\/\"]}]},{\"@type\":\"ImageObject\",\"inLanguage\":\"en-US\",\"@id\":\"https:\/\/www.mercababel.com\/producto\/portalata-de-plastico-organizador-de-nevera-separador-de-bebidas-soporte-para-latas-dispensador-de-botellas-de-soda-organizador-de-cocina-mesa-oficina-inodoro-bano\/#primaryimage\",\"url\":\"https:\/\/www.mercababel.com\/wp-content\/uploads\/2025\/03\/PF-BELAY-FRIGO-004.webp\",\"contentUrl\":\"https:\/\/www.mercababel.com\/wp-content\/uploads\/2025\/03\/PF-BELAY-FRIGO-004.webp\",\"width\":1284,\"height\":1284},{\"@type\":\"BreadcrumbList\",\"@id\":\"https:\/\/www.mercababel.com\/producto\/portalata-de-plastico-organizador-de-nevera-separador-de-bebidas-soporte-para-latas-dispensador-de-botellas-de-soda-organizador-de-cocina-mesa-oficina-inodoro-bano\/#breadcrumb\",\"itemListElement\":[{\"@type\":\"ListItem\",\"position\":1,\"name\":\"Portada\",\"item\":\"https:\/\/www.mercababel.com\/\"},{\"@type\":\"ListItem\",\"position\":2,\"name\":\"Shop\",\"item\":\"https:\/\/www.mercababel.com\/en\/shop\/\"},{\"@type\":\"ListItem\",\"position\":3,\"name\":\"Portalata de pl\u00e1stico, organizador de nevera, separador de bebidas, soporte para latas, dispensador de botellas de soda, organizador de cocina, mesa, oficina, inodoro, ba\u00f1o.\"}]},{\"@type\":\"WebSite\",\"@id\":\"https:\/\/www.mercababel.com\/#website\",\"url\":\"https:\/\/www.mercababel.com\/\",\"name\":\"Merca Babel Productos de importaci\u00f3n en oferta: peque\u00f1os electrodom\u00e9sticos, electr\u00f3nica y productos de hogar\",\"description\":\"Productos de importaci\u00f3n en oferta\",\"potentialAction\":[{\"@type\":\"SearchAction\",\"target\":{\"@type\":\"EntryPoint\",\"urlTemplate\":\"https:\/\/www.mercababel.com\/?s={search_term_string}\"},\"query-input\":{\"@type\":\"PropertyValueSpecification\",\"valueRequired\":true,\"valueName\":\"search_term_string\"}}],\"inLanguage\":\"en-US\"}]}<\/script>\n<!-- \/ Yoast SEO plugin. -->","yoast_head_json":{"title":"Portalata de pl\u00e1stico, organizador de nevera, separador de bebidas, soporte para latas, dispensador de botellas de soda, organizador de cocina, mesa, oficina, inodoro, ba\u00f1o. - Merca Babel Productos de importaci\u00f3n en oferta: peque\u00f1os electrodom\u00e9sticos, electr\u00f3nica y productos de hogar","robots":{"index":"index","follow":"follow","max-snippet":"max-snippet:-1","max-image-preview":"max-image-preview:large","max-video-preview":"max-video-preview:-1"},"canonical":"https:\/\/www.mercababel.com\/producto\/portalata-de-plastico-organizador-de-nevera-separador-de-bebidas-soporte-para-latas-dispensador-de-botellas-de-soda-organizador-de-cocina-mesa-oficina-inodoro-bano\/","og_locale":"en_US","og_type":"article","og_title":"Portalata de pl\u00e1stico, organizador de nevera, separador de bebidas, soporte para latas, dispensador de botellas de soda, organizador de cocina, mesa, oficina, inodoro, ba\u00f1o. - Merca Babel Productos de importaci\u00f3n en oferta: peque\u00f1os electrodom\u00e9sticos, electr\u00f3nica y productos de hogar","og_description":"Acerca\u00a0de\u00a0este\u00a0art\u00edculo &nbsp;    \u3010Multi-uso\u3011Dise\u00f1ado\u00a0para\u00a0organizar\u00a0la\u00a0nevera,\u00a0tambi\u00e9n\u00a0se\u00a0puede\u00a0usar\u00a0para\u00a0organizar\u00a0el\u00a0armario\u00a0de\u00a0cocina,\u00a0el\u00a0gabinete,\u00a0los\u00a0cosm\u00e9ticos,\u00a0los\u00a0art\u00edculos\u00a0de\u00a0tocador,\u00a0los\u00a0medicamentos,\u00a0o\u00a0cualquier\u00a0cosa\u00a0que\u00a0desee  &nbsp;    \u3010Capacidad\u00a0Grande\u301114.5\u00a0\u00d7\u00a035\u00a0\u00d7\u00a010\u00a0cm  &nbsp;    \u3010Construcci\u00f3n\u00a0S\u00f3lida\u3011Hecho\u00a0de\u00a0plastico\u00a0de\u00a0calidad\u00a0resistente\u00a0a\u00a0roturas;\u00a0sin\u00a0BPA;\u00a0ofrece\u00a0durabilidad\u00a0a\u00a0largo\u00a0plazo  &nbsp;    \u3010Apilable\u3011\u00a0F\u00e1cil\u00a0de\u00a0almacenar\u00a0cuando\u00a0no\u00a0se\u00a0usa,\u00a0ahorra\u00a0espacio  &nbsp;    \u3010Otros\u00a0detalles\u3011\u00a0OJOS:\u00a0No\u00a0apto\u00a0para\u00a0lavavajillas.\u00a0El\u00a0asa\u00a0funcional\u00a0facilita\u00a0el\u00a0movimiento\u00a0de\u00a0las\u00a0cajas;\u00a0Los\u00a0pies\u00a0antideslizantes\u00a0fijan\u00a0la\u00a0caja\u00a0de\u00a0forma\u00a0segura\u00a0en\u00a0su\u00a0lugar","og_url":"https:\/\/www.mercababel.com\/producto\/portalata-de-plastico-organizador-de-nevera-separador-de-bebidas-soporte-para-latas-dispensador-de-botellas-de-soda-organizador-de-cocina-mesa-oficina-inodoro-bano\/","og_site_name":"Merca Babel Productos de importaci\u00f3n en oferta: peque\u00f1os electrodom\u00e9sticos, electr\u00f3nica y productos de hogar","og_image":[{"width":1284,"height":1284,"url":"https:\/\/www.mercababel.com\/wp-content\/uploads\/2025\/03\/PF-BELAY-FRIGO-004.webp","type":"image\/webp"}],"twitter_card":"summary_large_image","twitter_misc":{"Est. reading time":"1 minute"},"schema":{"@context":"https:\/\/schema.org","@graph":[{"@type":"WebPage","@id":"https:\/\/www.mercababel.com\/producto\/portalata-de-plastico-organizador-de-nevera-separador-de-bebidas-soporte-para-latas-dispensador-de-botellas-de-soda-organizador-de-cocina-mesa-oficina-inodoro-bano\/","url":"https:\/\/www.mercababel.com\/producto\/portalata-de-plastico-organizador-de-nevera-separador-de-bebidas-soporte-para-latas-dispensador-de-botellas-de-soda-organizador-de-cocina-mesa-oficina-inodoro-bano\/","name":"Portalata de pl\u00e1stico, organizador de nevera, separador de bebidas, soporte para latas, dispensador de botellas de soda, organizador de cocina, mesa, oficina, inodoro, ba\u00f1o. - Merca Babel Productos de importaci\u00f3n en oferta: peque\u00f1os electrodom\u00e9sticos, electr\u00f3nica y productos de hogar","isPartOf":{"@id":"https:\/\/www.mercababel.com\/#website"},"primaryImageOfPage":{"@id":"https:\/\/www.mercababel.com\/producto\/portalata-de-plastico-organizador-de-nevera-separador-de-bebidas-soporte-para-latas-dispensador-de-botellas-de-soda-organizador-de-cocina-mesa-oficina-inodoro-bano\/#primaryimage"},"image":{"@id":"https:\/\/www.mercababel.com\/producto\/portalata-de-plastico-organizador-de-nevera-separador-de-bebidas-soporte-para-latas-dispensador-de-botellas-de-soda-organizador-de-cocina-mesa-oficina-inodoro-bano\/#primaryimage"},"thumbnailUrl":"https:\/\/www.mercababel.com\/wp-content\/uploads\/2025\/03\/PF-BELAY-FRIGO-004.webp","datePublished":"2025-03-06T10:25:07+00:00","dateModified":"2025-03-06T10:25:07+00:00","breadcrumb":{"@id":"https:\/\/www.mercababel.com\/producto\/portalata-de-plastico-organizador-de-nevera-separador-de-bebidas-soporte-para-latas-dispensador-de-botellas-de-soda-organizador-de-cocina-mesa-oficina-inodoro-bano\/#breadcrumb"},"inLanguage":"en-US","potentialAction":[{"@type":"ReadAction","target":["https:\/\/www.mercababel.com\/producto\/portalata-de-plastico-organizador-de-nevera-separador-de-bebidas-soporte-para-latas-dispensador-de-botellas-de-soda-organizador-de-cocina-mesa-oficina-inodoro-bano\/"]}]},{"@type":"ImageObject","inLanguage":"en-US","@id":"https:\/\/www.mercababel.com\/producto\/portalata-de-plastico-organizador-de-nevera-separador-de-bebidas-soporte-para-latas-dispensador-de-botellas-de-soda-organizador-de-cocina-mesa-oficina-inodoro-bano\/#primaryimage","url":"https:\/\/www.mercababel.com\/wp-content\/uploads\/2025\/03\/PF-BELAY-FRIGO-004.webp","contentUrl":"https:\/\/www.mercababel.com\/wp-content\/uploads\/2025\/03\/PF-BELAY-FRIGO-004.webp","width":1284,"height":1284},{"@type":"BreadcrumbList","@id":"https:\/\/www.mercababel.com\/producto\/portalata-de-plastico-organizador-de-nevera-separador-de-bebidas-soporte-para-latas-dispensador-de-botellas-de-soda-organizador-de-cocina-mesa-oficina-inodoro-bano\/#breadcrumb","itemListElement":[{"@type":"ListItem","position":1,"name":"Portada","item":"https:\/\/www.mercababel.com\/"},{"@type":"ListItem","position":2,"name":"Shop","item":"https:\/\/www.mercababel.com\/en\/shop\/"},{"@type":"ListItem","position":3,"name":"Portalata de pl\u00e1stico, organizador de nevera, separador de bebidas, soporte para latas, dispensador de botellas de soda, organizador de cocina, mesa, oficina, inodoro, ba\u00f1o."}]},{"@type":"WebSite","@id":"https:\/\/www.mercababel.com\/#website","url":"https:\/\/www.mercababel.com\/","name":"Merca Babel Productos de importaci\u00f3n en oferta: peque\u00f1os electrodom\u00e9sticos, electr\u00f3nica y productos de hogar","description":"Productos de importaci\u00f3n en oferta","potentialAction":[{"@type":"SearchAction","target":{"@type":"EntryPoint","urlTemplate":"https:\/\/www.mercababel.com\/?s={search_term_string}"},"query-input":{"@type":"PropertyValueSpecification","valueRequired":true,"valueName":"search_term_string"}}],"inLanguage":"en-US"}]}},"_links":{"self":[{"href":"https:\/\/www.mercababel.com\/en\/wp-json\/wp\/v2\/product\/15051","targetHints":{"allow":["GET"]}}],"collection":[{"href":"https:\/\/www.mercababel.com\/en\/wp-json\/wp\/v2\/product"}],"about":[{"href":"https:\/\/www.mercababel.com\/en\/wp-json\/wp\/v2\/types\/product"}],"replies":[{"embeddable":true,"href":"https:\/\/www.mercababel.com\/en\/wp-json\/wp\/v2\/comments?post=15051"}],"version-history":[{"count":1,"href":"https:\/\/www.mercababel.com\/en\/wp-json\/wp\/v2\/product\/15051\/revisions"}],"predecessor-version":[{"id":15063,"href":"https:\/\/www.mercababel.com\/en\/wp-json\/wp\/v2\/product\/15051\/revisions\/15063"}],"wp:featuredmedia":[{"embeddable":true,"href":"https:\/\/www.mercababel.com\/en\/wp-json\/wp\/v2\/media\/15061"}],"wp:attachment":[{"href":"https:\/\/www.mercababel.com\/en\/wp-json\/wp\/v2\/media?parent=15051"}],"wp:term":[{"taxonomy":"product_cat","embeddable":true,"href":"https:\/\/www.mercababel.com\/en\/wp-json\/wp\/v2\/product_cat?post=15051"},{"taxonomy":"product_tag","embeddable":true,"href":"https:\/\/www.mercababel.com\/en\/wp-json\/wp\/v2\/product_tag?post=15051"}],"curies":[{"name":"wp","href":"https:\/\/api.w.org\/{rel}","templated":true}]}}