{"id":14929,"date":"2025-03-06T09:26:37","date_gmt":"2025-03-06T09:26:37","guid":{"rendered":"https:\/\/www.mercababel.com\/?post_type=product&#038;p=14929"},"modified":"2025-03-06T09:26:37","modified_gmt":"2025-03-06T09:26:37","slug":"grifo-de-bano-monomando-grifo-con-acabado-cromado-mezclador-agua-fria-y-caliente-boquilla-fija-grifo-ideal-para-bide-lavabo-bano-alto-105-cm-x-profundo-135-cm","status":"publish","type":"product","link":"https:\/\/www.mercababel.com\/en\/producto\/grifo-de-bano-monomando-grifo-con-acabado-cromado-mezclador-agua-fria-y-caliente-boquilla-fija-grifo-ideal-para-bide-lavabo-bano-alto-105-cm-x-profundo-135-cm\/","title":{"rendered":"Grifo de Ba\u00f1o Monomando &#8211; Grifo con Acabado Cromado &#8211; Mezclador Agua Fr\u00eda y Caliente &#8211; Boquilla Fija &#8211; Grifo Ideal para Bid\u00e9, Lavabo Ba\u00f1o &#8211; Alto 10,5 cm x Profundo 13,5 cm"},"content":{"rendered":"<article class=\"4ever-article\" data-clipboard-cangjie=\"[&quot;root&quot;,{&quot;copyFrom&quot;:1821447655},[&quot;h1&quot;,{&quot;jc&quot;:&quot;left&quot;,&quot;ind&quot;:{},&quot;spacing&quot;:{}},[&quot;span&quot;,{&quot;data-type&quot;:&quot;text&quot;},[&quot;span&quot;,{&quot;bold&quot;:true,&quot;color&quot;:&quot;rgb(15, 17, 17)&quot;,&quot;sz&quot;:12,&quot;szUnit&quot;:&quot;pt&quot;,&quot;data-type&quot;:&quot;leaf&quot;},&quot;Acerca\u00a0de\u00a0este\u00a0producto&quot;]]],[&quot;p&quot;,{&quot;list&quot;:{&quot;listId&quot;:&quot;h5f8hwirqyt&quot;,&quot;isOrdered&quot;:false,&quot;level&quot;:0,&quot;listStyle&quot;:{&quot;format&quot;:&quot;bullet&quot;,&quot;text&quot;:&quot;\u25cf&quot;,&quot;align&quot;:&quot;left&quot;}},&quot;jc&quot;:&quot;left&quot;,&quot;spacing&quot;:{}},[&quot;span&quot;,{&quot;data-type&quot;:&quot;text&quot;},[&quot;span&quot;,{&quot;color&quot;:&quot;rgb(15, 17, 17)&quot;,&quot;sz&quot;:10.5,&quot;szUnit&quot;:&quot;pt&quot;,&quot;data-type&quot;:&quot;leaf&quot;},&quot;GRIFO\u00a0MONOMANDO\u00a0BA\u00d1ERA-DUCHA\u00a0MEDITERR\u00c1NEO\u00a0Los\u00a0grifos,\u00a0ya\u00a0sean\u00a0de\u00a0cocina,\u00a0lavabo\u00a0o\u00a0ducha,\u00a0son\u00a0un\u00a0accesorio\u00a0necesario\u00a0y\u00a0\u00fatil\u00a0del\u00a0hogar\u00a0que\u00a0adem\u00e1s\u00a0puede\u00a0darle\u00a0mucho\u00a0estilo\u00a0a\u00a0tu\u00a0estancia.&quot;]]],[&quot;p&quot;,{&quot;list&quot;:{&quot;listId&quot;:&quot;h5f8hwirqyt&quot;,&quot;isOrdered&quot;:false,&quot;level&quot;:0,&quot;listStyle&quot;:{&quot;format&quot;:&quot;bullet&quot;,&quot;text&quot;:&quot;\u25cf&quot;,&quot;align&quot;:&quot;left&quot;}},&quot;jc&quot;:&quot;left&quot;,&quot;spacing&quot;:{}},[&quot;span&quot;,{&quot;data-type&quot;:&quot;text&quot;},[&quot;span&quot;,{&quot;color&quot;:&quot;rgb(15, 17, 17)&quot;,&quot;sz&quot;:10.5,&quot;szUnit&quot;:&quot;pt&quot;,&quot;data-type&quot;:&quot;leaf&quot;},&quot;GRIFO\u00a0PARA\u00a0BA\u00d1O:\u00a0Este\u00a0grifo\u00a0de\u00a0bid\u00e9\u00a0con\u00a0mango\u00a0fabricado\u00a0en\u00a0zinc,\u00a0cuerpo\u00a0fabricado\u00a0en\u00a0zinc\u00a0de\u00a0395\u00a0g,\u00a0cartucho\u00a0cer\u00e1mico\u00a0y\u00a0acabado\u00a0cromado\u00a0es\u00a0ideal\u00a0para\u00a0cualquier\u00a0estilo.&quot;]]],[&quot;p&quot;,{&quot;list&quot;:{&quot;listId&quot;:&quot;h5f8hwirqyt&quot;,&quot;isOrdered&quot;:false,&quot;level&quot;:0,&quot;listStyle&quot;:{&quot;format&quot;:&quot;bullet&quot;,&quot;text&quot;:&quot;\u25cf&quot;,&quot;align&quot;:&quot;left&quot;}},&quot;jc&quot;:&quot;left&quot;,&quot;spacing&quot;:{}},[&quot;span&quot;,{&quot;data-type&quot;:&quot;text&quot;},[&quot;span&quot;,{&quot;color&quot;:&quot;rgb(15, 17, 17)&quot;,&quot;sz&quot;:10.5,&quot;szUnit&quot;:&quot;pt&quot;,&quot;data-type&quot;:&quot;leaf&quot;},&quot;PR\u00c1CTICO:\u00a0Con\u00a0un\u00a0asa\u00a0de\u00a0suave\u00a0accionamiento\u00a0que\u00a0te\u00a0permite\u00a0regular\u00a0la\u00a0temperatura\u00a0y\u00a0caudal\u00a0de\u00a0agua.&quot;]]],[&quot;p&quot;,{&quot;list&quot;:{&quot;listId&quot;:&quot;h5f8hwirqyt&quot;,&quot;isOrdered&quot;:false,&quot;level&quot;:0,&quot;listStyle&quot;:{&quot;format&quot;:&quot;bullet&quot;,&quot;text&quot;:&quot;\u25cf&quot;,&quot;align&quot;:&quot;left&quot;}},&quot;jc&quot;:&quot;left&quot;,&quot;spacing&quot;:{}},[&quot;span&quot;,{&quot;data-type&quot;:&quot;text&quot;},[&quot;span&quot;,{&quot;color&quot;:&quot;rgb(15, 17, 17)&quot;,&quot;sz&quot;:10.5,&quot;szUnit&quot;:&quot;pt&quot;,&quot;data-type&quot;:&quot;leaf&quot;},&quot;SENCILLO:\u00a0Su\u00a0sencillo\u00a0dise\u00f1o\u00a0lo\u00a0hace\u00a0adecuado\u00a0para\u00a0cualquier\u00a0estilo.&quot;]]],[&quot;p&quot;,{&quot;list&quot;:{&quot;listId&quot;:&quot;h5f8hwirqyt&quot;,&quot;isOrdered&quot;:false,&quot;level&quot;:0,&quot;listStyle&quot;:{&quot;format&quot;:&quot;bullet&quot;,&quot;text&quot;:&quot;\u25cf&quot;,&quot;align&quot;:&quot;left&quot;}},&quot;jc&quot;:&quot;left&quot;,&quot;spacing&quot;:{}},[&quot;span&quot;,{&quot;data-type&quot;:&quot;text&quot;},[&quot;span&quot;,{&quot;color&quot;:&quot;rgb(15, 17, 17)&quot;,&quot;sz&quot;:10.5,&quot;szUnit&quot;:&quot;pt&quot;,&quot;data-type&quot;:&quot;leaf&quot;},&quot;F\u00c1CIL\u00a0DE\u00a0INSTALAR:\u00a0Nuestros\u00a0grifos\u00a0incluyen\u00a0accesorios\u00a0simples\u00a0y\u00a0duraderos\u00a0para\u00a0facilitar\u00a0su\u00a0colocaci\u00f3n\u00a0por\u00a0lo\u00a0que\u00a0podr\u00e1s\u00a0instalarlo\u00a0f\u00e1cilmente\u00a0de\u00a0acuerdo\u00a0con\u00a0las\u00a0instrucciones,\u00a0lo\u00a0que\u00a0ahorra\u00a0tiempo\u00a0y\u00a0esfuerzo.\u00a0Separacion\u00a0de\u00a0la\u00a0entrada\u00a0de\u00a0la\u00a0agua:\u00a014.5cm&quot;]]],[&quot;p&quot;,{&quot;jc&quot;:&quot;left&quot;,&quot;ind&quot;:{},&quot;spacing&quot;:{}},[&quot;span&quot;,{&quot;data-type&quot;:&quot;text&quot;},[&quot;span&quot;,{&quot;data-type&quot;:&quot;leaf&quot;},&quot;&quot;]]],[&quot;p&quot;,{&quot;jc&quot;:&quot;left&quot;,&quot;ind&quot;:{},&quot;spacing&quot;:{}},[&quot;span&quot;,{&quot;data-type&quot;:&quot;text&quot;},[&quot;span&quot;,{&quot;data-type&quot;:&quot;leaf&quot;},&quot;&quot;]]],[&quot;p&quot;,{&quot;jc&quot;:&quot;left&quot;,&quot;ind&quot;:{},&quot;spacing&quot;:{}},[&quot;span&quot;,{&quot;data-type&quot;:&quot;text&quot;},[&quot;span&quot;,{&quot;data-type&quot;:&quot;leaf&quot;},&quot;&quot;]],[&quot;img&quot;,{&quot;src&quot;:&quot;https:\/\/my-test-11.slatic.net\/p\/3750c1ca99a3b10407b14b3be8a5a89f.jpg&quot;,&quot;style&quot;:&quot;width:1500px;height:1460px;display:inline;vertical-align:middle&quot;,&quot;width&quot;:1500,&quot;height&quot;:1460},[&quot;span&quot;,{&quot;data-type&quot;:&quot;text&quot;},[&quot;span&quot;,{&quot;data-type&quot;:&quot;leaf&quot;},&quot;&quot;]]],[&quot;span&quot;,{&quot;data-type&quot;:&quot;text&quot;},[&quot;span&quot;,{&quot;color&quot;:&quot;rgb(15, 17, 17)&quot;,&quot;sz&quot;:10.5,&quot;szUnit&quot;:&quot;pt&quot;,&quot;data-type&quot;:&quot;leaf&quot;},&quot;\u00a0&quot;]]]]\">\n<div><\/div>\n<p>&nbsp;<\/p>\n<p>&nbsp;<\/p>\n<p><img decoding=\"async\" src=\"https:\/\/my-test-11.slatic.net\/p\/3750c1ca99a3b10407b14b3be8a5a89f.jpg\" \/><\/p>\n<\/article>\n","protected":false},"excerpt":{"rendered":"<h1>Acerca\u00a0de\u00a0este\u00a0producto<\/h1>\n<ul>\n<li>\n<div>GRIFO\u00a0MONOMANDO\u00a0BA\u00d1ERA-DUCHA\u00a0MEDITERR\u00c1NEO\u00a0Los\u00a0grifos,\u00a0ya\u00a0sean\u00a0de\u00a0cocina,\u00a0lavabo\u00a0o\u00a0ducha,\u00a0son\u00a0un\u00a0accesorio\u00a0necesario\u00a0y\u00a0\u00fatil\u00a0del\u00a0hogar\u00a0que\u00a0adem\u00e1s\u00a0puede\u00a0darle\u00a0mucho\u00a0estilo\u00a0a\u00a0tu\u00a0estancia.<\/div>\n<\/li>\n<li>\n<div>GRIFO\u00a0PARA\u00a0BA\u00d1O:\u00a0Este\u00a0grifo\u00a0de\u00a0bid\u00e9\u00a0con\u00a0mango\u00a0fabricado\u00a0en\u00a0zinc,\u00a0cuerpo\u00a0fabricado\u00a0en\u00a0zinc\u00a0de\u00a0395\u00a0g,\u00a0cartucho\u00a0cer\u00e1mico\u00a0y\u00a0acabado\u00a0cromado\u00a0es\u00a0ideal\u00a0para\u00a0cualquier\u00a0estilo.<\/div>\n<\/li>\n<li>\n<div>PR\u00c1CTICO:\u00a0Con\u00a0un\u00a0asa\u00a0de\u00a0suave\u00a0accionamiento\u00a0que\u00a0te\u00a0permite\u00a0regular\u00a0la\u00a0temperatura\u00a0y\u00a0caudal\u00a0de\u00a0agua.<\/div>\n<\/li>\n<li>\n<div>SENCILLO:\u00a0Su\u00a0sencillo\u00a0dise\u00f1o\u00a0lo\u00a0hace\u00a0adecuado\u00a0para\u00a0cualquier\u00a0estilo.<\/div>\n<\/li>\n<li>\n<div>F\u00c1CIL\u00a0DE\u00a0INSTALAR:\u00a0Nuestros\u00a0grifos\u00a0incluyen\u00a0accesorios\u00a0simples\u00a0y\u00a0duraderos\u00a0para\u00a0facilitar\u00a0su\u00a0colocaci\u00f3n\u00a0por\u00a0lo\u00a0que\u00a0podr\u00e1s\u00a0instalarlo\u00a0f\u00e1cilmente\u00a0de\u00a0acuerdo\u00a0con\u00a0las\u00a0instrucciones,\u00a0lo\u00a0que\u00a0ahorra\u00a0tiempo\u00a0y\u00a0esfuerzo.\u00a0Separacion\u00a0de\u00a0la\u00a0entrada\u00a0de\u00a0la\u00a0agua:\u00a014.5cm<\/div>\n<\/li>\n<\/ul>\n","protected":false},"featured_media":14940,"comment_status":"closed","ping_status":"closed","template":"","meta":[],"product_cat":[398],"product_tag":[698,547,699],"class_list":{"0":"post-14929","1":"product","2":"type-product","3":"status-publish","4":"has-post-thumbnail","6":"product_cat-bano","7":"product_tag-agua","8":"product_tag-bano","9":"product_tag-grifo","10":"product_brand-la-bolata","12":"first","13":"instock","14":"shipping-taxable","15":"purchasable","16":"product-type-simple"},"yoast_head":"<!-- This site is optimized with the Yoast SEO plugin v23.5 - https:\/\/yoast.com\/wordpress\/plugins\/seo\/ -->\n<title>Grifo de Ba\u00f1o Monomando - Grifo con Acabado Cromado - Mezclador Agua Fr\u00eda y Caliente - Boquilla Fija - Grifo Ideal para Bid\u00e9, Lavabo Ba\u00f1o - Alto 10,5 cm x Profundo 13,5 cm - Merca Babel Productos de importaci\u00f3n en oferta: peque\u00f1os electrodom\u00e9sticos, electr\u00f3nica y productos de hogar<\/title>\n<meta name=\"robots\" content=\"index, follow, max-snippet:-1, max-image-preview:large, max-video-preview:-1\" \/>\n<link rel=\"canonical\" href=\"https:\/\/www.mercababel.com\/producto\/grifo-de-bano-monomando-grifo-con-acabado-cromado-mezclador-agua-fria-y-caliente-boquilla-fija-grifo-ideal-para-bide-lavabo-bano-alto-105-cm-x-profundo-135-cm\/\" \/>\n<meta property=\"og:locale\" content=\"en_US\" \/>\n<meta property=\"og:type\" content=\"article\" \/>\n<meta property=\"og:title\" content=\"Grifo de Ba\u00f1o Monomando - Grifo con Acabado Cromado - Mezclador Agua Fr\u00eda y Caliente - Boquilla Fija - Grifo Ideal para Bid\u00e9, Lavabo Ba\u00f1o - Alto 10,5 cm x Profundo 13,5 cm - Merca Babel Productos de importaci\u00f3n en oferta: peque\u00f1os electrodom\u00e9sticos, electr\u00f3nica y productos de hogar\" \/>\n<meta property=\"og:description\" content=\"Acerca\u00a0de\u00a0este\u00a0producto    GRIFO\u00a0MONOMANDO\u00a0BA\u00d1ERA-DUCHA\u00a0MEDITERR\u00c1NEO\u00a0Los\u00a0grifos,\u00a0ya\u00a0sean\u00a0de\u00a0cocina,\u00a0lavabo\u00a0o\u00a0ducha,\u00a0son\u00a0un\u00a0accesorio\u00a0necesario\u00a0y\u00a0\u00fatil\u00a0del\u00a0hogar\u00a0que\u00a0adem\u00e1s\u00a0puede\u00a0darle\u00a0mucho\u00a0estilo\u00a0a\u00a0tu\u00a0estancia.   GRIFO\u00a0PARA\u00a0BA\u00d1O:\u00a0Este\u00a0grifo\u00a0de\u00a0bid\u00e9\u00a0con\u00a0mango\u00a0fabricado\u00a0en\u00a0zinc,\u00a0cuerpo\u00a0fabricado\u00a0en\u00a0zinc\u00a0de\u00a0395\u00a0g,\u00a0cartucho\u00a0cer\u00e1mico\u00a0y\u00a0acabado\u00a0cromado\u00a0es\u00a0ideal\u00a0para\u00a0cualquier\u00a0estilo.   PR\u00c1CTICO:\u00a0Con\u00a0un\u00a0asa\u00a0de\u00a0suave\u00a0accionamiento\u00a0que\u00a0te\u00a0permite\u00a0regular\u00a0la\u00a0temperatura\u00a0y\u00a0caudal\u00a0de\u00a0agua.   SENCILLO:\u00a0Su\u00a0sencillo\u00a0dise\u00f1o\u00a0lo\u00a0hace\u00a0adecuado\u00a0para\u00a0cualquier\u00a0estilo.   F\u00c1CIL\u00a0DE\u00a0INSTALAR:\u00a0Nuestros\u00a0grifos\u00a0incluyen\u00a0accesorios\u00a0simples\u00a0y\u00a0duraderos\u00a0para\u00a0facilitar\u00a0su\u00a0colocaci\u00f3n\u00a0por\u00a0lo\u00a0que\u00a0podr\u00e1s\u00a0instalarlo\u00a0f\u00e1cilmente\u00a0de\u00a0acuerdo\u00a0con\u00a0las\u00a0instrucciones,\u00a0lo\u00a0que\u00a0ahorra\u00a0tiempo\u00a0y\u00a0esfuerzo.\u00a0Separacion\u00a0de\u00a0la\u00a0entrada\u00a0de\u00a0la\u00a0agua:\u00a014.5cm\" \/>\n<meta property=\"og:url\" content=\"https:\/\/www.mercababel.com\/producto\/grifo-de-bano-monomando-grifo-con-acabado-cromado-mezclador-agua-fria-y-caliente-boquilla-fija-grifo-ideal-para-bide-lavabo-bano-alto-105-cm-x-profundo-135-cm\/\" \/>\n<meta property=\"og:site_name\" content=\"Merca Babel Productos de importaci\u00f3n en oferta: peque\u00f1os electrodom\u00e9sticos, electr\u00f3nica y productos de hogar\" \/>\n<meta property=\"og:image\" content=\"https:\/\/www.mercababel.com\/wp-content\/uploads\/2025\/03\/\u6d74\u5ba4\u6c34\u9f99\u5934-006.jpg\" \/>\n\t<meta property=\"og:image:width\" content=\"1405\" \/>\n\t<meta property=\"og:image:height\" content=\"1036\" \/>\n\t<meta property=\"og:image:type\" content=\"image\/jpeg\" \/>\n<meta name=\"twitter:card\" content=\"summary_large_image\" \/>\n<meta name=\"twitter:label1\" content=\"Est. reading time\" \/>\n\t<meta name=\"twitter:data1\" content=\"1 minute\" \/>\n<script type=\"application\/ld+json\" class=\"yoast-schema-graph\">{\"@context\":\"https:\/\/schema.org\",\"@graph\":[{\"@type\":\"WebPage\",\"@id\":\"https:\/\/www.mercababel.com\/producto\/grifo-de-bano-monomando-grifo-con-acabado-cromado-mezclador-agua-fria-y-caliente-boquilla-fija-grifo-ideal-para-bide-lavabo-bano-alto-105-cm-x-profundo-135-cm\/\",\"url\":\"https:\/\/www.mercababel.com\/producto\/grifo-de-bano-monomando-grifo-con-acabado-cromado-mezclador-agua-fria-y-caliente-boquilla-fija-grifo-ideal-para-bide-lavabo-bano-alto-105-cm-x-profundo-135-cm\/\",\"name\":\"Grifo de Ba\u00f1o Monomando - Grifo con Acabado Cromado - Mezclador Agua Fr\u00eda y Caliente - Boquilla Fija - Grifo Ideal para Bid\u00e9, Lavabo Ba\u00f1o - Alto 10,5 cm x Profundo 13,5 cm - Merca Babel Productos de importaci\u00f3n en oferta: peque\u00f1os electrodom\u00e9sticos, electr\u00f3nica y productos de hogar\",\"isPartOf\":{\"@id\":\"https:\/\/www.mercababel.com\/#website\"},\"primaryImageOfPage\":{\"@id\":\"https:\/\/www.mercababel.com\/producto\/grifo-de-bano-monomando-grifo-con-acabado-cromado-mezclador-agua-fria-y-caliente-boquilla-fija-grifo-ideal-para-bide-lavabo-bano-alto-105-cm-x-profundo-135-cm\/#primaryimage\"},\"image\":{\"@id\":\"https:\/\/www.mercababel.com\/producto\/grifo-de-bano-monomando-grifo-con-acabado-cromado-mezclador-agua-fria-y-caliente-boquilla-fija-grifo-ideal-para-bide-lavabo-bano-alto-105-cm-x-profundo-135-cm\/#primaryimage\"},\"thumbnailUrl\":\"https:\/\/www.mercababel.com\/wp-content\/uploads\/2025\/03\/\u6d74\u5ba4\u6c34\u9f99\u5934-006.jpg\",\"datePublished\":\"2025-03-06T09:26:37+00:00\",\"dateModified\":\"2025-03-06T09:26:37+00:00\",\"breadcrumb\":{\"@id\":\"https:\/\/www.mercababel.com\/producto\/grifo-de-bano-monomando-grifo-con-acabado-cromado-mezclador-agua-fria-y-caliente-boquilla-fija-grifo-ideal-para-bide-lavabo-bano-alto-105-cm-x-profundo-135-cm\/#breadcrumb\"},\"inLanguage\":\"en-US\",\"potentialAction\":[{\"@type\":\"ReadAction\",\"target\":[\"https:\/\/www.mercababel.com\/producto\/grifo-de-bano-monomando-grifo-con-acabado-cromado-mezclador-agua-fria-y-caliente-boquilla-fija-grifo-ideal-para-bide-lavabo-bano-alto-105-cm-x-profundo-135-cm\/\"]}]},{\"@type\":\"ImageObject\",\"inLanguage\":\"en-US\",\"@id\":\"https:\/\/www.mercababel.com\/producto\/grifo-de-bano-monomando-grifo-con-acabado-cromado-mezclador-agua-fria-y-caliente-boquilla-fija-grifo-ideal-para-bide-lavabo-bano-alto-105-cm-x-profundo-135-cm\/#primaryimage\",\"url\":\"https:\/\/www.mercababel.com\/wp-content\/uploads\/2025\/03\/\u6d74\u5ba4\u6c34\u9f99\u5934-006.jpg\",\"contentUrl\":\"https:\/\/www.mercababel.com\/wp-content\/uploads\/2025\/03\/\u6d74\u5ba4\u6c34\u9f99\u5934-006.jpg\",\"width\":1405,\"height\":1036},{\"@type\":\"BreadcrumbList\",\"@id\":\"https:\/\/www.mercababel.com\/producto\/grifo-de-bano-monomando-grifo-con-acabado-cromado-mezclador-agua-fria-y-caliente-boquilla-fija-grifo-ideal-para-bide-lavabo-bano-alto-105-cm-x-profundo-135-cm\/#breadcrumb\",\"itemListElement\":[{\"@type\":\"ListItem\",\"position\":1,\"name\":\"Portada\",\"item\":\"https:\/\/www.mercababel.com\/\"},{\"@type\":\"ListItem\",\"position\":2,\"name\":\"Shop\",\"item\":\"https:\/\/www.mercababel.com\/en\/shop\/\"},{\"@type\":\"ListItem\",\"position\":3,\"name\":\"Grifo de Ba\u00f1o Monomando &#8211; Grifo con Acabado Cromado &#8211; Mezclador Agua Fr\u00eda y Caliente &#8211; Boquilla Fija &#8211; Grifo Ideal para Bid\u00e9, Lavabo Ba\u00f1o &#8211; Alto 10,5 cm x Profundo 13,5 cm\"}]},{\"@type\":\"WebSite\",\"@id\":\"https:\/\/www.mercababel.com\/#website\",\"url\":\"https:\/\/www.mercababel.com\/\",\"name\":\"Merca Babel Productos de importaci\u00f3n en oferta: peque\u00f1os electrodom\u00e9sticos, electr\u00f3nica y productos de hogar\",\"description\":\"Productos de importaci\u00f3n en oferta\",\"potentialAction\":[{\"@type\":\"SearchAction\",\"target\":{\"@type\":\"EntryPoint\",\"urlTemplate\":\"https:\/\/www.mercababel.com\/?s={search_term_string}\"},\"query-input\":{\"@type\":\"PropertyValueSpecification\",\"valueRequired\":true,\"valueName\":\"search_term_string\"}}],\"inLanguage\":\"en-US\"}]}<\/script>\n<!-- \/ Yoast SEO plugin. -->","yoast_head_json":{"title":"Grifo de Ba\u00f1o Monomando - Grifo con Acabado Cromado - Mezclador Agua Fr\u00eda y Caliente - Boquilla Fija - Grifo Ideal para Bid\u00e9, Lavabo Ba\u00f1o - Alto 10,5 cm x Profundo 13,5 cm - Merca Babel Productos de importaci\u00f3n en oferta: peque\u00f1os electrodom\u00e9sticos, electr\u00f3nica y productos de hogar","robots":{"index":"index","follow":"follow","max-snippet":"max-snippet:-1","max-image-preview":"max-image-preview:large","max-video-preview":"max-video-preview:-1"},"canonical":"https:\/\/www.mercababel.com\/producto\/grifo-de-bano-monomando-grifo-con-acabado-cromado-mezclador-agua-fria-y-caliente-boquilla-fija-grifo-ideal-para-bide-lavabo-bano-alto-105-cm-x-profundo-135-cm\/","og_locale":"en_US","og_type":"article","og_title":"Grifo de Ba\u00f1o Monomando - Grifo con Acabado Cromado - Mezclador Agua Fr\u00eda y Caliente - Boquilla Fija - Grifo Ideal para Bid\u00e9, Lavabo Ba\u00f1o - Alto 10,5 cm x Profundo 13,5 cm - Merca Babel Productos de importaci\u00f3n en oferta: peque\u00f1os electrodom\u00e9sticos, electr\u00f3nica y productos de hogar","og_description":"Acerca\u00a0de\u00a0este\u00a0producto    GRIFO\u00a0MONOMANDO\u00a0BA\u00d1ERA-DUCHA\u00a0MEDITERR\u00c1NEO\u00a0Los\u00a0grifos,\u00a0ya\u00a0sean\u00a0de\u00a0cocina,\u00a0lavabo\u00a0o\u00a0ducha,\u00a0son\u00a0un\u00a0accesorio\u00a0necesario\u00a0y\u00a0\u00fatil\u00a0del\u00a0hogar\u00a0que\u00a0adem\u00e1s\u00a0puede\u00a0darle\u00a0mucho\u00a0estilo\u00a0a\u00a0tu\u00a0estancia.   GRIFO\u00a0PARA\u00a0BA\u00d1O:\u00a0Este\u00a0grifo\u00a0de\u00a0bid\u00e9\u00a0con\u00a0mango\u00a0fabricado\u00a0en\u00a0zinc,\u00a0cuerpo\u00a0fabricado\u00a0en\u00a0zinc\u00a0de\u00a0395\u00a0g,\u00a0cartucho\u00a0cer\u00e1mico\u00a0y\u00a0acabado\u00a0cromado\u00a0es\u00a0ideal\u00a0para\u00a0cualquier\u00a0estilo.   PR\u00c1CTICO:\u00a0Con\u00a0un\u00a0asa\u00a0de\u00a0suave\u00a0accionamiento\u00a0que\u00a0te\u00a0permite\u00a0regular\u00a0la\u00a0temperatura\u00a0y\u00a0caudal\u00a0de\u00a0agua.   SENCILLO:\u00a0Su\u00a0sencillo\u00a0dise\u00f1o\u00a0lo\u00a0hace\u00a0adecuado\u00a0para\u00a0cualquier\u00a0estilo.   F\u00c1CIL\u00a0DE\u00a0INSTALAR:\u00a0Nuestros\u00a0grifos\u00a0incluyen\u00a0accesorios\u00a0simples\u00a0y\u00a0duraderos\u00a0para\u00a0facilitar\u00a0su\u00a0colocaci\u00f3n\u00a0por\u00a0lo\u00a0que\u00a0podr\u00e1s\u00a0instalarlo\u00a0f\u00e1cilmente\u00a0de\u00a0acuerdo\u00a0con\u00a0las\u00a0instrucciones,\u00a0lo\u00a0que\u00a0ahorra\u00a0tiempo\u00a0y\u00a0esfuerzo.\u00a0Separacion\u00a0de\u00a0la\u00a0entrada\u00a0de\u00a0la\u00a0agua:\u00a014.5cm","og_url":"https:\/\/www.mercababel.com\/producto\/grifo-de-bano-monomando-grifo-con-acabado-cromado-mezclador-agua-fria-y-caliente-boquilla-fija-grifo-ideal-para-bide-lavabo-bano-alto-105-cm-x-profundo-135-cm\/","og_site_name":"Merca Babel Productos de importaci\u00f3n en oferta: peque\u00f1os electrodom\u00e9sticos, electr\u00f3nica y productos de hogar","og_image":[{"width":1405,"height":1036,"url":"https:\/\/www.mercababel.com\/wp-content\/uploads\/2025\/03\/\u6d74\u5ba4\u6c34\u9f99\u5934-006.jpg","type":"image\/jpeg"}],"twitter_card":"summary_large_image","twitter_misc":{"Est. reading time":"1 minute"},"schema":{"@context":"https:\/\/schema.org","@graph":[{"@type":"WebPage","@id":"https:\/\/www.mercababel.com\/producto\/grifo-de-bano-monomando-grifo-con-acabado-cromado-mezclador-agua-fria-y-caliente-boquilla-fija-grifo-ideal-para-bide-lavabo-bano-alto-105-cm-x-profundo-135-cm\/","url":"https:\/\/www.mercababel.com\/producto\/grifo-de-bano-monomando-grifo-con-acabado-cromado-mezclador-agua-fria-y-caliente-boquilla-fija-grifo-ideal-para-bide-lavabo-bano-alto-105-cm-x-profundo-135-cm\/","name":"Grifo de Ba\u00f1o Monomando - Grifo con Acabado Cromado - Mezclador Agua Fr\u00eda y Caliente - Boquilla Fija - Grifo Ideal para Bid\u00e9, Lavabo Ba\u00f1o - Alto 10,5 cm x Profundo 13,5 cm - Merca Babel Productos de importaci\u00f3n en oferta: peque\u00f1os electrodom\u00e9sticos, electr\u00f3nica y productos de hogar","isPartOf":{"@id":"https:\/\/www.mercababel.com\/#website"},"primaryImageOfPage":{"@id":"https:\/\/www.mercababel.com\/producto\/grifo-de-bano-monomando-grifo-con-acabado-cromado-mezclador-agua-fria-y-caliente-boquilla-fija-grifo-ideal-para-bide-lavabo-bano-alto-105-cm-x-profundo-135-cm\/#primaryimage"},"image":{"@id":"https:\/\/www.mercababel.com\/producto\/grifo-de-bano-monomando-grifo-con-acabado-cromado-mezclador-agua-fria-y-caliente-boquilla-fija-grifo-ideal-para-bide-lavabo-bano-alto-105-cm-x-profundo-135-cm\/#primaryimage"},"thumbnailUrl":"https:\/\/www.mercababel.com\/wp-content\/uploads\/2025\/03\/\u6d74\u5ba4\u6c34\u9f99\u5934-006.jpg","datePublished":"2025-03-06T09:26:37+00:00","dateModified":"2025-03-06T09:26:37+00:00","breadcrumb":{"@id":"https:\/\/www.mercababel.com\/producto\/grifo-de-bano-monomando-grifo-con-acabado-cromado-mezclador-agua-fria-y-caliente-boquilla-fija-grifo-ideal-para-bide-lavabo-bano-alto-105-cm-x-profundo-135-cm\/#breadcrumb"},"inLanguage":"en-US","potentialAction":[{"@type":"ReadAction","target":["https:\/\/www.mercababel.com\/producto\/grifo-de-bano-monomando-grifo-con-acabado-cromado-mezclador-agua-fria-y-caliente-boquilla-fija-grifo-ideal-para-bide-lavabo-bano-alto-105-cm-x-profundo-135-cm\/"]}]},{"@type":"ImageObject","inLanguage":"en-US","@id":"https:\/\/www.mercababel.com\/producto\/grifo-de-bano-monomando-grifo-con-acabado-cromado-mezclador-agua-fria-y-caliente-boquilla-fija-grifo-ideal-para-bide-lavabo-bano-alto-105-cm-x-profundo-135-cm\/#primaryimage","url":"https:\/\/www.mercababel.com\/wp-content\/uploads\/2025\/03\/\u6d74\u5ba4\u6c34\u9f99\u5934-006.jpg","contentUrl":"https:\/\/www.mercababel.com\/wp-content\/uploads\/2025\/03\/\u6d74\u5ba4\u6c34\u9f99\u5934-006.jpg","width":1405,"height":1036},{"@type":"BreadcrumbList","@id":"https:\/\/www.mercababel.com\/producto\/grifo-de-bano-monomando-grifo-con-acabado-cromado-mezclador-agua-fria-y-caliente-boquilla-fija-grifo-ideal-para-bide-lavabo-bano-alto-105-cm-x-profundo-135-cm\/#breadcrumb","itemListElement":[{"@type":"ListItem","position":1,"name":"Portada","item":"https:\/\/www.mercababel.com\/"},{"@type":"ListItem","position":2,"name":"Shop","item":"https:\/\/www.mercababel.com\/en\/shop\/"},{"@type":"ListItem","position":3,"name":"Grifo de Ba\u00f1o Monomando &#8211; Grifo con Acabado Cromado &#8211; Mezclador Agua Fr\u00eda y Caliente &#8211; Boquilla Fija &#8211; Grifo Ideal para Bid\u00e9, Lavabo Ba\u00f1o &#8211; Alto 10,5 cm x Profundo 13,5 cm"}]},{"@type":"WebSite","@id":"https:\/\/www.mercababel.com\/#website","url":"https:\/\/www.mercababel.com\/","name":"Merca Babel Productos de importaci\u00f3n en oferta: peque\u00f1os electrodom\u00e9sticos, electr\u00f3nica y productos de hogar","description":"Productos de importaci\u00f3n en oferta","potentialAction":[{"@type":"SearchAction","target":{"@type":"EntryPoint","urlTemplate":"https:\/\/www.mercababel.com\/?s={search_term_string}"},"query-input":{"@type":"PropertyValueSpecification","valueRequired":true,"valueName":"search_term_string"}}],"inLanguage":"en-US"}]}},"_links":{"self":[{"href":"https:\/\/www.mercababel.com\/en\/wp-json\/wp\/v2\/product\/14929","targetHints":{"allow":["GET"]}}],"collection":[{"href":"https:\/\/www.mercababel.com\/en\/wp-json\/wp\/v2\/product"}],"about":[{"href":"https:\/\/www.mercababel.com\/en\/wp-json\/wp\/v2\/types\/product"}],"replies":[{"embeddable":true,"href":"https:\/\/www.mercababel.com\/en\/wp-json\/wp\/v2\/comments?post=14929"}],"version-history":[{"count":1,"href":"https:\/\/www.mercababel.com\/en\/wp-json\/wp\/v2\/product\/14929\/revisions"}],"predecessor-version":[{"id":14944,"href":"https:\/\/www.mercababel.com\/en\/wp-json\/wp\/v2\/product\/14929\/revisions\/14944"}],"wp:featuredmedia":[{"embeddable":true,"href":"https:\/\/www.mercababel.com\/en\/wp-json\/wp\/v2\/media\/14940"}],"wp:attachment":[{"href":"https:\/\/www.mercababel.com\/en\/wp-json\/wp\/v2\/media?parent=14929"}],"wp:term":[{"taxonomy":"product_cat","embeddable":true,"href":"https:\/\/www.mercababel.com\/en\/wp-json\/wp\/v2\/product_cat?post=14929"},{"taxonomy":"product_tag","embeddable":true,"href":"https:\/\/www.mercababel.com\/en\/wp-json\/wp\/v2\/product_tag?post=14929"}],"curies":[{"name":"wp","href":"https:\/\/api.w.org\/{rel}","templated":true}]}}