{"id":14489,"date":"2025-03-04T08:11:09","date_gmt":"2025-03-04T08:11:09","guid":{"rendered":"https:\/\/www.mercababel.com\/?post_type=product&#038;p=14489"},"modified":"2025-03-04T08:11:09","modified_gmt":"2025-03-04T08:11:09","slug":"aceitera-pulverizador-vinagrera-spray-pulverizador-para-aceite-de-cristal-con-tapa-de-acero-inoxidable-para-aceite-vinagre-botella-de-cristal-para-salsa-con-espray-para-freidora-sin-aire-y-para-pre","status":"publish","type":"product","link":"https:\/\/www.mercababel.com\/en\/producto\/aceitera-pulverizador-vinagrera-spray-pulverizador-para-aceite-de-cristal-con-tapa-de-acero-inoxidable-para-aceite-vinagre-botella-de-cristal-para-salsa-con-espray-para-freidora-sin-aire-y-para-pre\/","title":{"rendered":"Aceitera Pulverizador Vinagrera Spray Pulverizador para Aceite de cristal con tapa de acero inoxidable para Aceite, Vinagre, botella de cristal para salsa con espray, Para freidora sin aire y para preparacion de comida17,5 cm x 4cm, 100ml"},"content":{"rendered":"<article class=\"4ever-article\" data-clipboard-cangjie=\"[&quot;root&quot;,{&quot;copyFrom&quot;:1821447655},[&quot;p&quot;,{&quot;jc&quot;:&quot;left&quot;,&quot;ind&quot;:{},&quot;spacing&quot;:{}},[&quot;span&quot;,{&quot;data-type&quot;:&quot;text&quot;},[&quot;span&quot;,{&quot;data-type&quot;:&quot;leaf&quot;},&quot;\uff0aDieta\u00a0m\u00e1s\u00a0sana\uff0a:\u00a0Con\u00a0esta\u00a0botella\u00a0rociadora,\u00a0puede\u00a0rociar\u00a0uniformemente\u00a0aceite\u00a0de\u00a0oliva\u00a0o\u00a0vinagre,\u00a0vino\u00a0y\u00a0jugo\u00a0sobre\u00a0verduras\u00a0y\u00a0pollo\u00a0para\u00a0controlar\u00a0las\u00a0calor\u00edas\u00a0y\u00a0garantizar\u00a0el\u00a0sabor\u00a0de\u00a0los\u00a0alimentos.\u00a0Preparar\u00a0comidas\u00a0fitness,\u00a0ensaladas\u00a0y\u00a0barbacoas\u00a0son\u00a0opciones\u00a0perfectas.\\n&quot;]]],[&quot;p&quot;,{&quot;jc&quot;:&quot;left&quot;,&quot;ind&quot;:{},&quot;spacing&quot;:{}},[&quot;span&quot;,{&quot;data-type&quot;:&quot;text&quot;},[&quot;span&quot;,{&quot;data-type&quot;:&quot;leaf&quot;},&quot;&quot;]]],[&quot;p&quot;,{&quot;jc&quot;:&quot;left&quot;,&quot;ind&quot;:{},&quot;spacing&quot;:{}},[&quot;span&quot;,{&quot;data-type&quot;:&quot;text&quot;},[&quot;span&quot;,{&quot;data-type&quot;:&quot;leaf&quot;},&quot;\uff0aF\u00e1cil\u00a0de\u00a0llevar\uff0a:\u00a0Adem\u00e1s\u00a0de\u00a0usarse\u00a0en\u00a0casa,\u00a0este\u00a0atomizador\u00a0es\u00a0peque\u00f1o\u00a0y\u00a0se\u00a0puede\u00a0llevar\u00a0contigo,\u00a0apto\u00a0para\u00a0barbacoas\u00a0y\u00a0picnics.\u00a0Tama\u00f1o:\u00a0Nota:\u00a0No\u00a0utilice\u00a0aceite\u00a0de\u00a0alta\u00a0densidad\u00a0como\u00a0gasolina\u00a0para\u00a0este\u00a0producto.\\n&quot;]]],[&quot;p&quot;,{&quot;jc&quot;:&quot;left&quot;,&quot;ind&quot;:{},&quot;spacing&quot;:{}},[&quot;span&quot;,{&quot;data-type&quot;:&quot;text&quot;},[&quot;span&quot;,{&quot;data-type&quot;:&quot;leaf&quot;},&quot;&quot;]]],[&quot;p&quot;,{&quot;jc&quot;:&quot;left&quot;,&quot;ind&quot;:{},&quot;spacing&quot;:{}},[&quot;span&quot;,{&quot;data-type&quot;:&quot;text&quot;},[&quot;span&quot;,{&quot;data-type&quot;:&quot;leaf&quot;},&quot;\uff0aM\u00e9todo\u00a0de\u00a0limpieza\uff0a:\u00a0Agregue\u00a0agua\u00a0tibia\u00a0y\u00a0una\u00a0gota\u00a0de\u00a0detergente\u00a0a\u00a0la\u00a0botella,\u00a0ag\u00edtela\u00a0unas\u00a0cuantas\u00a0veces,\u00a0luego\u00a0roc\u00ede\u00a0todo\u00a0el\u00a0l\u00edquido\u00a0y\u00a0repita\u00a0varias\u00a0veces\u00a0con\u00a0agua\u00a0limpia\u00a0para\u00a0limpiar\u00a0la\u00a0botella\u00a0perfectamente.\\n&quot;]]],[&quot;p&quot;,{&quot;jc&quot;:&quot;left&quot;,&quot;ind&quot;:{},&quot;spacing&quot;:{}},[&quot;span&quot;,{&quot;data-type&quot;:&quot;text&quot;},[&quot;span&quot;,{&quot;data-type&quot;:&quot;leaf&quot;},&quot;&quot;]]],[&quot;p&quot;,{&quot;jc&quot;:&quot;left&quot;,&quot;ind&quot;:{},&quot;spacing&quot;:{}},[&quot;span&quot;,{&quot;data-type&quot;:&quot;text&quot;},[&quot;span&quot;,{&quot;data-type&quot;:&quot;leaf&quot;},&quot;\uff0aMaterial\u00a0de\u00a0seguridad\uff0a:\u00a0El\u00a0cuerpo\u00a0de\u00a0la\u00a0botella\u00a0rociadora\u00a0es\u00a0de\u00a0vidrio\u00a0y\u00a0la\u00a0tapa\u00a0de\u00a0acero\u00a0inoxidable,\u00a0que\u00a0puede\u00a0estar\u00a0en\u00a0contacto\u00a0con\u00a0los\u00a0alimentos.\u00a0La\u00a0botella\u00a0tiene\u00a0una\u00a0junta\u00a0incorporada\u00a0para\u00a0evitar\u00a0fugas\u00a0de\u00a0aceite.\\n\u200b\\n\u200b\\n\u200b\\n&quot;]]],[&quot;p&quot;,{&quot;jc&quot;:&quot;left&quot;,&quot;ind&quot;:{},&quot;spacing&quot;:{}},[&quot;span&quot;,{&quot;data-type&quot;:&quot;text&quot;},[&quot;span&quot;,{&quot;data-type&quot;:&quot;leaf&quot;},&quot;&quot;]],[&quot;img&quot;,{&quot;src&quot;:&quot;https:\/\/my-live-01.slatic.net\/p\/37a6be1db33e163f1b95fd30cf62170b.jpg&quot;,&quot;style&quot;:&quot;width:800px;height:800px;display:inline;vertical-align:middle&quot;,&quot;width&quot;:800,&quot;height&quot;:800},[&quot;span&quot;,{&quot;data-type&quot;:&quot;text&quot;},[&quot;span&quot;,{&quot;data-type&quot;:&quot;leaf&quot;},&quot;&quot;]]],[&quot;span&quot;,{&quot;data-type&quot;:&quot;text&quot;},[&quot;span&quot;,{&quot;data-type&quot;:&quot;leaf&quot;},&quot;&quot;]],[&quot;img&quot;,{&quot;src&quot;:&quot;https:\/\/my-live-01.slatic.net\/p\/df601e92eb252ed3350956728448f0f6.jpg&quot;,&quot;style&quot;:&quot;width:870px;height:891.7282717282717px;display:inline;vertical-align:middle&quot;,&quot;width&quot;:870,&quot;height&quot;:891},[&quot;span&quot;,{&quot;data-type&quot;:&quot;text&quot;},[&quot;span&quot;,{&quot;data-type&quot;:&quot;leaf&quot;},&quot;&quot;]]],[&quot;span&quot;,{&quot;data-type&quot;:&quot;text&quot;},[&quot;span&quot;,{&quot;data-type&quot;:&quot;leaf&quot;},&quot;&quot;]]]]\">&nbsp;<\/p>\n<p><img decoding=\"async\" src=\"https:\/\/my-live-01.slatic.net\/p\/37a6be1db33e163f1b95fd30cf62170b.jpg\" \/><img decoding=\"async\" src=\"https:\/\/my-live-01.slatic.net\/p\/df601e92eb252ed3350956728448f0f6.jpg\" \/><\/p>\n<\/article>\n","protected":false},"excerpt":{"rendered":"<p>\uff0aDieta\u00a0m\u00e1s\u00a0sana\uff0a:\u00a0Con\u00a0esta\u00a0botella\u00a0rociadora,\u00a0puede\u00a0rociar\u00a0uniformemente\u00a0aceite\u00a0de\u00a0oliva\u00a0o\u00a0vinagre,\u00a0vino\u00a0y\u00a0jugo\u00a0sobre\u00a0verduras\u00a0y\u00a0pollo\u00a0para\u00a0controlar\u00a0las\u00a0calor\u00edas\u00a0y\u00a0garantizar\u00a0el\u00a0sabor\u00a0de\u00a0los\u00a0alimentos.\u00a0Preparar\u00a0comidas\u00a0fitness,\u00a0ensaladas\u00a0y\u00a0barbacoas\u00a0son\u00a0opciones\u00a0perfectas.<\/p>\n<p>&nbsp;<\/p>\n<p>\uff0aF\u00e1cil\u00a0de\u00a0llevar\uff0a:\u00a0Adem\u00e1s\u00a0de\u00a0usarse\u00a0en\u00a0casa,\u00a0este\u00a0atomizador\u00a0es\u00a0peque\u00f1o\u00a0y\u00a0se\u00a0puede\u00a0llevar\u00a0contigo,\u00a0apto\u00a0para\u00a0barbacoas\u00a0y\u00a0picnics.\u00a0Tama\u00f1o:\u00a0Nota:\u00a0No\u00a0utilice\u00a0aceite\u00a0de\u00a0alta\u00a0densidad\u00a0como\u00a0gasolina\u00a0para\u00a0este\u00a0producto.<\/p>\n<p>&nbsp;<\/p>\n<p>\uff0aM\u00e9todo\u00a0de\u00a0limpieza\uff0a:\u00a0Agregue\u00a0agua\u00a0tibia\u00a0y\u00a0una\u00a0gota\u00a0de\u00a0detergente\u00a0a\u00a0la\u00a0botella,\u00a0ag\u00edtela\u00a0unas\u00a0cuantas\u00a0veces,\u00a0luego\u00a0roc\u00ede\u00a0todo\u00a0el\u00a0l\u00edquido\u00a0y\u00a0repita\u00a0varias\u00a0veces\u00a0con\u00a0agua\u00a0limpia\u00a0para\u00a0limpiar\u00a0la\u00a0botella\u00a0perfectamente.<\/p>\n<p>&nbsp;<\/p>\n<p>\uff0aMaterial\u00a0de\u00a0seguridad\uff0a:\u00a0El\u00a0cuerpo\u00a0de\u00a0la\u00a0botella\u00a0rociadora\u00a0es\u00a0de\u00a0vidrio\u00a0y\u00a0la\u00a0tapa\u00a0de\u00a0acero\u00a0inoxidable,\u00a0que\u00a0puede\u00a0estar\u00a0en\u00a0contacto\u00a0con\u00a0los\u00a0alimentos.\u00a0La\u00a0botella\u00a0tiene\u00a0una\u00a0junta\u00a0incorporada\u00a0para\u00a0evitar\u00a0fugas\u00a0de\u00a0aceite. \u200b \u200b \u200b<\/p>\n","protected":false},"featured_media":14492,"comment_status":"closed","ping_status":"closed","template":"","meta":[],"product_cat":[397],"product_tag":[665,667,666],"class_list":{"0":"post-14489","1":"product","2":"type-product","3":"status-publish","4":"has-post-thumbnail","6":"product_cat-cocina-2","7":"product_tag-aceitera","8":"product_tag-cristal","9":"product_tag-spray","10":"product_brand-generico","12":"first","13":"instock","14":"sale","15":"shipping-taxable","16":"purchasable","17":"product-type-variable","18":"rtwpvs-product"},"yoast_head":"<!-- This site is optimized with the Yoast SEO plugin v23.5 - https:\/\/yoast.com\/wordpress\/plugins\/seo\/ -->\n<title>Aceitera Pulverizador Vinagrera Spray Pulverizador para Aceite de cristal con tapa de acero inoxidable para Aceite, Vinagre, botella de cristal para salsa con espray, Para freidora sin aire y para preparacion de comida17,5 cm x 4cm, 100ml - Merca Babel Productos de importaci\u00f3n en oferta: peque\u00f1os electrodom\u00e9sticos, electr\u00f3nica y productos de hogar<\/title>\n<meta name=\"robots\" content=\"index, follow, max-snippet:-1, max-image-preview:large, max-video-preview:-1\" \/>\n<link rel=\"canonical\" href=\"https:\/\/www.mercababel.com\/producto\/aceitera-pulverizador-vinagrera-spray-pulverizador-para-aceite-de-cristal-con-tapa-de-acero-inoxidable-para-aceite-vinagre-botella-de-cristal-para-salsa-con-espray-para-freidora-sin-aire-y-para-pre\/\" \/>\n<meta property=\"og:locale\" content=\"en_US\" \/>\n<meta property=\"og:type\" content=\"article\" \/>\n<meta property=\"og:title\" content=\"Aceitera Pulverizador Vinagrera Spray Pulverizador para Aceite de cristal con tapa de acero inoxidable para Aceite, Vinagre, botella de cristal para salsa con espray, Para freidora sin aire y para preparacion de comida17,5 cm x 4cm, 100ml - Merca Babel Productos de importaci\u00f3n en oferta: peque\u00f1os electrodom\u00e9sticos, electr\u00f3nica y productos de hogar\" \/>\n<meta property=\"og:description\" content=\"\uff0aDieta\u00a0m\u00e1s\u00a0sana\uff0a:\u00a0Con\u00a0esta\u00a0botella\u00a0rociadora,\u00a0puede\u00a0rociar\u00a0uniformemente\u00a0aceite\u00a0de\u00a0oliva\u00a0o\u00a0vinagre,\u00a0vino\u00a0y\u00a0jugo\u00a0sobre\u00a0verduras\u00a0y\u00a0pollo\u00a0para\u00a0controlar\u00a0las\u00a0calor\u00edas\u00a0y\u00a0garantizar\u00a0el\u00a0sabor\u00a0de\u00a0los\u00a0alimentos.\u00a0Preparar\u00a0comidas\u00a0fitness,\u00a0ensaladas\u00a0y\u00a0barbacoas\u00a0son\u00a0opciones\u00a0perfectas.  &nbsp;  \uff0aF\u00e1cil\u00a0de\u00a0llevar\uff0a:\u00a0Adem\u00e1s\u00a0de\u00a0usarse\u00a0en\u00a0casa,\u00a0este\u00a0atomizador\u00a0es\u00a0peque\u00f1o\u00a0y\u00a0se\u00a0puede\u00a0llevar\u00a0contigo,\u00a0apto\u00a0para\u00a0barbacoas\u00a0y\u00a0picnics.\u00a0Tama\u00f1o:\u00a0Nota:\u00a0No\u00a0utilice\u00a0aceite\u00a0de\u00a0alta\u00a0densidad\u00a0como\u00a0gasolina\u00a0para\u00a0este\u00a0producto.  &nbsp;  \uff0aM\u00e9todo\u00a0de\u00a0limpieza\uff0a:\u00a0Agregue\u00a0agua\u00a0tibia\u00a0y\u00a0una\u00a0gota\u00a0de\u00a0detergente\u00a0a\u00a0la\u00a0botella,\u00a0ag\u00edtela\u00a0unas\u00a0cuantas\u00a0veces,\u00a0luego\u00a0roc\u00ede\u00a0todo\u00a0el\u00a0l\u00edquido\u00a0y\u00a0repita\u00a0varias\u00a0veces\u00a0con\u00a0agua\u00a0limpia\u00a0para\u00a0limpiar\u00a0la\u00a0botella\u00a0perfectamente.  &nbsp;  \uff0aMaterial\u00a0de\u00a0seguridad\uff0a:\u00a0El\u00a0cuerpo\u00a0de\u00a0la\u00a0botella\u00a0rociadora\u00a0es\u00a0de\u00a0vidrio\u00a0y\u00a0la\u00a0tapa\u00a0de\u00a0acero\u00a0inoxidable,\u00a0que\u00a0puede\u00a0estar\u00a0en\u00a0contacto\u00a0con\u00a0los\u00a0alimentos.\u00a0La\u00a0botella\u00a0tiene\u00a0una\u00a0junta\u00a0incorporada\u00a0para\u00a0evitar\u00a0fugas\u00a0de\u00a0aceite. \u200b \u200b \u200b\" \/>\n<meta property=\"og:url\" content=\"https:\/\/www.mercababel.com\/producto\/aceitera-pulverizador-vinagrera-spray-pulverizador-para-aceite-de-cristal-con-tapa-de-acero-inoxidable-para-aceite-vinagre-botella-de-cristal-para-salsa-con-espray-para-freidora-sin-aire-y-para-pre\/\" \/>\n<meta property=\"og:site_name\" content=\"Merca Babel Productos de importaci\u00f3n en oferta: peque\u00f1os electrodom\u00e9sticos, electr\u00f3nica y productos de hogar\" \/>\n<meta property=\"og:image\" content=\"https:\/\/www.mercababel.com\/wp-content\/uploads\/2025\/03\/\u55b7\u6cb9\u74f6-\u4e0d\u9508\u94a2-001.jpeg\" \/>\n\t<meta property=\"og:image:width\" content=\"800\" \/>\n\t<meta property=\"og:image:height\" content=\"800\" \/>\n\t<meta property=\"og:image:type\" content=\"image\/jpeg\" \/>\n<meta name=\"twitter:card\" content=\"summary_large_image\" \/>\n<meta name=\"twitter:label1\" content=\"Est. reading time\" \/>\n\t<meta name=\"twitter:data1\" content=\"1 minute\" \/>\n<script type=\"application\/ld+json\" class=\"yoast-schema-graph\">{\"@context\":\"https:\/\/schema.org\",\"@graph\":[{\"@type\":\"WebPage\",\"@id\":\"https:\/\/www.mercababel.com\/producto\/aceitera-pulverizador-vinagrera-spray-pulverizador-para-aceite-de-cristal-con-tapa-de-acero-inoxidable-para-aceite-vinagre-botella-de-cristal-para-salsa-con-espray-para-freidora-sin-aire-y-para-pre\/\",\"url\":\"https:\/\/www.mercababel.com\/producto\/aceitera-pulverizador-vinagrera-spray-pulverizador-para-aceite-de-cristal-con-tapa-de-acero-inoxidable-para-aceite-vinagre-botella-de-cristal-para-salsa-con-espray-para-freidora-sin-aire-y-para-pre\/\",\"name\":\"Aceitera Pulverizador Vinagrera Spray Pulverizador para Aceite de cristal con tapa de acero inoxidable para Aceite, Vinagre, botella de cristal para salsa con espray, Para freidora sin aire y para preparacion de comida17,5 cm x 4cm, 100ml - Merca Babel Productos de importaci\u00f3n en oferta: peque\u00f1os electrodom\u00e9sticos, electr\u00f3nica y productos de hogar\",\"isPartOf\":{\"@id\":\"https:\/\/www.mercababel.com\/#website\"},\"primaryImageOfPage\":{\"@id\":\"https:\/\/www.mercababel.com\/producto\/aceitera-pulverizador-vinagrera-spray-pulverizador-para-aceite-de-cristal-con-tapa-de-acero-inoxidable-para-aceite-vinagre-botella-de-cristal-para-salsa-con-espray-para-freidora-sin-aire-y-para-pre\/#primaryimage\"},\"image\":{\"@id\":\"https:\/\/www.mercababel.com\/producto\/aceitera-pulverizador-vinagrera-spray-pulverizador-para-aceite-de-cristal-con-tapa-de-acero-inoxidable-para-aceite-vinagre-botella-de-cristal-para-salsa-con-espray-para-freidora-sin-aire-y-para-pre\/#primaryimage\"},\"thumbnailUrl\":\"https:\/\/www.mercababel.com\/wp-content\/uploads\/2025\/03\/\u55b7\u6cb9\u74f6-\u4e0d\u9508\u94a2-001.jpeg\",\"datePublished\":\"2025-03-04T08:11:09+00:00\",\"dateModified\":\"2025-03-04T08:11:09+00:00\",\"breadcrumb\":{\"@id\":\"https:\/\/www.mercababel.com\/producto\/aceitera-pulverizador-vinagrera-spray-pulverizador-para-aceite-de-cristal-con-tapa-de-acero-inoxidable-para-aceite-vinagre-botella-de-cristal-para-salsa-con-espray-para-freidora-sin-aire-y-para-pre\/#breadcrumb\"},\"inLanguage\":\"en-US\",\"potentialAction\":[{\"@type\":\"ReadAction\",\"target\":[\"https:\/\/www.mercababel.com\/producto\/aceitera-pulverizador-vinagrera-spray-pulverizador-para-aceite-de-cristal-con-tapa-de-acero-inoxidable-para-aceite-vinagre-botella-de-cristal-para-salsa-con-espray-para-freidora-sin-aire-y-para-pre\/\"]}]},{\"@type\":\"ImageObject\",\"inLanguage\":\"en-US\",\"@id\":\"https:\/\/www.mercababel.com\/producto\/aceitera-pulverizador-vinagrera-spray-pulverizador-para-aceite-de-cristal-con-tapa-de-acero-inoxidable-para-aceite-vinagre-botella-de-cristal-para-salsa-con-espray-para-freidora-sin-aire-y-para-pre\/#primaryimage\",\"url\":\"https:\/\/www.mercababel.com\/wp-content\/uploads\/2025\/03\/\u55b7\u6cb9\u74f6-\u4e0d\u9508\u94a2-001.jpeg\",\"contentUrl\":\"https:\/\/www.mercababel.com\/wp-content\/uploads\/2025\/03\/\u55b7\u6cb9\u74f6-\u4e0d\u9508\u94a2-001.jpeg\",\"width\":800,\"height\":800},{\"@type\":\"BreadcrumbList\",\"@id\":\"https:\/\/www.mercababel.com\/producto\/aceitera-pulverizador-vinagrera-spray-pulverizador-para-aceite-de-cristal-con-tapa-de-acero-inoxidable-para-aceite-vinagre-botella-de-cristal-para-salsa-con-espray-para-freidora-sin-aire-y-para-pre\/#breadcrumb\",\"itemListElement\":[{\"@type\":\"ListItem\",\"position\":1,\"name\":\"Portada\",\"item\":\"https:\/\/www.mercababel.com\/\"},{\"@type\":\"ListItem\",\"position\":2,\"name\":\"Shop\",\"item\":\"https:\/\/www.mercababel.com\/en\/shop\/\"},{\"@type\":\"ListItem\",\"position\":3,\"name\":\"Aceitera Pulverizador Vinagrera Spray Pulverizador para Aceite de cristal con tapa de acero inoxidable para Aceite, Vinagre, botella de cristal para salsa con espray, Para freidora sin aire y para preparacion de comida17,5 cm x 4cm, 100ml\"}]},{\"@type\":\"WebSite\",\"@id\":\"https:\/\/www.mercababel.com\/#website\",\"url\":\"https:\/\/www.mercababel.com\/\",\"name\":\"Merca Babel Productos de importaci\u00f3n en oferta: peque\u00f1os electrodom\u00e9sticos, electr\u00f3nica y productos de hogar\",\"description\":\"Productos de importaci\u00f3n en oferta\",\"potentialAction\":[{\"@type\":\"SearchAction\",\"target\":{\"@type\":\"EntryPoint\",\"urlTemplate\":\"https:\/\/www.mercababel.com\/?s={search_term_string}\"},\"query-input\":{\"@type\":\"PropertyValueSpecification\",\"valueRequired\":true,\"valueName\":\"search_term_string\"}}],\"inLanguage\":\"en-US\"}]}<\/script>\n<!-- \/ Yoast SEO plugin. -->","yoast_head_json":{"title":"Aceitera Pulverizador Vinagrera Spray Pulverizador para Aceite de cristal con tapa de acero inoxidable para Aceite, Vinagre, botella de cristal para salsa con espray, Para freidora sin aire y para preparacion de comida17,5 cm x 4cm, 100ml - Merca Babel Productos de importaci\u00f3n en oferta: peque\u00f1os electrodom\u00e9sticos, electr\u00f3nica y productos de hogar","robots":{"index":"index","follow":"follow","max-snippet":"max-snippet:-1","max-image-preview":"max-image-preview:large","max-video-preview":"max-video-preview:-1"},"canonical":"https:\/\/www.mercababel.com\/producto\/aceitera-pulverizador-vinagrera-spray-pulverizador-para-aceite-de-cristal-con-tapa-de-acero-inoxidable-para-aceite-vinagre-botella-de-cristal-para-salsa-con-espray-para-freidora-sin-aire-y-para-pre\/","og_locale":"en_US","og_type":"article","og_title":"Aceitera Pulverizador Vinagrera Spray Pulverizador para Aceite de cristal con tapa de acero inoxidable para Aceite, Vinagre, botella de cristal para salsa con espray, Para freidora sin aire y para preparacion de comida17,5 cm x 4cm, 100ml - Merca Babel Productos de importaci\u00f3n en oferta: peque\u00f1os electrodom\u00e9sticos, electr\u00f3nica y productos de hogar","og_description":"\uff0aDieta\u00a0m\u00e1s\u00a0sana\uff0a:\u00a0Con\u00a0esta\u00a0botella\u00a0rociadora,\u00a0puede\u00a0rociar\u00a0uniformemente\u00a0aceite\u00a0de\u00a0oliva\u00a0o\u00a0vinagre,\u00a0vino\u00a0y\u00a0jugo\u00a0sobre\u00a0verduras\u00a0y\u00a0pollo\u00a0para\u00a0controlar\u00a0las\u00a0calor\u00edas\u00a0y\u00a0garantizar\u00a0el\u00a0sabor\u00a0de\u00a0los\u00a0alimentos.\u00a0Preparar\u00a0comidas\u00a0fitness,\u00a0ensaladas\u00a0y\u00a0barbacoas\u00a0son\u00a0opciones\u00a0perfectas.  &nbsp;  \uff0aF\u00e1cil\u00a0de\u00a0llevar\uff0a:\u00a0Adem\u00e1s\u00a0de\u00a0usarse\u00a0en\u00a0casa,\u00a0este\u00a0atomizador\u00a0es\u00a0peque\u00f1o\u00a0y\u00a0se\u00a0puede\u00a0llevar\u00a0contigo,\u00a0apto\u00a0para\u00a0barbacoas\u00a0y\u00a0picnics.\u00a0Tama\u00f1o:\u00a0Nota:\u00a0No\u00a0utilice\u00a0aceite\u00a0de\u00a0alta\u00a0densidad\u00a0como\u00a0gasolina\u00a0para\u00a0este\u00a0producto.  &nbsp;  \uff0aM\u00e9todo\u00a0de\u00a0limpieza\uff0a:\u00a0Agregue\u00a0agua\u00a0tibia\u00a0y\u00a0una\u00a0gota\u00a0de\u00a0detergente\u00a0a\u00a0la\u00a0botella,\u00a0ag\u00edtela\u00a0unas\u00a0cuantas\u00a0veces,\u00a0luego\u00a0roc\u00ede\u00a0todo\u00a0el\u00a0l\u00edquido\u00a0y\u00a0repita\u00a0varias\u00a0veces\u00a0con\u00a0agua\u00a0limpia\u00a0para\u00a0limpiar\u00a0la\u00a0botella\u00a0perfectamente.  &nbsp;  \uff0aMaterial\u00a0de\u00a0seguridad\uff0a:\u00a0El\u00a0cuerpo\u00a0de\u00a0la\u00a0botella\u00a0rociadora\u00a0es\u00a0de\u00a0vidrio\u00a0y\u00a0la\u00a0tapa\u00a0de\u00a0acero\u00a0inoxidable,\u00a0que\u00a0puede\u00a0estar\u00a0en\u00a0contacto\u00a0con\u00a0los\u00a0alimentos.\u00a0La\u00a0botella\u00a0tiene\u00a0una\u00a0junta\u00a0incorporada\u00a0para\u00a0evitar\u00a0fugas\u00a0de\u00a0aceite. \u200b \u200b \u200b","og_url":"https:\/\/www.mercababel.com\/producto\/aceitera-pulverizador-vinagrera-spray-pulverizador-para-aceite-de-cristal-con-tapa-de-acero-inoxidable-para-aceite-vinagre-botella-de-cristal-para-salsa-con-espray-para-freidora-sin-aire-y-para-pre\/","og_site_name":"Merca Babel Productos de importaci\u00f3n en oferta: peque\u00f1os electrodom\u00e9sticos, electr\u00f3nica y productos de hogar","og_image":[{"width":800,"height":800,"url":"https:\/\/www.mercababel.com\/wp-content\/uploads\/2025\/03\/\u55b7\u6cb9\u74f6-\u4e0d\u9508\u94a2-001.jpeg","type":"image\/jpeg"}],"twitter_card":"summary_large_image","twitter_misc":{"Est. reading time":"1 minute"},"schema":{"@context":"https:\/\/schema.org","@graph":[{"@type":"WebPage","@id":"https:\/\/www.mercababel.com\/producto\/aceitera-pulverizador-vinagrera-spray-pulverizador-para-aceite-de-cristal-con-tapa-de-acero-inoxidable-para-aceite-vinagre-botella-de-cristal-para-salsa-con-espray-para-freidora-sin-aire-y-para-pre\/","url":"https:\/\/www.mercababel.com\/producto\/aceitera-pulverizador-vinagrera-spray-pulverizador-para-aceite-de-cristal-con-tapa-de-acero-inoxidable-para-aceite-vinagre-botella-de-cristal-para-salsa-con-espray-para-freidora-sin-aire-y-para-pre\/","name":"Aceitera Pulverizador Vinagrera Spray Pulverizador para Aceite de cristal con tapa de acero inoxidable para Aceite, Vinagre, botella de cristal para salsa con espray, Para freidora sin aire y para preparacion de comida17,5 cm x 4cm, 100ml - Merca Babel Productos de importaci\u00f3n en oferta: peque\u00f1os electrodom\u00e9sticos, electr\u00f3nica y productos de hogar","isPartOf":{"@id":"https:\/\/www.mercababel.com\/#website"},"primaryImageOfPage":{"@id":"https:\/\/www.mercababel.com\/producto\/aceitera-pulverizador-vinagrera-spray-pulverizador-para-aceite-de-cristal-con-tapa-de-acero-inoxidable-para-aceite-vinagre-botella-de-cristal-para-salsa-con-espray-para-freidora-sin-aire-y-para-pre\/#primaryimage"},"image":{"@id":"https:\/\/www.mercababel.com\/producto\/aceitera-pulverizador-vinagrera-spray-pulverizador-para-aceite-de-cristal-con-tapa-de-acero-inoxidable-para-aceite-vinagre-botella-de-cristal-para-salsa-con-espray-para-freidora-sin-aire-y-para-pre\/#primaryimage"},"thumbnailUrl":"https:\/\/www.mercababel.com\/wp-content\/uploads\/2025\/03\/\u55b7\u6cb9\u74f6-\u4e0d\u9508\u94a2-001.jpeg","datePublished":"2025-03-04T08:11:09+00:00","dateModified":"2025-03-04T08:11:09+00:00","breadcrumb":{"@id":"https:\/\/www.mercababel.com\/producto\/aceitera-pulverizador-vinagrera-spray-pulverizador-para-aceite-de-cristal-con-tapa-de-acero-inoxidable-para-aceite-vinagre-botella-de-cristal-para-salsa-con-espray-para-freidora-sin-aire-y-para-pre\/#breadcrumb"},"inLanguage":"en-US","potentialAction":[{"@type":"ReadAction","target":["https:\/\/www.mercababel.com\/producto\/aceitera-pulverizador-vinagrera-spray-pulverizador-para-aceite-de-cristal-con-tapa-de-acero-inoxidable-para-aceite-vinagre-botella-de-cristal-para-salsa-con-espray-para-freidora-sin-aire-y-para-pre\/"]}]},{"@type":"ImageObject","inLanguage":"en-US","@id":"https:\/\/www.mercababel.com\/producto\/aceitera-pulverizador-vinagrera-spray-pulverizador-para-aceite-de-cristal-con-tapa-de-acero-inoxidable-para-aceite-vinagre-botella-de-cristal-para-salsa-con-espray-para-freidora-sin-aire-y-para-pre\/#primaryimage","url":"https:\/\/www.mercababel.com\/wp-content\/uploads\/2025\/03\/\u55b7\u6cb9\u74f6-\u4e0d\u9508\u94a2-001.jpeg","contentUrl":"https:\/\/www.mercababel.com\/wp-content\/uploads\/2025\/03\/\u55b7\u6cb9\u74f6-\u4e0d\u9508\u94a2-001.jpeg","width":800,"height":800},{"@type":"BreadcrumbList","@id":"https:\/\/www.mercababel.com\/producto\/aceitera-pulverizador-vinagrera-spray-pulverizador-para-aceite-de-cristal-con-tapa-de-acero-inoxidable-para-aceite-vinagre-botella-de-cristal-para-salsa-con-espray-para-freidora-sin-aire-y-para-pre\/#breadcrumb","itemListElement":[{"@type":"ListItem","position":1,"name":"Portada","item":"https:\/\/www.mercababel.com\/"},{"@type":"ListItem","position":2,"name":"Shop","item":"https:\/\/www.mercababel.com\/en\/shop\/"},{"@type":"ListItem","position":3,"name":"Aceitera Pulverizador Vinagrera Spray Pulverizador para Aceite de cristal con tapa de acero inoxidable para Aceite, Vinagre, botella de cristal para salsa con espray, Para freidora sin aire y para preparacion de comida17,5 cm x 4cm, 100ml"}]},{"@type":"WebSite","@id":"https:\/\/www.mercababel.com\/#website","url":"https:\/\/www.mercababel.com\/","name":"Merca Babel Productos de importaci\u00f3n en oferta: peque\u00f1os electrodom\u00e9sticos, electr\u00f3nica y productos de hogar","description":"Productos de importaci\u00f3n en oferta","potentialAction":[{"@type":"SearchAction","target":{"@type":"EntryPoint","urlTemplate":"https:\/\/www.mercababel.com\/?s={search_term_string}"},"query-input":{"@type":"PropertyValueSpecification","valueRequired":true,"valueName":"search_term_string"}}],"inLanguage":"en-US"}]}},"_links":{"self":[{"href":"https:\/\/www.mercababel.com\/en\/wp-json\/wp\/v2\/product\/14489","targetHints":{"allow":["GET"]}}],"collection":[{"href":"https:\/\/www.mercababel.com\/en\/wp-json\/wp\/v2\/product"}],"about":[{"href":"https:\/\/www.mercababel.com\/en\/wp-json\/wp\/v2\/types\/product"}],"replies":[{"embeddable":true,"href":"https:\/\/www.mercababel.com\/en\/wp-json\/wp\/v2\/comments?post=14489"}],"version-history":[{"count":1,"href":"https:\/\/www.mercababel.com\/en\/wp-json\/wp\/v2\/product\/14489\/revisions"}],"predecessor-version":[{"id":14508,"href":"https:\/\/www.mercababel.com\/en\/wp-json\/wp\/v2\/product\/14489\/revisions\/14508"}],"wp:featuredmedia":[{"embeddable":true,"href":"https:\/\/www.mercababel.com\/en\/wp-json\/wp\/v2\/media\/14492"}],"wp:attachment":[{"href":"https:\/\/www.mercababel.com\/en\/wp-json\/wp\/v2\/media?parent=14489"}],"wp:term":[{"taxonomy":"product_cat","embeddable":true,"href":"https:\/\/www.mercababel.com\/en\/wp-json\/wp\/v2\/product_cat?post=14489"},{"taxonomy":"product_tag","embeddable":true,"href":"https:\/\/www.mercababel.com\/en\/wp-json\/wp\/v2\/product_tag?post=14489"}],"curies":[{"name":"wp","href":"https:\/\/api.w.org\/{rel}","templated":true}]}}