{"id":14471,"date":"2025-03-03T18:14:16","date_gmt":"2025-03-03T18:14:16","guid":{"rendered":"https:\/\/www.mercababel.com\/?post_type=product&#038;p=14471"},"modified":"2025-03-03T18:15:33","modified_gmt":"2025-03-03T18:15:33","slug":"cojin-entrepierna-almohada-de-espuma-de-memoria-ortopedica-para-dormir-almohada-ortopedica-para-la-ciatica-en-la-espalda-y-la-cadera-alivio-del-dolor-en-muslo-y-piernas-cojin-de-espuma-para-el-hogar","status":"publish","type":"product","link":"https:\/\/www.mercababel.com\/en\/producto\/cojin-entrepierna-almohada-de-espuma-de-memoria-ortopedica-para-dormir-almohada-ortopedica-para-la-ciatica-en-la-espalda-y-la-cadera-alivio-del-dolor-en-muslo-y-piernas-cojin-de-espuma-para-el-hogar\/","title":{"rendered":"Cojin Entrepierna, Almohada De Espuma De Memoria Ortop\u00e9dica Para Dormir Almohada Ortop\u00e9dica Para La Ci\u00e1tica En La Espalda Y La Cadera Alivio Del Dolor En Muslo Y Piernas Coj\u00edn De Espuma Para El Hogar Port\u00e1til\uff08Raya gris\uff09"},"content":{"rendered":"<article class=\"4ever-article\" data-clipboard-cangjie=\"[&quot;root&quot;,{&quot;copyFrom&quot;:1821447655},[&quot;p&quot;,{&quot;jc&quot;:&quot;left&quot;,&quot;ind&quot;:{},&quot;spacing&quot;:{}},[&quot;span&quot;,{&quot;data-type&quot;:&quot;text&quot;},[&quot;span&quot;,{&quot;bold&quot;:true,&quot;data-type&quot;:&quot;leaf&quot;},&quot;Acerca\u00a0de\u00a0este\u00a0art\u00edculo\\n&quot;],[&quot;span&quot;,{&quot;data-type&quot;:&quot;leaf&quot;},&quot;\u200b\\n\u200b\u3010Ergon\u00f3mico\u00a0de\u00a0Almohada\u00a0para\u00a0dormir\u00a0de\u00a0lado\u3011:\u00a0esta\u00a0almohada\u00a0para\u00a0rodillas\u00a0con\u00a0forma\u00a0de\u00a0coraz\u00f3n\u00a0y\u00a0dise\u00f1o\u00a0ergon\u00f3mico,\u00a0abraza\u00a0perfectamente\u00a0las\u00a0piernas,\u00a0brinda\u00a0un\u00a0excelente\u00a0soporte,\u00a0coloca\u00a0la\u00a0espalda\u00a0y\u00a0las\u00a0caderas\u00a0en\u00a0una\u00a0posici\u00f3n\u00a0natural\u00a0y\u00a0dormir\u00e1\u00a0mejor\u00a0por\u00a0la\u00a0noche.\\n\u200b\u3010Almohada\u00a0para\u00a0piernas\u00a0de\u00a0espuma\u00a0viscoel\u00e1stica\u00a0de\u00a0alta\u00a0calidad\u3011:\u00a0La\u00a0almohada\u00a0para\u00a0piernas\u00a0y\u00a0rodillas\u00a0est\u00e1\u00a0hecha\u00a0de\u00a0espuma\u00a0de\u00a0ultra\u00a0alta\u00a0densidad.\u00a0Hay\u00a0un\u00a0orificio\u00a0de\u00a0ventilaci\u00f3n\u00a0en\u00a0el\u00a0medio\u00a0de\u00a0la\u00a0almohada\u00a0lateral\u00a0para\u00a0dormir,\u00a0que\u00a0ayuda\u00a0a\u00a0la\u00a0circulaci\u00f3n\u00a0del\u00a0aire\u00a0durante\u00a0el\u00a0sue\u00f1o\u00a0y\u00a0evita\u00a0el\u00a0sobrecalentamiento,\u00a0que\u00a0afecta\u00a0el\u00a0sue\u00f1o.La\u00a0estructura\u00a0de\u00a0fibra\u00a0suave\u00a0y\u00a0transpirable\u00a0apoya\u00a0el\u00a0bienestar\u00a0mientras\u00a0duerme.\\n\u200b\u3010C\u00f3modas\u00a0coj\u00edn\u00a0para\u00a0piernas\u00a0de\u00a0la\u00a0almohada\u00a0de\u00a0la\u00a0pierna\u3011:\u00a0las\u00a0ranuras\u00a0de\u00a0nuestra\u00a0coj\u00edn\u00a0ortop\u00e9dica\u00a0para\u00a0la\u00a0rodilla\u00a0de\u00a0la\u00a0almohada\u00a0de\u00a0la\u00a0pierna\u00a0est\u00e1n\u00a0dise\u00f1adas\u00a0para\u00a0adaptarse\u00a0perfectamente\u00a0a\u00a0la\u00a0pierna\u00a0y\u00a0aliviar\u00a0el\u00a0dolor\u00a0de\u00a0la\u00a0pierna.\u00a0La\u00a0almohada\u00a0para\u00a0dormir\u00a0de\u00a0lado\u00a0se\u00a0adapta\u00a0a\u00a0la\u00a0forma\u00a0de\u00a0sus\u00a0piernas\u00a0sin\u00a0restringir\u00a0su\u00a0rango\u00a0de\u00a0movimiento\u00a0o\u00a0tener\u00a0que\u00a0dormir\u00a0en\u00a0una\u00a0posici\u00f3n\u00a0espec\u00edfica\u00a0para\u00a0dormir.\u00a0Un\u00a0gran\u00a0\u00e9xito\u00a0entre\u00a0las\u00a0mujeres\u00a0embarazadas\u00a0y\u00a0las\u00a0personas\u00a0que\u00a0duermen\u00a0de\u00a0lado.&quot;]]],[&quot;p&quot;,{&quot;jc&quot;:&quot;left&quot;,&quot;ind&quot;:{},&quot;spacing&quot;:{}},[&quot;span&quot;,{&quot;data-type&quot;:&quot;text&quot;},[&quot;span&quot;,{&quot;data-type&quot;:&quot;leaf&quot;},&quot;&quot;]]],[&quot;p&quot;,{&quot;jc&quot;:&quot;left&quot;,&quot;ind&quot;:{},&quot;spacing&quot;:{}},[&quot;span&quot;,{&quot;data-type&quot;:&quot;text&quot;},[&quot;span&quot;,{&quot;data-type&quot;:&quot;leaf&quot;},&quot;&quot;]],[&quot;img&quot;,{&quot;src&quot;:&quot;https:\/\/my-test-11.slatic.net\/p\/8fc20e97c85d8a4ba626d65b022b4963.jpg&quot;,&quot;style&quot;:&quot;width:800px;height:800px;display:inline;vertical-align:middle&quot;,&quot;width&quot;:800,&quot;height&quot;:800},[&quot;span&quot;,{&quot;data-type&quot;:&quot;text&quot;},[&quot;span&quot;,{&quot;data-type&quot;:&quot;leaf&quot;},&quot;&quot;]]],[&quot;span&quot;,{&quot;data-type&quot;:&quot;text&quot;},[&quot;span&quot;,{&quot;data-type&quot;:&quot;leaf&quot;},&quot;\u00a0&quot;]]]]\"><img decoding=\"async\" src=\"https:\/\/my-test-11.slatic.net\/p\/8fc20e97c85d8a4ba626d65b022b4963.jpg\" \/><\/p>\n<\/article>\n","protected":false},"excerpt":{"rendered":"<p>Acerca\u00a0de\u00a0este\u00a0art\u00edculo \u200b \u200b\u3010Ergon\u00f3mico\u00a0de\u00a0Almohada\u00a0para\u00a0dormir\u00a0de\u00a0lado\u3011:\u00a0esta\u00a0almohada\u00a0para\u00a0rodillas\u00a0con\u00a0forma\u00a0de\u00a0coraz\u00f3n\u00a0y\u00a0dise\u00f1o\u00a0ergon\u00f3mico,\u00a0abraza\u00a0perfectamente\u00a0las\u00a0piernas,\u00a0brinda\u00a0un\u00a0excelente\u00a0soporte,\u00a0coloca\u00a0la\u00a0espalda\u00a0y\u00a0las\u00a0caderas\u00a0en\u00a0una\u00a0posici\u00f3n\u00a0natural\u00a0y\u00a0dormir\u00e1\u00a0mejor\u00a0por\u00a0la\u00a0noche. \u200b\u3010Almohada\u00a0para\u00a0piernas\u00a0de\u00a0espuma\u00a0viscoel\u00e1stica\u00a0de\u00a0alta\u00a0calidad\u3011:\u00a0La\u00a0almohada\u00a0para\u00a0piernas\u00a0y\u00a0rodillas\u00a0est\u00e1\u00a0hecha\u00a0de\u00a0espuma\u00a0de\u00a0ultra\u00a0alta\u00a0densidad.\u00a0Hay\u00a0un\u00a0orificio\u00a0de\u00a0ventilaci\u00f3n\u00a0en\u00a0el\u00a0medio\u00a0de\u00a0la\u00a0almohada\u00a0lateral\u00a0para\u00a0dormir,\u00a0que\u00a0ayuda\u00a0a\u00a0la\u00a0circulaci\u00f3n\u00a0del\u00a0aire\u00a0durante\u00a0el\u00a0sue\u00f1o\u00a0y\u00a0evita\u00a0el\u00a0sobrecalentamiento,\u00a0que\u00a0afecta\u00a0el\u00a0sue\u00f1o.La\u00a0estructura\u00a0de\u00a0fibra\u00a0suave\u00a0y\u00a0transpirable\u00a0apoya\u00a0el\u00a0bienestar\u00a0mientras\u00a0duerme. \u200b\u3010C\u00f3modas\u00a0coj\u00edn\u00a0para\u00a0piernas\u00a0de\u00a0la\u00a0almohada\u00a0de\u00a0la\u00a0pierna\u3011:\u00a0las\u00a0ranuras\u00a0de\u00a0nuestra\u00a0coj\u00edn\u00a0ortop\u00e9dica\u00a0para\u00a0la\u00a0rodilla\u00a0de\u00a0la\u00a0almohada\u00a0de\u00a0la\u00a0pierna\u00a0est\u00e1n\u00a0dise\u00f1adas\u00a0para\u00a0adaptarse\u00a0perfectamente\u00a0a\u00a0la\u00a0pierna\u00a0y\u00a0aliviar\u00a0el\u00a0dolor\u00a0de\u00a0la\u00a0pierna.\u00a0La\u00a0almohada\u00a0para\u00a0dormir\u00a0de\u00a0lado\u00a0se\u00a0adapta\u00a0a\u00a0la\u00a0forma\u00a0de\u00a0sus\u00a0piernas\u00a0sin\u00a0restringir\u00a0su\u00a0rango\u00a0de\u00a0movimiento\u00a0o\u00a0tener\u00a0que\u00a0dormir\u00a0en\u00a0una\u00a0posici\u00f3n\u00a0espec\u00edfica\u00a0para\u00a0dormir.\u00a0Un\u00a0gran\u00a0\u00e9xito\u00a0entre\u00a0las\u00a0mujeres\u00a0embarazadas\u00a0y\u00a0las\u00a0personas\u00a0que\u00a0duermen\u00a0de\u00a0lado.<\/p>\n","protected":false},"featured_media":14472,"comment_status":"closed","ping_status":"closed","template":"","meta":[],"product_cat":[15,373],"product_tag":[662,573,664,663],"class_list":{"0":"post-14471","1":"product","2":"type-product","3":"status-publish","4":"has-post-thumbnail","6":"product_cat-uncategorized","7":"product_cat-hogar","8":"product_tag-cojin","9":"product_tag-comodidad","10":"product_tag-ortopedica","11":"product_tag-suave","12":"product_brand-generico","14":"first","15":"instock","16":"sale","17":"shipping-taxable","18":"purchasable","19":"product-type-variable","20":"rtwpvs-product"},"yoast_head":"<!-- This site is optimized with the Yoast SEO plugin v23.5 - https:\/\/yoast.com\/wordpress\/plugins\/seo\/ -->\n<title>Cojin Entrepierna, Almohada De Espuma De Memoria Ortop\u00e9dica Para Dormir Almohada Ortop\u00e9dica Para La Ci\u00e1tica En La Espalda Y La Cadera Alivio Del Dolor En Muslo Y Piernas Coj\u00edn De Espuma Para El Hogar Port\u00e1til\uff08Raya gris\uff09 - Merca Babel Productos de importaci\u00f3n en oferta: peque\u00f1os electrodom\u00e9sticos, electr\u00f3nica y productos de hogar<\/title>\n<meta name=\"robots\" content=\"index, follow, max-snippet:-1, max-image-preview:large, max-video-preview:-1\" \/>\n<link rel=\"canonical\" href=\"https:\/\/www.mercababel.com\/producto\/cojin-entrepierna-almohada-de-espuma-de-memoria-ortopedica-para-dormir-almohada-ortopedica-para-la-ciatica-en-la-espalda-y-la-cadera-alivio-del-dolor-en-muslo-y-piernas-cojin-de-espuma-para-el-hogar\/\" \/>\n<meta property=\"og:locale\" content=\"en_US\" \/>\n<meta property=\"og:type\" content=\"article\" \/>\n<meta property=\"og:title\" content=\"Cojin Entrepierna, Almohada De Espuma De Memoria Ortop\u00e9dica Para Dormir Almohada Ortop\u00e9dica Para La Ci\u00e1tica En La Espalda Y La Cadera Alivio Del Dolor En Muslo Y Piernas Coj\u00edn De Espuma Para El Hogar Port\u00e1til\uff08Raya gris\uff09 - Merca Babel Productos de importaci\u00f3n en oferta: peque\u00f1os electrodom\u00e9sticos, electr\u00f3nica y productos de hogar\" \/>\n<meta property=\"og:description\" content=\"Acerca\u00a0de\u00a0este\u00a0art\u00edculo \u200b \u200b\u3010Ergon\u00f3mico\u00a0de\u00a0Almohada\u00a0para\u00a0dormir\u00a0de\u00a0lado\u3011:\u00a0esta\u00a0almohada\u00a0para\u00a0rodillas\u00a0con\u00a0forma\u00a0de\u00a0coraz\u00f3n\u00a0y\u00a0dise\u00f1o\u00a0ergon\u00f3mico,\u00a0abraza\u00a0perfectamente\u00a0las\u00a0piernas,\u00a0brinda\u00a0un\u00a0excelente\u00a0soporte,\u00a0coloca\u00a0la\u00a0espalda\u00a0y\u00a0las\u00a0caderas\u00a0en\u00a0una\u00a0posici\u00f3n\u00a0natural\u00a0y\u00a0dormir\u00e1\u00a0mejor\u00a0por\u00a0la\u00a0noche. \u200b\u3010Almohada\u00a0para\u00a0piernas\u00a0de\u00a0espuma\u00a0viscoel\u00e1stica\u00a0de\u00a0alta\u00a0calidad\u3011:\u00a0La\u00a0almohada\u00a0para\u00a0piernas\u00a0y\u00a0rodillas\u00a0est\u00e1\u00a0hecha\u00a0de\u00a0espuma\u00a0de\u00a0ultra\u00a0alta\u00a0densidad.\u00a0Hay\u00a0un\u00a0orificio\u00a0de\u00a0ventilaci\u00f3n\u00a0en\u00a0el\u00a0medio\u00a0de\u00a0la\u00a0almohada\u00a0lateral\u00a0para\u00a0dormir,\u00a0que\u00a0ayuda\u00a0a\u00a0la\u00a0circulaci\u00f3n\u00a0del\u00a0aire\u00a0durante\u00a0el\u00a0sue\u00f1o\u00a0y\u00a0evita\u00a0el\u00a0sobrecalentamiento,\u00a0que\u00a0afecta\u00a0el\u00a0sue\u00f1o.La\u00a0estructura\u00a0de\u00a0fibra\u00a0suave\u00a0y\u00a0transpirable\u00a0apoya\u00a0el\u00a0bienestar\u00a0mientras\u00a0duerme. \u200b\u3010C\u00f3modas\u00a0coj\u00edn\u00a0para\u00a0piernas\u00a0de\u00a0la\u00a0almohada\u00a0de\u00a0la\u00a0pierna\u3011:\u00a0las\u00a0ranuras\u00a0de\u00a0nuestra\u00a0coj\u00edn\u00a0ortop\u00e9dica\u00a0para\u00a0la\u00a0rodilla\u00a0de\u00a0la\u00a0almohada\u00a0de\u00a0la\u00a0pierna\u00a0est\u00e1n\u00a0dise\u00f1adas\u00a0para\u00a0adaptarse\u00a0perfectamente\u00a0a\u00a0la\u00a0pierna\u00a0y\u00a0aliviar\u00a0el\u00a0dolor\u00a0de\u00a0la\u00a0pierna.\u00a0La\u00a0almohada\u00a0para\u00a0dormir\u00a0de\u00a0lado\u00a0se\u00a0adapta\u00a0a\u00a0la\u00a0forma\u00a0de\u00a0sus\u00a0piernas\u00a0sin\u00a0restringir\u00a0su\u00a0rango\u00a0de\u00a0movimiento\u00a0o\u00a0tener\u00a0que\u00a0dormir\u00a0en\u00a0una\u00a0posici\u00f3n\u00a0espec\u00edfica\u00a0para\u00a0dormir.\u00a0Un\u00a0gran\u00a0\u00e9xito\u00a0entre\u00a0las\u00a0mujeres\u00a0embarazadas\u00a0y\u00a0las\u00a0personas\u00a0que\u00a0duermen\u00a0de\u00a0lado.\" \/>\n<meta property=\"og:url\" content=\"https:\/\/www.mercababel.com\/producto\/cojin-entrepierna-almohada-de-espuma-de-memoria-ortopedica-para-dormir-almohada-ortopedica-para-la-ciatica-en-la-espalda-y-la-cadera-alivio-del-dolor-en-muslo-y-piernas-cojin-de-espuma-para-el-hogar\/\" \/>\n<meta property=\"og:site_name\" content=\"Merca Babel Productos de importaci\u00f3n en oferta: peque\u00f1os electrodom\u00e9sticos, electr\u00f3nica y productos de hogar\" \/>\n<meta property=\"article:modified_time\" content=\"2025-03-03T18:15:33+00:00\" \/>\n<meta property=\"og:image\" content=\"https:\/\/www.mercababel.com\/wp-content\/uploads\/2025\/03\/TZ-001.jpg\" \/>\n\t<meta property=\"og:image:width\" content=\"1456\" \/>\n\t<meta property=\"og:image:height\" content=\"1500\" \/>\n\t<meta property=\"og:image:type\" content=\"image\/jpeg\" \/>\n<meta name=\"twitter:card\" content=\"summary_large_image\" \/>\n<meta name=\"twitter:label1\" content=\"Est. reading time\" \/>\n\t<meta name=\"twitter:data1\" content=\"1 minute\" \/>\n<script type=\"application\/ld+json\" class=\"yoast-schema-graph\">{\"@context\":\"https:\/\/schema.org\",\"@graph\":[{\"@type\":\"WebPage\",\"@id\":\"https:\/\/www.mercababel.com\/producto\/cojin-entrepierna-almohada-de-espuma-de-memoria-ortopedica-para-dormir-almohada-ortopedica-para-la-ciatica-en-la-espalda-y-la-cadera-alivio-del-dolor-en-muslo-y-piernas-cojin-de-espuma-para-el-hogar\/\",\"url\":\"https:\/\/www.mercababel.com\/producto\/cojin-entrepierna-almohada-de-espuma-de-memoria-ortopedica-para-dormir-almohada-ortopedica-para-la-ciatica-en-la-espalda-y-la-cadera-alivio-del-dolor-en-muslo-y-piernas-cojin-de-espuma-para-el-hogar\/\",\"name\":\"Cojin Entrepierna, Almohada De Espuma De Memoria Ortop\u00e9dica Para Dormir Almohada Ortop\u00e9dica Para La Ci\u00e1tica En La Espalda Y La Cadera Alivio Del Dolor En Muslo Y Piernas Coj\u00edn De Espuma Para El Hogar Port\u00e1til\uff08Raya gris\uff09 - Merca Babel Productos de importaci\u00f3n en oferta: peque\u00f1os electrodom\u00e9sticos, electr\u00f3nica y productos de hogar\",\"isPartOf\":{\"@id\":\"https:\/\/www.mercababel.com\/#website\"},\"primaryImageOfPage\":{\"@id\":\"https:\/\/www.mercababel.com\/producto\/cojin-entrepierna-almohada-de-espuma-de-memoria-ortopedica-para-dormir-almohada-ortopedica-para-la-ciatica-en-la-espalda-y-la-cadera-alivio-del-dolor-en-muslo-y-piernas-cojin-de-espuma-para-el-hogar\/#primaryimage\"},\"image\":{\"@id\":\"https:\/\/www.mercababel.com\/producto\/cojin-entrepierna-almohada-de-espuma-de-memoria-ortopedica-para-dormir-almohada-ortopedica-para-la-ciatica-en-la-espalda-y-la-cadera-alivio-del-dolor-en-muslo-y-piernas-cojin-de-espuma-para-el-hogar\/#primaryimage\"},\"thumbnailUrl\":\"https:\/\/www.mercababel.com\/wp-content\/uploads\/2025\/03\/TZ-001.jpg\",\"datePublished\":\"2025-03-03T18:14:16+00:00\",\"dateModified\":\"2025-03-03T18:15:33+00:00\",\"breadcrumb\":{\"@id\":\"https:\/\/www.mercababel.com\/producto\/cojin-entrepierna-almohada-de-espuma-de-memoria-ortopedica-para-dormir-almohada-ortopedica-para-la-ciatica-en-la-espalda-y-la-cadera-alivio-del-dolor-en-muslo-y-piernas-cojin-de-espuma-para-el-hogar\/#breadcrumb\"},\"inLanguage\":\"en-US\",\"potentialAction\":[{\"@type\":\"ReadAction\",\"target\":[\"https:\/\/www.mercababel.com\/producto\/cojin-entrepierna-almohada-de-espuma-de-memoria-ortopedica-para-dormir-almohada-ortopedica-para-la-ciatica-en-la-espalda-y-la-cadera-alivio-del-dolor-en-muslo-y-piernas-cojin-de-espuma-para-el-hogar\/\"]}]},{\"@type\":\"ImageObject\",\"inLanguage\":\"en-US\",\"@id\":\"https:\/\/www.mercababel.com\/producto\/cojin-entrepierna-almohada-de-espuma-de-memoria-ortopedica-para-dormir-almohada-ortopedica-para-la-ciatica-en-la-espalda-y-la-cadera-alivio-del-dolor-en-muslo-y-piernas-cojin-de-espuma-para-el-hogar\/#primaryimage\",\"url\":\"https:\/\/www.mercababel.com\/wp-content\/uploads\/2025\/03\/TZ-001.jpg\",\"contentUrl\":\"https:\/\/www.mercababel.com\/wp-content\/uploads\/2025\/03\/TZ-001.jpg\",\"width\":1456,\"height\":1500},{\"@type\":\"BreadcrumbList\",\"@id\":\"https:\/\/www.mercababel.com\/producto\/cojin-entrepierna-almohada-de-espuma-de-memoria-ortopedica-para-dormir-almohada-ortopedica-para-la-ciatica-en-la-espalda-y-la-cadera-alivio-del-dolor-en-muslo-y-piernas-cojin-de-espuma-para-el-hogar\/#breadcrumb\",\"itemListElement\":[{\"@type\":\"ListItem\",\"position\":1,\"name\":\"Portada\",\"item\":\"https:\/\/www.mercababel.com\/\"},{\"@type\":\"ListItem\",\"position\":2,\"name\":\"Shop\",\"item\":\"https:\/\/www.mercababel.com\/en\/shop\/\"},{\"@type\":\"ListItem\",\"position\":3,\"name\":\"Cojin Entrepierna, Almohada De Espuma De Memoria Ortop\u00e9dica Para Dormir Almohada Ortop\u00e9dica Para La Ci\u00e1tica En La Espalda Y La Cadera Alivio Del Dolor En Muslo Y Piernas Coj\u00edn De Espuma Para El Hogar Port\u00e1til\uff08Raya gris\uff09\"}]},{\"@type\":\"WebSite\",\"@id\":\"https:\/\/www.mercababel.com\/#website\",\"url\":\"https:\/\/www.mercababel.com\/\",\"name\":\"Merca Babel Productos de importaci\u00f3n en oferta: peque\u00f1os electrodom\u00e9sticos, electr\u00f3nica y productos de hogar\",\"description\":\"Productos de importaci\u00f3n en oferta\",\"potentialAction\":[{\"@type\":\"SearchAction\",\"target\":{\"@type\":\"EntryPoint\",\"urlTemplate\":\"https:\/\/www.mercababel.com\/?s={search_term_string}\"},\"query-input\":{\"@type\":\"PropertyValueSpecification\",\"valueRequired\":true,\"valueName\":\"search_term_string\"}}],\"inLanguage\":\"en-US\"}]}<\/script>\n<!-- \/ Yoast SEO plugin. -->","yoast_head_json":{"title":"Cojin Entrepierna, Almohada De Espuma De Memoria Ortop\u00e9dica Para Dormir Almohada Ortop\u00e9dica Para La Ci\u00e1tica En La Espalda Y La Cadera Alivio Del Dolor En Muslo Y Piernas Coj\u00edn De Espuma Para El Hogar Port\u00e1til\uff08Raya gris\uff09 - Merca Babel Productos de importaci\u00f3n en oferta: peque\u00f1os electrodom\u00e9sticos, electr\u00f3nica y productos de hogar","robots":{"index":"index","follow":"follow","max-snippet":"max-snippet:-1","max-image-preview":"max-image-preview:large","max-video-preview":"max-video-preview:-1"},"canonical":"https:\/\/www.mercababel.com\/producto\/cojin-entrepierna-almohada-de-espuma-de-memoria-ortopedica-para-dormir-almohada-ortopedica-para-la-ciatica-en-la-espalda-y-la-cadera-alivio-del-dolor-en-muslo-y-piernas-cojin-de-espuma-para-el-hogar\/","og_locale":"en_US","og_type":"article","og_title":"Cojin Entrepierna, Almohada De Espuma De Memoria Ortop\u00e9dica Para Dormir Almohada Ortop\u00e9dica Para La Ci\u00e1tica En La Espalda Y La Cadera Alivio Del Dolor En Muslo Y Piernas Coj\u00edn De Espuma Para El Hogar Port\u00e1til\uff08Raya gris\uff09 - Merca Babel Productos de importaci\u00f3n en oferta: peque\u00f1os electrodom\u00e9sticos, electr\u00f3nica y productos de hogar","og_description":"Acerca\u00a0de\u00a0este\u00a0art\u00edculo \u200b \u200b\u3010Ergon\u00f3mico\u00a0de\u00a0Almohada\u00a0para\u00a0dormir\u00a0de\u00a0lado\u3011:\u00a0esta\u00a0almohada\u00a0para\u00a0rodillas\u00a0con\u00a0forma\u00a0de\u00a0coraz\u00f3n\u00a0y\u00a0dise\u00f1o\u00a0ergon\u00f3mico,\u00a0abraza\u00a0perfectamente\u00a0las\u00a0piernas,\u00a0brinda\u00a0un\u00a0excelente\u00a0soporte,\u00a0coloca\u00a0la\u00a0espalda\u00a0y\u00a0las\u00a0caderas\u00a0en\u00a0una\u00a0posici\u00f3n\u00a0natural\u00a0y\u00a0dormir\u00e1\u00a0mejor\u00a0por\u00a0la\u00a0noche. \u200b\u3010Almohada\u00a0para\u00a0piernas\u00a0de\u00a0espuma\u00a0viscoel\u00e1stica\u00a0de\u00a0alta\u00a0calidad\u3011:\u00a0La\u00a0almohada\u00a0para\u00a0piernas\u00a0y\u00a0rodillas\u00a0est\u00e1\u00a0hecha\u00a0de\u00a0espuma\u00a0de\u00a0ultra\u00a0alta\u00a0densidad.\u00a0Hay\u00a0un\u00a0orificio\u00a0de\u00a0ventilaci\u00f3n\u00a0en\u00a0el\u00a0medio\u00a0de\u00a0la\u00a0almohada\u00a0lateral\u00a0para\u00a0dormir,\u00a0que\u00a0ayuda\u00a0a\u00a0la\u00a0circulaci\u00f3n\u00a0del\u00a0aire\u00a0durante\u00a0el\u00a0sue\u00f1o\u00a0y\u00a0evita\u00a0el\u00a0sobrecalentamiento,\u00a0que\u00a0afecta\u00a0el\u00a0sue\u00f1o.La\u00a0estructura\u00a0de\u00a0fibra\u00a0suave\u00a0y\u00a0transpirable\u00a0apoya\u00a0el\u00a0bienestar\u00a0mientras\u00a0duerme. \u200b\u3010C\u00f3modas\u00a0coj\u00edn\u00a0para\u00a0piernas\u00a0de\u00a0la\u00a0almohada\u00a0de\u00a0la\u00a0pierna\u3011:\u00a0las\u00a0ranuras\u00a0de\u00a0nuestra\u00a0coj\u00edn\u00a0ortop\u00e9dica\u00a0para\u00a0la\u00a0rodilla\u00a0de\u00a0la\u00a0almohada\u00a0de\u00a0la\u00a0pierna\u00a0est\u00e1n\u00a0dise\u00f1adas\u00a0para\u00a0adaptarse\u00a0perfectamente\u00a0a\u00a0la\u00a0pierna\u00a0y\u00a0aliviar\u00a0el\u00a0dolor\u00a0de\u00a0la\u00a0pierna.\u00a0La\u00a0almohada\u00a0para\u00a0dormir\u00a0de\u00a0lado\u00a0se\u00a0adapta\u00a0a\u00a0la\u00a0forma\u00a0de\u00a0sus\u00a0piernas\u00a0sin\u00a0restringir\u00a0su\u00a0rango\u00a0de\u00a0movimiento\u00a0o\u00a0tener\u00a0que\u00a0dormir\u00a0en\u00a0una\u00a0posici\u00f3n\u00a0espec\u00edfica\u00a0para\u00a0dormir.\u00a0Un\u00a0gran\u00a0\u00e9xito\u00a0entre\u00a0las\u00a0mujeres\u00a0embarazadas\u00a0y\u00a0las\u00a0personas\u00a0que\u00a0duermen\u00a0de\u00a0lado.","og_url":"https:\/\/www.mercababel.com\/producto\/cojin-entrepierna-almohada-de-espuma-de-memoria-ortopedica-para-dormir-almohada-ortopedica-para-la-ciatica-en-la-espalda-y-la-cadera-alivio-del-dolor-en-muslo-y-piernas-cojin-de-espuma-para-el-hogar\/","og_site_name":"Merca Babel Productos de importaci\u00f3n en oferta: peque\u00f1os electrodom\u00e9sticos, electr\u00f3nica y productos de hogar","article_modified_time":"2025-03-03T18:15:33+00:00","og_image":[{"width":1456,"height":1500,"url":"https:\/\/www.mercababel.com\/wp-content\/uploads\/2025\/03\/TZ-001.jpg","type":"image\/jpeg"}],"twitter_card":"summary_large_image","twitter_misc":{"Est. reading time":"1 minute"},"schema":{"@context":"https:\/\/schema.org","@graph":[{"@type":"WebPage","@id":"https:\/\/www.mercababel.com\/producto\/cojin-entrepierna-almohada-de-espuma-de-memoria-ortopedica-para-dormir-almohada-ortopedica-para-la-ciatica-en-la-espalda-y-la-cadera-alivio-del-dolor-en-muslo-y-piernas-cojin-de-espuma-para-el-hogar\/","url":"https:\/\/www.mercababel.com\/producto\/cojin-entrepierna-almohada-de-espuma-de-memoria-ortopedica-para-dormir-almohada-ortopedica-para-la-ciatica-en-la-espalda-y-la-cadera-alivio-del-dolor-en-muslo-y-piernas-cojin-de-espuma-para-el-hogar\/","name":"Cojin Entrepierna, Almohada De Espuma De Memoria Ortop\u00e9dica Para Dormir Almohada Ortop\u00e9dica Para La Ci\u00e1tica En La Espalda Y La Cadera Alivio Del Dolor En Muslo Y Piernas Coj\u00edn De Espuma Para El Hogar Port\u00e1til\uff08Raya gris\uff09 - Merca Babel Productos de importaci\u00f3n en oferta: peque\u00f1os electrodom\u00e9sticos, electr\u00f3nica y productos de hogar","isPartOf":{"@id":"https:\/\/www.mercababel.com\/#website"},"primaryImageOfPage":{"@id":"https:\/\/www.mercababel.com\/producto\/cojin-entrepierna-almohada-de-espuma-de-memoria-ortopedica-para-dormir-almohada-ortopedica-para-la-ciatica-en-la-espalda-y-la-cadera-alivio-del-dolor-en-muslo-y-piernas-cojin-de-espuma-para-el-hogar\/#primaryimage"},"image":{"@id":"https:\/\/www.mercababel.com\/producto\/cojin-entrepierna-almohada-de-espuma-de-memoria-ortopedica-para-dormir-almohada-ortopedica-para-la-ciatica-en-la-espalda-y-la-cadera-alivio-del-dolor-en-muslo-y-piernas-cojin-de-espuma-para-el-hogar\/#primaryimage"},"thumbnailUrl":"https:\/\/www.mercababel.com\/wp-content\/uploads\/2025\/03\/TZ-001.jpg","datePublished":"2025-03-03T18:14:16+00:00","dateModified":"2025-03-03T18:15:33+00:00","breadcrumb":{"@id":"https:\/\/www.mercababel.com\/producto\/cojin-entrepierna-almohada-de-espuma-de-memoria-ortopedica-para-dormir-almohada-ortopedica-para-la-ciatica-en-la-espalda-y-la-cadera-alivio-del-dolor-en-muslo-y-piernas-cojin-de-espuma-para-el-hogar\/#breadcrumb"},"inLanguage":"en-US","potentialAction":[{"@type":"ReadAction","target":["https:\/\/www.mercababel.com\/producto\/cojin-entrepierna-almohada-de-espuma-de-memoria-ortopedica-para-dormir-almohada-ortopedica-para-la-ciatica-en-la-espalda-y-la-cadera-alivio-del-dolor-en-muslo-y-piernas-cojin-de-espuma-para-el-hogar\/"]}]},{"@type":"ImageObject","inLanguage":"en-US","@id":"https:\/\/www.mercababel.com\/producto\/cojin-entrepierna-almohada-de-espuma-de-memoria-ortopedica-para-dormir-almohada-ortopedica-para-la-ciatica-en-la-espalda-y-la-cadera-alivio-del-dolor-en-muslo-y-piernas-cojin-de-espuma-para-el-hogar\/#primaryimage","url":"https:\/\/www.mercababel.com\/wp-content\/uploads\/2025\/03\/TZ-001.jpg","contentUrl":"https:\/\/www.mercababel.com\/wp-content\/uploads\/2025\/03\/TZ-001.jpg","width":1456,"height":1500},{"@type":"BreadcrumbList","@id":"https:\/\/www.mercababel.com\/producto\/cojin-entrepierna-almohada-de-espuma-de-memoria-ortopedica-para-dormir-almohada-ortopedica-para-la-ciatica-en-la-espalda-y-la-cadera-alivio-del-dolor-en-muslo-y-piernas-cojin-de-espuma-para-el-hogar\/#breadcrumb","itemListElement":[{"@type":"ListItem","position":1,"name":"Portada","item":"https:\/\/www.mercababel.com\/"},{"@type":"ListItem","position":2,"name":"Shop","item":"https:\/\/www.mercababel.com\/en\/shop\/"},{"@type":"ListItem","position":3,"name":"Cojin Entrepierna, Almohada De Espuma De Memoria Ortop\u00e9dica Para Dormir Almohada Ortop\u00e9dica Para La Ci\u00e1tica En La Espalda Y La Cadera Alivio Del Dolor En Muslo Y Piernas Coj\u00edn De Espuma Para El Hogar Port\u00e1til\uff08Raya gris\uff09"}]},{"@type":"WebSite","@id":"https:\/\/www.mercababel.com\/#website","url":"https:\/\/www.mercababel.com\/","name":"Merca Babel Productos de importaci\u00f3n en oferta: peque\u00f1os electrodom\u00e9sticos, electr\u00f3nica y productos de hogar","description":"Productos de importaci\u00f3n en oferta","potentialAction":[{"@type":"SearchAction","target":{"@type":"EntryPoint","urlTemplate":"https:\/\/www.mercababel.com\/?s={search_term_string}"},"query-input":{"@type":"PropertyValueSpecification","valueRequired":true,"valueName":"search_term_string"}}],"inLanguage":"en-US"}]}},"_links":{"self":[{"href":"https:\/\/www.mercababel.com\/en\/wp-json\/wp\/v2\/product\/14471","targetHints":{"allow":["GET"]}}],"collection":[{"href":"https:\/\/www.mercababel.com\/en\/wp-json\/wp\/v2\/product"}],"about":[{"href":"https:\/\/www.mercababel.com\/en\/wp-json\/wp\/v2\/types\/product"}],"replies":[{"embeddable":true,"href":"https:\/\/www.mercababel.com\/en\/wp-json\/wp\/v2\/comments?post=14471"}],"version-history":[{"count":2,"href":"https:\/\/www.mercababel.com\/en\/wp-json\/wp\/v2\/product\/14471\/revisions"}],"predecessor-version":[{"id":14487,"href":"https:\/\/www.mercababel.com\/en\/wp-json\/wp\/v2\/product\/14471\/revisions\/14487"}],"wp:featuredmedia":[{"embeddable":true,"href":"https:\/\/www.mercababel.com\/en\/wp-json\/wp\/v2\/media\/14472"}],"wp:attachment":[{"href":"https:\/\/www.mercababel.com\/en\/wp-json\/wp\/v2\/media?parent=14471"}],"wp:term":[{"taxonomy":"product_cat","embeddable":true,"href":"https:\/\/www.mercababel.com\/en\/wp-json\/wp\/v2\/product_cat?post=14471"},{"taxonomy":"product_tag","embeddable":true,"href":"https:\/\/www.mercababel.com\/en\/wp-json\/wp\/v2\/product_tag?post=14471"}],"curies":[{"name":"wp","href":"https:\/\/api.w.org\/{rel}","templated":true}]}}