{"id":14399,"date":"2025-03-03T17:33:54","date_gmt":"2025-03-03T17:33:54","guid":{"rendered":"https:\/\/www.mercababel.com\/?post_type=product&#038;p=14399"},"modified":"2025-03-03T17:33:54","modified_gmt":"2025-03-03T17:33:54","slug":"atril-de-escritorio-metalico-de-3-inclinaciones-plegable-portatil-soporte-para-libro-negro-soporte-de-tablet-atril-para-documentos-16-x-16-3-x-17-cm","status":"publish","type":"product","link":"https:\/\/www.mercababel.com\/en\/producto\/atril-de-escritorio-metalico-de-3-inclinaciones-plegable-portatil-soporte-para-libro-negro-soporte-de-tablet-atril-para-documentos-16-x-16-3-x-17-cm\/","title":{"rendered":"Atril de Escritorio Met\u00e1lico de 3 Inclinaciones, Plegable Port\u00e1til, Soporte para Libro Negro Soporte de tablet Atril para documentos &#8211; 16 x 16.3 x 17 cm"},"content":{"rendered":"<article class=\"4ever-article\" data-clipboard-cangjie=\"[&quot;root&quot;,{&quot;copyFrom&quot;:1821447655},[&quot;p&quot;,{&quot;jc&quot;:&quot;left&quot;,&quot;ind&quot;:{},&quot;spacing&quot;:{}},[&quot;span&quot;,{&quot;data-type&quot;:&quot;text&quot;},[&quot;span&quot;,{&quot;data-type&quot;:&quot;leaf&quot;},&quot;&quot;]],[&quot;img&quot;,{&quot;src&quot;:&quot;https:\/\/fb-es.mrvcdn.com\/kf\/Ec5248280bd304deeb3ed9e7ddb26a741q.jpeg&quot;,&quot;style&quot;:&quot;width:1500px;height:1500px;display:inline;vertical-align:middle&quot;,&quot;width&quot;:1500,&quot;height&quot;:1500},[&quot;span&quot;,{&quot;data-type&quot;:&quot;text&quot;},[&quot;span&quot;,{&quot;data-type&quot;:&quot;leaf&quot;},&quot;&quot;]]],[&quot;span&quot;,{&quot;data-type&quot;:&quot;text&quot;},[&quot;span&quot;,{&quot;data-type&quot;:&quot;leaf&quot;},&quot;\u00a0&quot;]]],[&quot;h3&quot;,{&quot;jc&quot;:&quot;left&quot;,&quot;ind&quot;:{},&quot;spacing&quot;:{}},[&quot;span&quot;,{&quot;data-type&quot;:&quot;text&quot;},[&quot;span&quot;,{&quot;bold&quot;:true,&quot;color&quot;:&quot;rgb(15, 17, 17)&quot;,&quot;sz&quot;:11,&quot;szUnit&quot;:&quot;pt&quot;,&quot;data-type&quot;:&quot;leaf&quot;},&quot;Funciones\u00a0y\u00a0detalles&quot;]]],[&quot;p&quot;,{&quot;list&quot;:{&quot;listId&quot;:&quot;11f2tgn59rg&quot;,&quot;isOrdered&quot;:false,&quot;level&quot;:0,&quot;listStyle&quot;:{&quot;format&quot;:&quot;bullet&quot;,&quot;text&quot;:&quot;\u25cf&quot;,&quot;align&quot;:&quot;left&quot;}},&quot;jc&quot;:&quot;left&quot;,&quot;spacing&quot;:{}},[&quot;span&quot;,{&quot;data-type&quot;:&quot;text&quot;},[&quot;span&quot;,{&quot;color&quot;:&quot;rgb(15, 17, 17)&quot;,&quot;sz&quot;:10.5,&quot;szUnit&quot;:&quot;pt&quot;,&quot;data-type&quot;:&quot;leaf&quot;},&quot;\u2705\u00a0Atril\u00a0ideal\u00a0para\u00a0los\u00a0libros\u00a0o\u00a0manuales\u00a0que\u00a0se\u00a0colocan\u00a0en\u00a0una\u00a0posici\u00f3n\u00a0de\u00a0visualizaci\u00f3n\u00a0ergon\u00f3micamente\u00a0correcta,\u00a0a\u00a0fin\u00a0de\u00a0minimizar\u00a0las\u00a0molestias\u00a0en\u00a0el\u00a0lugar\u00a0de\u00a0trabajo\u00a0y\u00a0reducir\u00a0la\u00a0fatiga\u00a0del\u00a0libro\u00a0en\u00a0la\u00a0mano.&quot;]]],[&quot;p&quot;,{&quot;list&quot;:{&quot;listId&quot;:&quot;11f2tgn59rg&quot;,&quot;isOrdered&quot;:false,&quot;level&quot;:0,&quot;listStyle&quot;:{&quot;format&quot;:&quot;bullet&quot;,&quot;text&quot;:&quot;\u25cf&quot;,&quot;align&quot;:&quot;left&quot;}},&quot;jc&quot;:&quot;left&quot;,&quot;spacing&quot;:{}},[&quot;span&quot;,{&quot;data-type&quot;:&quot;text&quot;},[&quot;span&quot;,{&quot;color&quot;:&quot;rgb(15, 17, 17)&quot;,&quot;sz&quot;:10.5,&quot;szUnit&quot;:&quot;pt&quot;,&quot;data-type&quot;:&quot;leaf&quot;},&quot;\u2705\u00a0Ligero\u00a0y\u00a0port\u00e1til.\u00a0Ll\u00e9velo\u00a0consigo\u00a0a\u00a0la\u00a0escuela,\u00a0a\u00a0la\u00a0biblioteca\u00a0o\u00a0a\u00a0la\u00a0terraza.\u00a0Despu\u00e9s\u00a0de\u00a0usarlo\u00a0se\u00a0puede\u00a0plegar\u00a0para\u00a0guardarlo\u00a0f\u00e1cilmente.\u00a0Cabe\u00a0perfectamente\u00a0en\u00a0la\u00a0cocina,\u00a0oficina,\u00a0estudio\u00a0de\u00a0m\u00fasica\u00a0o\u00a0lugar\u00a0de\u00a0estudio.&quot;]]],[&quot;p&quot;,{&quot;list&quot;:{&quot;listId&quot;:&quot;11f2tgn59rg&quot;,&quot;isOrdered&quot;:false,&quot;level&quot;:0,&quot;listStyle&quot;:{&quot;format&quot;:&quot;bullet&quot;,&quot;text&quot;:&quot;\u25cf&quot;,&quot;align&quot;:&quot;left&quot;}},&quot;jc&quot;:&quot;left&quot;,&quot;spacing&quot;:{}},[&quot;span&quot;,{&quot;data-type&quot;:&quot;text&quot;},[&quot;span&quot;,{&quot;color&quot;:&quot;rgb(15, 17, 17)&quot;,&quot;sz&quot;:10.5,&quot;szUnit&quot;:&quot;pt&quot;,&quot;data-type&quot;:&quot;leaf&quot;},&quot;\u2705\u00a0Este\u00a0atril\u00a0est\u00e1\u00a0dise\u00f1ado\u00a0para\u00a0libros,\u00a0grandes\u00a0manuales\u00a0o\u00a0materiales\u00a0de\u00a0referencia,\u00a0tiene\u00a0dos\u00a0peque\u00f1os\u00a0pilares\u00a0con\u00a0un\u00a0dise\u00f1o\u00a0f\u00e1cil\u00a0de\u00a0usar,\u00a0que\u00a0permiten\u00a0fijar\u00a0la\u00a0p\u00e1gina\u00a0abierta\u00a0en\u00a0la\u00a0posici\u00f3n\u00a0adecuada.&quot;]]],[&quot;p&quot;,{&quot;list&quot;:{&quot;listId&quot;:&quot;11f2tgn59rg&quot;,&quot;isOrdered&quot;:false,&quot;level&quot;:0,&quot;listStyle&quot;:{&quot;format&quot;:&quot;bullet&quot;,&quot;text&quot;:&quot;\u25cf&quot;,&quot;align&quot;:&quot;left&quot;}},&quot;jc&quot;:&quot;left&quot;,&quot;spacing&quot;:{}},[&quot;span&quot;,{&quot;data-type&quot;:&quot;text&quot;},[&quot;span&quot;,{&quot;color&quot;:&quot;rgb(15, 17, 17)&quot;,&quot;sz&quot;:10.5,&quot;szUnit&quot;:&quot;pt&quot;,&quot;data-type&quot;:&quot;leaf&quot;},&quot;\u2705\u00a0Soporte\u00a0ideal\u00a0con\u00a0tres\u00a0posiciones\u00a0para\u00a0adaptarlo\u00a0para\u00a0tener\u00a0una\u00a0postura\u00a0m\u00e1s\u00a0relajada\u00a0y\u00a0no\u00a0cansar\u00a0tanto\u00a0los\u00a0brazos\u00a0o\u00a0el\u00a0cuello.&quot;]]],[&quot;p&quot;,{&quot;jc&quot;:&quot;left&quot;,&quot;ind&quot;:{},&quot;spacing&quot;:{}},[&quot;span&quot;,{&quot;data-type&quot;:&quot;text&quot;},[&quot;span&quot;,{&quot;data-type&quot;:&quot;leaf&quot;},&quot;&quot;]]],[&quot;p&quot;,{&quot;jc&quot;:&quot;left&quot;,&quot;ind&quot;:{},&quot;spacing&quot;:{}},[&quot;span&quot;,{&quot;data-type&quot;:&quot;text&quot;},[&quot;span&quot;,{&quot;data-type&quot;:&quot;leaf&quot;},&quot;&quot;]]],[&quot;p&quot;,{&quot;jc&quot;:&quot;left&quot;,&quot;ind&quot;:{},&quot;spacing&quot;:{}},[&quot;span&quot;,{&quot;data-type&quot;:&quot;text&quot;},[&quot;span&quot;,{&quot;data-type&quot;:&quot;leaf&quot;},&quot;&quot;]],[&quot;img&quot;,{&quot;src&quot;:&quot;https:\/\/fb-es.mrvcdn.com\/kf\/E0de1a1070f3942a6874c2211fc38a358o.jpeg&quot;,&quot;style&quot;:&quot;width:2048px;height:2048px;display:inline;vertical-align:middle&quot;,&quot;width&quot;:2048,&quot;height&quot;:2048},[&quot;span&quot;,{&quot;data-type&quot;:&quot;text&quot;},[&quot;span&quot;,{&quot;data-type&quot;:&quot;leaf&quot;},&quot;&quot;]]],[&quot;span&quot;,{&quot;data-type&quot;:&quot;text&quot;},[&quot;span&quot;,{&quot;data-type&quot;:&quot;leaf&quot;},&quot;\u00a0&quot;]]]]\"><img decoding=\"async\" src=\"https:\/\/fb-es.mrvcdn.com\/kf\/Ec5248280bd304deeb3ed9e7ddb26a741q.jpeg\" \/><\/p>\n<p>&nbsp;<\/p>\n<p>&nbsp;<\/p>\n<p><img decoding=\"async\" src=\"https:\/\/fb-es.mrvcdn.com\/kf\/E0de1a1070f3942a6874c2211fc38a358o.jpeg\" \/><\/p>\n<\/article>\n","protected":false},"excerpt":{"rendered":"<h3>Funciones\u00a0y\u00a0detalles<\/h3>\n<ul>\n<li>\n<div>\u2705\u00a0Atril\u00a0ideal\u00a0para\u00a0los\u00a0libros\u00a0o\u00a0manuales\u00a0que\u00a0se\u00a0colocan\u00a0en\u00a0una\u00a0posici\u00f3n\u00a0de\u00a0visualizaci\u00f3n\u00a0ergon\u00f3micamente\u00a0correcta,\u00a0a\u00a0fin\u00a0de\u00a0minimizar\u00a0las\u00a0molestias\u00a0en\u00a0el\u00a0lugar\u00a0de\u00a0trabajo\u00a0y\u00a0reducir\u00a0la\u00a0fatiga\u00a0del\u00a0libro\u00a0en\u00a0la\u00a0mano.<\/div>\n<\/li>\n<li>\n<div>\u2705\u00a0Ligero\u00a0y\u00a0port\u00e1til.\u00a0Ll\u00e9velo\u00a0consigo\u00a0a\u00a0la\u00a0escuela,\u00a0a\u00a0la\u00a0biblioteca\u00a0o\u00a0a\u00a0la\u00a0terraza.\u00a0Despu\u00e9s\u00a0de\u00a0usarlo\u00a0se\u00a0puede\u00a0plegar\u00a0para\u00a0guardarlo\u00a0f\u00e1cilmente.\u00a0Cabe\u00a0perfectamente\u00a0en\u00a0la\u00a0cocina,\u00a0oficina,\u00a0estudio\u00a0de\u00a0m\u00fasica\u00a0o\u00a0lugar\u00a0de\u00a0estudio.<\/div>\n<\/li>\n<li>\n<div>\u2705\u00a0Este\u00a0atril\u00a0est\u00e1\u00a0dise\u00f1ado\u00a0para\u00a0libros,\u00a0grandes\u00a0manuales\u00a0o\u00a0materiales\u00a0de\u00a0referencia,\u00a0tiene\u00a0dos\u00a0peque\u00f1os\u00a0pilares\u00a0con\u00a0un\u00a0dise\u00f1o\u00a0f\u00e1cil\u00a0de\u00a0usar,\u00a0que\u00a0permiten\u00a0fijar\u00a0la\u00a0p\u00e1gina\u00a0abierta\u00a0en\u00a0la\u00a0posici\u00f3n\u00a0adecuada.<\/div>\n<\/li>\n<li>\n<div>\u2705\u00a0Soporte\u00a0ideal\u00a0con\u00a0tres\u00a0posiciones\u00a0para\u00a0adaptarlo\u00a0para\u00a0tener\u00a0una\u00a0postura\u00a0m\u00e1s\u00a0relajada\u00a0y\u00a0no\u00a0cansar\u00a0tanto\u00a0los\u00a0brazos\u00a0o\u00a0el\u00a0cuello.<\/div>\n<\/li>\n<\/ul>\n","protected":false},"featured_media":14409,"comment_status":"closed","ping_status":"closed","template":"","meta":[],"product_cat":[396],"product_tag":[656,655,571,555,558],"class_list":{"0":"post-14399","1":"product","2":"type-product","3":"status-publish","4":"has-post-thumbnail","6":"product_cat-papeleria-y-suministro-de-oficina","7":"product_tag-atril","8":"product_tag-papeleria","9":"product_tag-plegable","10":"product_tag-portatil","11":"product_tag-soporte","12":"product_brand-generico","14":"first","15":"instock","16":"sale","17":"shipping-taxable","18":"purchasable","19":"product-type-variable","20":"rtwpvs-product"},"yoast_head":"<!-- This site is optimized with the Yoast SEO plugin v23.5 - https:\/\/yoast.com\/wordpress\/plugins\/seo\/ -->\n<title>Atril de Escritorio Met\u00e1lico de 3 Inclinaciones, Plegable Port\u00e1til, Soporte para Libro Negro Soporte de tablet Atril para documentos - 16 x 16.3 x 17 cm - Merca Babel Productos de importaci\u00f3n en oferta: peque\u00f1os electrodom\u00e9sticos, electr\u00f3nica y productos de hogar<\/title>\n<meta name=\"robots\" content=\"index, follow, max-snippet:-1, max-image-preview:large, max-video-preview:-1\" \/>\n<link rel=\"canonical\" href=\"https:\/\/www.mercababel.com\/producto\/atril-de-escritorio-metalico-de-3-inclinaciones-plegable-portatil-soporte-para-libro-negro-soporte-de-tablet-atril-para-documentos-16-x-16-3-x-17-cm\/\" \/>\n<meta property=\"og:locale\" content=\"en_US\" \/>\n<meta property=\"og:type\" content=\"article\" \/>\n<meta property=\"og:title\" content=\"Atril de Escritorio Met\u00e1lico de 3 Inclinaciones, Plegable Port\u00e1til, Soporte para Libro Negro Soporte de tablet Atril para documentos - 16 x 16.3 x 17 cm - Merca Babel Productos de importaci\u00f3n en oferta: peque\u00f1os electrodom\u00e9sticos, electr\u00f3nica y productos de hogar\" \/>\n<meta property=\"og:description\" content=\"Funciones\u00a0y\u00a0detalles    \u2705\u00a0Atril\u00a0ideal\u00a0para\u00a0los\u00a0libros\u00a0o\u00a0manuales\u00a0que\u00a0se\u00a0colocan\u00a0en\u00a0una\u00a0posici\u00f3n\u00a0de\u00a0visualizaci\u00f3n\u00a0ergon\u00f3micamente\u00a0correcta,\u00a0a\u00a0fin\u00a0de\u00a0minimizar\u00a0las\u00a0molestias\u00a0en\u00a0el\u00a0lugar\u00a0de\u00a0trabajo\u00a0y\u00a0reducir\u00a0la\u00a0fatiga\u00a0del\u00a0libro\u00a0en\u00a0la\u00a0mano.   \u2705\u00a0Ligero\u00a0y\u00a0port\u00e1til.\u00a0Ll\u00e9velo\u00a0consigo\u00a0a\u00a0la\u00a0escuela,\u00a0a\u00a0la\u00a0biblioteca\u00a0o\u00a0a\u00a0la\u00a0terraza.\u00a0Despu\u00e9s\u00a0de\u00a0usarlo\u00a0se\u00a0puede\u00a0plegar\u00a0para\u00a0guardarlo\u00a0f\u00e1cilmente.\u00a0Cabe\u00a0perfectamente\u00a0en\u00a0la\u00a0cocina,\u00a0oficina,\u00a0estudio\u00a0de\u00a0m\u00fasica\u00a0o\u00a0lugar\u00a0de\u00a0estudio.   \u2705\u00a0Este\u00a0atril\u00a0est\u00e1\u00a0dise\u00f1ado\u00a0para\u00a0libros,\u00a0grandes\u00a0manuales\u00a0o\u00a0materiales\u00a0de\u00a0referencia,\u00a0tiene\u00a0dos\u00a0peque\u00f1os\u00a0pilares\u00a0con\u00a0un\u00a0dise\u00f1o\u00a0f\u00e1cil\u00a0de\u00a0usar,\u00a0que\u00a0permiten\u00a0fijar\u00a0la\u00a0p\u00e1gina\u00a0abierta\u00a0en\u00a0la\u00a0posici\u00f3n\u00a0adecuada.   \u2705\u00a0Soporte\u00a0ideal\u00a0con\u00a0tres\u00a0posiciones\u00a0para\u00a0adaptarlo\u00a0para\u00a0tener\u00a0una\u00a0postura\u00a0m\u00e1s\u00a0relajada\u00a0y\u00a0no\u00a0cansar\u00a0tanto\u00a0los\u00a0brazos\u00a0o\u00a0el\u00a0cuello.\" \/>\n<meta property=\"og:url\" content=\"https:\/\/www.mercababel.com\/producto\/atril-de-escritorio-metalico-de-3-inclinaciones-plegable-portatil-soporte-para-libro-negro-soporte-de-tablet-atril-para-documentos-16-x-16-3-x-17-cm\/\" \/>\n<meta property=\"og:site_name\" content=\"Merca Babel Productos de importaci\u00f3n en oferta: peque\u00f1os electrodom\u00e9sticos, electr\u00f3nica y productos de hogar\" \/>\n<meta property=\"og:image\" content=\"https:\/\/www.mercababel.com\/wp-content\/uploads\/2025\/03\/Atril-Plegable-de-MP-002.webp\" \/>\n\t<meta property=\"og:image:width\" content=\"1386\" \/>\n\t<meta property=\"og:image:height\" content=\"1386\" \/>\n\t<meta property=\"og:image:type\" content=\"image\/webp\" \/>\n<meta name=\"twitter:card\" content=\"summary_large_image\" \/>\n<meta name=\"twitter:label1\" content=\"Est. reading time\" \/>\n\t<meta name=\"twitter:data1\" content=\"1 minute\" \/>\n<script type=\"application\/ld+json\" class=\"yoast-schema-graph\">{\"@context\":\"https:\/\/schema.org\",\"@graph\":[{\"@type\":\"WebPage\",\"@id\":\"https:\/\/www.mercababel.com\/producto\/atril-de-escritorio-metalico-de-3-inclinaciones-plegable-portatil-soporte-para-libro-negro-soporte-de-tablet-atril-para-documentos-16-x-16-3-x-17-cm\/\",\"url\":\"https:\/\/www.mercababel.com\/producto\/atril-de-escritorio-metalico-de-3-inclinaciones-plegable-portatil-soporte-para-libro-negro-soporte-de-tablet-atril-para-documentos-16-x-16-3-x-17-cm\/\",\"name\":\"Atril de Escritorio Met\u00e1lico de 3 Inclinaciones, Plegable Port\u00e1til, Soporte para Libro Negro Soporte de tablet Atril para documentos - 16 x 16.3 x 17 cm - Merca Babel Productos de importaci\u00f3n en oferta: peque\u00f1os electrodom\u00e9sticos, electr\u00f3nica y productos de hogar\",\"isPartOf\":{\"@id\":\"https:\/\/www.mercababel.com\/#website\"},\"primaryImageOfPage\":{\"@id\":\"https:\/\/www.mercababel.com\/producto\/atril-de-escritorio-metalico-de-3-inclinaciones-plegable-portatil-soporte-para-libro-negro-soporte-de-tablet-atril-para-documentos-16-x-16-3-x-17-cm\/#primaryimage\"},\"image\":{\"@id\":\"https:\/\/www.mercababel.com\/producto\/atril-de-escritorio-metalico-de-3-inclinaciones-plegable-portatil-soporte-para-libro-negro-soporte-de-tablet-atril-para-documentos-16-x-16-3-x-17-cm\/#primaryimage\"},\"thumbnailUrl\":\"https:\/\/www.mercababel.com\/wp-content\/uploads\/2025\/03\/Atril-Plegable-de-MP-002.webp\",\"datePublished\":\"2025-03-03T17:33:54+00:00\",\"dateModified\":\"2025-03-03T17:33:54+00:00\",\"breadcrumb\":{\"@id\":\"https:\/\/www.mercababel.com\/producto\/atril-de-escritorio-metalico-de-3-inclinaciones-plegable-portatil-soporte-para-libro-negro-soporte-de-tablet-atril-para-documentos-16-x-16-3-x-17-cm\/#breadcrumb\"},\"inLanguage\":\"en-US\",\"potentialAction\":[{\"@type\":\"ReadAction\",\"target\":[\"https:\/\/www.mercababel.com\/producto\/atril-de-escritorio-metalico-de-3-inclinaciones-plegable-portatil-soporte-para-libro-negro-soporte-de-tablet-atril-para-documentos-16-x-16-3-x-17-cm\/\"]}]},{\"@type\":\"ImageObject\",\"inLanguage\":\"en-US\",\"@id\":\"https:\/\/www.mercababel.com\/producto\/atril-de-escritorio-metalico-de-3-inclinaciones-plegable-portatil-soporte-para-libro-negro-soporte-de-tablet-atril-para-documentos-16-x-16-3-x-17-cm\/#primaryimage\",\"url\":\"https:\/\/www.mercababel.com\/wp-content\/uploads\/2025\/03\/Atril-Plegable-de-MP-002.webp\",\"contentUrl\":\"https:\/\/www.mercababel.com\/wp-content\/uploads\/2025\/03\/Atril-Plegable-de-MP-002.webp\",\"width\":1386,\"height\":1386},{\"@type\":\"BreadcrumbList\",\"@id\":\"https:\/\/www.mercababel.com\/producto\/atril-de-escritorio-metalico-de-3-inclinaciones-plegable-portatil-soporte-para-libro-negro-soporte-de-tablet-atril-para-documentos-16-x-16-3-x-17-cm\/#breadcrumb\",\"itemListElement\":[{\"@type\":\"ListItem\",\"position\":1,\"name\":\"Portada\",\"item\":\"https:\/\/www.mercababel.com\/\"},{\"@type\":\"ListItem\",\"position\":2,\"name\":\"Shop\",\"item\":\"https:\/\/www.mercababel.com\/en\/shop\/\"},{\"@type\":\"ListItem\",\"position\":3,\"name\":\"Atril de Escritorio Met\u00e1lico de 3 Inclinaciones, Plegable Port\u00e1til, Soporte para Libro Negro Soporte de tablet Atril para documentos &#8211; 16 x 16.3 x 17 cm\"}]},{\"@type\":\"WebSite\",\"@id\":\"https:\/\/www.mercababel.com\/#website\",\"url\":\"https:\/\/www.mercababel.com\/\",\"name\":\"Merca Babel Productos de importaci\u00f3n en oferta: peque\u00f1os electrodom\u00e9sticos, electr\u00f3nica y productos de hogar\",\"description\":\"Productos de importaci\u00f3n en oferta\",\"potentialAction\":[{\"@type\":\"SearchAction\",\"target\":{\"@type\":\"EntryPoint\",\"urlTemplate\":\"https:\/\/www.mercababel.com\/?s={search_term_string}\"},\"query-input\":{\"@type\":\"PropertyValueSpecification\",\"valueRequired\":true,\"valueName\":\"search_term_string\"}}],\"inLanguage\":\"en-US\"}]}<\/script>\n<!-- \/ Yoast SEO plugin. -->","yoast_head_json":{"title":"Atril de Escritorio Met\u00e1lico de 3 Inclinaciones, Plegable Port\u00e1til, Soporte para Libro Negro Soporte de tablet Atril para documentos - 16 x 16.3 x 17 cm - Merca Babel Productos de importaci\u00f3n en oferta: peque\u00f1os electrodom\u00e9sticos, electr\u00f3nica y productos de hogar","robots":{"index":"index","follow":"follow","max-snippet":"max-snippet:-1","max-image-preview":"max-image-preview:large","max-video-preview":"max-video-preview:-1"},"canonical":"https:\/\/www.mercababel.com\/producto\/atril-de-escritorio-metalico-de-3-inclinaciones-plegable-portatil-soporte-para-libro-negro-soporte-de-tablet-atril-para-documentos-16-x-16-3-x-17-cm\/","og_locale":"en_US","og_type":"article","og_title":"Atril de Escritorio Met\u00e1lico de 3 Inclinaciones, Plegable Port\u00e1til, Soporte para Libro Negro Soporte de tablet Atril para documentos - 16 x 16.3 x 17 cm - Merca Babel Productos de importaci\u00f3n en oferta: peque\u00f1os electrodom\u00e9sticos, electr\u00f3nica y productos de hogar","og_description":"Funciones\u00a0y\u00a0detalles    \u2705\u00a0Atril\u00a0ideal\u00a0para\u00a0los\u00a0libros\u00a0o\u00a0manuales\u00a0que\u00a0se\u00a0colocan\u00a0en\u00a0una\u00a0posici\u00f3n\u00a0de\u00a0visualizaci\u00f3n\u00a0ergon\u00f3micamente\u00a0correcta,\u00a0a\u00a0fin\u00a0de\u00a0minimizar\u00a0las\u00a0molestias\u00a0en\u00a0el\u00a0lugar\u00a0de\u00a0trabajo\u00a0y\u00a0reducir\u00a0la\u00a0fatiga\u00a0del\u00a0libro\u00a0en\u00a0la\u00a0mano.   \u2705\u00a0Ligero\u00a0y\u00a0port\u00e1til.\u00a0Ll\u00e9velo\u00a0consigo\u00a0a\u00a0la\u00a0escuela,\u00a0a\u00a0la\u00a0biblioteca\u00a0o\u00a0a\u00a0la\u00a0terraza.\u00a0Despu\u00e9s\u00a0de\u00a0usarlo\u00a0se\u00a0puede\u00a0plegar\u00a0para\u00a0guardarlo\u00a0f\u00e1cilmente.\u00a0Cabe\u00a0perfectamente\u00a0en\u00a0la\u00a0cocina,\u00a0oficina,\u00a0estudio\u00a0de\u00a0m\u00fasica\u00a0o\u00a0lugar\u00a0de\u00a0estudio.   \u2705\u00a0Este\u00a0atril\u00a0est\u00e1\u00a0dise\u00f1ado\u00a0para\u00a0libros,\u00a0grandes\u00a0manuales\u00a0o\u00a0materiales\u00a0de\u00a0referencia,\u00a0tiene\u00a0dos\u00a0peque\u00f1os\u00a0pilares\u00a0con\u00a0un\u00a0dise\u00f1o\u00a0f\u00e1cil\u00a0de\u00a0usar,\u00a0que\u00a0permiten\u00a0fijar\u00a0la\u00a0p\u00e1gina\u00a0abierta\u00a0en\u00a0la\u00a0posici\u00f3n\u00a0adecuada.   \u2705\u00a0Soporte\u00a0ideal\u00a0con\u00a0tres\u00a0posiciones\u00a0para\u00a0adaptarlo\u00a0para\u00a0tener\u00a0una\u00a0postura\u00a0m\u00e1s\u00a0relajada\u00a0y\u00a0no\u00a0cansar\u00a0tanto\u00a0los\u00a0brazos\u00a0o\u00a0el\u00a0cuello.","og_url":"https:\/\/www.mercababel.com\/producto\/atril-de-escritorio-metalico-de-3-inclinaciones-plegable-portatil-soporte-para-libro-negro-soporte-de-tablet-atril-para-documentos-16-x-16-3-x-17-cm\/","og_site_name":"Merca Babel Productos de importaci\u00f3n en oferta: peque\u00f1os electrodom\u00e9sticos, electr\u00f3nica y productos de hogar","og_image":[{"width":1386,"height":1386,"url":"https:\/\/www.mercababel.com\/wp-content\/uploads\/2025\/03\/Atril-Plegable-de-MP-002.webp","type":"image\/webp"}],"twitter_card":"summary_large_image","twitter_misc":{"Est. reading time":"1 minute"},"schema":{"@context":"https:\/\/schema.org","@graph":[{"@type":"WebPage","@id":"https:\/\/www.mercababel.com\/producto\/atril-de-escritorio-metalico-de-3-inclinaciones-plegable-portatil-soporte-para-libro-negro-soporte-de-tablet-atril-para-documentos-16-x-16-3-x-17-cm\/","url":"https:\/\/www.mercababel.com\/producto\/atril-de-escritorio-metalico-de-3-inclinaciones-plegable-portatil-soporte-para-libro-negro-soporte-de-tablet-atril-para-documentos-16-x-16-3-x-17-cm\/","name":"Atril de Escritorio Met\u00e1lico de 3 Inclinaciones, Plegable Port\u00e1til, Soporte para Libro Negro Soporte de tablet Atril para documentos - 16 x 16.3 x 17 cm - Merca Babel Productos de importaci\u00f3n en oferta: peque\u00f1os electrodom\u00e9sticos, electr\u00f3nica y productos de hogar","isPartOf":{"@id":"https:\/\/www.mercababel.com\/#website"},"primaryImageOfPage":{"@id":"https:\/\/www.mercababel.com\/producto\/atril-de-escritorio-metalico-de-3-inclinaciones-plegable-portatil-soporte-para-libro-negro-soporte-de-tablet-atril-para-documentos-16-x-16-3-x-17-cm\/#primaryimage"},"image":{"@id":"https:\/\/www.mercababel.com\/producto\/atril-de-escritorio-metalico-de-3-inclinaciones-plegable-portatil-soporte-para-libro-negro-soporte-de-tablet-atril-para-documentos-16-x-16-3-x-17-cm\/#primaryimage"},"thumbnailUrl":"https:\/\/www.mercababel.com\/wp-content\/uploads\/2025\/03\/Atril-Plegable-de-MP-002.webp","datePublished":"2025-03-03T17:33:54+00:00","dateModified":"2025-03-03T17:33:54+00:00","breadcrumb":{"@id":"https:\/\/www.mercababel.com\/producto\/atril-de-escritorio-metalico-de-3-inclinaciones-plegable-portatil-soporte-para-libro-negro-soporte-de-tablet-atril-para-documentos-16-x-16-3-x-17-cm\/#breadcrumb"},"inLanguage":"en-US","potentialAction":[{"@type":"ReadAction","target":["https:\/\/www.mercababel.com\/producto\/atril-de-escritorio-metalico-de-3-inclinaciones-plegable-portatil-soporte-para-libro-negro-soporte-de-tablet-atril-para-documentos-16-x-16-3-x-17-cm\/"]}]},{"@type":"ImageObject","inLanguage":"en-US","@id":"https:\/\/www.mercababel.com\/producto\/atril-de-escritorio-metalico-de-3-inclinaciones-plegable-portatil-soporte-para-libro-negro-soporte-de-tablet-atril-para-documentos-16-x-16-3-x-17-cm\/#primaryimage","url":"https:\/\/www.mercababel.com\/wp-content\/uploads\/2025\/03\/Atril-Plegable-de-MP-002.webp","contentUrl":"https:\/\/www.mercababel.com\/wp-content\/uploads\/2025\/03\/Atril-Plegable-de-MP-002.webp","width":1386,"height":1386},{"@type":"BreadcrumbList","@id":"https:\/\/www.mercababel.com\/producto\/atril-de-escritorio-metalico-de-3-inclinaciones-plegable-portatil-soporte-para-libro-negro-soporte-de-tablet-atril-para-documentos-16-x-16-3-x-17-cm\/#breadcrumb","itemListElement":[{"@type":"ListItem","position":1,"name":"Portada","item":"https:\/\/www.mercababel.com\/"},{"@type":"ListItem","position":2,"name":"Shop","item":"https:\/\/www.mercababel.com\/en\/shop\/"},{"@type":"ListItem","position":3,"name":"Atril de Escritorio Met\u00e1lico de 3 Inclinaciones, Plegable Port\u00e1til, Soporte para Libro Negro Soporte de tablet Atril para documentos &#8211; 16 x 16.3 x 17 cm"}]},{"@type":"WebSite","@id":"https:\/\/www.mercababel.com\/#website","url":"https:\/\/www.mercababel.com\/","name":"Merca Babel Productos de importaci\u00f3n en oferta: peque\u00f1os electrodom\u00e9sticos, electr\u00f3nica y productos de hogar","description":"Productos de importaci\u00f3n en oferta","potentialAction":[{"@type":"SearchAction","target":{"@type":"EntryPoint","urlTemplate":"https:\/\/www.mercababel.com\/?s={search_term_string}"},"query-input":{"@type":"PropertyValueSpecification","valueRequired":true,"valueName":"search_term_string"}}],"inLanguage":"en-US"}]}},"_links":{"self":[{"href":"https:\/\/www.mercababel.com\/en\/wp-json\/wp\/v2\/product\/14399","targetHints":{"allow":["GET"]}}],"collection":[{"href":"https:\/\/www.mercababel.com\/en\/wp-json\/wp\/v2\/product"}],"about":[{"href":"https:\/\/www.mercababel.com\/en\/wp-json\/wp\/v2\/types\/product"}],"replies":[{"embeddable":true,"href":"https:\/\/www.mercababel.com\/en\/wp-json\/wp\/v2\/comments?post=14399"}],"version-history":[{"count":1,"href":"https:\/\/www.mercababel.com\/en\/wp-json\/wp\/v2\/product\/14399\/revisions"}],"predecessor-version":[{"id":14423,"href":"https:\/\/www.mercababel.com\/en\/wp-json\/wp\/v2\/product\/14399\/revisions\/14423"}],"wp:featuredmedia":[{"embeddable":true,"href":"https:\/\/www.mercababel.com\/en\/wp-json\/wp\/v2\/media\/14409"}],"wp:attachment":[{"href":"https:\/\/www.mercababel.com\/en\/wp-json\/wp\/v2\/media?parent=14399"}],"wp:term":[{"taxonomy":"product_cat","embeddable":true,"href":"https:\/\/www.mercababel.com\/en\/wp-json\/wp\/v2\/product_cat?post=14399"},{"taxonomy":"product_tag","embeddable":true,"href":"https:\/\/www.mercababel.com\/en\/wp-json\/wp\/v2\/product_tag?post=14399"}],"curies":[{"name":"wp","href":"https:\/\/api.w.org\/{rel}","templated":true}]}}