{"id":12944,"date":"2024-08-17T17:08:21","date_gmt":"2024-08-17T17:08:21","guid":{"rendered":"https:\/\/www.mercababel.com\/?post_type=product&#038;p=12944"},"modified":"2024-08-17T17:08:22","modified_gmt":"2024-08-17T17:08:22","slug":"bolsa-de-tela-con-estampado-de-manzanillacon-bolsillo-interior-y-cremallera","status":"publish","type":"product","link":"https:\/\/www.mercababel.com\/en\/producto\/bolsa-de-tela-con-estampado-de-manzanillacon-bolsillo-interior-y-cremallera\/","title":{"rendered":"Bolsa de Tela,  con Estampado de Manzanilla,Con Bolsillo Interior Y Cremallera"},"content":{"rendered":"<article class=\"4ever-article\" data-clipboard-cangjie=\"[&quot;root&quot;,{&quot;copyFrom&quot;:33891801},[&quot;h3&quot;,{&quot;jc&quot;:&quot;left&quot;,&quot;ind&quot;:{},&quot;spacing&quot;:{}},[&quot;span&quot;,{&quot;data-type&quot;:&quot;text&quot;},[&quot;span&quot;,{&quot;bold&quot;:true,&quot;color&quot;:&quot;rgb(15, 17, 17)&quot;,&quot;sz&quot;:22,&quot;szUnit&quot;:&quot;pt&quot;,&quot;data-type&quot;:&quot;leaf&quot;},&quot;Acerca de este art\u00edculo&quot;]]],[&quot;p&quot;,{&quot;list&quot;:{&quot;listId&quot;:&quot;jcalhjaz62&quot;,&quot;isOrdered&quot;:false,&quot;level&quot;:0,&quot;listStyle&quot;:{&quot;format&quot;:&quot;bullet&quot;,&quot;text&quot;:&quot;\u25cf&quot;,&quot;align&quot;:&quot;left&quot;}},&quot;jc&quot;:&quot;left&quot;,&quot;spacing&quot;:{}},[&quot;span&quot;,{&quot;data-type&quot;:&quot;text&quot;},[&quot;span&quot;,{&quot;color&quot;:&quot;rgb(15, 17, 17)&quot;,&quot;sz&quot;:12,&quot;szUnit&quot;:&quot;pt&quot;,&quot;data-type&quot;:&quot;leaf&quot;},&quot;\u3010MATERIALES DE ALTA CALIDAD\u3011Fabricado en lona de alta calidad, este tote bag es fuerte, duradero y resistente. Cuenta con un cierre de cremallera y un peque\u00f1o bolsillo interior para guardar objetos peque\u00f1os.&quot;]]],[&quot;p&quot;,{&quot;list&quot;:{&quot;listId&quot;:&quot;i4wx7eiwndd&quot;,&quot;isOrdered&quot;:false,&quot;level&quot;:0,&quot;listStyle&quot;:{&quot;format&quot;:&quot;bullet&quot;,&quot;text&quot;:&quot;\u25cf&quot;,&quot;align&quot;:&quot;left&quot;}},&quot;jc&quot;:&quot;left&quot;,&quot;spacing&quot;:{}},[&quot;span&quot;,{&quot;data-type&quot;:&quot;text&quot;},[&quot;span&quot;,{&quot;color&quot;:&quot;rgb(15, 17, 17)&quot;,&quot;sz&quot;:12,&quot;szUnit&quot;:&quot;pt&quot;,&quot;data-type&quot;:&quot;leaf&quot;},&quot;\u3010DISE\u00d1O ELEGANTE\u3011Esta bandolera de lona para mujer no s\u00f3lo tiene un elegante estampado de manzanilla y un dise\u00f1o vintage, sino que tambi\u00e9n tiene una gran capacidad con mucho espacio de almacenamiento. Perfecta para el uso diario o para viajar.&quot;]]],[&quot;p&quot;,{&quot;list&quot;:{&quot;listId&quot;:&quot;99qswf5d6on&quot;,&quot;isOrdered&quot;:false,&quot;level&quot;:0,&quot;listStyle&quot;:{&quot;format&quot;:&quot;bullet&quot;,&quot;text&quot;:&quot;\u25cf&quot;,&quot;align&quot;:&quot;left&quot;}},&quot;jc&quot;:&quot;left&quot;,&quot;spacing&quot;:{}},[&quot;span&quot;,{&quot;data-type&quot;:&quot;text&quot;},[&quot;span&quot;,{&quot;color&quot;:&quot;rgb(15, 17, 17)&quot;,&quot;sz&quot;:12,&quot;szUnit&quot;:&quot;pt&quot;,&quot;data-type&quot;:&quot;leaf&quot;},&quot;\u3010F\u00c1CIL DE USAR\u3011Ligera y f\u00e1cil de transportar y plegar, esta tote bag cremallera es una opci\u00f3n pr\u00e1ctica para el uso diario. Incluso a plena carga, no le pesar\u00e1 ni en los hombros ni en la espalda.&quot;]]],[&quot;p&quot;,{&quot;list&quot;:{&quot;listId&quot;:&quot;2lkcby5bppb&quot;,&quot;isOrdered&quot;:false,&quot;level&quot;:0,&quot;listStyle&quot;:{&quot;format&quot;:&quot;bullet&quot;,&quot;text&quot;:&quot;\u25cf&quot;,&quot;align&quot;:&quot;left&quot;}},&quot;jc&quot;:&quot;left&quot;,&quot;spacing&quot;:{}},[&quot;span&quot;,{&quot;data-type&quot;:&quot;text&quot;},[&quot;span&quot;,{&quot;color&quot;:&quot;rgb(15, 17, 17)&quot;,&quot;sz&quot;:12,&quot;szUnit&quot;:&quot;pt&quot;,&quot;data-type&quot;:&quot;leaf&quot;},&quot;\u3010APLICACIONES\u3011Esta bolsa playa mujer plegable con bolsillo es perfecta para una gran variedad de ocasiones, como el trabajo, el colegio, ir de compras o salir por la noche con los amigos.&quot;]]],[&quot;p&quot;,{&quot;list&quot;:{&quot;listId&quot;:&quot;noxq5pudx0i&quot;,&quot;isOrdered&quot;:false,&quot;level&quot;:0,&quot;listStyle&quot;:{&quot;format&quot;:&quot;bullet&quot;,&quot;text&quot;:&quot;\u25cf&quot;,&quot;align&quot;:&quot;left&quot;}},&quot;jc&quot;:&quot;left&quot;,&quot;spacing&quot;:{}},[&quot;span&quot;,{&quot;data-type&quot;:&quot;text&quot;},[&quot;span&quot;,{&quot;color&quot;:&quot;rgb(15, 17, 17)&quot;,&quot;sz&quot;:12,&quot;szUnit&quot;:&quot;pt&quot;,&quot;data-type&quot;:&quot;leaf&quot;},&quot;\u3010REGALO MARAVILLOSO\u3011Esta bolso tela mujer de algodon con cremallera y bolsillos es el regalo perfecto para su amigo, familiar o ser querido, con un dise\u00f1o vintage. Es perfecta para cualquier ocasi\u00f3n, ya sea un cumplea\u00f1os o un aniversario.&quot;]]],[&quot;p&quot;,{&quot;jc&quot;:&quot;left&quot;,&quot;ind&quot;:{},&quot;spacing&quot;:{}},[&quot;span&quot;,{&quot;data-type&quot;:&quot;text&quot;},[&quot;span&quot;,{&quot;data-type&quot;:&quot;leaf&quot;},&quot;&quot;]],[&quot;img&quot;,{&quot;src&quot;:&quot;https:\/\/fb-es.mrvcdn.com\/kf\/E1e5364a860464fe78ebf18666c133ec4M.jpg&quot;,&quot;style&quot;:&quot;width:679px;height:679px;display:inline;vertical-align:middle&quot;,&quot;width&quot;:679,&quot;height&quot;:679},[&quot;span&quot;,{&quot;data-type&quot;:&quot;text&quot;},[&quot;span&quot;,{&quot;data-type&quot;:&quot;leaf&quot;},&quot;&quot;]]],[&quot;span&quot;,{&quot;data-type&quot;:&quot;text&quot;},[&quot;span&quot;,{&quot;data-type&quot;:&quot;leaf&quot;},&quot;&quot;]],[&quot;img&quot;,{&quot;src&quot;:&quot;https:\/\/fb-es.mrvcdn.com\/kf\/E613e0809656745deacbfe56569e1da28o.jpg&quot;,&quot;style&quot;:&quot;width:679px;height:841px;display:inline;vertical-align:middle&quot;,&quot;width&quot;:679,&quot;height&quot;:841},[&quot;span&quot;,{&quot;data-type&quot;:&quot;text&quot;},[&quot;span&quot;,{&quot;data-type&quot;:&quot;leaf&quot;},&quot;&quot;]]],[&quot;span&quot;,{&quot;data-type&quot;:&quot;text&quot;},[&quot;span&quot;,{&quot;data-type&quot;:&quot;leaf&quot;},&quot;&quot;]],[&quot;img&quot;,{&quot;src&quot;:&quot;https:\/\/fb-es.mrvcdn.com\/kf\/E81eb3558ddb848eb8c88ec3c3b6940d2f.jpg&quot;,&quot;style&quot;:&quot;width:679px;height:679px;display:inline;vertical-align:middle&quot;,&quot;width&quot;:679,&quot;height&quot;:679},[&quot;span&quot;,{&quot;data-type&quot;:&quot;text&quot;},[&quot;span&quot;,{&quot;data-type&quot;:&quot;leaf&quot;},&quot;&quot;]]],[&quot;span&quot;,{&quot;data-type&quot;:&quot;text&quot;},[&quot;span&quot;,{&quot;data-type&quot;:&quot;leaf&quot;},&quot;&quot;]]]]\">\n<div><\/div>\n<p><img decoding=\"async\" src=\"https:\/\/fb-es.mrvcdn.com\/kf\/E1e5364a860464fe78ebf18666c133ec4M.jpg\" \/><img decoding=\"async\" src=\"https:\/\/fb-es.mrvcdn.com\/kf\/E613e0809656745deacbfe56569e1da28o.jpg\" \/><img decoding=\"async\" src=\"https:\/\/fb-es.mrvcdn.com\/kf\/E81eb3558ddb848eb8c88ec3c3b6940d2f.jpg\" \/><\/p>\n<\/article>\n","protected":false},"excerpt":{"rendered":"<h3>Acerca\u00a0de\u00a0este\u00a0art\u00edculo<\/h3>\n<ul>\n<li>\n<div>\u3010MATERIALES\u00a0DE\u00a0ALTA\u00a0CALIDAD\u3011Fabricado\u00a0en\u00a0lona\u00a0de\u00a0alta\u00a0calidad,\u00a0este\u00a0tote\u00a0bag\u00a0es\u00a0fuerte,\u00a0duradero\u00a0y\u00a0resistente.\u00a0Cuenta\u00a0con\u00a0un\u00a0cierre\u00a0de\u00a0cremallera\u00a0y\u00a0un\u00a0peque\u00f1o\u00a0bolsillo\u00a0interior\u00a0para\u00a0guardar\u00a0objetos\u00a0peque\u00f1os.<\/div>\n<\/li>\n<\/ul>\n<ul>\n<li>\n<div>\u3010DISE\u00d1O\u00a0ELEGANTE\u3011Esta\u00a0bandolera\u00a0de\u00a0lona\u00a0para\u00a0mujer\u00a0no\u00a0s\u00f3lo\u00a0tiene\u00a0un\u00a0elegante\u00a0estampado\u00a0de\u00a0manzanilla\u00a0y\u00a0un\u00a0dise\u00f1o\u00a0vintage,\u00a0sino\u00a0que\u00a0tambi\u00e9n\u00a0tiene\u00a0una\u00a0gran\u00a0capacidad\u00a0con\u00a0mucho\u00a0espacio\u00a0de\u00a0almacenamiento.\u00a0Perfecta\u00a0para\u00a0el\u00a0uso\u00a0diario\u00a0o\u00a0para\u00a0viajar.<\/div>\n<\/li>\n<\/ul>\n<ul>\n<li>\n<div>\u3010F\u00c1CIL\u00a0DE\u00a0USAR\u3011Ligera\u00a0y\u00a0f\u00e1cil\u00a0de\u00a0transportar\u00a0y\u00a0plegar,\u00a0esta\u00a0tote\u00a0bag\u00a0cremallera\u00a0es\u00a0una\u00a0opci\u00f3n\u00a0pr\u00e1ctica\u00a0para\u00a0el\u00a0uso\u00a0diario.\u00a0Incluso\u00a0a\u00a0plena\u00a0carga,\u00a0no\u00a0le\u00a0pesar\u00e1\u00a0ni\u00a0en\u00a0los\u00a0hombros\u00a0ni\u00a0en\u00a0la\u00a0espalda.<\/div>\n<\/li>\n<\/ul>\n<ul>\n<li>\n<div>\u3010APLICACIONES\u3011Esta\u00a0bolsa\u00a0playa\u00a0mujer\u00a0plegable\u00a0con\u00a0bolsillo\u00a0es\u00a0perfecta\u00a0para\u00a0una\u00a0gran\u00a0variedad\u00a0de\u00a0ocasiones,\u00a0como\u00a0el\u00a0trabajo,\u00a0el\u00a0colegio,\u00a0ir\u00a0de\u00a0compras\u00a0o\u00a0salir\u00a0por\u00a0la\u00a0noche\u00a0con\u00a0los\u00a0amigos.<\/div>\n<\/li>\n<\/ul>\n<ul>\n<li>\n<div>\u3010REGALO\u00a0MARAVILLOSO\u3011Esta\u00a0bolso\u00a0tela\u00a0mujer\u00a0de\u00a0algodon\u00a0con\u00a0cremallera\u00a0y\u00a0bolsillos\u00a0es\u00a0el\u00a0regalo\u00a0perfecto\u00a0para\u00a0su\u00a0amigo,\u00a0familiar\u00a0o\u00a0ser\u00a0querido,\u00a0con\u00a0un\u00a0dise\u00f1o\u00a0vintage.\u00a0Es\u00a0perfecta\u00a0para\u00a0cualquier\u00a0ocasi\u00f3n,\u00a0ya\u00a0sea\u00a0un\u00a0cumplea\u00f1os\u00a0o\u00a0un\u00a0aniversario.<\/div>\n<\/li>\n<\/ul>\n","protected":false},"featured_media":12945,"comment_status":"open","ping_status":"closed","template":"","meta":[],"product_cat":[460],"product_tag":[461,462,465,464,463],"class_list":{"0":"post-12944","1":"product","2":"type-product","3":"status-publish","4":"has-post-thumbnail","6":"product_cat-bolsos","7":"product_tag-bolsa","8":"product_tag-bolsos","9":"product_tag-lona","10":"product_tag-mujer","11":"product_tag-tela","12":"product_brand-generico","14":"first","15":"instock","16":"sale","17":"shipping-taxable","18":"purchasable","19":"product-type-simple"},"yoast_head":"<!-- This site is optimized with the Yoast SEO plugin v23.5 - https:\/\/yoast.com\/wordpress\/plugins\/seo\/ -->\n<title>Bolsa de Tela, con Estampado de Manzanilla,Con Bolsillo Interior Y Cremallera - Merca Babel Productos de importaci\u00f3n en oferta: peque\u00f1os electrodom\u00e9sticos, electr\u00f3nica y productos de hogar<\/title>\n<meta name=\"robots\" content=\"index, follow, max-snippet:-1, max-image-preview:large, max-video-preview:-1\" \/>\n<link rel=\"canonical\" href=\"https:\/\/www.mercababel.com\/producto\/bolsa-de-tela-con-estampado-de-manzanillacon-bolsillo-interior-y-cremallera\/\" \/>\n<meta property=\"og:locale\" content=\"en_US\" \/>\n<meta property=\"og:type\" content=\"article\" \/>\n<meta property=\"og:title\" content=\"Bolsa de Tela, con Estampado de Manzanilla,Con Bolsillo Interior Y Cremallera - Merca Babel Productos de importaci\u00f3n en oferta: peque\u00f1os electrodom\u00e9sticos, electr\u00f3nica y productos de hogar\" \/>\n<meta property=\"og:description\" content=\"Acerca\u00a0de\u00a0este\u00a0art\u00edculo    \u3010MATERIALES\u00a0DE\u00a0ALTA\u00a0CALIDAD\u3011Fabricado\u00a0en\u00a0lona\u00a0de\u00a0alta\u00a0calidad,\u00a0este\u00a0tote\u00a0bag\u00a0es\u00a0fuerte,\u00a0duradero\u00a0y\u00a0resistente.\u00a0Cuenta\u00a0con\u00a0un\u00a0cierre\u00a0de\u00a0cremallera\u00a0y\u00a0un\u00a0peque\u00f1o\u00a0bolsillo\u00a0interior\u00a0para\u00a0guardar\u00a0objetos\u00a0peque\u00f1os.     \u3010DISE\u00d1O\u00a0ELEGANTE\u3011Esta\u00a0bandolera\u00a0de\u00a0lona\u00a0para\u00a0mujer\u00a0no\u00a0s\u00f3lo\u00a0tiene\u00a0un\u00a0elegante\u00a0estampado\u00a0de\u00a0manzanilla\u00a0y\u00a0un\u00a0dise\u00f1o\u00a0vintage,\u00a0sino\u00a0que\u00a0tambi\u00e9n\u00a0tiene\u00a0una\u00a0gran\u00a0capacidad\u00a0con\u00a0mucho\u00a0espacio\u00a0de\u00a0almacenamiento.\u00a0Perfecta\u00a0para\u00a0el\u00a0uso\u00a0diario\u00a0o\u00a0para\u00a0viajar.     \u3010F\u00c1CIL\u00a0DE\u00a0USAR\u3011Ligera\u00a0y\u00a0f\u00e1cil\u00a0de\u00a0transportar\u00a0y\u00a0plegar,\u00a0esta\u00a0tote\u00a0bag\u00a0cremallera\u00a0es\u00a0una\u00a0opci\u00f3n\u00a0pr\u00e1ctica\u00a0para\u00a0el\u00a0uso\u00a0diario.\u00a0Incluso\u00a0a\u00a0plena\u00a0carga,\u00a0no\u00a0le\u00a0pesar\u00e1\u00a0ni\u00a0en\u00a0los\u00a0hombros\u00a0ni\u00a0en\u00a0la\u00a0espalda.     \u3010APLICACIONES\u3011Esta\u00a0bolsa\u00a0playa\u00a0mujer\u00a0plegable\u00a0con\u00a0bolsillo\u00a0es\u00a0perfecta\u00a0para\u00a0una\u00a0gran\u00a0variedad\u00a0de\u00a0ocasiones,\u00a0como\u00a0el\u00a0trabajo,\u00a0el\u00a0colegio,\u00a0ir\u00a0de\u00a0compras\u00a0o\u00a0salir\u00a0por\u00a0la\u00a0noche\u00a0con\u00a0los\u00a0amigos.     \u3010REGALO\u00a0MARAVILLOSO\u3011Esta\u00a0bolso\u00a0tela\u00a0mujer\u00a0de\u00a0algodon\u00a0con\u00a0cremallera\u00a0y\u00a0bolsillos\u00a0es\u00a0el\u00a0regalo\u00a0perfecto\u00a0para\u00a0su\u00a0amigo,\u00a0familiar\u00a0o\u00a0ser\u00a0querido,\u00a0con\u00a0un\u00a0dise\u00f1o\u00a0vintage.\u00a0Es\u00a0perfecta\u00a0para\u00a0cualquier\u00a0ocasi\u00f3n,\u00a0ya\u00a0sea\u00a0un\u00a0cumplea\u00f1os\u00a0o\u00a0un\u00a0aniversario.\" \/>\n<meta property=\"og:url\" content=\"https:\/\/www.mercababel.com\/producto\/bolsa-de-tela-con-estampado-de-manzanillacon-bolsillo-interior-y-cremallera\/\" \/>\n<meta property=\"og:site_name\" content=\"Merca Babel Productos de importaci\u00f3n en oferta: peque\u00f1os electrodom\u00e9sticos, electr\u00f3nica y productos de hogar\" \/>\n<meta property=\"article:modified_time\" content=\"2024-08-17T17:08:22+00:00\" \/>\n<meta property=\"og:image\" content=\"https:\/\/www.mercababel.com\/wp-content\/uploads\/2024\/08\/\u5e06\u5e03\u5973\u5355\u80a9\u8d2d\u7269\u888b-001.jpg\" \/>\n\t<meta property=\"og:image:width\" content=\"602\" \/>\n\t<meta property=\"og:image:height\" content=\"1057\" \/>\n\t<meta property=\"og:image:type\" content=\"image\/jpeg\" \/>\n<meta name=\"twitter:card\" content=\"summary_large_image\" \/>\n<meta name=\"twitter:label1\" content=\"Est. reading time\" \/>\n\t<meta name=\"twitter:data1\" content=\"1 minute\" \/>\n<script type=\"application\/ld+json\" class=\"yoast-schema-graph\">{\"@context\":\"https:\/\/schema.org\",\"@graph\":[{\"@type\":\"WebPage\",\"@id\":\"https:\/\/www.mercababel.com\/producto\/bolsa-de-tela-con-estampado-de-manzanillacon-bolsillo-interior-y-cremallera\/\",\"url\":\"https:\/\/www.mercababel.com\/producto\/bolsa-de-tela-con-estampado-de-manzanillacon-bolsillo-interior-y-cremallera\/\",\"name\":\"Bolsa de Tela, con Estampado de Manzanilla,Con Bolsillo Interior Y Cremallera - Merca Babel Productos de importaci\u00f3n en oferta: peque\u00f1os electrodom\u00e9sticos, electr\u00f3nica y productos de hogar\",\"isPartOf\":{\"@id\":\"https:\/\/www.mercababel.com\/#website\"},\"primaryImageOfPage\":{\"@id\":\"https:\/\/www.mercababel.com\/producto\/bolsa-de-tela-con-estampado-de-manzanillacon-bolsillo-interior-y-cremallera\/#primaryimage\"},\"image\":{\"@id\":\"https:\/\/www.mercababel.com\/producto\/bolsa-de-tela-con-estampado-de-manzanillacon-bolsillo-interior-y-cremallera\/#primaryimage\"},\"thumbnailUrl\":\"https:\/\/www.mercababel.com\/wp-content\/uploads\/2024\/08\/\u5e06\u5e03\u5973\u5355\u80a9\u8d2d\u7269\u888b-001.jpg\",\"datePublished\":\"2024-08-17T17:08:21+00:00\",\"dateModified\":\"2024-08-17T17:08:22+00:00\",\"breadcrumb\":{\"@id\":\"https:\/\/www.mercababel.com\/producto\/bolsa-de-tela-con-estampado-de-manzanillacon-bolsillo-interior-y-cremallera\/#breadcrumb\"},\"inLanguage\":\"en-US\",\"potentialAction\":[{\"@type\":\"ReadAction\",\"target\":[\"https:\/\/www.mercababel.com\/producto\/bolsa-de-tela-con-estampado-de-manzanillacon-bolsillo-interior-y-cremallera\/\"]}]},{\"@type\":\"ImageObject\",\"inLanguage\":\"en-US\",\"@id\":\"https:\/\/www.mercababel.com\/producto\/bolsa-de-tela-con-estampado-de-manzanillacon-bolsillo-interior-y-cremallera\/#primaryimage\",\"url\":\"https:\/\/www.mercababel.com\/wp-content\/uploads\/2024\/08\/\u5e06\u5e03\u5973\u5355\u80a9\u8d2d\u7269\u888b-001.jpg\",\"contentUrl\":\"https:\/\/www.mercababel.com\/wp-content\/uploads\/2024\/08\/\u5e06\u5e03\u5973\u5355\u80a9\u8d2d\u7269\u888b-001.jpg\",\"width\":602,\"height\":1057},{\"@type\":\"BreadcrumbList\",\"@id\":\"https:\/\/www.mercababel.com\/producto\/bolsa-de-tela-con-estampado-de-manzanillacon-bolsillo-interior-y-cremallera\/#breadcrumb\",\"itemListElement\":[{\"@type\":\"ListItem\",\"position\":1,\"name\":\"Portada\",\"item\":\"https:\/\/www.mercababel.com\/\"},{\"@type\":\"ListItem\",\"position\":2,\"name\":\"Shop\",\"item\":\"https:\/\/www.mercababel.com\/en\/shop\/\"},{\"@type\":\"ListItem\",\"position\":3,\"name\":\"Bolsa de Tela, con Estampado de Manzanilla,Con Bolsillo Interior Y Cremallera\"}]},{\"@type\":\"WebSite\",\"@id\":\"https:\/\/www.mercababel.com\/#website\",\"url\":\"https:\/\/www.mercababel.com\/\",\"name\":\"Merca Babel Productos de importaci\u00f3n en oferta: peque\u00f1os electrodom\u00e9sticos, electr\u00f3nica y productos de hogar\",\"description\":\"Productos de importaci\u00f3n en oferta\",\"potentialAction\":[{\"@type\":\"SearchAction\",\"target\":{\"@type\":\"EntryPoint\",\"urlTemplate\":\"https:\/\/www.mercababel.com\/?s={search_term_string}\"},\"query-input\":{\"@type\":\"PropertyValueSpecification\",\"valueRequired\":true,\"valueName\":\"search_term_string\"}}],\"inLanguage\":\"en-US\"}]}<\/script>\n<!-- \/ Yoast SEO plugin. -->","yoast_head_json":{"title":"Bolsa de Tela, con Estampado de Manzanilla,Con Bolsillo Interior Y Cremallera - Merca Babel Productos de importaci\u00f3n en oferta: peque\u00f1os electrodom\u00e9sticos, electr\u00f3nica y productos de hogar","robots":{"index":"index","follow":"follow","max-snippet":"max-snippet:-1","max-image-preview":"max-image-preview:large","max-video-preview":"max-video-preview:-1"},"canonical":"https:\/\/www.mercababel.com\/producto\/bolsa-de-tela-con-estampado-de-manzanillacon-bolsillo-interior-y-cremallera\/","og_locale":"en_US","og_type":"article","og_title":"Bolsa de Tela, con Estampado de Manzanilla,Con Bolsillo Interior Y Cremallera - Merca Babel Productos de importaci\u00f3n en oferta: peque\u00f1os electrodom\u00e9sticos, electr\u00f3nica y productos de hogar","og_description":"Acerca\u00a0de\u00a0este\u00a0art\u00edculo    \u3010MATERIALES\u00a0DE\u00a0ALTA\u00a0CALIDAD\u3011Fabricado\u00a0en\u00a0lona\u00a0de\u00a0alta\u00a0calidad,\u00a0este\u00a0tote\u00a0bag\u00a0es\u00a0fuerte,\u00a0duradero\u00a0y\u00a0resistente.\u00a0Cuenta\u00a0con\u00a0un\u00a0cierre\u00a0de\u00a0cremallera\u00a0y\u00a0un\u00a0peque\u00f1o\u00a0bolsillo\u00a0interior\u00a0para\u00a0guardar\u00a0objetos\u00a0peque\u00f1os.     \u3010DISE\u00d1O\u00a0ELEGANTE\u3011Esta\u00a0bandolera\u00a0de\u00a0lona\u00a0para\u00a0mujer\u00a0no\u00a0s\u00f3lo\u00a0tiene\u00a0un\u00a0elegante\u00a0estampado\u00a0de\u00a0manzanilla\u00a0y\u00a0un\u00a0dise\u00f1o\u00a0vintage,\u00a0sino\u00a0que\u00a0tambi\u00e9n\u00a0tiene\u00a0una\u00a0gran\u00a0capacidad\u00a0con\u00a0mucho\u00a0espacio\u00a0de\u00a0almacenamiento.\u00a0Perfecta\u00a0para\u00a0el\u00a0uso\u00a0diario\u00a0o\u00a0para\u00a0viajar.     \u3010F\u00c1CIL\u00a0DE\u00a0USAR\u3011Ligera\u00a0y\u00a0f\u00e1cil\u00a0de\u00a0transportar\u00a0y\u00a0plegar,\u00a0esta\u00a0tote\u00a0bag\u00a0cremallera\u00a0es\u00a0una\u00a0opci\u00f3n\u00a0pr\u00e1ctica\u00a0para\u00a0el\u00a0uso\u00a0diario.\u00a0Incluso\u00a0a\u00a0plena\u00a0carga,\u00a0no\u00a0le\u00a0pesar\u00e1\u00a0ni\u00a0en\u00a0los\u00a0hombros\u00a0ni\u00a0en\u00a0la\u00a0espalda.     \u3010APLICACIONES\u3011Esta\u00a0bolsa\u00a0playa\u00a0mujer\u00a0plegable\u00a0con\u00a0bolsillo\u00a0es\u00a0perfecta\u00a0para\u00a0una\u00a0gran\u00a0variedad\u00a0de\u00a0ocasiones,\u00a0como\u00a0el\u00a0trabajo,\u00a0el\u00a0colegio,\u00a0ir\u00a0de\u00a0compras\u00a0o\u00a0salir\u00a0por\u00a0la\u00a0noche\u00a0con\u00a0los\u00a0amigos.     \u3010REGALO\u00a0MARAVILLOSO\u3011Esta\u00a0bolso\u00a0tela\u00a0mujer\u00a0de\u00a0algodon\u00a0con\u00a0cremallera\u00a0y\u00a0bolsillos\u00a0es\u00a0el\u00a0regalo\u00a0perfecto\u00a0para\u00a0su\u00a0amigo,\u00a0familiar\u00a0o\u00a0ser\u00a0querido,\u00a0con\u00a0un\u00a0dise\u00f1o\u00a0vintage.\u00a0Es\u00a0perfecta\u00a0para\u00a0cualquier\u00a0ocasi\u00f3n,\u00a0ya\u00a0sea\u00a0un\u00a0cumplea\u00f1os\u00a0o\u00a0un\u00a0aniversario.","og_url":"https:\/\/www.mercababel.com\/producto\/bolsa-de-tela-con-estampado-de-manzanillacon-bolsillo-interior-y-cremallera\/","og_site_name":"Merca Babel Productos de importaci\u00f3n en oferta: peque\u00f1os electrodom\u00e9sticos, electr\u00f3nica y productos de hogar","article_modified_time":"2024-08-17T17:08:22+00:00","og_image":[{"width":602,"height":1057,"url":"https:\/\/www.mercababel.com\/wp-content\/uploads\/2024\/08\/\u5e06\u5e03\u5973\u5355\u80a9\u8d2d\u7269\u888b-001.jpg","type":"image\/jpeg"}],"twitter_card":"summary_large_image","twitter_misc":{"Est. reading time":"1 minute"},"schema":{"@context":"https:\/\/schema.org","@graph":[{"@type":"WebPage","@id":"https:\/\/www.mercababel.com\/producto\/bolsa-de-tela-con-estampado-de-manzanillacon-bolsillo-interior-y-cremallera\/","url":"https:\/\/www.mercababel.com\/producto\/bolsa-de-tela-con-estampado-de-manzanillacon-bolsillo-interior-y-cremallera\/","name":"Bolsa de Tela, con Estampado de Manzanilla,Con Bolsillo Interior Y Cremallera - Merca Babel Productos de importaci\u00f3n en oferta: peque\u00f1os electrodom\u00e9sticos, electr\u00f3nica y productos de hogar","isPartOf":{"@id":"https:\/\/www.mercababel.com\/#website"},"primaryImageOfPage":{"@id":"https:\/\/www.mercababel.com\/producto\/bolsa-de-tela-con-estampado-de-manzanillacon-bolsillo-interior-y-cremallera\/#primaryimage"},"image":{"@id":"https:\/\/www.mercababel.com\/producto\/bolsa-de-tela-con-estampado-de-manzanillacon-bolsillo-interior-y-cremallera\/#primaryimage"},"thumbnailUrl":"https:\/\/www.mercababel.com\/wp-content\/uploads\/2024\/08\/\u5e06\u5e03\u5973\u5355\u80a9\u8d2d\u7269\u888b-001.jpg","datePublished":"2024-08-17T17:08:21+00:00","dateModified":"2024-08-17T17:08:22+00:00","breadcrumb":{"@id":"https:\/\/www.mercababel.com\/producto\/bolsa-de-tela-con-estampado-de-manzanillacon-bolsillo-interior-y-cremallera\/#breadcrumb"},"inLanguage":"en-US","potentialAction":[{"@type":"ReadAction","target":["https:\/\/www.mercababel.com\/producto\/bolsa-de-tela-con-estampado-de-manzanillacon-bolsillo-interior-y-cremallera\/"]}]},{"@type":"ImageObject","inLanguage":"en-US","@id":"https:\/\/www.mercababel.com\/producto\/bolsa-de-tela-con-estampado-de-manzanillacon-bolsillo-interior-y-cremallera\/#primaryimage","url":"https:\/\/www.mercababel.com\/wp-content\/uploads\/2024\/08\/\u5e06\u5e03\u5973\u5355\u80a9\u8d2d\u7269\u888b-001.jpg","contentUrl":"https:\/\/www.mercababel.com\/wp-content\/uploads\/2024\/08\/\u5e06\u5e03\u5973\u5355\u80a9\u8d2d\u7269\u888b-001.jpg","width":602,"height":1057},{"@type":"BreadcrumbList","@id":"https:\/\/www.mercababel.com\/producto\/bolsa-de-tela-con-estampado-de-manzanillacon-bolsillo-interior-y-cremallera\/#breadcrumb","itemListElement":[{"@type":"ListItem","position":1,"name":"Portada","item":"https:\/\/www.mercababel.com\/"},{"@type":"ListItem","position":2,"name":"Shop","item":"https:\/\/www.mercababel.com\/en\/shop\/"},{"@type":"ListItem","position":3,"name":"Bolsa de Tela, con Estampado de Manzanilla,Con Bolsillo Interior Y Cremallera"}]},{"@type":"WebSite","@id":"https:\/\/www.mercababel.com\/#website","url":"https:\/\/www.mercababel.com\/","name":"Merca Babel Productos de importaci\u00f3n en oferta: peque\u00f1os electrodom\u00e9sticos, electr\u00f3nica y productos de hogar","description":"Productos de importaci\u00f3n en oferta","potentialAction":[{"@type":"SearchAction","target":{"@type":"EntryPoint","urlTemplate":"https:\/\/www.mercababel.com\/?s={search_term_string}"},"query-input":{"@type":"PropertyValueSpecification","valueRequired":true,"valueName":"search_term_string"}}],"inLanguage":"en-US"}]}},"_links":{"self":[{"href":"https:\/\/www.mercababel.com\/en\/wp-json\/wp\/v2\/product\/12944","targetHints":{"allow":["GET"]}}],"collection":[{"href":"https:\/\/www.mercababel.com\/en\/wp-json\/wp\/v2\/product"}],"about":[{"href":"https:\/\/www.mercababel.com\/en\/wp-json\/wp\/v2\/types\/product"}],"replies":[{"embeddable":true,"href":"https:\/\/www.mercababel.com\/en\/wp-json\/wp\/v2\/comments?post=12944"}],"version-history":[{"count":1,"href":"https:\/\/www.mercababel.com\/en\/wp-json\/wp\/v2\/product\/12944\/revisions"}],"predecessor-version":[{"id":12959,"href":"https:\/\/www.mercababel.com\/en\/wp-json\/wp\/v2\/product\/12944\/revisions\/12959"}],"wp:featuredmedia":[{"embeddable":true,"href":"https:\/\/www.mercababel.com\/en\/wp-json\/wp\/v2\/media\/12945"}],"wp:attachment":[{"href":"https:\/\/www.mercababel.com\/en\/wp-json\/wp\/v2\/media?parent=12944"}],"wp:term":[{"taxonomy":"product_cat","embeddable":true,"href":"https:\/\/www.mercababel.com\/en\/wp-json\/wp\/v2\/product_cat?post=12944"},{"taxonomy":"product_tag","embeddable":true,"href":"https:\/\/www.mercababel.com\/en\/wp-json\/wp\/v2\/product_tag?post=12944"}],"curies":[{"name":"wp","href":"https:\/\/api.w.org\/{rel}","templated":true}]}}