{"id":12910,"date":"2024-08-17T16:47:51","date_gmt":"2024-08-17T16:47:51","guid":{"rendered":"https:\/\/www.mercababel.com\/?post_type=product&#038;p=12910"},"modified":"2024-08-17T16:47:52","modified_gmt":"2024-08-17T16:47:52","slug":"bolas-de-navidad-colgante-de-arbol","status":"publish","type":"product","link":"https:\/\/www.mercababel.com\/en\/producto\/bolas-de-navidad-colgante-de-arbol\/","title":{"rendered":"Bolas de Navidad Colgante De \u00c1rbol"},"content":{"rendered":"<article class=\"4ever-article\" data-clipboard-cangjie=\"[&quot;root&quot;,{&quot;copyFrom&quot;:33891801},[&quot;h1&quot;,{&quot;jc&quot;:&quot;left&quot;,&quot;ind&quot;:{},&quot;spacing&quot;:{}},[&quot;span&quot;,{&quot;data-type&quot;:&quot;text&quot;},[&quot;span&quot;,{&quot;bold&quot;:true,&quot;color&quot;:&quot;rgb(15, 17, 17)&quot;,&quot;sz&quot;:12,&quot;szUnit&quot;:&quot;pt&quot;,&quot;data-type&quot;:&quot;leaf&quot;},&quot;Acerca de este producto&quot;]]],[&quot;p&quot;,{&quot;list&quot;:{&quot;listId&quot;:&quot;1puliltkr7n&quot;,&quot;isOrdered&quot;:false,&quot;level&quot;:0,&quot;listStyle&quot;:{&quot;format&quot;:&quot;bullet&quot;,&quot;text&quot;:&quot;\u25cf&quot;,&quot;align&quot;:&quot;left&quot;}},&quot;jc&quot;:&quot;left&quot;,&quot;spacing&quot;:{}},[&quot;span&quot;,{&quot;data-type&quot;:&quot;text&quot;},[&quot;span&quot;,{&quot;color&quot;:&quot;rgb(15, 17, 17)&quot;,&quot;sz&quot;:10,&quot;szUnit&quot;:&quot;pt&quot;,&quot;data-type&quot;:&quot;leaf&quot;},&quot;\u3010Estilo disco\u3011Esta plata bola facetada tiene un dise\u00f1o \u00fanico de estilo discogr\u00e1fico. Su acabado espejo reflectante hace que la esfera de luz brille para un efecto visual deslumbrante. Esta decoraci\u00f3n colgante esfera es el s\u00edmbolo perfecto de la discoteca man\u00eda y el estilo 70's.&quot;]]],[&quot;p&quot;,{&quot;list&quot;:{&quot;listId&quot;:&quot;1puliltkr7n&quot;,&quot;isOrdered&quot;:false,&quot;level&quot;:0,&quot;listStyle&quot;:{&quot;format&quot;:&quot;bullet&quot;,&quot;text&quot;:&quot;\u25cf&quot;,&quot;align&quot;:&quot;left&quot;}},&quot;jc&quot;:&quot;left&quot;,&quot;spacing&quot;:{}},[&quot;span&quot;,{&quot;data-type&quot;:&quot;text&quot;},[&quot;span&quot;,{&quot;color&quot;:&quot;rgb(15, 17, 17)&quot;,&quot;sz&quot;:10,&quot;szUnit&quot;:&quot;pt&quot;,&quot;data-type&quot;:&quot;leaf&quot;},&quot;\u3010M\u00faltiples usos: esta bola de discoteca plateada no solo es adecuada como decoraci\u00f3n de discoteca, sino que tambi\u00e9n se puede utilizar para la decoraci\u00f3n del \u00e1rbol de Navidad. Puede agregar un estilo y esplendor \u00fanicos a su festival haci\u00e9ndolo m\u00e1s festivo.&quot;]]],[&quot;p&quot;,{&quot;list&quot;:{&quot;listId&quot;:&quot;1puliltkr7n&quot;,&quot;isOrdered&quot;:false,&quot;level&quot;:0,&quot;listStyle&quot;:{&quot;format&quot;:&quot;bullet&quot;,&quot;text&quot;:&quot;\u25cf&quot;,&quot;align&quot;:&quot;left&quot;}},&quot;jc&quot;:&quot;left&quot;,&quot;spacing&quot;:{}},[&quot;span&quot;,{&quot;data-type&quot;:&quot;text&quot;},[&quot;span&quot;,{&quot;color&quot;:&quot;rgb(15, 17, 17)&quot;,&quot;sz&quot;:10,&quot;szUnit&quot;:&quot;pt&quot;,&quot;data-type&quot;:&quot;leaf&quot;},&quot;\u3010Material de alta calidad\u3011Esta bola de espejo est\u00e1 hecha de material de alta calidad. Despu\u00e9s del tratamiento de galvanoplastia, la superficie es lisa y reforzada. No es f\u00e1cil de oxidar o decolorar, puede mantener su aspecto brillante durante mucho tiempo.&quot;]]],[&quot;p&quot;,{&quot;list&quot;:{&quot;listId&quot;:&quot;1puliltkr7n&quot;,&quot;isOrdered&quot;:false,&quot;level&quot;:0,&quot;listStyle&quot;:{&quot;format&quot;:&quot;bullet&quot;,&quot;text&quot;:&quot;\u25cf&quot;,&quot;align&quot;:&quot;left&quot;}},&quot;jc&quot;:&quot;left&quot;,&quot;spacing&quot;:{}},[&quot;span&quot;,{&quot;data-type&quot;:&quot;text&quot;},[&quot;span&quot;,{&quot;color&quot;:&quot;rgb(15, 17, 17)&quot;,&quot;sz&quot;:10,&quot;szUnit&quot;:&quot;pt&quot;,&quot;data-type&quot;:&quot;leaf&quot;},&quot;\u3010F\u00e1cil de colgar\u3011Esta bola colgante de espejo tiene un pr\u00e1ctico dise\u00f1o de suspensi\u00f3n. Con su correa, se puede colgar f\u00e1cilmente en un soporte u otras decoraciones. Al mismo tiempo, la detecci\u00f3n tambi\u00e9n es conveniente y la posici\u00f3n y el estante se pueden cambiar en cualquier momento.&quot;]]],[&quot;p&quot;,{&quot;list&quot;:{&quot;listId&quot;:&quot;1puliltkr7n&quot;,&quot;isOrdered&quot;:false,&quot;level&quot;:0,&quot;listStyle&quot;:{&quot;format&quot;:&quot;bullet&quot;,&quot;text&quot;:&quot;\u25cf&quot;,&quot;align&quot;:&quot;left&quot;}},&quot;jc&quot;:&quot;left&quot;,&quot;spacing&quot;:{}},[&quot;span&quot;,{&quot;data-type&quot;:&quot;text&quot;},[&quot;span&quot;,{&quot;color&quot;:&quot;rgb(15, 17, 17)&quot;,&quot;sz&quot;:10,&quot;szUnit&quot;:&quot;pt&quot;,&quot;data-type&quot;:&quot;leaf&quot;},&quot;\u3010ESPECIFICACI\u00d3N DE EMBALAJE: La especificaci\u00f3n de embalaje de esta decoraci\u00f3n de bola discoteca es de 1 pieza de 8 cm (plata), 8 piezas de 4 cm (plata), 6 piezas de 6 cm (plata). Juego de 15 bolas de discoteca de diferentes tama\u00f1os para completar tu decoraci\u00f3n.&quot;]]],[&quot;p&quot;,{&quot;jc&quot;:&quot;left&quot;,&quot;ind&quot;:{},&quot;spacing&quot;:{}},[&quot;span&quot;,{&quot;data-type&quot;:&quot;text&quot;},[&quot;span&quot;,{&quot;data-type&quot;:&quot;leaf&quot;},&quot;&quot;]],[&quot;img&quot;,{&quot;src&quot;:&quot;https:\/\/fb-es.mrvcdn.com\/kf\/E014310a2922a464f8feeeb6820d360ddF.jpg&quot;,&quot;style&quot;:&quot;width:996px;height:998px;display:inline;vertical-align:middle&quot;,&quot;width&quot;:996,&quot;height&quot;:998},[&quot;span&quot;,{&quot;data-type&quot;:&quot;text&quot;},[&quot;span&quot;,{&quot;data-type&quot;:&quot;leaf&quot;},&quot;&quot;]]],[&quot;span&quot;,{&quot;data-type&quot;:&quot;text&quot;},[&quot;span&quot;,{&quot;color&quot;:&quot;rgb(15, 17, 17)&quot;,&quot;sz&quot;:10,&quot;szUnit&quot;:&quot;pt&quot;,&quot;data-type&quot;:&quot;leaf&quot;},&quot;&quot;]],[&quot;img&quot;,{&quot;src&quot;:&quot;https:\/\/fb-es.mrvcdn.com\/kf\/Ee9c6ca148b6442079a042bdd90803c6eJ.jpg&quot;,&quot;style&quot;:&quot;width:1000px;height:1000px;display:inline;vertical-align:middle&quot;,&quot;width&quot;:1000,&quot;height&quot;:1000},[&quot;span&quot;,{&quot;data-type&quot;:&quot;text&quot;},[&quot;span&quot;,{&quot;data-type&quot;:&quot;leaf&quot;},&quot;&quot;]]],[&quot;span&quot;,{&quot;data-type&quot;:&quot;text&quot;},[&quot;span&quot;,{&quot;data-type&quot;:&quot;leaf&quot;},&quot;&quot;]],[&quot;img&quot;,{&quot;src&quot;:&quot;https:\/\/fb-es.mrvcdn.com\/kf\/E76e75e2571404a40bf211ce216125220Z.jpg&quot;,&quot;style&quot;:&quot;width:1000px;height:1000px;display:inline;vertical-align:middle&quot;,&quot;width&quot;:1000,&quot;height&quot;:1000},[&quot;span&quot;,{&quot;data-type&quot;:&quot;text&quot;},[&quot;span&quot;,{&quot;data-type&quot;:&quot;leaf&quot;},&quot;&quot;]]],[&quot;span&quot;,{&quot;data-type&quot;:&quot;text&quot;},[&quot;span&quot;,{&quot;data-type&quot;:&quot;leaf&quot;},&quot;&quot;]],[&quot;img&quot;,{&quot;src&quot;:&quot;https:\/\/fb-es.mrvcdn.com\/kf\/E94436cf022cd48b6ab6ccd6aec009710W.jpg&quot;,&quot;style&quot;:&quot;width:1000px;height:1000px;display:inline;vertical-align:middle&quot;,&quot;width&quot;:1000,&quot;height&quot;:1000},[&quot;span&quot;,{&quot;data-type&quot;:&quot;text&quot;},[&quot;span&quot;,{&quot;data-type&quot;:&quot;leaf&quot;},&quot;&quot;]]],[&quot;span&quot;,{&quot;data-type&quot;:&quot;text&quot;},[&quot;span&quot;,{&quot;data-type&quot;:&quot;leaf&quot;},&quot;&quot;]]]]\">\n<div><\/div>\n<p><img decoding=\"async\" src=\"https:\/\/fb-es.mrvcdn.com\/kf\/E014310a2922a464f8feeeb6820d360ddF.jpg\" \/><img decoding=\"async\" src=\"https:\/\/fb-es.mrvcdn.com\/kf\/Ee9c6ca148b6442079a042bdd90803c6eJ.jpg\" \/><img decoding=\"async\" src=\"https:\/\/fb-es.mrvcdn.com\/kf\/E76e75e2571404a40bf211ce216125220Z.jpg\" \/><img decoding=\"async\" src=\"https:\/\/fb-es.mrvcdn.com\/kf\/E94436cf022cd48b6ab6ccd6aec009710W.jpg\" \/><\/p>\n<\/article>\n","protected":false},"excerpt":{"rendered":"<h1>Acerca\u00a0de\u00a0este\u00a0producto<\/h1>\n<ul>\n<li>\n<div>\u3010Estilo\u00a0disco\u3011Esta\u00a0plata\u00a0bola\u00a0facetada\u00a0tiene\u00a0un\u00a0dise\u00f1o\u00a0\u00fanico\u00a0de\u00a0estilo\u00a0discogr\u00e1fico.\u00a0Su\u00a0acabado\u00a0espejo\u00a0reflectante\u00a0hace\u00a0que\u00a0la\u00a0esfera\u00a0de\u00a0luz\u00a0brille\u00a0para\u00a0un\u00a0efecto\u00a0visual\u00a0deslumbrante.\u00a0Esta\u00a0decoraci\u00f3n\u00a0colgante\u00a0esfera\u00a0es\u00a0el\u00a0s\u00edmbolo\u00a0perfecto\u00a0de\u00a0la\u00a0discoteca\u00a0man\u00eda\u00a0y\u00a0el\u00a0estilo\u00a070&#8217;s.<\/div>\n<\/li>\n<li>\n<div>\u3010M\u00faltiples\u00a0usos:\u00a0esta\u00a0bola\u00a0de\u00a0discoteca\u00a0plateada\u00a0no\u00a0solo\u00a0es\u00a0adecuada\u00a0como\u00a0decoraci\u00f3n\u00a0de\u00a0discoteca,\u00a0sino\u00a0que\u00a0tambi\u00e9n\u00a0se\u00a0puede\u00a0utilizar\u00a0para\u00a0la\u00a0decoraci\u00f3n\u00a0del\u00a0\u00e1rbol\u00a0de\u00a0Navidad.\u00a0Puede\u00a0agregar\u00a0un\u00a0estilo\u00a0y\u00a0esplendor\u00a0\u00fanicos\u00a0a\u00a0su\u00a0festival\u00a0haci\u00e9ndolo\u00a0m\u00e1s\u00a0festivo.<\/div>\n<\/li>\n<li>\n<div>\u3010Material\u00a0de\u00a0alta\u00a0calidad\u3011Esta\u00a0bola\u00a0de\u00a0espejo\u00a0est\u00e1\u00a0hecha\u00a0de\u00a0material\u00a0de\u00a0alta\u00a0calidad.\u00a0Despu\u00e9s\u00a0del\u00a0tratamiento\u00a0de\u00a0galvanoplastia,\u00a0la\u00a0superficie\u00a0es\u00a0lisa\u00a0y\u00a0reforzada.\u00a0No\u00a0es\u00a0f\u00e1cil\u00a0de\u00a0oxidar\u00a0o\u00a0decolorar,\u00a0puede\u00a0mantener\u00a0su\u00a0aspecto\u00a0brillante\u00a0durante\u00a0mucho\u00a0tiempo.<\/div>\n<\/li>\n<li>\n<div>\u3010F\u00e1cil\u00a0de\u00a0colgar\u3011Esta\u00a0bola\u00a0colgante\u00a0de\u00a0espejo\u00a0tiene\u00a0un\u00a0pr\u00e1ctico\u00a0dise\u00f1o\u00a0de\u00a0suspensi\u00f3n.\u00a0Con\u00a0su\u00a0correa,\u00a0se\u00a0puede\u00a0colgar\u00a0f\u00e1cilmente\u00a0en\u00a0un\u00a0soporte\u00a0u\u00a0otras\u00a0decoraciones.\u00a0Al\u00a0mismo\u00a0tiempo,\u00a0la\u00a0detecci\u00f3n\u00a0tambi\u00e9n\u00a0es\u00a0conveniente\u00a0y\u00a0la\u00a0posici\u00f3n\u00a0y\u00a0el\u00a0estante\u00a0se\u00a0pueden\u00a0cambiar\u00a0en\u00a0cualquier\u00a0momento.<\/div>\n<\/li>\n<li>\n<div>\u3010ESPECIFICACI\u00d3N\u00a0DE\u00a0EMBALAJE:\u00a0La\u00a0especificaci\u00f3n\u00a0de\u00a0embalaje\u00a0de\u00a0esta\u00a0decoraci\u00f3n\u00a0de\u00a0bola\u00a0discoteca\u00a0es\u00a0de\u00a01\u00a0pieza\u00a0de\u00a08\u00a0cm\u00a0(plata),\u00a08\u00a0piezas\u00a0de\u00a04\u00a0cm\u00a0(plata),\u00a06\u00a0piezas\u00a0de\u00a06\u00a0cm\u00a0(plata).\u00a0Juego\u00a0de\u00a015\u00a0bolas\u00a0de\u00a0discoteca\u00a0de\u00a0diferentes\u00a0tama\u00f1os\u00a0para\u00a0completar\u00a0tu\u00a0decoraci\u00f3n.<\/div>\n<\/li>\n<\/ul>\n","protected":false},"featured_media":12911,"comment_status":"open","ping_status":"closed","template":"","meta":[],"product_cat":[407],"product_tag":[449,450,452,451,448],"class_list":{"0":"post-12910","1":"product","2":"type-product","3":"status-publish","4":"has-post-thumbnail","6":"product_cat-navidad-y-anonuevo","7":"product_tag-adorno","8":"product_tag-bola","9":"product_tag-colgante","10":"product_tag-decoracion","11":"product_tag-navidad","12":"product_brand-generico","14":"first","15":"instock","16":"sale","17":"shipping-taxable","18":"purchasable","19":"product-type-simple"},"yoast_head":"<!-- This site is optimized with the Yoast SEO plugin v23.5 - https:\/\/yoast.com\/wordpress\/plugins\/seo\/ -->\n<title>Bolas de Navidad Colgante De \u00c1rbol - Merca Babel Productos de importaci\u00f3n en oferta: peque\u00f1os electrodom\u00e9sticos, electr\u00f3nica y productos de hogar<\/title>\n<meta name=\"robots\" content=\"index, follow, max-snippet:-1, max-image-preview:large, max-video-preview:-1\" \/>\n<link rel=\"canonical\" href=\"https:\/\/www.mercababel.com\/producto\/bolas-de-navidad-colgante-de-arbol\/\" \/>\n<meta property=\"og:locale\" content=\"en_US\" \/>\n<meta property=\"og:type\" content=\"article\" \/>\n<meta property=\"og:title\" content=\"Bolas de Navidad Colgante De \u00c1rbol - Merca Babel Productos de importaci\u00f3n en oferta: peque\u00f1os electrodom\u00e9sticos, electr\u00f3nica y productos de hogar\" \/>\n<meta property=\"og:description\" content=\"Acerca\u00a0de\u00a0este\u00a0producto    \u3010Estilo\u00a0disco\u3011Esta\u00a0plata\u00a0bola\u00a0facetada\u00a0tiene\u00a0un\u00a0dise\u00f1o\u00a0\u00fanico\u00a0de\u00a0estilo\u00a0discogr\u00e1fico.\u00a0Su\u00a0acabado\u00a0espejo\u00a0reflectante\u00a0hace\u00a0que\u00a0la\u00a0esfera\u00a0de\u00a0luz\u00a0brille\u00a0para\u00a0un\u00a0efecto\u00a0visual\u00a0deslumbrante.\u00a0Esta\u00a0decoraci\u00f3n\u00a0colgante\u00a0esfera\u00a0es\u00a0el\u00a0s\u00edmbolo\u00a0perfecto\u00a0de\u00a0la\u00a0discoteca\u00a0man\u00eda\u00a0y\u00a0el\u00a0estilo\u00a070&#039;s.   \u3010M\u00faltiples\u00a0usos:\u00a0esta\u00a0bola\u00a0de\u00a0discoteca\u00a0plateada\u00a0no\u00a0solo\u00a0es\u00a0adecuada\u00a0como\u00a0decoraci\u00f3n\u00a0de\u00a0discoteca,\u00a0sino\u00a0que\u00a0tambi\u00e9n\u00a0se\u00a0puede\u00a0utilizar\u00a0para\u00a0la\u00a0decoraci\u00f3n\u00a0del\u00a0\u00e1rbol\u00a0de\u00a0Navidad.\u00a0Puede\u00a0agregar\u00a0un\u00a0estilo\u00a0y\u00a0esplendor\u00a0\u00fanicos\u00a0a\u00a0su\u00a0festival\u00a0haci\u00e9ndolo\u00a0m\u00e1s\u00a0festivo.   \u3010Material\u00a0de\u00a0alta\u00a0calidad\u3011Esta\u00a0bola\u00a0de\u00a0espejo\u00a0est\u00e1\u00a0hecha\u00a0de\u00a0material\u00a0de\u00a0alta\u00a0calidad.\u00a0Despu\u00e9s\u00a0del\u00a0tratamiento\u00a0de\u00a0galvanoplastia,\u00a0la\u00a0superficie\u00a0es\u00a0lisa\u00a0y\u00a0reforzada.\u00a0No\u00a0es\u00a0f\u00e1cil\u00a0de\u00a0oxidar\u00a0o\u00a0decolorar,\u00a0puede\u00a0mantener\u00a0su\u00a0aspecto\u00a0brillante\u00a0durante\u00a0mucho\u00a0tiempo.   \u3010F\u00e1cil\u00a0de\u00a0colgar\u3011Esta\u00a0bola\u00a0colgante\u00a0de\u00a0espejo\u00a0tiene\u00a0un\u00a0pr\u00e1ctico\u00a0dise\u00f1o\u00a0de\u00a0suspensi\u00f3n.\u00a0Con\u00a0su\u00a0correa,\u00a0se\u00a0puede\u00a0colgar\u00a0f\u00e1cilmente\u00a0en\u00a0un\u00a0soporte\u00a0u\u00a0otras\u00a0decoraciones.\u00a0Al\u00a0mismo\u00a0tiempo,\u00a0la\u00a0detecci\u00f3n\u00a0tambi\u00e9n\u00a0es\u00a0conveniente\u00a0y\u00a0la\u00a0posici\u00f3n\u00a0y\u00a0el\u00a0estante\u00a0se\u00a0pueden\u00a0cambiar\u00a0en\u00a0cualquier\u00a0momento.   \u3010ESPECIFICACI\u00d3N\u00a0DE\u00a0EMBALAJE:\u00a0La\u00a0especificaci\u00f3n\u00a0de\u00a0embalaje\u00a0de\u00a0esta\u00a0decoraci\u00f3n\u00a0de\u00a0bola\u00a0discoteca\u00a0es\u00a0de\u00a01\u00a0pieza\u00a0de\u00a08\u00a0cm\u00a0(plata),\u00a08\u00a0piezas\u00a0de\u00a04\u00a0cm\u00a0(plata),\u00a06\u00a0piezas\u00a0de\u00a06\u00a0cm\u00a0(plata).\u00a0Juego\u00a0de\u00a015\u00a0bolas\u00a0de\u00a0discoteca\u00a0de\u00a0diferentes\u00a0tama\u00f1os\u00a0para\u00a0completar\u00a0tu\u00a0decoraci\u00f3n.\" \/>\n<meta property=\"og:url\" content=\"https:\/\/www.mercababel.com\/producto\/bolas-de-navidad-colgante-de-arbol\/\" \/>\n<meta property=\"og:site_name\" content=\"Merca Babel Productos de importaci\u00f3n en oferta: peque\u00f1os electrodom\u00e9sticos, electr\u00f3nica y productos de hogar\" \/>\n<meta property=\"article:modified_time\" content=\"2024-08-17T16:47:52+00:00\" \/>\n<meta property=\"og:image\" content=\"https:\/\/www.mercababel.com\/wp-content\/uploads\/2024\/08\/\u94f6\u8272\u7535\u9540\u65b9\u683c\u740315\u4e2a\u88c5-001.jpg\" \/>\n\t<meta property=\"og:image:width\" content=\"1413\" \/>\n\t<meta property=\"og:image:height\" content=\"1500\" \/>\n\t<meta property=\"og:image:type\" content=\"image\/jpeg\" \/>\n<meta name=\"twitter:card\" content=\"summary_large_image\" \/>\n<meta name=\"twitter:label1\" content=\"Est. reading time\" \/>\n\t<meta name=\"twitter:data1\" content=\"1 minute\" \/>\n<script type=\"application\/ld+json\" class=\"yoast-schema-graph\">{\"@context\":\"https:\/\/schema.org\",\"@graph\":[{\"@type\":\"WebPage\",\"@id\":\"https:\/\/www.mercababel.com\/producto\/bolas-de-navidad-colgante-de-arbol\/\",\"url\":\"https:\/\/www.mercababel.com\/producto\/bolas-de-navidad-colgante-de-arbol\/\",\"name\":\"Bolas de Navidad Colgante De \u00c1rbol - Merca Babel Productos de importaci\u00f3n en oferta: peque\u00f1os electrodom\u00e9sticos, electr\u00f3nica y productos de hogar\",\"isPartOf\":{\"@id\":\"https:\/\/www.mercababel.com\/#website\"},\"primaryImageOfPage\":{\"@id\":\"https:\/\/www.mercababel.com\/producto\/bolas-de-navidad-colgante-de-arbol\/#primaryimage\"},\"image\":{\"@id\":\"https:\/\/www.mercababel.com\/producto\/bolas-de-navidad-colgante-de-arbol\/#primaryimage\"},\"thumbnailUrl\":\"https:\/\/www.mercababel.com\/wp-content\/uploads\/2024\/08\/\u94f6\u8272\u7535\u9540\u65b9\u683c\u740315\u4e2a\u88c5-001.jpg\",\"datePublished\":\"2024-08-17T16:47:51+00:00\",\"dateModified\":\"2024-08-17T16:47:52+00:00\",\"breadcrumb\":{\"@id\":\"https:\/\/www.mercababel.com\/producto\/bolas-de-navidad-colgante-de-arbol\/#breadcrumb\"},\"inLanguage\":\"en-US\",\"potentialAction\":[{\"@type\":\"ReadAction\",\"target\":[\"https:\/\/www.mercababel.com\/producto\/bolas-de-navidad-colgante-de-arbol\/\"]}]},{\"@type\":\"ImageObject\",\"inLanguage\":\"en-US\",\"@id\":\"https:\/\/www.mercababel.com\/producto\/bolas-de-navidad-colgante-de-arbol\/#primaryimage\",\"url\":\"https:\/\/www.mercababel.com\/wp-content\/uploads\/2024\/08\/\u94f6\u8272\u7535\u9540\u65b9\u683c\u740315\u4e2a\u88c5-001.jpg\",\"contentUrl\":\"https:\/\/www.mercababel.com\/wp-content\/uploads\/2024\/08\/\u94f6\u8272\u7535\u9540\u65b9\u683c\u740315\u4e2a\u88c5-001.jpg\",\"width\":1413,\"height\":1500},{\"@type\":\"BreadcrumbList\",\"@id\":\"https:\/\/www.mercababel.com\/producto\/bolas-de-navidad-colgante-de-arbol\/#breadcrumb\",\"itemListElement\":[{\"@type\":\"ListItem\",\"position\":1,\"name\":\"Portada\",\"item\":\"https:\/\/www.mercababel.com\/\"},{\"@type\":\"ListItem\",\"position\":2,\"name\":\"Shop\",\"item\":\"https:\/\/www.mercababel.com\/en\/shop\/\"},{\"@type\":\"ListItem\",\"position\":3,\"name\":\"Bolas de Navidad Colgante De \u00c1rbol\"}]},{\"@type\":\"WebSite\",\"@id\":\"https:\/\/www.mercababel.com\/#website\",\"url\":\"https:\/\/www.mercababel.com\/\",\"name\":\"Merca Babel Productos de importaci\u00f3n en oferta: peque\u00f1os electrodom\u00e9sticos, electr\u00f3nica y productos de hogar\",\"description\":\"Productos de importaci\u00f3n en oferta\",\"potentialAction\":[{\"@type\":\"SearchAction\",\"target\":{\"@type\":\"EntryPoint\",\"urlTemplate\":\"https:\/\/www.mercababel.com\/?s={search_term_string}\"},\"query-input\":{\"@type\":\"PropertyValueSpecification\",\"valueRequired\":true,\"valueName\":\"search_term_string\"}}],\"inLanguage\":\"en-US\"}]}<\/script>\n<!-- \/ Yoast SEO plugin. -->","yoast_head_json":{"title":"Bolas de Navidad Colgante De \u00c1rbol - Merca Babel Productos de importaci\u00f3n en oferta: peque\u00f1os electrodom\u00e9sticos, electr\u00f3nica y productos de hogar","robots":{"index":"index","follow":"follow","max-snippet":"max-snippet:-1","max-image-preview":"max-image-preview:large","max-video-preview":"max-video-preview:-1"},"canonical":"https:\/\/www.mercababel.com\/producto\/bolas-de-navidad-colgante-de-arbol\/","og_locale":"en_US","og_type":"article","og_title":"Bolas de Navidad Colgante De \u00c1rbol - Merca Babel Productos de importaci\u00f3n en oferta: peque\u00f1os electrodom\u00e9sticos, electr\u00f3nica y productos de hogar","og_description":"Acerca\u00a0de\u00a0este\u00a0producto    \u3010Estilo\u00a0disco\u3011Esta\u00a0plata\u00a0bola\u00a0facetada\u00a0tiene\u00a0un\u00a0dise\u00f1o\u00a0\u00fanico\u00a0de\u00a0estilo\u00a0discogr\u00e1fico.\u00a0Su\u00a0acabado\u00a0espejo\u00a0reflectante\u00a0hace\u00a0que\u00a0la\u00a0esfera\u00a0de\u00a0luz\u00a0brille\u00a0para\u00a0un\u00a0efecto\u00a0visual\u00a0deslumbrante.\u00a0Esta\u00a0decoraci\u00f3n\u00a0colgante\u00a0esfera\u00a0es\u00a0el\u00a0s\u00edmbolo\u00a0perfecto\u00a0de\u00a0la\u00a0discoteca\u00a0man\u00eda\u00a0y\u00a0el\u00a0estilo\u00a070's.   \u3010M\u00faltiples\u00a0usos:\u00a0esta\u00a0bola\u00a0de\u00a0discoteca\u00a0plateada\u00a0no\u00a0solo\u00a0es\u00a0adecuada\u00a0como\u00a0decoraci\u00f3n\u00a0de\u00a0discoteca,\u00a0sino\u00a0que\u00a0tambi\u00e9n\u00a0se\u00a0puede\u00a0utilizar\u00a0para\u00a0la\u00a0decoraci\u00f3n\u00a0del\u00a0\u00e1rbol\u00a0de\u00a0Navidad.\u00a0Puede\u00a0agregar\u00a0un\u00a0estilo\u00a0y\u00a0esplendor\u00a0\u00fanicos\u00a0a\u00a0su\u00a0festival\u00a0haci\u00e9ndolo\u00a0m\u00e1s\u00a0festivo.   \u3010Material\u00a0de\u00a0alta\u00a0calidad\u3011Esta\u00a0bola\u00a0de\u00a0espejo\u00a0est\u00e1\u00a0hecha\u00a0de\u00a0material\u00a0de\u00a0alta\u00a0calidad.\u00a0Despu\u00e9s\u00a0del\u00a0tratamiento\u00a0de\u00a0galvanoplastia,\u00a0la\u00a0superficie\u00a0es\u00a0lisa\u00a0y\u00a0reforzada.\u00a0No\u00a0es\u00a0f\u00e1cil\u00a0de\u00a0oxidar\u00a0o\u00a0decolorar,\u00a0puede\u00a0mantener\u00a0su\u00a0aspecto\u00a0brillante\u00a0durante\u00a0mucho\u00a0tiempo.   \u3010F\u00e1cil\u00a0de\u00a0colgar\u3011Esta\u00a0bola\u00a0colgante\u00a0de\u00a0espejo\u00a0tiene\u00a0un\u00a0pr\u00e1ctico\u00a0dise\u00f1o\u00a0de\u00a0suspensi\u00f3n.\u00a0Con\u00a0su\u00a0correa,\u00a0se\u00a0puede\u00a0colgar\u00a0f\u00e1cilmente\u00a0en\u00a0un\u00a0soporte\u00a0u\u00a0otras\u00a0decoraciones.\u00a0Al\u00a0mismo\u00a0tiempo,\u00a0la\u00a0detecci\u00f3n\u00a0tambi\u00e9n\u00a0es\u00a0conveniente\u00a0y\u00a0la\u00a0posici\u00f3n\u00a0y\u00a0el\u00a0estante\u00a0se\u00a0pueden\u00a0cambiar\u00a0en\u00a0cualquier\u00a0momento.   \u3010ESPECIFICACI\u00d3N\u00a0DE\u00a0EMBALAJE:\u00a0La\u00a0especificaci\u00f3n\u00a0de\u00a0embalaje\u00a0de\u00a0esta\u00a0decoraci\u00f3n\u00a0de\u00a0bola\u00a0discoteca\u00a0es\u00a0de\u00a01\u00a0pieza\u00a0de\u00a08\u00a0cm\u00a0(plata),\u00a08\u00a0piezas\u00a0de\u00a04\u00a0cm\u00a0(plata),\u00a06\u00a0piezas\u00a0de\u00a06\u00a0cm\u00a0(plata).\u00a0Juego\u00a0de\u00a015\u00a0bolas\u00a0de\u00a0discoteca\u00a0de\u00a0diferentes\u00a0tama\u00f1os\u00a0para\u00a0completar\u00a0tu\u00a0decoraci\u00f3n.","og_url":"https:\/\/www.mercababel.com\/producto\/bolas-de-navidad-colgante-de-arbol\/","og_site_name":"Merca Babel Productos de importaci\u00f3n en oferta: peque\u00f1os electrodom\u00e9sticos, electr\u00f3nica y productos de hogar","article_modified_time":"2024-08-17T16:47:52+00:00","og_image":[{"width":1413,"height":1500,"url":"https:\/\/www.mercababel.com\/wp-content\/uploads\/2024\/08\/\u94f6\u8272\u7535\u9540\u65b9\u683c\u740315\u4e2a\u88c5-001.jpg","type":"image\/jpeg"}],"twitter_card":"summary_large_image","twitter_misc":{"Est. reading time":"1 minute"},"schema":{"@context":"https:\/\/schema.org","@graph":[{"@type":"WebPage","@id":"https:\/\/www.mercababel.com\/producto\/bolas-de-navidad-colgante-de-arbol\/","url":"https:\/\/www.mercababel.com\/producto\/bolas-de-navidad-colgante-de-arbol\/","name":"Bolas de Navidad Colgante De \u00c1rbol - Merca Babel Productos de importaci\u00f3n en oferta: peque\u00f1os electrodom\u00e9sticos, electr\u00f3nica y productos de hogar","isPartOf":{"@id":"https:\/\/www.mercababel.com\/#website"},"primaryImageOfPage":{"@id":"https:\/\/www.mercababel.com\/producto\/bolas-de-navidad-colgante-de-arbol\/#primaryimage"},"image":{"@id":"https:\/\/www.mercababel.com\/producto\/bolas-de-navidad-colgante-de-arbol\/#primaryimage"},"thumbnailUrl":"https:\/\/www.mercababel.com\/wp-content\/uploads\/2024\/08\/\u94f6\u8272\u7535\u9540\u65b9\u683c\u740315\u4e2a\u88c5-001.jpg","datePublished":"2024-08-17T16:47:51+00:00","dateModified":"2024-08-17T16:47:52+00:00","breadcrumb":{"@id":"https:\/\/www.mercababel.com\/producto\/bolas-de-navidad-colgante-de-arbol\/#breadcrumb"},"inLanguage":"en-US","potentialAction":[{"@type":"ReadAction","target":["https:\/\/www.mercababel.com\/producto\/bolas-de-navidad-colgante-de-arbol\/"]}]},{"@type":"ImageObject","inLanguage":"en-US","@id":"https:\/\/www.mercababel.com\/producto\/bolas-de-navidad-colgante-de-arbol\/#primaryimage","url":"https:\/\/www.mercababel.com\/wp-content\/uploads\/2024\/08\/\u94f6\u8272\u7535\u9540\u65b9\u683c\u740315\u4e2a\u88c5-001.jpg","contentUrl":"https:\/\/www.mercababel.com\/wp-content\/uploads\/2024\/08\/\u94f6\u8272\u7535\u9540\u65b9\u683c\u740315\u4e2a\u88c5-001.jpg","width":1413,"height":1500},{"@type":"BreadcrumbList","@id":"https:\/\/www.mercababel.com\/producto\/bolas-de-navidad-colgante-de-arbol\/#breadcrumb","itemListElement":[{"@type":"ListItem","position":1,"name":"Portada","item":"https:\/\/www.mercababel.com\/"},{"@type":"ListItem","position":2,"name":"Shop","item":"https:\/\/www.mercababel.com\/en\/shop\/"},{"@type":"ListItem","position":3,"name":"Bolas de Navidad Colgante De \u00c1rbol"}]},{"@type":"WebSite","@id":"https:\/\/www.mercababel.com\/#website","url":"https:\/\/www.mercababel.com\/","name":"Merca Babel Productos de importaci\u00f3n en oferta: peque\u00f1os electrodom\u00e9sticos, electr\u00f3nica y productos de hogar","description":"Productos de importaci\u00f3n en oferta","potentialAction":[{"@type":"SearchAction","target":{"@type":"EntryPoint","urlTemplate":"https:\/\/www.mercababel.com\/?s={search_term_string}"},"query-input":{"@type":"PropertyValueSpecification","valueRequired":true,"valueName":"search_term_string"}}],"inLanguage":"en-US"}]}},"_links":{"self":[{"href":"https:\/\/www.mercababel.com\/en\/wp-json\/wp\/v2\/product\/12910","targetHints":{"allow":["GET"]}}],"collection":[{"href":"https:\/\/www.mercababel.com\/en\/wp-json\/wp\/v2\/product"}],"about":[{"href":"https:\/\/www.mercababel.com\/en\/wp-json\/wp\/v2\/types\/product"}],"replies":[{"embeddable":true,"href":"https:\/\/www.mercababel.com\/en\/wp-json\/wp\/v2\/comments?post=12910"}],"version-history":[{"count":1,"href":"https:\/\/www.mercababel.com\/en\/wp-json\/wp\/v2\/product\/12910\/revisions"}],"predecessor-version":[{"id":12925,"href":"https:\/\/www.mercababel.com\/en\/wp-json\/wp\/v2\/product\/12910\/revisions\/12925"}],"wp:featuredmedia":[{"embeddable":true,"href":"https:\/\/www.mercababel.com\/en\/wp-json\/wp\/v2\/media\/12911"}],"wp:attachment":[{"href":"https:\/\/www.mercababel.com\/en\/wp-json\/wp\/v2\/media?parent=12910"}],"wp:term":[{"taxonomy":"product_cat","embeddable":true,"href":"https:\/\/www.mercababel.com\/en\/wp-json\/wp\/v2\/product_cat?post=12910"},{"taxonomy":"product_tag","embeddable":true,"href":"https:\/\/www.mercababel.com\/en\/wp-json\/wp\/v2\/product_tag?post=12910"}],"curies":[{"name":"wp","href":"https:\/\/api.w.org\/{rel}","templated":true}]}}