{"id":12889,"date":"2024-08-17T16:42:04","date_gmt":"2024-08-17T16:42:04","guid":{"rendered":"https:\/\/www.mercababel.com\/?post_type=product&#038;p=12889"},"modified":"2024-08-17T16:42:04","modified_gmt":"2024-08-17T16:42:04","slug":"tabla-de-surf-hinchable-portatil-para-ninos-para-playa","status":"publish","type":"product","link":"https:\/\/www.mercababel.com\/en\/producto\/tabla-de-surf-hinchable-portatil-para-ninos-para-playa\/","title":{"rendered":"tabla de surf hinchable port\u00e1til para ni\u00f1os  para playa"},"content":{"rendered":"<article class=\"4ever-article\" data-clipboard-cangjie=\"[&quot;root&quot;,{&quot;copyFrom&quot;:33891801},[&quot;h1&quot;,{&quot;jc&quot;:&quot;left&quot;,&quot;ind&quot;:{},&quot;spacing&quot;:{}},[&quot;span&quot;,{&quot;data-type&quot;:&quot;text&quot;},[&quot;span&quot;,{&quot;bold&quot;:true,&quot;color&quot;:&quot;rgb(15, 17, 17)&quot;,&quot;sz&quot;:24,&quot;szUnit&quot;:&quot;pt&quot;,&quot;data-type&quot;:&quot;leaf&quot;},&quot;Acerca de este producto:&quot;]]],[&quot;h1&quot;,{&quot;jc&quot;:&quot;left&quot;,&quot;ind&quot;:{},&quot;spacing&quot;:{}},[&quot;span&quot;,{&quot;data-type&quot;:&quot;text&quot;},[&quot;span&quot;,{&quot;data-type&quot;:&quot;leaf&quot;},&quot;&quot;]],[&quot;img&quot;,{&quot;src&quot;:&quot;https:\/\/fb-es.mrvcdn.com\/kf\/Eed1e36b873ae41cdaf724ba10c501023v.jpg&quot;,&quot;style&quot;:&quot;width:534px;height:500px;display:inline;vertical-align:middle&quot;,&quot;width&quot;:534,&quot;height&quot;:500},[&quot;span&quot;,{&quot;data-type&quot;:&quot;text&quot;},[&quot;span&quot;,{&quot;data-type&quot;:&quot;leaf&quot;},&quot;&quot;]]],[&quot;span&quot;,{&quot;data-type&quot;:&quot;text&quot;},[&quot;span&quot;,{&quot;data-type&quot;:&quot;leaf&quot;},&quot;&quot;]]],[&quot;p&quot;,{&quot;list&quot;:{&quot;listId&quot;:&quot;bme79d2pnq&quot;,&quot;isOrdered&quot;:false,&quot;level&quot;:0,&quot;listStyle&quot;:{&quot;format&quot;:&quot;bullet&quot;,&quot;text&quot;:&quot;\u25cf&quot;,&quot;align&quot;:&quot;left&quot;}},&quot;jc&quot;:&quot;left&quot;,&quot;spacing&quot;:{}},[&quot;span&quot;,{&quot;data-type&quot;:&quot;text&quot;},[&quot;span&quot;,{&quot;color&quot;:&quot;rgb(15, 17, 17)&quot;,&quot;sz&quot;:12,&quot;szUnit&quot;:&quot;pt&quot;,&quot;data-type&quot;:&quot;leaf&quot;},&quot;Conquista las olas para ti: nuestra pr\u00e1ctica tabla de surf es ideal para los d\u00edas calurosos de verano y proporciona una gran cantidad de emocionantes y divertidas experiencias de surf en el stand o en la piscina. Las tablas de surf inflables est\u00e1n hechas de material de PVC de alta calidad, que es resistente al desgarro, duradero, duradero y c\u00f3modo de usar.&quot;]]],[&quot;p&quot;,{&quot;list&quot;:{&quot;listId&quot;:&quot;bme79d2pnq&quot;,&quot;isOrdered&quot;:false,&quot;level&quot;:0,&quot;listStyle&quot;:{&quot;format&quot;:&quot;bullet&quot;,&quot;text&quot;:&quot;\u25cf&quot;,&quot;align&quot;:&quot;left&quot;}},&quot;jc&quot;:&quot;left&quot;,&quot;spacing&quot;:{}},[&quot;span&quot;,{&quot;data-type&quot;:&quot;text&quot;},[&quot;span&quot;,{&quot;color&quot;:&quot;rgb(15, 17, 17)&quot;,&quot;sz&quot;:12,&quot;szUnit&quot;:&quot;pt&quot;,&quot;data-type&quot;:&quot;leaf&quot;},&quot;Buena seguridad: la tabla de nataci\u00f3n dispone de dos asas, lo que garantiza seguridad y estabilidad al navegar, por lo que ofrece a los usuarios una buena protecci\u00f3n. Este bodyboard de surf est\u00e1 hecho de tela flotante de alta densidad y doble boquilla antifugas, disponible para uso a largo plazo.&quot;]]],[&quot;p&quot;,{&quot;list&quot;:{&quot;listId&quot;:&quot;bme79d2pnq&quot;,&quot;isOrdered&quot;:false,&quot;level&quot;:0,&quot;listStyle&quot;:{&quot;format&quot;:&quot;bullet&quot;,&quot;text&quot;:&quot;\u25cf&quot;,&quot;align&quot;:&quot;left&quot;}},&quot;jc&quot;:&quot;left&quot;,&quot;spacing&quot;:{}},[&quot;span&quot;,{&quot;data-type&quot;:&quot;text&quot;},[&quot;span&quot;,{&quot;color&quot;:&quot;rgb(15, 17, 17)&quot;,&quot;sz&quot;:12,&quot;szUnit&quot;:&quot;pt&quot;,&quot;data-type&quot;:&quot;leaf&quot;},&quot;Adecuado para principiantes: la tabla de nataci\u00f3n inflable es una gran ayuda de entrenamiento para principiantes. Se puede utilizar para practicar patadas y aprender a nadar para reducir el estr\u00e9s mientras practica. Esta tabla de surf inflable con mango es muy adecuada para principiantes o ni\u00f1os, tambi\u00e9n es ideal para la nataci\u00f3n diaria para personas mayores.&quot;]]],[&quot;p&quot;,{&quot;list&quot;:{&quot;listId&quot;:&quot;bme79d2pnq&quot;,&quot;isOrdered&quot;:false,&quot;level&quot;:0,&quot;listStyle&quot;:{&quot;format&quot;:&quot;bullet&quot;,&quot;text&quot;:&quot;\u25cf&quot;,&quot;align&quot;:&quot;left&quot;}},&quot;jc&quot;:&quot;left&quot;,&quot;spacing&quot;:{}},[&quot;span&quot;,{&quot;data-type&quot;:&quot;text&quot;},[&quot;span&quot;,{&quot;color&quot;:&quot;rgb(15, 17, 17)&quot;,&quot;sz&quot;:12,&quot;szUnit&quot;:&quot;pt&quot;,&quot;data-type&quot;:&quot;leaf&quot;},&quot;F\u00c1CIL DE USAR - V\u00e1lvula de llenado r\u00e1pido a prueba de fugas para una larga durabilidad y sin p\u00e9rdida de aire. Es f\u00e1cil de guardar y transportar. Se puede colocar durante un mes despu\u00e9s de inflar por completo.&quot;]]],[&quot;p&quot;,{&quot;jc&quot;:&quot;left&quot;,&quot;ind&quot;:{},&quot;spacing&quot;:{}},[&quot;span&quot;,{&quot;data-type&quot;:&quot;text&quot;},[&quot;span&quot;,{&quot;color&quot;:&quot;rgb(15, 17, 17)&quot;,&quot;sz&quot;:12,&quot;szUnit&quot;:&quot;pt&quot;,&quot;data-type&quot;:&quot;leaf&quot;},&quot;&quot;]],[&quot;img&quot;,{&quot;src&quot;:&quot;https:\/\/fb-es.mrvcdn.com\/kf\/E5563b98843a04494a1d3c1fb3167ac6cX.jpg&quot;,&quot;style&quot;:&quot;width:450px;height:450px;display:inline;vertical-align:middle&quot;,&quot;width&quot;:450,&quot;height&quot;:450},[&quot;span&quot;,{&quot;data-type&quot;:&quot;text&quot;},[&quot;span&quot;,{&quot;data-type&quot;:&quot;leaf&quot;},&quot;&quot;]]],[&quot;span&quot;,{&quot;data-type&quot;:&quot;text&quot;},[&quot;span&quot;,{&quot;data-type&quot;:&quot;leaf&quot;},&quot;&quot;]],[&quot;img&quot;,{&quot;src&quot;:&quot;https:\/\/fb-es.mrvcdn.com\/kf\/Effe04881695d405181b44ae5622a606e7.jpg&quot;,&quot;style&quot;:&quot;width:450px;height:450px;display:inline;vertical-align:middle&quot;,&quot;width&quot;:450,&quot;height&quot;:450},[&quot;span&quot;,{&quot;data-type&quot;:&quot;text&quot;},[&quot;span&quot;,{&quot;data-type&quot;:&quot;leaf&quot;},&quot;&quot;]]],[&quot;span&quot;,{&quot;data-type&quot;:&quot;text&quot;},[&quot;span&quot;,{&quot;color&quot;:&quot;rgb(15, 17, 17)&quot;,&quot;sz&quot;:12,&quot;szUnit&quot;:&quot;pt&quot;,&quot;data-type&quot;:&quot;leaf&quot;},&quot;&quot;]],[&quot;img&quot;,{&quot;src&quot;:&quot;https:\/\/fb-es.mrvcdn.com\/kf\/E98fe76c46aab4473a046c67fc4f21e25H.jpg&quot;,&quot;style&quot;:&quot;width:450px;height:450px;display:inline;vertical-align:middle&quot;,&quot;width&quot;:450,&quot;height&quot;:450},[&quot;span&quot;,{&quot;data-type&quot;:&quot;text&quot;},[&quot;span&quot;,{&quot;data-type&quot;:&quot;leaf&quot;},&quot;&quot;]]],[&quot;span&quot;,{&quot;data-type&quot;:&quot;text&quot;},[&quot;span&quot;,{&quot;data-type&quot;:&quot;leaf&quot;},&quot;&quot;]],[&quot;img&quot;,{&quot;src&quot;:&quot;https:\/\/fb-es.mrvcdn.com\/kf\/E16d61f95c9164f4badbd7b793b2a5f77F.jpg&quot;,&quot;style&quot;:&quot;width:450px;height:450px;display:inline;vertical-align:middle&quot;,&quot;width&quot;:450,&quot;height&quot;:450},[&quot;span&quot;,{&quot;data-type&quot;:&quot;text&quot;},[&quot;span&quot;,{&quot;data-type&quot;:&quot;leaf&quot;},&quot;&quot;]]],[&quot;span&quot;,{&quot;data-type&quot;:&quot;text&quot;},[&quot;span&quot;,{&quot;color&quot;:&quot;rgb(15, 17, 17)&quot;,&quot;sz&quot;:12,&quot;szUnit&quot;:&quot;pt&quot;,&quot;data-type&quot;:&quot;leaf&quot;},&quot;&quot;]]]]\">\n<h1>Acerca\u00a0de\u00a0este\u00a0producto:<\/h1>\n<h1><img decoding=\"async\" src=\"https:\/\/fb-es.mrvcdn.com\/kf\/Eed1e36b873ae41cdaf724ba10c501023v.jpg\" \/><\/h1>\n<p><img decoding=\"async\" src=\"https:\/\/fb-es.mrvcdn.com\/kf\/E5563b98843a04494a1d3c1fb3167ac6cX.jpg\" \/><img decoding=\"async\" src=\"https:\/\/fb-es.mrvcdn.com\/kf\/Effe04881695d405181b44ae5622a606e7.jpg\" \/><img decoding=\"async\" src=\"https:\/\/fb-es.mrvcdn.com\/kf\/E98fe76c46aab4473a046c67fc4f21e25H.jpg\" \/><img decoding=\"async\" src=\"https:\/\/fb-es.mrvcdn.com\/kf\/E16d61f95c9164f4badbd7b793b2a5f77F.jpg\" \/><\/p>\n<\/article>\n","protected":false},"excerpt":{"rendered":"<p>ACERCA DEL PRODUCTO<\/p>\n<ul>\n<li>\n<div>Conquista\u00a0las\u00a0olas\u00a0para\u00a0ti:\u00a0nuestra\u00a0pr\u00e1ctica\u00a0tabla\u00a0de\u00a0surf\u00a0es\u00a0ideal\u00a0para\u00a0los\u00a0d\u00edas\u00a0calurosos\u00a0de\u00a0verano\u00a0y\u00a0proporciona\u00a0una\u00a0gran\u00a0cantidad\u00a0de\u00a0emocionantes\u00a0y\u00a0divertidas\u00a0experiencias\u00a0de\u00a0surf\u00a0en\u00a0el\u00a0stand\u00a0o\u00a0en\u00a0la\u00a0piscina.\u00a0Las\u00a0tablas\u00a0de\u00a0surf\u00a0inflables\u00a0est\u00e1n\u00a0hechas\u00a0de\u00a0material\u00a0de\u00a0PVC\u00a0de\u00a0alta\u00a0calidad,\u00a0que\u00a0es\u00a0resistente\u00a0al\u00a0desgarro,\u00a0duradero,\u00a0duradero\u00a0y\u00a0c\u00f3modo\u00a0de\u00a0usar.<\/div>\n<\/li>\n<li>\n<div>Buena\u00a0seguridad:\u00a0la\u00a0tabla\u00a0de\u00a0nataci\u00f3n\u00a0dispone\u00a0de\u00a0dos\u00a0asas,\u00a0lo\u00a0que\u00a0garantiza\u00a0seguridad\u00a0y\u00a0estabilidad\u00a0al\u00a0navegar,\u00a0por\u00a0lo\u00a0que\u00a0ofrece\u00a0a\u00a0los\u00a0usuarios\u00a0una\u00a0buena\u00a0protecci\u00f3n.\u00a0Este\u00a0bodyboard\u00a0de\u00a0surf\u00a0est\u00e1\u00a0hecho\u00a0de\u00a0tela\u00a0flotante\u00a0de\u00a0alta\u00a0densidad\u00a0y\u00a0doble\u00a0boquilla\u00a0antifugas,\u00a0disponible\u00a0para\u00a0uso\u00a0a\u00a0largo\u00a0plazo.<\/div>\n<\/li>\n<li>\n<div>Adecuado\u00a0para\u00a0principiantes:\u00a0la\u00a0tabla\u00a0de\u00a0nataci\u00f3n\u00a0inflable\u00a0es\u00a0una\u00a0gran\u00a0ayuda\u00a0de\u00a0entrenamiento\u00a0para\u00a0principiantes.\u00a0Se\u00a0puede\u00a0utilizar\u00a0para\u00a0practicar\u00a0patadas\u00a0y\u00a0aprender\u00a0a\u00a0nadar\u00a0para\u00a0reducir\u00a0el\u00a0estr\u00e9s\u00a0mientras\u00a0practica.\u00a0Esta\u00a0tabla\u00a0de\u00a0surf\u00a0inflable\u00a0con\u00a0mango\u00a0es\u00a0muy\u00a0adecuada\u00a0para\u00a0principiantes\u00a0o\u00a0ni\u00f1os,\u00a0tambi\u00e9n\u00a0es\u00a0ideal\u00a0para\u00a0la\u00a0nataci\u00f3n\u00a0diaria\u00a0para\u00a0personas\u00a0mayores.<\/div>\n<\/li>\n<li>\n<div>F\u00c1CIL\u00a0DE\u00a0USAR\u00a0&#8211;\u00a0V\u00e1lvula\u00a0de\u00a0llenado\u00a0r\u00e1pido\u00a0a\u00a0prueba\u00a0de\u00a0fugas\u00a0para\u00a0una\u00a0larga\u00a0durabilidad\u00a0y\u00a0sin\u00a0p\u00e9rdida\u00a0de\u00a0aire.\u00a0Es\u00a0f\u00e1cil\u00a0de\u00a0guardar\u00a0y\u00a0transportar.\u00a0Se\u00a0puede\u00a0colocar\u00a0durante\u00a0un\u00a0mes\u00a0despu\u00e9s\u00a0de\u00a0inflar\u00a0por\u00a0completo.<\/div>\n<\/li>\n<\/ul>\n","protected":false},"featured_media":12890,"comment_status":"open","ping_status":"closed","template":"","meta":[],"product_cat":[406],"product_tag":[441,443,447,446,442,444,445],"class_list":{"0":"post-12889","1":"product","2":"type-product","3":"status-publish","4":"has-post-thumbnail","6":"product_cat-verano","7":"product_tag-colchoneta","8":"product_tag-hinchable","9":"product_tag-natacion","10":"product_tag-piscina","11":"product_tag-playa","12":"product_tag-tabla-de-surf","13":"product_tag-verano","14":"product_brand-generico","16":"first","17":"instock","18":"sale","19":"shipping-taxable","20":"purchasable","21":"product-type-simple"},"yoast_head":"<!-- This site is optimized with the Yoast SEO plugin v23.5 - https:\/\/yoast.com\/wordpress\/plugins\/seo\/ -->\n<title>tabla de surf hinchable port\u00e1til para ni\u00f1os para playa - Merca Babel Productos de importaci\u00f3n en oferta: peque\u00f1os electrodom\u00e9sticos, electr\u00f3nica y productos de hogar<\/title>\n<meta name=\"robots\" content=\"index, follow, max-snippet:-1, max-image-preview:large, max-video-preview:-1\" \/>\n<link rel=\"canonical\" href=\"https:\/\/www.mercababel.com\/producto\/tabla-de-surf-hinchable-portatil-para-ninos-para-playa\/\" \/>\n<meta property=\"og:locale\" content=\"en_US\" \/>\n<meta property=\"og:type\" content=\"article\" \/>\n<meta property=\"og:title\" content=\"tabla de surf hinchable port\u00e1til para ni\u00f1os para playa - Merca Babel Productos de importaci\u00f3n en oferta: peque\u00f1os electrodom\u00e9sticos, electr\u00f3nica y productos de hogar\" \/>\n<meta property=\"og:description\" content=\"ACERCA DEL PRODUCTO    Conquista\u00a0las\u00a0olas\u00a0para\u00a0ti:\u00a0nuestra\u00a0pr\u00e1ctica\u00a0tabla\u00a0de\u00a0surf\u00a0es\u00a0ideal\u00a0para\u00a0los\u00a0d\u00edas\u00a0calurosos\u00a0de\u00a0verano\u00a0y\u00a0proporciona\u00a0una\u00a0gran\u00a0cantidad\u00a0de\u00a0emocionantes\u00a0y\u00a0divertidas\u00a0experiencias\u00a0de\u00a0surf\u00a0en\u00a0el\u00a0stand\u00a0o\u00a0en\u00a0la\u00a0piscina.\u00a0Las\u00a0tablas\u00a0de\u00a0surf\u00a0inflables\u00a0est\u00e1n\u00a0hechas\u00a0de\u00a0material\u00a0de\u00a0PVC\u00a0de\u00a0alta\u00a0calidad,\u00a0que\u00a0es\u00a0resistente\u00a0al\u00a0desgarro,\u00a0duradero,\u00a0duradero\u00a0y\u00a0c\u00f3modo\u00a0de\u00a0usar.   Buena\u00a0seguridad:\u00a0la\u00a0tabla\u00a0de\u00a0nataci\u00f3n\u00a0dispone\u00a0de\u00a0dos\u00a0asas,\u00a0lo\u00a0que\u00a0garantiza\u00a0seguridad\u00a0y\u00a0estabilidad\u00a0al\u00a0navegar,\u00a0por\u00a0lo\u00a0que\u00a0ofrece\u00a0a\u00a0los\u00a0usuarios\u00a0una\u00a0buena\u00a0protecci\u00f3n.\u00a0Este\u00a0bodyboard\u00a0de\u00a0surf\u00a0est\u00e1\u00a0hecho\u00a0de\u00a0tela\u00a0flotante\u00a0de\u00a0alta\u00a0densidad\u00a0y\u00a0doble\u00a0boquilla\u00a0antifugas,\u00a0disponible\u00a0para\u00a0uso\u00a0a\u00a0largo\u00a0plazo.   Adecuado\u00a0para\u00a0principiantes:\u00a0la\u00a0tabla\u00a0de\u00a0nataci\u00f3n\u00a0inflable\u00a0es\u00a0una\u00a0gran\u00a0ayuda\u00a0de\u00a0entrenamiento\u00a0para\u00a0principiantes.\u00a0Se\u00a0puede\u00a0utilizar\u00a0para\u00a0practicar\u00a0patadas\u00a0y\u00a0aprender\u00a0a\u00a0nadar\u00a0para\u00a0reducir\u00a0el\u00a0estr\u00e9s\u00a0mientras\u00a0practica.\u00a0Esta\u00a0tabla\u00a0de\u00a0surf\u00a0inflable\u00a0con\u00a0mango\u00a0es\u00a0muy\u00a0adecuada\u00a0para\u00a0principiantes\u00a0o\u00a0ni\u00f1os,\u00a0tambi\u00e9n\u00a0es\u00a0ideal\u00a0para\u00a0la\u00a0nataci\u00f3n\u00a0diaria\u00a0para\u00a0personas\u00a0mayores.   F\u00c1CIL\u00a0DE\u00a0USAR\u00a0-\u00a0V\u00e1lvula\u00a0de\u00a0llenado\u00a0r\u00e1pido\u00a0a\u00a0prueba\u00a0de\u00a0fugas\u00a0para\u00a0una\u00a0larga\u00a0durabilidad\u00a0y\u00a0sin\u00a0p\u00e9rdida\u00a0de\u00a0aire.\u00a0Es\u00a0f\u00e1cil\u00a0de\u00a0guardar\u00a0y\u00a0transportar.\u00a0Se\u00a0puede\u00a0colocar\u00a0durante\u00a0un\u00a0mes\u00a0despu\u00e9s\u00a0de\u00a0inflar\u00a0por\u00a0completo.\" \/>\n<meta property=\"og:url\" content=\"https:\/\/www.mercababel.com\/producto\/tabla-de-surf-hinchable-portatil-para-ninos-para-playa\/\" \/>\n<meta property=\"og:site_name\" content=\"Merca Babel Productos de importaci\u00f3n en oferta: peque\u00f1os electrodom\u00e9sticos, electr\u00f3nica y productos de hogar\" \/>\n<meta property=\"og:image\" content=\"https:\/\/www.mercababel.com\/wp-content\/uploads\/2024\/08\/\u84dd\u8272\u7eb9\u5145\u6c14\u51b2\u6d6a\u677f-000.jpg\" \/>\n\t<meta property=\"og:image:width\" content=\"1444\" \/>\n\t<meta property=\"og:image:height\" content=\"1357\" \/>\n\t<meta property=\"og:image:type\" content=\"image\/jpeg\" \/>\n<meta name=\"twitter:card\" content=\"summary_large_image\" \/>\n<meta name=\"twitter:label1\" content=\"Est. reading time\" \/>\n\t<meta name=\"twitter:data1\" content=\"2 minutes\" \/>\n<script type=\"application\/ld+json\" class=\"yoast-schema-graph\">{\"@context\":\"https:\/\/schema.org\",\"@graph\":[{\"@type\":\"WebPage\",\"@id\":\"https:\/\/www.mercababel.com\/producto\/tabla-de-surf-hinchable-portatil-para-ninos-para-playa\/\",\"url\":\"https:\/\/www.mercababel.com\/producto\/tabla-de-surf-hinchable-portatil-para-ninos-para-playa\/\",\"name\":\"tabla de surf hinchable port\u00e1til para ni\u00f1os para playa - Merca Babel Productos de importaci\u00f3n en oferta: peque\u00f1os electrodom\u00e9sticos, electr\u00f3nica y productos de hogar\",\"isPartOf\":{\"@id\":\"https:\/\/www.mercababel.com\/#website\"},\"primaryImageOfPage\":{\"@id\":\"https:\/\/www.mercababel.com\/producto\/tabla-de-surf-hinchable-portatil-para-ninos-para-playa\/#primaryimage\"},\"image\":{\"@id\":\"https:\/\/www.mercababel.com\/producto\/tabla-de-surf-hinchable-portatil-para-ninos-para-playa\/#primaryimage\"},\"thumbnailUrl\":\"https:\/\/www.mercababel.com\/wp-content\/uploads\/2024\/08\/\u84dd\u8272\u7eb9\u5145\u6c14\u51b2\u6d6a\u677f-000.jpg\",\"datePublished\":\"2024-08-17T16:42:04+00:00\",\"dateModified\":\"2024-08-17T16:42:04+00:00\",\"breadcrumb\":{\"@id\":\"https:\/\/www.mercababel.com\/producto\/tabla-de-surf-hinchable-portatil-para-ninos-para-playa\/#breadcrumb\"},\"inLanguage\":\"en-US\",\"potentialAction\":[{\"@type\":\"ReadAction\",\"target\":[\"https:\/\/www.mercababel.com\/producto\/tabla-de-surf-hinchable-portatil-para-ninos-para-playa\/\"]}]},{\"@type\":\"ImageObject\",\"inLanguage\":\"en-US\",\"@id\":\"https:\/\/www.mercababel.com\/producto\/tabla-de-surf-hinchable-portatil-para-ninos-para-playa\/#primaryimage\",\"url\":\"https:\/\/www.mercababel.com\/wp-content\/uploads\/2024\/08\/\u84dd\u8272\u7eb9\u5145\u6c14\u51b2\u6d6a\u677f-000.jpg\",\"contentUrl\":\"https:\/\/www.mercababel.com\/wp-content\/uploads\/2024\/08\/\u84dd\u8272\u7eb9\u5145\u6c14\u51b2\u6d6a\u677f-000.jpg\",\"width\":1444,\"height\":1357},{\"@type\":\"BreadcrumbList\",\"@id\":\"https:\/\/www.mercababel.com\/producto\/tabla-de-surf-hinchable-portatil-para-ninos-para-playa\/#breadcrumb\",\"itemListElement\":[{\"@type\":\"ListItem\",\"position\":1,\"name\":\"Portada\",\"item\":\"https:\/\/www.mercababel.com\/\"},{\"@type\":\"ListItem\",\"position\":2,\"name\":\"Shop\",\"item\":\"https:\/\/www.mercababel.com\/en\/shop\/\"},{\"@type\":\"ListItem\",\"position\":3,\"name\":\"tabla de surf hinchable port\u00e1til para ni\u00f1os para playa\"}]},{\"@type\":\"WebSite\",\"@id\":\"https:\/\/www.mercababel.com\/#website\",\"url\":\"https:\/\/www.mercababel.com\/\",\"name\":\"Merca Babel Productos de importaci\u00f3n en oferta: peque\u00f1os electrodom\u00e9sticos, electr\u00f3nica y productos de hogar\",\"description\":\"Productos de importaci\u00f3n en oferta\",\"potentialAction\":[{\"@type\":\"SearchAction\",\"target\":{\"@type\":\"EntryPoint\",\"urlTemplate\":\"https:\/\/www.mercababel.com\/?s={search_term_string}\"},\"query-input\":{\"@type\":\"PropertyValueSpecification\",\"valueRequired\":true,\"valueName\":\"search_term_string\"}}],\"inLanguage\":\"en-US\"}]}<\/script>\n<!-- \/ Yoast SEO plugin. -->","yoast_head_json":{"title":"tabla de surf hinchable port\u00e1til para ni\u00f1os para playa - Merca Babel Productos de importaci\u00f3n en oferta: peque\u00f1os electrodom\u00e9sticos, electr\u00f3nica y productos de hogar","robots":{"index":"index","follow":"follow","max-snippet":"max-snippet:-1","max-image-preview":"max-image-preview:large","max-video-preview":"max-video-preview:-1"},"canonical":"https:\/\/www.mercababel.com\/producto\/tabla-de-surf-hinchable-portatil-para-ninos-para-playa\/","og_locale":"en_US","og_type":"article","og_title":"tabla de surf hinchable port\u00e1til para ni\u00f1os para playa - Merca Babel Productos de importaci\u00f3n en oferta: peque\u00f1os electrodom\u00e9sticos, electr\u00f3nica y productos de hogar","og_description":"ACERCA DEL PRODUCTO    Conquista\u00a0las\u00a0olas\u00a0para\u00a0ti:\u00a0nuestra\u00a0pr\u00e1ctica\u00a0tabla\u00a0de\u00a0surf\u00a0es\u00a0ideal\u00a0para\u00a0los\u00a0d\u00edas\u00a0calurosos\u00a0de\u00a0verano\u00a0y\u00a0proporciona\u00a0una\u00a0gran\u00a0cantidad\u00a0de\u00a0emocionantes\u00a0y\u00a0divertidas\u00a0experiencias\u00a0de\u00a0surf\u00a0en\u00a0el\u00a0stand\u00a0o\u00a0en\u00a0la\u00a0piscina.\u00a0Las\u00a0tablas\u00a0de\u00a0surf\u00a0inflables\u00a0est\u00e1n\u00a0hechas\u00a0de\u00a0material\u00a0de\u00a0PVC\u00a0de\u00a0alta\u00a0calidad,\u00a0que\u00a0es\u00a0resistente\u00a0al\u00a0desgarro,\u00a0duradero,\u00a0duradero\u00a0y\u00a0c\u00f3modo\u00a0de\u00a0usar.   Buena\u00a0seguridad:\u00a0la\u00a0tabla\u00a0de\u00a0nataci\u00f3n\u00a0dispone\u00a0de\u00a0dos\u00a0asas,\u00a0lo\u00a0que\u00a0garantiza\u00a0seguridad\u00a0y\u00a0estabilidad\u00a0al\u00a0navegar,\u00a0por\u00a0lo\u00a0que\u00a0ofrece\u00a0a\u00a0los\u00a0usuarios\u00a0una\u00a0buena\u00a0protecci\u00f3n.\u00a0Este\u00a0bodyboard\u00a0de\u00a0surf\u00a0est\u00e1\u00a0hecho\u00a0de\u00a0tela\u00a0flotante\u00a0de\u00a0alta\u00a0densidad\u00a0y\u00a0doble\u00a0boquilla\u00a0antifugas,\u00a0disponible\u00a0para\u00a0uso\u00a0a\u00a0largo\u00a0plazo.   Adecuado\u00a0para\u00a0principiantes:\u00a0la\u00a0tabla\u00a0de\u00a0nataci\u00f3n\u00a0inflable\u00a0es\u00a0una\u00a0gran\u00a0ayuda\u00a0de\u00a0entrenamiento\u00a0para\u00a0principiantes.\u00a0Se\u00a0puede\u00a0utilizar\u00a0para\u00a0practicar\u00a0patadas\u00a0y\u00a0aprender\u00a0a\u00a0nadar\u00a0para\u00a0reducir\u00a0el\u00a0estr\u00e9s\u00a0mientras\u00a0practica.\u00a0Esta\u00a0tabla\u00a0de\u00a0surf\u00a0inflable\u00a0con\u00a0mango\u00a0es\u00a0muy\u00a0adecuada\u00a0para\u00a0principiantes\u00a0o\u00a0ni\u00f1os,\u00a0tambi\u00e9n\u00a0es\u00a0ideal\u00a0para\u00a0la\u00a0nataci\u00f3n\u00a0diaria\u00a0para\u00a0personas\u00a0mayores.   F\u00c1CIL\u00a0DE\u00a0USAR\u00a0-\u00a0V\u00e1lvula\u00a0de\u00a0llenado\u00a0r\u00e1pido\u00a0a\u00a0prueba\u00a0de\u00a0fugas\u00a0para\u00a0una\u00a0larga\u00a0durabilidad\u00a0y\u00a0sin\u00a0p\u00e9rdida\u00a0de\u00a0aire.\u00a0Es\u00a0f\u00e1cil\u00a0de\u00a0guardar\u00a0y\u00a0transportar.\u00a0Se\u00a0puede\u00a0colocar\u00a0durante\u00a0un\u00a0mes\u00a0despu\u00e9s\u00a0de\u00a0inflar\u00a0por\u00a0completo.","og_url":"https:\/\/www.mercababel.com\/producto\/tabla-de-surf-hinchable-portatil-para-ninos-para-playa\/","og_site_name":"Merca Babel Productos de importaci\u00f3n en oferta: peque\u00f1os electrodom\u00e9sticos, electr\u00f3nica y productos de hogar","og_image":[{"width":1444,"height":1357,"url":"https:\/\/www.mercababel.com\/wp-content\/uploads\/2024\/08\/\u84dd\u8272\u7eb9\u5145\u6c14\u51b2\u6d6a\u677f-000.jpg","type":"image\/jpeg"}],"twitter_card":"summary_large_image","twitter_misc":{"Est. reading time":"2 minutes"},"schema":{"@context":"https:\/\/schema.org","@graph":[{"@type":"WebPage","@id":"https:\/\/www.mercababel.com\/producto\/tabla-de-surf-hinchable-portatil-para-ninos-para-playa\/","url":"https:\/\/www.mercababel.com\/producto\/tabla-de-surf-hinchable-portatil-para-ninos-para-playa\/","name":"tabla de surf hinchable port\u00e1til para ni\u00f1os para playa - Merca Babel Productos de importaci\u00f3n en oferta: peque\u00f1os electrodom\u00e9sticos, electr\u00f3nica y productos de hogar","isPartOf":{"@id":"https:\/\/www.mercababel.com\/#website"},"primaryImageOfPage":{"@id":"https:\/\/www.mercababel.com\/producto\/tabla-de-surf-hinchable-portatil-para-ninos-para-playa\/#primaryimage"},"image":{"@id":"https:\/\/www.mercababel.com\/producto\/tabla-de-surf-hinchable-portatil-para-ninos-para-playa\/#primaryimage"},"thumbnailUrl":"https:\/\/www.mercababel.com\/wp-content\/uploads\/2024\/08\/\u84dd\u8272\u7eb9\u5145\u6c14\u51b2\u6d6a\u677f-000.jpg","datePublished":"2024-08-17T16:42:04+00:00","dateModified":"2024-08-17T16:42:04+00:00","breadcrumb":{"@id":"https:\/\/www.mercababel.com\/producto\/tabla-de-surf-hinchable-portatil-para-ninos-para-playa\/#breadcrumb"},"inLanguage":"en-US","potentialAction":[{"@type":"ReadAction","target":["https:\/\/www.mercababel.com\/producto\/tabla-de-surf-hinchable-portatil-para-ninos-para-playa\/"]}]},{"@type":"ImageObject","inLanguage":"en-US","@id":"https:\/\/www.mercababel.com\/producto\/tabla-de-surf-hinchable-portatil-para-ninos-para-playa\/#primaryimage","url":"https:\/\/www.mercababel.com\/wp-content\/uploads\/2024\/08\/\u84dd\u8272\u7eb9\u5145\u6c14\u51b2\u6d6a\u677f-000.jpg","contentUrl":"https:\/\/www.mercababel.com\/wp-content\/uploads\/2024\/08\/\u84dd\u8272\u7eb9\u5145\u6c14\u51b2\u6d6a\u677f-000.jpg","width":1444,"height":1357},{"@type":"BreadcrumbList","@id":"https:\/\/www.mercababel.com\/producto\/tabla-de-surf-hinchable-portatil-para-ninos-para-playa\/#breadcrumb","itemListElement":[{"@type":"ListItem","position":1,"name":"Portada","item":"https:\/\/www.mercababel.com\/"},{"@type":"ListItem","position":2,"name":"Shop","item":"https:\/\/www.mercababel.com\/en\/shop\/"},{"@type":"ListItem","position":3,"name":"tabla de surf hinchable port\u00e1til para ni\u00f1os para playa"}]},{"@type":"WebSite","@id":"https:\/\/www.mercababel.com\/#website","url":"https:\/\/www.mercababel.com\/","name":"Merca Babel Productos de importaci\u00f3n en oferta: peque\u00f1os electrodom\u00e9sticos, electr\u00f3nica y productos de hogar","description":"Productos de importaci\u00f3n en oferta","potentialAction":[{"@type":"SearchAction","target":{"@type":"EntryPoint","urlTemplate":"https:\/\/www.mercababel.com\/?s={search_term_string}"},"query-input":{"@type":"PropertyValueSpecification","valueRequired":true,"valueName":"search_term_string"}}],"inLanguage":"en-US"}]}},"_links":{"self":[{"href":"https:\/\/www.mercababel.com\/en\/wp-json\/wp\/v2\/product\/12889","targetHints":{"allow":["GET"]}}],"collection":[{"href":"https:\/\/www.mercababel.com\/en\/wp-json\/wp\/v2\/product"}],"about":[{"href":"https:\/\/www.mercababel.com\/en\/wp-json\/wp\/v2\/types\/product"}],"replies":[{"embeddable":true,"href":"https:\/\/www.mercababel.com\/en\/wp-json\/wp\/v2\/comments?post=12889"}],"version-history":[{"count":1,"href":"https:\/\/www.mercababel.com\/en\/wp-json\/wp\/v2\/product\/12889\/revisions"}],"predecessor-version":[{"id":12908,"href":"https:\/\/www.mercababel.com\/en\/wp-json\/wp\/v2\/product\/12889\/revisions\/12908"}],"wp:featuredmedia":[{"embeddable":true,"href":"https:\/\/www.mercababel.com\/en\/wp-json\/wp\/v2\/media\/12890"}],"wp:attachment":[{"href":"https:\/\/www.mercababel.com\/en\/wp-json\/wp\/v2\/media?parent=12889"}],"wp:term":[{"taxonomy":"product_cat","embeddable":true,"href":"https:\/\/www.mercababel.com\/en\/wp-json\/wp\/v2\/product_cat?post=12889"},{"taxonomy":"product_tag","embeddable":true,"href":"https:\/\/www.mercababel.com\/en\/wp-json\/wp\/v2\/product_tag?post=12889"}],"curies":[{"name":"wp","href":"https:\/\/api.w.org\/{rel}","templated":true}]}}