{"id":11736,"date":"2024-02-01T15:05:02","date_gmt":"2024-02-01T15:05:02","guid":{"rendered":"https:\/\/www.mercababel.com\/?post_type=product&#038;p=11736"},"modified":"2024-06-18T10:57:40","modified_gmt":"2024-06-18T10:57:40","slug":"rizador-de-pelo-automatico-inalambrico-planchas-rizadoras-con-6-temperatura-y-temporizado-rizador-recargable-con-usb-profesional-con-salida-usb-para-usar-como-bateria-portatil-para-viaje-para-tod","status":"publish","type":"product","link":"https:\/\/www.mercababel.com\/en\/producto\/rizador-de-pelo-automatico-inalambrico-planchas-rizadoras-con-6-temperatura-y-temporizado-rizador-recargable-con-usb-profesional-con-salida-usb-para-usar-como-bateria-portatil-para-viaje-para-tod\/","title":{"rendered":"Rizador de Pelo inal\u00e1mbrico"},"content":{"rendered":"<h1><span data-spm-anchor-id=\"euspain.pdp.description.i4.446d3163M8WxYh\">Acerca de este producto<\/span><\/h1>\n<p><img fetchpriority=\"high\" decoding=\"async\" class=\"alignnone wp-image-11744 size-full\" src=\"https:\/\/www.mercababel.com\/wp-content\/uploads\/2024\/02\/E564d83a8d7e547f3af6348182536d6db2.png_2200x2200q75.jpg\" alt=\"\" width=\"970\" height=\"600\" srcset=\"https:\/\/www.mercababel.com\/wp-content\/uploads\/2024\/02\/E564d83a8d7e547f3af6348182536d6db2.png_2200x2200q75.jpg 970w, https:\/\/www.mercababel.com\/wp-content\/uploads\/2024\/02\/E564d83a8d7e547f3af6348182536d6db2.png_2200x2200q75-600x371.jpg 600w, https:\/\/www.mercababel.com\/wp-content\/uploads\/2024\/02\/E564d83a8d7e547f3af6348182536d6db2.png_2200x2200q75-64x40.jpg 64w, https:\/\/www.mercababel.com\/wp-content\/uploads\/2024\/02\/E564d83a8d7e547f3af6348182536d6db2.png_2200x2200q75-300x186.jpg 300w, https:\/\/www.mercababel.com\/wp-content\/uploads\/2024\/02\/E564d83a8d7e547f3af6348182536d6db2.png_2200x2200q75-768x475.jpg 768w\" sizes=\"(max-width: 970px) 100vw, 970px\" \/><\/p>\n<p>&nbsp;<\/p>\n<ul>\n<li>\n<div>\u3010No se requieren habilidades Hair Culer Machine\u3011 El rizador autom\u00e1tico es f\u00e1cil de usar, solo presione el bot\u00f3n y mant\u00e9ngalo presionado por un tiempo, luego puede obtener hermosos rizos. Y el rizador se apagar\u00e1 autom\u00e1ticamente despu\u00e9s de 10 minutos de inactividad, lo que lo hace m\u00e1s seguro de usar.<\/div>\n<\/li>\n<li>\n<div>\u30106 temperaturas y 6 configuraciones de temporizador\u3011 Nuestro rizador de cabello inal\u00e1mbrico puede calentarse r\u00e1pidamente en 60 segundos y adopta una temperatura ajustable (300-390 \u00b0F) para adaptarse a diferentes texturas de cabello, cabello largo, cabello corto, cabello grueso o cabello fino. Las 6 configuraciones de temporizador incorporadas (8 s-18 s) le permiten elegir un momento adecuado para crear rizos suaves u ondas deliciosas.<\/div>\n<\/li>\n<li>\n<div>\u3010SIN quemaduras y SIN adherencias\u3011 El rizador de cabello inal\u00e1mbrico adopta el dise\u00f1o de aislamiento de doble capa, por lo que puede usarlo libremente sin problemas de quemaduras. El sistema de sensor inteligente incorporado puede evitar que el cabello se enrede. Nuestra m\u00e1quina rizadora de cabello se invertir\u00e1 autom\u00e1ticamente y dejar\u00e1 de funcionar cuando el cabello se coloca demasiado o incorrectamente.<\/div>\n<\/li>\n<li>\n<div>\u3010Protecci\u00f3n m\u00faltiple para el cabello\u3011 El rodillo cer\u00e1mico para el cabello est\u00e1 cubierto con nanoplata, que puede inhibir el crecimiento de las bacterias del cabello y proteger la salud del cabello; El revestimiento cer\u00e1mico y la turmalina liberan una gran cantidad de iones negativos, lo que reduce el da\u00f1o y el encrespamiento del cabello. hace que tu cabello sea m\u00e1s brillante y suave.<\/div>\n<\/li>\n<li>\n<div data-spm-anchor-id=\"euspain.pdp.description.i7.446d3163M8WxYh\">\u3010Rizador de cabello inal\u00e1mbrico y port\u00e1til\u3011 El cortapelos puede durar de 30 a 50 minutos despu\u00e9s de una carga completa (el tiempo de funcionamiento real depende de la configuraci\u00f3n de la temperatura) e incluso se puede usar como un banco de energ\u00eda. Se puede guardar f\u00e1cilmente en los bolsillos, lo que hace que el palillo para el cabello inal\u00e1mbrico sea muy adecuado para llevar.<\/div>\n<\/li>\n<\/ul>\n<p><img decoding=\"async\" class=\"alignnone size-full wp-image-11745\" src=\"https:\/\/www.mercababel.com\/wp-content\/uploads\/2024\/02\/E89bfd9c7acf04e059fc5ae63fcf300b6d.png_2200x2200q75.jpg\" alt=\"\" width=\"300\" height=\"300\" srcset=\"https:\/\/www.mercababel.com\/wp-content\/uploads\/2024\/02\/E89bfd9c7acf04e059fc5ae63fcf300b6d.png_2200x2200q75.jpg 300w, https:\/\/www.mercababel.com\/wp-content\/uploads\/2024\/02\/E89bfd9c7acf04e059fc5ae63fcf300b6d.png_2200x2200q75-83x83.jpg 83w, https:\/\/www.mercababel.com\/wp-content\/uploads\/2024\/02\/E89bfd9c7acf04e059fc5ae63fcf300b6d.png_2200x2200q75-64x64.jpg 64w, https:\/\/www.mercababel.com\/wp-content\/uploads\/2024\/02\/E89bfd9c7acf04e059fc5ae63fcf300b6d.png_2200x2200q75-150x150.jpg 150w\" sizes=\"(max-width: 300px) 100vw, 300px\" \/><img decoding=\"async\" class=\"alignnone size-full wp-image-11746\" src=\"https:\/\/www.mercababel.com\/wp-content\/uploads\/2024\/02\/E70be1e326a15493399a9a0013d1ea357p.png_2200x2200q75.jpg\" alt=\"\" width=\"300\" height=\"300\" srcset=\"https:\/\/www.mercababel.com\/wp-content\/uploads\/2024\/02\/E70be1e326a15493399a9a0013d1ea357p.png_2200x2200q75.jpg 300w, https:\/\/www.mercababel.com\/wp-content\/uploads\/2024\/02\/E70be1e326a15493399a9a0013d1ea357p.png_2200x2200q75-83x83.jpg 83w, https:\/\/www.mercababel.com\/wp-content\/uploads\/2024\/02\/E70be1e326a15493399a9a0013d1ea357p.png_2200x2200q75-64x64.jpg 64w, https:\/\/www.mercababel.com\/wp-content\/uploads\/2024\/02\/E70be1e326a15493399a9a0013d1ea357p.png_2200x2200q75-150x150.jpg 150w\" sizes=\"(max-width: 300px) 100vw, 300px\" \/><img loading=\"lazy\" decoding=\"async\" class=\"alignnone size-full wp-image-11747\" src=\"https:\/\/www.mercababel.com\/wp-content\/uploads\/2024\/02\/Ebe1eccfa993b4d4582a0e563eaa35390o.png_2200x2200q75.jpg\" alt=\"\" width=\"300\" height=\"300\" srcset=\"https:\/\/www.mercababel.com\/wp-content\/uploads\/2024\/02\/Ebe1eccfa993b4d4582a0e563eaa35390o.png_2200x2200q75.jpg 300w, https:\/\/www.mercababel.com\/wp-content\/uploads\/2024\/02\/Ebe1eccfa993b4d4582a0e563eaa35390o.png_2200x2200q75-83x83.jpg 83w, https:\/\/www.mercababel.com\/wp-content\/uploads\/2024\/02\/Ebe1eccfa993b4d4582a0e563eaa35390o.png_2200x2200q75-64x64.jpg 64w, https:\/\/www.mercababel.com\/wp-content\/uploads\/2024\/02\/Ebe1eccfa993b4d4582a0e563eaa35390o.png_2200x2200q75-150x150.jpg 150w\" sizes=\"(max-width: 300px) 100vw, 300px\" \/><\/p>\n<p><img loading=\"lazy\" decoding=\"async\" class=\"alignnone wp-image-11748 size-full\" src=\"https:\/\/www.mercababel.com\/wp-content\/uploads\/2024\/02\/E1aeef10b45c446e0abb12e9cda7cc03dn.png_2200x2200q75.jpg\" alt=\"\" width=\"970\" height=\"600\" srcset=\"https:\/\/www.mercababel.com\/wp-content\/uploads\/2024\/02\/E1aeef10b45c446e0abb12e9cda7cc03dn.png_2200x2200q75.jpg 970w, https:\/\/www.mercababel.com\/wp-content\/uploads\/2024\/02\/E1aeef10b45c446e0abb12e9cda7cc03dn.png_2200x2200q75-600x371.jpg 600w, https:\/\/www.mercababel.com\/wp-content\/uploads\/2024\/02\/E1aeef10b45c446e0abb12e9cda7cc03dn.png_2200x2200q75-64x40.jpg 64w, https:\/\/www.mercababel.com\/wp-content\/uploads\/2024\/02\/E1aeef10b45c446e0abb12e9cda7cc03dn.png_2200x2200q75-300x186.jpg 300w, https:\/\/www.mercababel.com\/wp-content\/uploads\/2024\/02\/E1aeef10b45c446e0abb12e9cda7cc03dn.png_2200x2200q75-768x475.jpg 768w\" sizes=\"(max-width: 970px) 100vw, 970px\" \/><\/p>\n","protected":false},"excerpt":{"rendered":"<p>Rizador autom\u00e1tico de sencillo funcionamiento. Se calienta en tan solo 60 segundos y adopta una temperatura ajustable (300-390 \u00b0F) para adaptarse a diferentes texturas de cabello. Las 6 configuraciones de temporizador incorporadas (8 s-18 s) permiten elegir el modo adecuado para crear rizos suaves u ondas perfectas.<\/p>\n","protected":false},"featured_media":11737,"comment_status":"open","ping_status":"closed","template":"","meta":[],"product_cat":[15],"product_tag":[],"class_list":{"0":"post-11736","1":"product","2":"type-product","3":"status-publish","4":"has-post-thumbnail","6":"product_cat-uncategorized","8":"first","9":"instock","10":"sale","11":"featured","12":"shipping-taxable","13":"purchasable","14":"product-type-simple"},"yoast_head":"<!-- This site is optimized with the Yoast SEO plugin v23.5 - https:\/\/yoast.com\/wordpress\/plugins\/seo\/ -->\n<title>Rizador de Pelo inal\u00e1mbrico - Merca Babel Productos de importaci\u00f3n en oferta: peque\u00f1os electrodom\u00e9sticos, electr\u00f3nica y productos de hogar<\/title>\n<meta name=\"robots\" content=\"index, follow, max-snippet:-1, max-image-preview:large, max-video-preview:-1\" \/>\n<link rel=\"canonical\" href=\"https:\/\/www.mercababel.com\/product\/rizador-de-pelo-automatico-inalambrico-planchas-rizadoras-con-6-temperatura-y-temporizado-rizador-recargable-con-usb-profesional-con-salida-usb-para-usar-como-bateria-portatil-para-viaje-para-tod\/\" \/>\n<meta property=\"og:locale\" content=\"en_US\" \/>\n<meta property=\"og:type\" content=\"article\" \/>\n<meta property=\"og:title\" content=\"Rizador de Pelo inal\u00e1mbrico - Merca Babel Productos de importaci\u00f3n en oferta: peque\u00f1os electrodom\u00e9sticos, electr\u00f3nica y productos de hogar\" \/>\n<meta property=\"og:description\" content=\"Rizador autom\u00e1tico de sencillo funcionamiento. Se calienta en tan solo 60 segundos y adopta una temperatura ajustable (300-390 \u00b0F) para adaptarse a diferentes texturas de cabello. Las 6 configuraciones de temporizador incorporadas (8 s-18 s) permiten elegir el modo adecuado para crear rizos suaves u ondas perfectas.\" \/>\n<meta property=\"og:url\" content=\"https:\/\/www.mercababel.com\/product\/rizador-de-pelo-automatico-inalambrico-planchas-rizadoras-con-6-temperatura-y-temporizado-rizador-recargable-con-usb-profesional-con-salida-usb-para-usar-como-bateria-portatil-para-viaje-para-tod\/\" \/>\n<meta property=\"og:site_name\" content=\"Merca Babel Productos de importaci\u00f3n en oferta: peque\u00f1os electrodom\u00e9sticos, electr\u00f3nica y productos de hogar\" \/>\n<meta property=\"article:modified_time\" content=\"2024-06-18T10:57:40+00:00\" \/>\n<meta property=\"og:image\" content=\"https:\/\/www.mercababel.com\/wp-content\/uploads\/2024\/02\/E963fb6ebbb94430fa2d31a70557b2b1eW.jpg_2200x2200q75.jpg\" \/>\n\t<meta property=\"og:image:width\" content=\"1000\" \/>\n\t<meta property=\"og:image:height\" content=\"1000\" \/>\n\t<meta property=\"og:image:type\" content=\"image\/jpeg\" \/>\n<meta name=\"twitter:card\" content=\"summary_large_image\" \/>\n<meta name=\"twitter:label1\" content=\"Est. reading time\" \/>\n\t<meta name=\"twitter:data1\" content=\"2 minutes\" \/>\n<script type=\"application\/ld+json\" class=\"yoast-schema-graph\">{\"@context\":\"https:\/\/schema.org\",\"@graph\":[{\"@type\":\"WebPage\",\"@id\":\"https:\/\/www.mercababel.com\/product\/rizador-de-pelo-automatico-inalambrico-planchas-rizadoras-con-6-temperatura-y-temporizado-rizador-recargable-con-usb-profesional-con-salida-usb-para-usar-como-bateria-portatil-para-viaje-para-tod\/\",\"url\":\"https:\/\/www.mercababel.com\/product\/rizador-de-pelo-automatico-inalambrico-planchas-rizadoras-con-6-temperatura-y-temporizado-rizador-recargable-con-usb-profesional-con-salida-usb-para-usar-como-bateria-portatil-para-viaje-para-tod\/\",\"name\":\"Rizador de Pelo inal\u00e1mbrico - Merca Babel Productos de importaci\u00f3n en oferta: peque\u00f1os electrodom\u00e9sticos, electr\u00f3nica y productos de hogar\",\"isPartOf\":{\"@id\":\"https:\/\/www.mercababel.com\/#website\"},\"primaryImageOfPage\":{\"@id\":\"https:\/\/www.mercababel.com\/product\/rizador-de-pelo-automatico-inalambrico-planchas-rizadoras-con-6-temperatura-y-temporizado-rizador-recargable-con-usb-profesional-con-salida-usb-para-usar-como-bateria-portatil-para-viaje-para-tod\/#primaryimage\"},\"image\":{\"@id\":\"https:\/\/www.mercababel.com\/product\/rizador-de-pelo-automatico-inalambrico-planchas-rizadoras-con-6-temperatura-y-temporizado-rizador-recargable-con-usb-profesional-con-salida-usb-para-usar-como-bateria-portatil-para-viaje-para-tod\/#primaryimage\"},\"thumbnailUrl\":\"https:\/\/www.mercababel.com\/wp-content\/uploads\/2024\/02\/E963fb6ebbb94430fa2d31a70557b2b1eW.jpg_2200x2200q75.jpg\",\"datePublished\":\"2024-02-01T15:05:02+00:00\",\"dateModified\":\"2024-06-18T10:57:40+00:00\",\"breadcrumb\":{\"@id\":\"https:\/\/www.mercababel.com\/product\/rizador-de-pelo-automatico-inalambrico-planchas-rizadoras-con-6-temperatura-y-temporizado-rizador-recargable-con-usb-profesional-con-salida-usb-para-usar-como-bateria-portatil-para-viaje-para-tod\/#breadcrumb\"},\"inLanguage\":\"en-US\",\"potentialAction\":[{\"@type\":\"ReadAction\",\"target\":[\"https:\/\/www.mercababel.com\/product\/rizador-de-pelo-automatico-inalambrico-planchas-rizadoras-con-6-temperatura-y-temporizado-rizador-recargable-con-usb-profesional-con-salida-usb-para-usar-como-bateria-portatil-para-viaje-para-tod\/\"]}]},{\"@type\":\"ImageObject\",\"inLanguage\":\"en-US\",\"@id\":\"https:\/\/www.mercababel.com\/product\/rizador-de-pelo-automatico-inalambrico-planchas-rizadoras-con-6-temperatura-y-temporizado-rizador-recargable-con-usb-profesional-con-salida-usb-para-usar-como-bateria-portatil-para-viaje-para-tod\/#primaryimage\",\"url\":\"https:\/\/www.mercababel.com\/wp-content\/uploads\/2024\/02\/E963fb6ebbb94430fa2d31a70557b2b1eW.jpg_2200x2200q75.jpg\",\"contentUrl\":\"https:\/\/www.mercababel.com\/wp-content\/uploads\/2024\/02\/E963fb6ebbb94430fa2d31a70557b2b1eW.jpg_2200x2200q75.jpg\",\"width\":1000,\"height\":1000},{\"@type\":\"BreadcrumbList\",\"@id\":\"https:\/\/www.mercababel.com\/product\/rizador-de-pelo-automatico-inalambrico-planchas-rizadoras-con-6-temperatura-y-temporizado-rizador-recargable-con-usb-profesional-con-salida-usb-para-usar-como-bateria-portatil-para-viaje-para-tod\/#breadcrumb\",\"itemListElement\":[{\"@type\":\"ListItem\",\"position\":1,\"name\":\"Portada\",\"item\":\"https:\/\/www.mercababel.com\/\"},{\"@type\":\"ListItem\",\"position\":2,\"name\":\"Shop\",\"item\":\"https:\/\/www.mercababel.com\/en\/shop\/\"},{\"@type\":\"ListItem\",\"position\":3,\"name\":\"Rizador de Pelo inal\u00e1mbrico\"}]},{\"@type\":\"WebSite\",\"@id\":\"https:\/\/www.mercababel.com\/#website\",\"url\":\"https:\/\/www.mercababel.com\/\",\"name\":\"Merca Babel Productos de importaci\u00f3n en oferta: peque\u00f1os electrodom\u00e9sticos, electr\u00f3nica y productos de hogar\",\"description\":\"Productos de importaci\u00f3n en oferta\",\"potentialAction\":[{\"@type\":\"SearchAction\",\"target\":{\"@type\":\"EntryPoint\",\"urlTemplate\":\"https:\/\/www.mercababel.com\/?s={search_term_string}\"},\"query-input\":{\"@type\":\"PropertyValueSpecification\",\"valueRequired\":true,\"valueName\":\"search_term_string\"}}],\"inLanguage\":\"en-US\"}]}<\/script>\n<!-- \/ Yoast SEO plugin. -->","yoast_head_json":{"title":"Rizador de Pelo inal\u00e1mbrico - Merca Babel Productos de importaci\u00f3n en oferta: peque\u00f1os electrodom\u00e9sticos, electr\u00f3nica y productos de hogar","robots":{"index":"index","follow":"follow","max-snippet":"max-snippet:-1","max-image-preview":"max-image-preview:large","max-video-preview":"max-video-preview:-1"},"canonical":"https:\/\/www.mercababel.com\/product\/rizador-de-pelo-automatico-inalambrico-planchas-rizadoras-con-6-temperatura-y-temporizado-rizador-recargable-con-usb-profesional-con-salida-usb-para-usar-como-bateria-portatil-para-viaje-para-tod\/","og_locale":"en_US","og_type":"article","og_title":"Rizador de Pelo inal\u00e1mbrico - Merca Babel Productos de importaci\u00f3n en oferta: peque\u00f1os electrodom\u00e9sticos, electr\u00f3nica y productos de hogar","og_description":"Rizador autom\u00e1tico de sencillo funcionamiento. Se calienta en tan solo 60 segundos y adopta una temperatura ajustable (300-390 \u00b0F) para adaptarse a diferentes texturas de cabello. Las 6 configuraciones de temporizador incorporadas (8 s-18 s) permiten elegir el modo adecuado para crear rizos suaves u ondas perfectas.","og_url":"https:\/\/www.mercababel.com\/product\/rizador-de-pelo-automatico-inalambrico-planchas-rizadoras-con-6-temperatura-y-temporizado-rizador-recargable-con-usb-profesional-con-salida-usb-para-usar-como-bateria-portatil-para-viaje-para-tod\/","og_site_name":"Merca Babel Productos de importaci\u00f3n en oferta: peque\u00f1os electrodom\u00e9sticos, electr\u00f3nica y productos de hogar","article_modified_time":"2024-06-18T10:57:40+00:00","og_image":[{"width":1000,"height":1000,"url":"https:\/\/www.mercababel.com\/wp-content\/uploads\/2024\/02\/E963fb6ebbb94430fa2d31a70557b2b1eW.jpg_2200x2200q75.jpg","type":"image\/jpeg"}],"twitter_card":"summary_large_image","twitter_misc":{"Est. reading time":"2 minutes"},"schema":{"@context":"https:\/\/schema.org","@graph":[{"@type":"WebPage","@id":"https:\/\/www.mercababel.com\/product\/rizador-de-pelo-automatico-inalambrico-planchas-rizadoras-con-6-temperatura-y-temporizado-rizador-recargable-con-usb-profesional-con-salida-usb-para-usar-como-bateria-portatil-para-viaje-para-tod\/","url":"https:\/\/www.mercababel.com\/product\/rizador-de-pelo-automatico-inalambrico-planchas-rizadoras-con-6-temperatura-y-temporizado-rizador-recargable-con-usb-profesional-con-salida-usb-para-usar-como-bateria-portatil-para-viaje-para-tod\/","name":"Rizador de Pelo inal\u00e1mbrico - Merca Babel Productos de importaci\u00f3n en oferta: peque\u00f1os electrodom\u00e9sticos, electr\u00f3nica y productos de hogar","isPartOf":{"@id":"https:\/\/www.mercababel.com\/#website"},"primaryImageOfPage":{"@id":"https:\/\/www.mercababel.com\/product\/rizador-de-pelo-automatico-inalambrico-planchas-rizadoras-con-6-temperatura-y-temporizado-rizador-recargable-con-usb-profesional-con-salida-usb-para-usar-como-bateria-portatil-para-viaje-para-tod\/#primaryimage"},"image":{"@id":"https:\/\/www.mercababel.com\/product\/rizador-de-pelo-automatico-inalambrico-planchas-rizadoras-con-6-temperatura-y-temporizado-rizador-recargable-con-usb-profesional-con-salida-usb-para-usar-como-bateria-portatil-para-viaje-para-tod\/#primaryimage"},"thumbnailUrl":"https:\/\/www.mercababel.com\/wp-content\/uploads\/2024\/02\/E963fb6ebbb94430fa2d31a70557b2b1eW.jpg_2200x2200q75.jpg","datePublished":"2024-02-01T15:05:02+00:00","dateModified":"2024-06-18T10:57:40+00:00","breadcrumb":{"@id":"https:\/\/www.mercababel.com\/product\/rizador-de-pelo-automatico-inalambrico-planchas-rizadoras-con-6-temperatura-y-temporizado-rizador-recargable-con-usb-profesional-con-salida-usb-para-usar-como-bateria-portatil-para-viaje-para-tod\/#breadcrumb"},"inLanguage":"en-US","potentialAction":[{"@type":"ReadAction","target":["https:\/\/www.mercababel.com\/product\/rizador-de-pelo-automatico-inalambrico-planchas-rizadoras-con-6-temperatura-y-temporizado-rizador-recargable-con-usb-profesional-con-salida-usb-para-usar-como-bateria-portatil-para-viaje-para-tod\/"]}]},{"@type":"ImageObject","inLanguage":"en-US","@id":"https:\/\/www.mercababel.com\/product\/rizador-de-pelo-automatico-inalambrico-planchas-rizadoras-con-6-temperatura-y-temporizado-rizador-recargable-con-usb-profesional-con-salida-usb-para-usar-como-bateria-portatil-para-viaje-para-tod\/#primaryimage","url":"https:\/\/www.mercababel.com\/wp-content\/uploads\/2024\/02\/E963fb6ebbb94430fa2d31a70557b2b1eW.jpg_2200x2200q75.jpg","contentUrl":"https:\/\/www.mercababel.com\/wp-content\/uploads\/2024\/02\/E963fb6ebbb94430fa2d31a70557b2b1eW.jpg_2200x2200q75.jpg","width":1000,"height":1000},{"@type":"BreadcrumbList","@id":"https:\/\/www.mercababel.com\/product\/rizador-de-pelo-automatico-inalambrico-planchas-rizadoras-con-6-temperatura-y-temporizado-rizador-recargable-con-usb-profesional-con-salida-usb-para-usar-como-bateria-portatil-para-viaje-para-tod\/#breadcrumb","itemListElement":[{"@type":"ListItem","position":1,"name":"Portada","item":"https:\/\/www.mercababel.com\/"},{"@type":"ListItem","position":2,"name":"Shop","item":"https:\/\/www.mercababel.com\/en\/shop\/"},{"@type":"ListItem","position":3,"name":"Rizador de Pelo inal\u00e1mbrico"}]},{"@type":"WebSite","@id":"https:\/\/www.mercababel.com\/#website","url":"https:\/\/www.mercababel.com\/","name":"Merca Babel Productos de importaci\u00f3n en oferta: peque\u00f1os electrodom\u00e9sticos, electr\u00f3nica y productos de hogar","description":"Productos de importaci\u00f3n en oferta","potentialAction":[{"@type":"SearchAction","target":{"@type":"EntryPoint","urlTemplate":"https:\/\/www.mercababel.com\/?s={search_term_string}"},"query-input":{"@type":"PropertyValueSpecification","valueRequired":true,"valueName":"search_term_string"}}],"inLanguage":"en-US"}]}},"_links":{"self":[{"href":"https:\/\/www.mercababel.com\/en\/wp-json\/wp\/v2\/product\/11736","targetHints":{"allow":["GET"]}}],"collection":[{"href":"https:\/\/www.mercababel.com\/en\/wp-json\/wp\/v2\/product"}],"about":[{"href":"https:\/\/www.mercababel.com\/en\/wp-json\/wp\/v2\/types\/product"}],"replies":[{"embeddable":true,"href":"https:\/\/www.mercababel.com\/en\/wp-json\/wp\/v2\/comments?post=11736"}],"version-history":[{"count":1,"href":"https:\/\/www.mercababel.com\/en\/wp-json\/wp\/v2\/product\/11736\/revisions"}],"predecessor-version":[{"id":11774,"href":"https:\/\/www.mercababel.com\/en\/wp-json\/wp\/v2\/product\/11736\/revisions\/11774"}],"wp:featuredmedia":[{"embeddable":true,"href":"https:\/\/www.mercababel.com\/en\/wp-json\/wp\/v2\/media\/11737"}],"wp:attachment":[{"href":"https:\/\/www.mercababel.com\/en\/wp-json\/wp\/v2\/media?parent=11736"}],"wp:term":[{"taxonomy":"product_cat","embeddable":true,"href":"https:\/\/www.mercababel.com\/en\/wp-json\/wp\/v2\/product_cat?post=11736"},{"taxonomy":"product_tag","embeddable":true,"href":"https:\/\/www.mercababel.com\/en\/wp-json\/wp\/v2\/product_tag?post=11736"}],"curies":[{"name":"wp","href":"https:\/\/api.w.org\/{rel}","templated":true}]}}