{"id":11713,"date":"2024-02-01T12:34:19","date_gmt":"2024-02-01T12:34:19","guid":{"rendered":"https:\/\/www.mercababel.com\/?post_type=product&#038;p=11713"},"modified":"2024-06-04T11:21:28","modified_gmt":"2024-06-04T11:21:28","slug":"soporte-movil-aluminio-para-mesa-atril-para-movil-sobremesa-soporte-movil-ipad-ebook-metalica-en-aleacion-de-aluminio-compatible-hasta-12-9-pulgadas-color-plateado-negro-y-azul","status":"publish","type":"product","link":"https:\/\/www.mercababel.com\/en\/producto\/soporte-movil-aluminio-para-mesa-atril-para-movil-sobremesa-soporte-movil-ipad-ebook-metalica-en-aleacion-de-aluminio-compatible-hasta-12-9-pulgadas-color-plateado-negro-y-azul\/","title":{"rendered":"Soporte Movil Aluminio"},"content":{"rendered":"<ul>\n<li>\n<div><span data-spm-anchor-id=\"euspain.pdp.description.i0.71c93521bJiNHe\">Soporte Movil Mesa, Libre Tus Manos: Este soporte movil mesa simplifique tu vida y libere tus manos mientras cocina o se re\u00fane por video. Es muy adecuado para jugar, ver videos, leer, videoconferencias, transmisiones en vivo, etc. Es compatible con dispositivos hasta 12.9&#8243; , como telefono m\u00f3vil, iPad, tablet, e-readers. Puede satisfacer las necesidades de uso de varios productos electr\u00f3nicos.<\/span><\/div>\n<\/li>\n<li>\n<div>Material de Aluminio, Soporte Movil Mesa Estable: Este soporte telefono movil mesa todo el cuerpo est\u00e1 hecho de aleaci\u00f3n de aluminio de alta calidad, sin costuras de pl\u00e1stico, estructura compacta, m\u00e1s resistente al desgaste, el brillo del metal es m\u00e1s hermoso. Las almohadillas de silicona antideslizantes en el interior protegen el tel\u00e9fono de ara\u00f1azos y aumentan la estabilidad durante el uso.<\/div>\n<\/li>\n<li>\n<div>\u00c1ngulo Ajustable, Protege sus Vertebras Cervicales: Este soporte movil para mesa le permite ajustar el soporte a casi cualquier \u00e1ngulo para satisfacer diferentes necesidades. Tiene una cierta altura, no tiene que mirar hacia abajo en su tel\u00e9fono con \u00e9l. Para que no solo pueda liberar sus manos, sino tambi\u00e9n proteger sus vertebras cervicales.<\/div>\n<\/li>\n<li>\n<div>Soporte Movil Mesa Plegable, Simple y Conveniente: Este soporte de movil mesa de aluminio puede plegar al tama\u00f1o del bolsillo, no ocupa espacio y puede llevarlo f\u00e1cilmente. El tama\u00f1o plegado es mas peque\u00f1o que un movil, hace muy conveniente y portable incluso para viajar. El puerto de carga reservado le permite cargar el dispositivo en posici\u00f3n vertical.<\/div>\n<\/li>\n<\/ul>\n<p>&nbsp;<\/p>\n<p><img fetchpriority=\"high\" decoding=\"async\" class=\"alignnone wp-image-11723 size-large\" src=\"https:\/\/www.mercababel.com\/wp-content\/uploads\/2024\/02\/Ee4016b7bc9ca43fb9a68dbf6caa5d6abC-1.jpg_2200x2200q75-1-1024x1024.jpg\" alt=\"\" width=\"1024\" height=\"1024\" srcset=\"https:\/\/www.mercababel.com\/wp-content\/uploads\/2024\/02\/Ee4016b7bc9ca43fb9a68dbf6caa5d6abC-1.jpg_2200x2200q75-1-1024x1024.jpg 1024w, https:\/\/www.mercababel.com\/wp-content\/uploads\/2024\/02\/Ee4016b7bc9ca43fb9a68dbf6caa5d6abC-1.jpg_2200x2200q75-1-320x320.jpg 320w, https:\/\/www.mercababel.com\/wp-content\/uploads\/2024\/02\/Ee4016b7bc9ca43fb9a68dbf6caa5d6abC-1.jpg_2200x2200q75-1-83x83.jpg 83w, https:\/\/www.mercababel.com\/wp-content\/uploads\/2024\/02\/Ee4016b7bc9ca43fb9a68dbf6caa5d6abC-1.jpg_2200x2200q75-1-600x600.jpg 600w, https:\/\/www.mercababel.com\/wp-content\/uploads\/2024\/02\/Ee4016b7bc9ca43fb9a68dbf6caa5d6abC-1.jpg_2200x2200q75-1-64x64.jpg 64w, https:\/\/www.mercababel.com\/wp-content\/uploads\/2024\/02\/Ee4016b7bc9ca43fb9a68dbf6caa5d6abC-1.jpg_2200x2200q75-1-300x300.jpg 300w, https:\/\/www.mercababel.com\/wp-content\/uploads\/2024\/02\/Ee4016b7bc9ca43fb9a68dbf6caa5d6abC-1.jpg_2200x2200q75-1-150x150.jpg 150w, https:\/\/www.mercababel.com\/wp-content\/uploads\/2024\/02\/Ee4016b7bc9ca43fb9a68dbf6caa5d6abC-1.jpg_2200x2200q75-1-768x768.jpg 768w, https:\/\/www.mercababel.com\/wp-content\/uploads\/2024\/02\/Ee4016b7bc9ca43fb9a68dbf6caa5d6abC-1.jpg_2200x2200q75-1.jpg 1200w\" sizes=\"(max-width: 1024px) 100vw, 1024px\" \/><\/p>\n<p><img decoding=\"async\" class=\"alignnone wp-image-11724 size-large\" src=\"https:\/\/www.mercababel.com\/wp-content\/uploads\/2024\/02\/c2bcf509aad322f19b241abce72fb400.jpg_2200x2200q38-1024x1024.jpg\" alt=\"\" width=\"1024\" height=\"1024\" srcset=\"https:\/\/www.mercababel.com\/wp-content\/uploads\/2024\/02\/c2bcf509aad322f19b241abce72fb400.jpg_2200x2200q38-1024x1024.jpg 1024w, https:\/\/www.mercababel.com\/wp-content\/uploads\/2024\/02\/c2bcf509aad322f19b241abce72fb400.jpg_2200x2200q38-320x320.jpg 320w, https:\/\/www.mercababel.com\/wp-content\/uploads\/2024\/02\/c2bcf509aad322f19b241abce72fb400.jpg_2200x2200q38-83x83.jpg 83w, https:\/\/www.mercababel.com\/wp-content\/uploads\/2024\/02\/c2bcf509aad322f19b241abce72fb400.jpg_2200x2200q38-600x600.jpg 600w, https:\/\/www.mercababel.com\/wp-content\/uploads\/2024\/02\/c2bcf509aad322f19b241abce72fb400.jpg_2200x2200q38-64x64.jpg 64w, https:\/\/www.mercababel.com\/wp-content\/uploads\/2024\/02\/c2bcf509aad322f19b241abce72fb400.jpg_2200x2200q38-300x300.jpg 300w, https:\/\/www.mercababel.com\/wp-content\/uploads\/2024\/02\/c2bcf509aad322f19b241abce72fb400.jpg_2200x2200q38-150x150.jpg 150w, https:\/\/www.mercababel.com\/wp-content\/uploads\/2024\/02\/c2bcf509aad322f19b241abce72fb400.jpg_2200x2200q38-768x768.jpg 768w, https:\/\/www.mercababel.com\/wp-content\/uploads\/2024\/02\/c2bcf509aad322f19b241abce72fb400.jpg_2200x2200q38.jpg 1080w\" sizes=\"(max-width: 1024px) 100vw, 1024px\" \/><\/p>\n<p><img decoding=\"async\" class=\"alignnone wp-image-11725 size-large\" src=\"https:\/\/www.mercababel.com\/wp-content\/uploads\/2024\/02\/5fa9d87c755dc4f927e5a9e286b8b527.jpg_2200x2200q38-1024x1024.jpg\" alt=\"\" width=\"1024\" height=\"1024\" srcset=\"https:\/\/www.mercababel.com\/wp-content\/uploads\/2024\/02\/5fa9d87c755dc4f927e5a9e286b8b527.jpg_2200x2200q38-1024x1024.jpg 1024w, https:\/\/www.mercababel.com\/wp-content\/uploads\/2024\/02\/5fa9d87c755dc4f927e5a9e286b8b527.jpg_2200x2200q38-320x320.jpg 320w, https:\/\/www.mercababel.com\/wp-content\/uploads\/2024\/02\/5fa9d87c755dc4f927e5a9e286b8b527.jpg_2200x2200q38-83x83.jpg 83w, https:\/\/www.mercababel.com\/wp-content\/uploads\/2024\/02\/5fa9d87c755dc4f927e5a9e286b8b527.jpg_2200x2200q38-600x600.jpg 600w, https:\/\/www.mercababel.com\/wp-content\/uploads\/2024\/02\/5fa9d87c755dc4f927e5a9e286b8b527.jpg_2200x2200q38-64x64.jpg 64w, https:\/\/www.mercababel.com\/wp-content\/uploads\/2024\/02\/5fa9d87c755dc4f927e5a9e286b8b527.jpg_2200x2200q38-300x300.jpg 300w, https:\/\/www.mercababel.com\/wp-content\/uploads\/2024\/02\/5fa9d87c755dc4f927e5a9e286b8b527.jpg_2200x2200q38-150x150.jpg 150w, https:\/\/www.mercababel.com\/wp-content\/uploads\/2024\/02\/5fa9d87c755dc4f927e5a9e286b8b527.jpg_2200x2200q38-768x768.jpg 768w, https:\/\/www.mercababel.com\/wp-content\/uploads\/2024\/02\/5fa9d87c755dc4f927e5a9e286b8b527.jpg_2200x2200q38.jpg 1080w\" sizes=\"(max-width: 1024px) 100vw, 1024px\" \/><\/p>\n<p><img loading=\"lazy\" decoding=\"async\" class=\"alignnone wp-image-11726 size-large\" src=\"https:\/\/www.mercababel.com\/wp-content\/uploads\/2024\/02\/97e9c3e8a0c8bd89e2b80603bb0189e9.jpg_2200x2200q38-1024x1024.jpg\" alt=\"\" width=\"1024\" height=\"1024\" srcset=\"https:\/\/www.mercababel.com\/wp-content\/uploads\/2024\/02\/97e9c3e8a0c8bd89e2b80603bb0189e9.jpg_2200x2200q38-1024x1024.jpg 1024w, https:\/\/www.mercababel.com\/wp-content\/uploads\/2024\/02\/97e9c3e8a0c8bd89e2b80603bb0189e9.jpg_2200x2200q38-320x320.jpg 320w, https:\/\/www.mercababel.com\/wp-content\/uploads\/2024\/02\/97e9c3e8a0c8bd89e2b80603bb0189e9.jpg_2200x2200q38-83x83.jpg 83w, https:\/\/www.mercababel.com\/wp-content\/uploads\/2024\/02\/97e9c3e8a0c8bd89e2b80603bb0189e9.jpg_2200x2200q38-600x600.jpg 600w, https:\/\/www.mercababel.com\/wp-content\/uploads\/2024\/02\/97e9c3e8a0c8bd89e2b80603bb0189e9.jpg_2200x2200q38-64x64.jpg 64w, https:\/\/www.mercababel.com\/wp-content\/uploads\/2024\/02\/97e9c3e8a0c8bd89e2b80603bb0189e9.jpg_2200x2200q38-300x300.jpg 300w, https:\/\/www.mercababel.com\/wp-content\/uploads\/2024\/02\/97e9c3e8a0c8bd89e2b80603bb0189e9.jpg_2200x2200q38-150x150.jpg 150w, https:\/\/www.mercababel.com\/wp-content\/uploads\/2024\/02\/97e9c3e8a0c8bd89e2b80603bb0189e9.jpg_2200x2200q38-768x768.jpg 768w, https:\/\/www.mercababel.com\/wp-content\/uploads\/2024\/02\/97e9c3e8a0c8bd89e2b80603bb0189e9.jpg_2200x2200q38.jpg 1080w\" sizes=\"(max-width: 1024px) 100vw, 1024px\" \/><\/p>\n<p><img loading=\"lazy\" decoding=\"async\" class=\"alignnone wp-image-11727 size-large\" src=\"https:\/\/www.mercababel.com\/wp-content\/uploads\/2024\/02\/e9c8e72fc901460780534b4bd97f7993.jpg_2200x2200q38-1024x1024.jpg\" alt=\"\" width=\"1024\" height=\"1024\" srcset=\"https:\/\/www.mercababel.com\/wp-content\/uploads\/2024\/02\/e9c8e72fc901460780534b4bd97f7993.jpg_2200x2200q38-1024x1024.jpg 1024w, https:\/\/www.mercababel.com\/wp-content\/uploads\/2024\/02\/e9c8e72fc901460780534b4bd97f7993.jpg_2200x2200q38-320x320.jpg 320w, https:\/\/www.mercababel.com\/wp-content\/uploads\/2024\/02\/e9c8e72fc901460780534b4bd97f7993.jpg_2200x2200q38-83x83.jpg 83w, https:\/\/www.mercababel.com\/wp-content\/uploads\/2024\/02\/e9c8e72fc901460780534b4bd97f7993.jpg_2200x2200q38-600x600.jpg 600w, https:\/\/www.mercababel.com\/wp-content\/uploads\/2024\/02\/e9c8e72fc901460780534b4bd97f7993.jpg_2200x2200q38-64x64.jpg 64w, https:\/\/www.mercababel.com\/wp-content\/uploads\/2024\/02\/e9c8e72fc901460780534b4bd97f7993.jpg_2200x2200q38-300x300.jpg 300w, https:\/\/www.mercababel.com\/wp-content\/uploads\/2024\/02\/e9c8e72fc901460780534b4bd97f7993.jpg_2200x2200q38-150x150.jpg 150w, https:\/\/www.mercababel.com\/wp-content\/uploads\/2024\/02\/e9c8e72fc901460780534b4bd97f7993.jpg_2200x2200q38-768x768.jpg 768w, https:\/\/www.mercababel.com\/wp-content\/uploads\/2024\/02\/e9c8e72fc901460780534b4bd97f7993.jpg_2200x2200q38.jpg 1080w\" sizes=\"(max-width: 1024px) 100vw, 1024px\" \/><\/p>\n<p><img loading=\"lazy\" decoding=\"async\" class=\"alignnone wp-image-11728 size-large\" src=\"https:\/\/www.mercababel.com\/wp-content\/uploads\/2024\/02\/572dc5a7f22e7c854a6cfbae9cf086f0.jpg_2200x2200q38-1024x1024.jpg\" alt=\"\" width=\"1024\" height=\"1024\" srcset=\"https:\/\/www.mercababel.com\/wp-content\/uploads\/2024\/02\/572dc5a7f22e7c854a6cfbae9cf086f0.jpg_2200x2200q38-1024x1024.jpg 1024w, https:\/\/www.mercababel.com\/wp-content\/uploads\/2024\/02\/572dc5a7f22e7c854a6cfbae9cf086f0.jpg_2200x2200q38-320x320.jpg 320w, https:\/\/www.mercababel.com\/wp-content\/uploads\/2024\/02\/572dc5a7f22e7c854a6cfbae9cf086f0.jpg_2200x2200q38-83x83.jpg 83w, https:\/\/www.mercababel.com\/wp-content\/uploads\/2024\/02\/572dc5a7f22e7c854a6cfbae9cf086f0.jpg_2200x2200q38-600x600.jpg 600w, https:\/\/www.mercababel.com\/wp-content\/uploads\/2024\/02\/572dc5a7f22e7c854a6cfbae9cf086f0.jpg_2200x2200q38-64x64.jpg 64w, https:\/\/www.mercababel.com\/wp-content\/uploads\/2024\/02\/572dc5a7f22e7c854a6cfbae9cf086f0.jpg_2200x2200q38-300x300.jpg 300w, https:\/\/www.mercababel.com\/wp-content\/uploads\/2024\/02\/572dc5a7f22e7c854a6cfbae9cf086f0.jpg_2200x2200q38-150x150.jpg 150w, https:\/\/www.mercababel.com\/wp-content\/uploads\/2024\/02\/572dc5a7f22e7c854a6cfbae9cf086f0.jpg_2200x2200q38-768x768.jpg 768w, https:\/\/www.mercababel.com\/wp-content\/uploads\/2024\/02\/572dc5a7f22e7c854a6cfbae9cf086f0.jpg_2200x2200q38.jpg 1080w\" sizes=\"(max-width: 1024px) 100vw, 1024px\" \/><\/p>\n","protected":false},"excerpt":{"rendered":"<p>Soporte M\u00f3vil para mesa, funci\u00f3n manos libres: Este soporte m\u00f3vil mesa simplifica tu vida y libera tus manos mientras cocinas o te re\u00fanes por videollamada. Ideal para jugar, ver v\u00eddeos, leer, videoconferencias, etc. Es compatible con dispositivos hasta 12.9\u2033 , como tel\u00e9fono m\u00f3vil, iPad, tablet y e-readers.<\/p>\n","protected":false},"featured_media":11714,"comment_status":"open","ping_status":"closed","template":"","meta":[],"product_cat":[15],"product_tag":[],"class_list":{"0":"post-11713","1":"product","2":"type-product","3":"status-publish","4":"has-post-thumbnail","6":"product_cat-uncategorized","8":"first","9":"instock","10":"sale","11":"virtual","12":"purchasable","13":"product-type-simple"},"yoast_head":"<!-- This site is optimized with the Yoast SEO plugin v23.5 - https:\/\/yoast.com\/wordpress\/plugins\/seo\/ -->\n<title>Soporte Movil Aluminio - Merca Babel Productos de importaci\u00f3n en oferta: peque\u00f1os electrodom\u00e9sticos, electr\u00f3nica y productos de hogar<\/title>\n<meta name=\"robots\" content=\"index, follow, max-snippet:-1, max-image-preview:large, max-video-preview:-1\" \/>\n<link rel=\"canonical\" href=\"https:\/\/www.mercababel.com\/product\/soporte-movil-aluminio-para-mesa-atril-para-movil-sobremesa-soporte-movil-ipad-ebook-metalica-en-aleacion-de-aluminio-compatible-hasta-12-9-pulgadas-color-plateado-negro-y-azul\/\" \/>\n<meta property=\"og:locale\" content=\"en_US\" \/>\n<meta property=\"og:type\" content=\"article\" \/>\n<meta property=\"og:title\" content=\"Soporte Movil Aluminio - Merca Babel Productos de importaci\u00f3n en oferta: peque\u00f1os electrodom\u00e9sticos, electr\u00f3nica y productos de hogar\" \/>\n<meta property=\"og:description\" content=\"Soporte M\u00f3vil para mesa, funci\u00f3n manos libres: Este soporte m\u00f3vil mesa simplifica tu vida y libera tus manos mientras cocinas o te re\u00fanes por videollamada. Ideal para jugar, ver v\u00eddeos, leer, videoconferencias, etc. Es compatible con dispositivos hasta 12.9\u2033 , como tel\u00e9fono m\u00f3vil, iPad, tablet y e-readers.\" \/>\n<meta property=\"og:url\" content=\"https:\/\/www.mercababel.com\/product\/soporte-movil-aluminio-para-mesa-atril-para-movil-sobremesa-soporte-movil-ipad-ebook-metalica-en-aleacion-de-aluminio-compatible-hasta-12-9-pulgadas-color-plateado-negro-y-azul\/\" \/>\n<meta property=\"og:site_name\" content=\"Merca Babel Productos de importaci\u00f3n en oferta: peque\u00f1os electrodom\u00e9sticos, electr\u00f3nica y productos de hogar\" \/>\n<meta property=\"article:modified_time\" content=\"2024-06-04T11:21:28+00:00\" \/>\n<meta property=\"og:image\" content=\"https:\/\/www.mercababel.com\/wp-content\/uploads\/2024\/02\/Ee4016b7bc9ca43fb9a68dbf6caa5d6abC.jpg_2200x2200q75.jpg\" \/>\n\t<meta property=\"og:image:width\" content=\"1200\" \/>\n\t<meta property=\"og:image:height\" content=\"1200\" \/>\n\t<meta property=\"og:image:type\" content=\"image\/jpeg\" \/>\n<meta name=\"twitter:card\" content=\"summary_large_image\" \/>\n<meta name=\"twitter:label1\" content=\"Est. reading time\" \/>\n\t<meta name=\"twitter:data1\" content=\"3 minutes\" \/>\n<script type=\"application\/ld+json\" class=\"yoast-schema-graph\">{\"@context\":\"https:\/\/schema.org\",\"@graph\":[{\"@type\":\"WebPage\",\"@id\":\"https:\/\/www.mercababel.com\/product\/soporte-movil-aluminio-para-mesa-atril-para-movil-sobremesa-soporte-movil-ipad-ebook-metalica-en-aleacion-de-aluminio-compatible-hasta-12-9-pulgadas-color-plateado-negro-y-azul\/\",\"url\":\"https:\/\/www.mercababel.com\/product\/soporte-movil-aluminio-para-mesa-atril-para-movil-sobremesa-soporte-movil-ipad-ebook-metalica-en-aleacion-de-aluminio-compatible-hasta-12-9-pulgadas-color-plateado-negro-y-azul\/\",\"name\":\"Soporte Movil Aluminio - Merca Babel Productos de importaci\u00f3n en oferta: peque\u00f1os electrodom\u00e9sticos, electr\u00f3nica y productos de hogar\",\"isPartOf\":{\"@id\":\"https:\/\/www.mercababel.com\/#website\"},\"primaryImageOfPage\":{\"@id\":\"https:\/\/www.mercababel.com\/product\/soporte-movil-aluminio-para-mesa-atril-para-movil-sobremesa-soporte-movil-ipad-ebook-metalica-en-aleacion-de-aluminio-compatible-hasta-12-9-pulgadas-color-plateado-negro-y-azul\/#primaryimage\"},\"image\":{\"@id\":\"https:\/\/www.mercababel.com\/product\/soporte-movil-aluminio-para-mesa-atril-para-movil-sobremesa-soporte-movil-ipad-ebook-metalica-en-aleacion-de-aluminio-compatible-hasta-12-9-pulgadas-color-plateado-negro-y-azul\/#primaryimage\"},\"thumbnailUrl\":\"https:\/\/www.mercababel.com\/wp-content\/uploads\/2024\/02\/Ee4016b7bc9ca43fb9a68dbf6caa5d6abC.jpg_2200x2200q75.jpg\",\"datePublished\":\"2024-02-01T12:34:19+00:00\",\"dateModified\":\"2024-06-04T11:21:28+00:00\",\"breadcrumb\":{\"@id\":\"https:\/\/www.mercababel.com\/product\/soporte-movil-aluminio-para-mesa-atril-para-movil-sobremesa-soporte-movil-ipad-ebook-metalica-en-aleacion-de-aluminio-compatible-hasta-12-9-pulgadas-color-plateado-negro-y-azul\/#breadcrumb\"},\"inLanguage\":\"en-US\",\"potentialAction\":[{\"@type\":\"ReadAction\",\"target\":[\"https:\/\/www.mercababel.com\/product\/soporte-movil-aluminio-para-mesa-atril-para-movil-sobremesa-soporte-movil-ipad-ebook-metalica-en-aleacion-de-aluminio-compatible-hasta-12-9-pulgadas-color-plateado-negro-y-azul\/\"]}]},{\"@type\":\"ImageObject\",\"inLanguage\":\"en-US\",\"@id\":\"https:\/\/www.mercababel.com\/product\/soporte-movil-aluminio-para-mesa-atril-para-movil-sobremesa-soporte-movil-ipad-ebook-metalica-en-aleacion-de-aluminio-compatible-hasta-12-9-pulgadas-color-plateado-negro-y-azul\/#primaryimage\",\"url\":\"https:\/\/www.mercababel.com\/wp-content\/uploads\/2024\/02\/Ee4016b7bc9ca43fb9a68dbf6caa5d6abC.jpg_2200x2200q75.jpg\",\"contentUrl\":\"https:\/\/www.mercababel.com\/wp-content\/uploads\/2024\/02\/Ee4016b7bc9ca43fb9a68dbf6caa5d6abC.jpg_2200x2200q75.jpg\",\"width\":1200,\"height\":1200},{\"@type\":\"BreadcrumbList\",\"@id\":\"https:\/\/www.mercababel.com\/product\/soporte-movil-aluminio-para-mesa-atril-para-movil-sobremesa-soporte-movil-ipad-ebook-metalica-en-aleacion-de-aluminio-compatible-hasta-12-9-pulgadas-color-plateado-negro-y-azul\/#breadcrumb\",\"itemListElement\":[{\"@type\":\"ListItem\",\"position\":1,\"name\":\"Portada\",\"item\":\"https:\/\/www.mercababel.com\/\"},{\"@type\":\"ListItem\",\"position\":2,\"name\":\"Shop\",\"item\":\"https:\/\/www.mercababel.com\/en\/shop\/\"},{\"@type\":\"ListItem\",\"position\":3,\"name\":\"Soporte Movil Aluminio\"}]},{\"@type\":\"WebSite\",\"@id\":\"https:\/\/www.mercababel.com\/#website\",\"url\":\"https:\/\/www.mercababel.com\/\",\"name\":\"Merca Babel Productos de importaci\u00f3n en oferta: peque\u00f1os electrodom\u00e9sticos, electr\u00f3nica y productos de hogar\",\"description\":\"Productos de importaci\u00f3n en oferta\",\"potentialAction\":[{\"@type\":\"SearchAction\",\"target\":{\"@type\":\"EntryPoint\",\"urlTemplate\":\"https:\/\/www.mercababel.com\/?s={search_term_string}\"},\"query-input\":{\"@type\":\"PropertyValueSpecification\",\"valueRequired\":true,\"valueName\":\"search_term_string\"}}],\"inLanguage\":\"en-US\"}]}<\/script>\n<!-- \/ Yoast SEO plugin. -->","yoast_head_json":{"title":"Soporte Movil Aluminio - Merca Babel Productos de importaci\u00f3n en oferta: peque\u00f1os electrodom\u00e9sticos, electr\u00f3nica y productos de hogar","robots":{"index":"index","follow":"follow","max-snippet":"max-snippet:-1","max-image-preview":"max-image-preview:large","max-video-preview":"max-video-preview:-1"},"canonical":"https:\/\/www.mercababel.com\/product\/soporte-movil-aluminio-para-mesa-atril-para-movil-sobremesa-soporte-movil-ipad-ebook-metalica-en-aleacion-de-aluminio-compatible-hasta-12-9-pulgadas-color-plateado-negro-y-azul\/","og_locale":"en_US","og_type":"article","og_title":"Soporte Movil Aluminio - Merca Babel Productos de importaci\u00f3n en oferta: peque\u00f1os electrodom\u00e9sticos, electr\u00f3nica y productos de hogar","og_description":"Soporte M\u00f3vil para mesa, funci\u00f3n manos libres: Este soporte m\u00f3vil mesa simplifica tu vida y libera tus manos mientras cocinas o te re\u00fanes por videollamada. Ideal para jugar, ver v\u00eddeos, leer, videoconferencias, etc. Es compatible con dispositivos hasta 12.9\u2033 , como tel\u00e9fono m\u00f3vil, iPad, tablet y e-readers.","og_url":"https:\/\/www.mercababel.com\/product\/soporte-movil-aluminio-para-mesa-atril-para-movil-sobremesa-soporte-movil-ipad-ebook-metalica-en-aleacion-de-aluminio-compatible-hasta-12-9-pulgadas-color-plateado-negro-y-azul\/","og_site_name":"Merca Babel Productos de importaci\u00f3n en oferta: peque\u00f1os electrodom\u00e9sticos, electr\u00f3nica y productos de hogar","article_modified_time":"2024-06-04T11:21:28+00:00","og_image":[{"width":1200,"height":1200,"url":"https:\/\/www.mercababel.com\/wp-content\/uploads\/2024\/02\/Ee4016b7bc9ca43fb9a68dbf6caa5d6abC.jpg_2200x2200q75.jpg","type":"image\/jpeg"}],"twitter_card":"summary_large_image","twitter_misc":{"Est. reading time":"3 minutes"},"schema":{"@context":"https:\/\/schema.org","@graph":[{"@type":"WebPage","@id":"https:\/\/www.mercababel.com\/product\/soporte-movil-aluminio-para-mesa-atril-para-movil-sobremesa-soporte-movil-ipad-ebook-metalica-en-aleacion-de-aluminio-compatible-hasta-12-9-pulgadas-color-plateado-negro-y-azul\/","url":"https:\/\/www.mercababel.com\/product\/soporte-movil-aluminio-para-mesa-atril-para-movil-sobremesa-soporte-movil-ipad-ebook-metalica-en-aleacion-de-aluminio-compatible-hasta-12-9-pulgadas-color-plateado-negro-y-azul\/","name":"Soporte Movil Aluminio - Merca Babel Productos de importaci\u00f3n en oferta: peque\u00f1os electrodom\u00e9sticos, electr\u00f3nica y productos de hogar","isPartOf":{"@id":"https:\/\/www.mercababel.com\/#website"},"primaryImageOfPage":{"@id":"https:\/\/www.mercababel.com\/product\/soporte-movil-aluminio-para-mesa-atril-para-movil-sobremesa-soporte-movil-ipad-ebook-metalica-en-aleacion-de-aluminio-compatible-hasta-12-9-pulgadas-color-plateado-negro-y-azul\/#primaryimage"},"image":{"@id":"https:\/\/www.mercababel.com\/product\/soporte-movil-aluminio-para-mesa-atril-para-movil-sobremesa-soporte-movil-ipad-ebook-metalica-en-aleacion-de-aluminio-compatible-hasta-12-9-pulgadas-color-plateado-negro-y-azul\/#primaryimage"},"thumbnailUrl":"https:\/\/www.mercababel.com\/wp-content\/uploads\/2024\/02\/Ee4016b7bc9ca43fb9a68dbf6caa5d6abC.jpg_2200x2200q75.jpg","datePublished":"2024-02-01T12:34:19+00:00","dateModified":"2024-06-04T11:21:28+00:00","breadcrumb":{"@id":"https:\/\/www.mercababel.com\/product\/soporte-movil-aluminio-para-mesa-atril-para-movil-sobremesa-soporte-movil-ipad-ebook-metalica-en-aleacion-de-aluminio-compatible-hasta-12-9-pulgadas-color-plateado-negro-y-azul\/#breadcrumb"},"inLanguage":"en-US","potentialAction":[{"@type":"ReadAction","target":["https:\/\/www.mercababel.com\/product\/soporte-movil-aluminio-para-mesa-atril-para-movil-sobremesa-soporte-movil-ipad-ebook-metalica-en-aleacion-de-aluminio-compatible-hasta-12-9-pulgadas-color-plateado-negro-y-azul\/"]}]},{"@type":"ImageObject","inLanguage":"en-US","@id":"https:\/\/www.mercababel.com\/product\/soporte-movil-aluminio-para-mesa-atril-para-movil-sobremesa-soporte-movil-ipad-ebook-metalica-en-aleacion-de-aluminio-compatible-hasta-12-9-pulgadas-color-plateado-negro-y-azul\/#primaryimage","url":"https:\/\/www.mercababel.com\/wp-content\/uploads\/2024\/02\/Ee4016b7bc9ca43fb9a68dbf6caa5d6abC.jpg_2200x2200q75.jpg","contentUrl":"https:\/\/www.mercababel.com\/wp-content\/uploads\/2024\/02\/Ee4016b7bc9ca43fb9a68dbf6caa5d6abC.jpg_2200x2200q75.jpg","width":1200,"height":1200},{"@type":"BreadcrumbList","@id":"https:\/\/www.mercababel.com\/product\/soporte-movil-aluminio-para-mesa-atril-para-movil-sobremesa-soporte-movil-ipad-ebook-metalica-en-aleacion-de-aluminio-compatible-hasta-12-9-pulgadas-color-plateado-negro-y-azul\/#breadcrumb","itemListElement":[{"@type":"ListItem","position":1,"name":"Portada","item":"https:\/\/www.mercababel.com\/"},{"@type":"ListItem","position":2,"name":"Shop","item":"https:\/\/www.mercababel.com\/en\/shop\/"},{"@type":"ListItem","position":3,"name":"Soporte Movil Aluminio"}]},{"@type":"WebSite","@id":"https:\/\/www.mercababel.com\/#website","url":"https:\/\/www.mercababel.com\/","name":"Merca Babel Productos de importaci\u00f3n en oferta: peque\u00f1os electrodom\u00e9sticos, electr\u00f3nica y productos de hogar","description":"Productos de importaci\u00f3n en oferta","potentialAction":[{"@type":"SearchAction","target":{"@type":"EntryPoint","urlTemplate":"https:\/\/www.mercababel.com\/?s={search_term_string}"},"query-input":{"@type":"PropertyValueSpecification","valueRequired":true,"valueName":"search_term_string"}}],"inLanguage":"en-US"}]}},"_links":{"self":[{"href":"https:\/\/www.mercababel.com\/en\/wp-json\/wp\/v2\/product\/11713","targetHints":{"allow":["GET"]}}],"collection":[{"href":"https:\/\/www.mercababel.com\/en\/wp-json\/wp\/v2\/product"}],"about":[{"href":"https:\/\/www.mercababel.com\/en\/wp-json\/wp\/v2\/types\/product"}],"replies":[{"embeddable":true,"href":"https:\/\/www.mercababel.com\/en\/wp-json\/wp\/v2\/comments?post=11713"}],"version-history":[{"count":2,"href":"https:\/\/www.mercababel.com\/en\/wp-json\/wp\/v2\/product\/11713\/revisions"}],"predecessor-version":[{"id":12268,"href":"https:\/\/www.mercababel.com\/en\/wp-json\/wp\/v2\/product\/11713\/revisions\/12268"}],"wp:featuredmedia":[{"embeddable":true,"href":"https:\/\/www.mercababel.com\/en\/wp-json\/wp\/v2\/media\/11714"}],"wp:attachment":[{"href":"https:\/\/www.mercababel.com\/en\/wp-json\/wp\/v2\/media?parent=11713"}],"wp:term":[{"taxonomy":"product_cat","embeddable":true,"href":"https:\/\/www.mercababel.com\/en\/wp-json\/wp\/v2\/product_cat?post=11713"},{"taxonomy":"product_tag","embeddable":true,"href":"https:\/\/www.mercababel.com\/en\/wp-json\/wp\/v2\/product_tag?post=11713"}],"curies":[{"name":"wp","href":"https:\/\/api.w.org\/{rel}","templated":true}]}}